{"id":10599,"date":"2016-06-15T14:02:08","date_gmt":"2016-06-15T14:02:08","guid":{"rendered":"http:\/\/geelli.andreamorandini.it\/de\/?page_id=10599"},"modified":"2016-07-01T15:33:26","modified_gmt":"2016-07-01T15:33:26","slug":"starlux","status":"publish","type":"page","link":"https:\/\/geelli.com\/de\/starlux\/","title":{"rendered":"Starlux"},"content":{"rendered":"[vc_row type=&#8220;in_container&#8220; scene_position=&#8220;center&#8220; text_color=&#8220;dark&#8220; text_align=&#8220;left&#8220; overlay_strength=&#8220;0.3&#8243;][vc_column column_padding=&#8220;no-extra-padding&#8220; column_padding_position=&#8220;all&#8220; background_color_opacity=&#8220;1&#8243; background_hover_color_opacity=&#8220;1&#8243; width=&#8220;1\/2&#8243;]<div class=\"img-with-aniamtion-wrap \"><img decoding=\"async\" class=\"img-with-animation \" data-delay=\"0\" height=\"100%\" width=\"100%\" data-animation=\"fade-in\" src=\"https:\/\/geelli.com\/wp-content\/uploads\/2016\/06\/pr1.jpg\" alt=\"\" \/><\/div>[\/vc_column][vc_column column_padding=&#8220;no-extra-padding&#8220; column_padding_position=&#8220;all&#8220; background_color_opacity=&#8220;1&#8243; background_hover_color_opacity=&#8220;1&#8243; width=&#8220;1\/2&#8243;][vc_column_text el_class=&#8220;slogan2&#8243;]Dank seiner Formbest\u00e4ndigkeit ist Starlux ideal f\u00fcr die Realisierung steifer und kompakter Produkte, die sto\u00dffest und resistent gegen mechanische Beanspruchung sind. Dar\u00fcber hinaus kann es mit einer Schicht PUR-Gel versehen werden und bietet so auf der einen Seite Widerstandsf\u00e4higkeit und auf der anderen weichen Komfort.[\/vc_column_text][\/vc_column][\/vc_row][vc_row type=&#8220;in_container&#8220; scene_position=&#8220;center&#8220; text_color=&#8220;dark&#8220; text_align=&#8220;left&#8220; overlay_strength=&#8220;0.3&#8243;][vc_column column_padding=&#8220;no-extra-padding&#8220; column_padding_position=&#8220;all&#8220; background_color_opacity=&#8220;1&#8243; background_hover_color_opacity=&#8220;1&#8243; width=&#8220;1\/1&#8243;][vc_text_separator title=&#8220;&#8220; color=&#8220;white&#8220; el_class=&#8220;ciaoni&#8220;][\/vc_column][\/vc_row][vc_row type=&#8220;in_container&#8220; scene_position=&#8220;center&#8220; text_color=&#8220;dark&#8220; text_align=&#8220;left&#8220; overlay_strength=&#8220;0.3&#8243;][vc_column column_padding=&#8220;no-extra-padding&#8220; column_padding_position=&#8220;all&#8220; background_color_opacity=&#8220;1&#8243; background_hover_color_opacity=&#8220;1&#8243; width=&#8220;1\/2&#8243;]<div class=\"img-with-aniamtion-wrap \"><img decoding=\"async\" class=\"img-with-animation \" data-delay=\"0\" height=\"100%\" width=\"100%\" data-animation=\"fade-in\" src=\"https:\/\/geelli.com\/wp-content\/uploads\/2016\/06\/pr2.jpg\" alt=\"\" \/><\/div>[\/vc_column][vc_column column_padding=&#8220;no-extra-padding&#8220; column_padding_position=&#8220;all&#8220; background_color_opacity=&#8220;1&#8243; background_hover_color_opacity=&#8220;1&#8243; width=&#8220;1\/2&#8243;][vc_column_text el_class=&#8220;slogan2&#8243;]Durch die Kombination von Starlux mit PUR-Gel erh\u00e4lt man au\u00dferdem Produkte, die ganz ohne die Zugabe von Klebstoffen haftf\u00e4hig sind.\u2028Starlux kann sowohl undurchsichtig als auch durchscheinend hergestellt werden und ist in denselben Farben wie die Artikel aus PUR-Gel erh\u00e4ltlich.[\/vc_column_text][\/vc_column][\/vc_row]\n","protected":false},"excerpt":{"rendered":"<p>[vc_row type=&#8220;in_container&#8220; scene_position=&#8220;center&#8220; text_color=&#8220;dark&#8220; text_align=&#8220;left&#8220; overlay_strength=&#8220;0.3&#8243;][vc_column column_padding=&#8220;no-extra-padding&#8220; column_padding_position=&#8220;all&#8220; background_color_opacity=&#8220;1&#8243; background_hover_color_opacity=&#8220;1&#8243; width=&#8220;1\/2&#8243;][\/vc_column][vc_column column_padding=&#8220;no-extra-padding&#8220; column_padding_position=&#8220;all&#8220; background_color_opacity=&#8220;1&#8243; background_hover_color_opacity=&#8220;1&#8243; width=&#8220;1\/2&#8243;][vc_column_text el_class=&#8220;slogan2&#8243;]Dank seiner Formbest\u00e4ndigkeit ist Starlux ideal f\u00fcr die Realisierung steifer und kompakter Produkte, die&#8230;<\/p>\n","protected":false},"author":1,"featured_media":0,"parent":0,"menu_order":75,"comment_status":"closed","ping_status":"closed","template":"page-materiali.php","meta":{"_acf_changed":false,"footnotes":""},"class_list":["post-10599","page","type-page","status-publish","hentry"],"acf":[],"yoast_head":"<!-- This site is optimized with the Yoast SEO plugin v27.0 - https:\/\/yoast.com\/product\/yoast-seo-wordpress\/ -->\n<title>Starlux - Geelli<\/title>\n<meta name=\"robots\" content=\"index, follow, max-snippet:-1, max-image-preview:large, max-video-preview:-1\" \/>\n<link rel=\"canonical\" href=\"https:\/\/geelli.com\/de\/starlux\/\" \/>\n<meta property=\"og:locale\" content=\"de_DE\" \/>\n<meta property=\"og:type\" content=\"article\" \/>\n<meta property=\"og:title\" content=\"Starlux - Geelli\" \/>\n<meta property=\"og:description\" content=\"[vc_row type=&#8220;in_container&#8220; scene_position=&#8220;center&#8220; text_color=&#8220;dark&#8220; text_align=&#8220;left&#8220; overlay_strength=&#8220;0.3&#8243;][vc_column column_padding=&#8220;no-extra-padding&#8220; column_padding_position=&#8220;all&#8220; background_color_opacity=&#8220;1&#8243; background_hover_color_opacity=&#8220;1&#8243; width=&#8220;1\/2&#8243;][\/vc_column][vc_column column_padding=&#8220;no-extra-padding&#8220; column_padding_position=&#8220;all&#8220; background_color_opacity=&#8220;1&#8243; background_hover_color_opacity=&#8220;1&#8243; width=&#8220;1\/2&#8243;][vc_column_text el_class=&#8220;slogan2&#8243;]Dank seiner Formbest\u00e4ndigkeit ist Starlux ideal f\u00fcr die Realisierung steifer und kompakter Produkte, die...\" \/>\n<meta property=\"og:url\" content=\"https:\/\/geelli.com\/de\/starlux\/\" \/>\n<meta property=\"og:site_name\" content=\"Geelli\" \/>\n<meta property=\"article:modified_time\" content=\"2016-07-01T15:33:26+00:00\" \/>\n<meta name=\"twitter:card\" content=\"summary_large_image\" \/>\n<meta name=\"twitter:label1\" content=\"Gesch\u00e4tzte Lesezeit\" \/>\n\t<meta name=\"twitter:data1\" content=\"1\u00a0Minute\" \/>\n<script type=\"application\/ld+json\" class=\"yoast-schema-graph\">{\"@context\":\"https:\/\/schema.org\",\"@graph\":[{\"@type\":\"WebPage\",\"@id\":\"https:\/\/geelli.com\/de\/starlux\/\",\"url\":\"https:\/\/geelli.com\/de\/starlux\/\",\"name\":\"Starlux - Geelli\",\"isPartOf\":{\"@id\":\"https:\/\/geelli.com\/#website\"},\"datePublished\":\"2016-06-15T14:02:08+00:00\",\"dateModified\":\"2016-07-01T15:33:26+00:00\",\"breadcrumb\":{\"@id\":\"https:\/\/geelli.com\/de\/starlux\/#breadcrumb\"},\"inLanguage\":\"de\",\"potentialAction\":[{\"@type\":\"ReadAction\",\"target\":[\"https:\/\/geelli.com\/de\/starlux\/\"]}]},{\"@type\":\"BreadcrumbList\",\"@id\":\"https:\/\/geelli.com\/de\/starlux\/#breadcrumb\",\"itemListElement\":[{\"@type\":\"ListItem\",\"position\":1,\"name\":\"Home\",\"item\":\"https:\/\/geelli.com\/de\/\"},{\"@type\":\"ListItem\",\"position\":2,\"name\":\"Starlux\"}]},{\"@type\":\"WebSite\",\"@id\":\"https:\/\/geelli.com\/#website\",\"url\":\"https:\/\/geelli.com\/\",\"name\":\"Geelli\",\"description\":\"Just another WordPress site\",\"potentialAction\":[{\"@type\":\"SearchAction\",\"target\":{\"@type\":\"EntryPoint\",\"urlTemplate\":\"https:\/\/geelli.com\/?s={search_term_string}\"},\"query-input\":{\"@type\":\"PropertyValueSpecification\",\"valueRequired\":true,\"valueName\":\"search_term_string\"}}],\"inLanguage\":\"de\"}]}<\/script>\n<!-- \/ Yoast SEO plugin. -->","yoast_head_json":{"title":"Starlux - Geelli","robots":{"index":"index","follow":"follow","max-snippet":"max-snippet:-1","max-image-preview":"max-image-preview:large","max-video-preview":"max-video-preview:-1"},"canonical":"https:\/\/geelli.com\/de\/starlux\/","og_locale":"de_DE","og_type":"article","og_title":"Starlux - Geelli","og_description":"[vc_row type=&#8220;in_container&#8220; scene_position=&#8220;center&#8220; text_color=&#8220;dark&#8220; text_align=&#8220;left&#8220; overlay_strength=&#8220;0.3&#8243;][vc_column column_padding=&#8220;no-extra-padding&#8220; column_padding_position=&#8220;all&#8220; background_color_opacity=&#8220;1&#8243; background_hover_color_opacity=&#8220;1&#8243; width=&#8220;1\/2&#8243;][\/vc_column][vc_column column_padding=&#8220;no-extra-padding&#8220; column_padding_position=&#8220;all&#8220; background_color_opacity=&#8220;1&#8243; background_hover_color_opacity=&#8220;1&#8243; width=&#8220;1\/2&#8243;][vc_column_text el_class=&#8220;slogan2&#8243;]Dank seiner Formbest\u00e4ndigkeit ist Starlux ideal f\u00fcr die Realisierung steifer und kompakter Produkte, die...","og_url":"https:\/\/geelli.com\/de\/starlux\/","og_site_name":"Geelli","article_modified_time":"2016-07-01T15:33:26+00:00","twitter_card":"summary_large_image","twitter_misc":{"Gesch\u00e4tzte Lesezeit":"1\u00a0Minute"},"schema":{"@context":"https:\/\/schema.org","@graph":[{"@type":"WebPage","@id":"https:\/\/geelli.com\/de\/starlux\/","url":"https:\/\/geelli.com\/de\/starlux\/","name":"Starlux - Geelli","isPartOf":{"@id":"https:\/\/geelli.com\/#website"},"datePublished":"2016-06-15T14:02:08+00:00","dateModified":"2016-07-01T15:33:26+00:00","breadcrumb":{"@id":"https:\/\/geelli.com\/de\/starlux\/#breadcrumb"},"inLanguage":"de","potentialAction":[{"@type":"ReadAction","target":["https:\/\/geelli.com\/de\/starlux\/"]}]},{"@type":"BreadcrumbList","@id":"https:\/\/geelli.com\/de\/starlux\/#breadcrumb","itemListElement":[{"@type":"ListItem","position":1,"name":"Home","item":"https:\/\/geelli.com\/de\/"},{"@type":"ListItem","position":2,"name":"Starlux"}]},{"@type":"WebSite","@id":"https:\/\/geelli.com\/#website","url":"https:\/\/geelli.com\/","name":"Geelli","description":"Just another WordPress site","potentialAction":[{"@type":"SearchAction","target":{"@type":"EntryPoint","urlTemplate":"https:\/\/geelli.com\/?s={search_term_string}"},"query-input":{"@type":"PropertyValueSpecification","valueRequired":true,"valueName":"search_term_string"}}],"inLanguage":"de"}]}},"_links":{"self":[{"href":"https:\/\/geelli.com\/de\/wp-json\/wp\/v2\/pages\/10599","targetHints":{"allow":["GET"]}}],"collection":[{"href":"https:\/\/geelli.com\/de\/wp-json\/wp\/v2\/pages"}],"about":[{"href":"https:\/\/geelli.com\/de\/wp-json\/wp\/v2\/types\/page"}],"author":[{"embeddable":true,"href":"https:\/\/geelli.com\/de\/wp-json\/wp\/v2\/users\/1"}],"replies":[{"embeddable":true,"href":"https:\/\/geelli.com\/de\/wp-json\/wp\/v2\/comments?post=10599"}],"version-history":[{"count":0,"href":"https:\/\/geelli.com\/de\/wp-json\/wp\/v2\/pages\/10599\/revisions"}],"wp:attachment":[{"href":"https:\/\/geelli.com\/de\/wp-json\/wp\/v2\/media?parent=10599"}],"curies":[{"name":"wp","href":"https:\/\/api.w.org\/{rel}","templated":true}]}}