{"id":10607,"date":"2016-05-27T14:40:53","date_gmt":"2016-05-27T14:40:53","guid":{"rendered":"http:\/\/geelli.andreamorandini.it\/de\/?page_id=10607"},"modified":"2016-07-01T16:16:00","modified_gmt":"2016-07-01T16:16:00","slug":"charakteristik","status":"publish","type":"page","link":"https:\/\/geelli.com\/de\/charakteristik\/","title":{"rendered":"Charakteristik"},"content":{"rendered":"[vc_row type=&#8220;in_container&#8220; scene_position=&#8220;center&#8220; text_color=&#8220;dark&#8220; text_align=&#8220;left&#8220; overlay_strength=&#8220;0.3&#8243;][vc_column column_padding=&#8220;no-extra-padding&#8220; column_padding_position=&#8220;all&#8220; background_color_opacity=&#8220;1&#8243; background_hover_color_opacity=&#8220;1&#8243; width=&#8220;1\/1&#8243;][vc_column_text]\n<table class=\"tg\">\n<tbody>\n<tr>\n<th class=\"tg-yw4l\"><\/th>\n<th class=\"tg-031e\">PUR INTEGRAL<\/th>\n<th class=\"tg-yw4l\">STARLUX<\/th>\n<th class=\"tg-yw4l\">SEMI-RIGIDE<\/th>\n<th class=\"tg-yw4l\">PUR-GEL<\/th>\n<\/tr>\n<tr>\n<td class=\"tg-yw4l\">\n<div title=\"1 \u2013 10 Shore A\" data-rel=\"tooltip\"><img loading=\"lazy\" decoding=\"async\" class=\"alignnone size-full wp-image-4128\" src=\"http:https:\/\/geelli.com\/wp-content\/uploads\/2016\/05\/morbido.png\" alt=\"morbido\" width=\"40\" height=\"40\" srcset=\"https:\/\/geelli.com\/wp-content\/uploads\/2016\/05\/morbido.png 40w, https:\/\/geelli.com\/wp-content\/uploads\/2016\/05\/morbido-32x32.png 32w\" sizes=\"auto, (max-width: 40px) 100vw, 40px\" \/>WEICHE<\/div>\n<\/td>\n<td class=\"tg-baqh\"><i class=\"fa fa-check-circle\"><!-- yes --><\/i><\/td>\n<td class=\"tg-baqh\"><\/td>\n<td class=\"tg-yw4l\"><\/td>\n<td class=\"tg-baqh\"><i class=\"fa fa-check-circle\"><!-- yes --><\/i><\/td>\n<\/tr>\n<tr>\n<td class=\"tg-yw4l\">\n<div title=\"40 \u2013 50 Shore A\" data-rel=\"tooltip\"><img loading=\"lazy\" decoding=\"async\" class=\"alignnone size-full wp-image-4136\" src=\"http:https:\/\/geelli.com\/wp-content\/uploads\/2016\/05\/semirigido.png\" alt=\"semirigido\" width=\"40\" height=\"40\" srcset=\"https:\/\/geelli.com\/wp-content\/uploads\/2016\/05\/semirigido.png 40w, https:\/\/geelli.com\/wp-content\/uploads\/2016\/05\/semirigido-32x32.png 32w\" sizes=\"auto, (max-width: 40px) 100vw, 40px\" \/>HALBSTEIFES<\/div>\n<\/td>\n<td class=\"tg-yw4l\"><\/td>\n<td class=\"tg-yw4l\"><\/td>\n<td class=\"tg-baqh\"><i class=\"fa fa-check-circle\"><!-- yes --><\/i><\/td>\n<td class=\"tg-yw4l\"><\/td>\n<\/tr>\n<tr>\n<td class=\"tg-yw4l\">\n<div title=\"70 \u2013 80 shore A\" data-rel=\"tooltip\"><img loading=\"lazy\" decoding=\"async\" class=\"alignnone size-full wp-image-4132\" src=\"http:https:\/\/geelli.com\/wp-content\/uploads\/2016\/05\/rigido.png\" alt=\"rigido\" width=\"40\" height=\"40\" srcset=\"https:\/\/geelli.com\/wp-content\/uploads\/2016\/05\/rigido.png 40w, https:\/\/geelli.com\/wp-content\/uploads\/2016\/05\/rigido-32x32.png 32w\" sizes=\"auto, (max-width: 40px) 100vw, 40px\" \/>STEIFES<\/div>\n<\/td>\n<td class=\"tg-yw4l\"><\/td>\n<td class=\"tg-baqh\"><i class=\"fa fa-check-circle\"><!-- yes --><\/i><\/td>\n<td class=\"tg-yw4l\"><\/td>\n<td class=\"tg-yw4l\"><\/td>\n<\/tr>\n<tr>\n<td class=\"tg-yw4l\">\n<div title=\"PUR-Gel ist ein Isoliermaterial, das durch die niedrige W\u00e4rmeleitf\u00e4higkeit kalte Getr\u00e4nke wesentlich l\u00e4nger k\u00fchl h\u00e4lt als andere Materialien wie Glas oder Metall\" data-rel=\"tooltip\"><img loading=\"lazy\" decoding=\"async\" class=\"alignnone size-full wp-image-4124\" src=\"http:https:\/\/geelli.com\/wp-content\/uploads\/2016\/05\/isolante.png\" alt=\"isolante\" width=\"40\" height=\"40\" srcset=\"https:\/\/geelli.com\/wp-content\/uploads\/2016\/05\/isolante.png 40w, https:\/\/geelli.com\/wp-content\/uploads\/2016\/05\/isolante-32x32.png 32w\" sizes=\"auto, (max-width: 40px) 100vw, 40px\" \/>ISOLIER<\/div>\n<\/td>\n<td class=\"tg-yw4l\"><\/td>\n<td class=\"tg-yw4l\"><\/td>\n<td class=\"tg-baqh\"><i class=\"fa fa-check-circle\"><!-- yes --><\/i><\/td>\n<td class=\"tg-baqh\"><i class=\"fa fa-check-circle\"><!-- yes --><\/i><\/td>\n<\/tr>\n<tr>\n<td class=\"tg-yw4l\">\n<div title=\"Die durchscheinenden Farben sind halbtransparent und lassen das Licht je nach Sta\u00e4rke des Materials durchschimmern, wodurch unterschiedliche Farbnuancen entstehen\" data-rel=\"tooltip\"><img loading=\"lazy\" decoding=\"async\" class=\"alignnone size-full wp-image-4140\" src=\"http:https:\/\/geelli.com\/wp-content\/uploads\/2016\/05\/luccicanza.png\" alt=\"luccicanza\" width=\"40\" height=\"40\" srcset=\"https:\/\/geelli.com\/wp-content\/uploads\/2016\/05\/luccicanza.png 40w, https:\/\/geelli.com\/wp-content\/uploads\/2016\/05\/luccicanza-32x32.png 32w\" sizes=\"auto, (max-width: 40px) 100vw, 40px\" \/>TRASPARENT<\/div>\n<\/td>\n<td class=\"tg-yw4l\"><\/td>\n<td class=\"tg-yw4l\"><\/td>\n<td class=\"tg-baqh\"><i class=\"fa fa-check-circle\"><!-- yes --><\/i><\/td>\n<td class=\"tg-baqh\"><i class=\"fa fa-check-circle\"><!-- yes --><\/i><\/td>\n<\/tr>\n<tr>\n<td class=\"tg-yw4l\">\n<div title=\"Die Accessoires von Geelli aus PUR-Gel k\u00f6nnen an der Oberfl\u00e4che einer Wand, eines M\u00f6bels, oder eines Einrichtungsgegenstandes im Bad haften, denn Haftverm\u00f6gen ist eine materialeigene und dauerhafte Eigenschaft dieses Werkstoffs\" data-rel=\"tooltip\">\n<p><img loading=\"lazy\" decoding=\"async\" class=\"alignnone size-full wp-image-4120\" src=\"http:https:\/\/geelli.com\/wp-content\/uploads\/2016\/05\/adesivo.png\" alt=\"adesivo\" width=\"40\" height=\"40\" srcset=\"https:\/\/geelli.com\/wp-content\/uploads\/2016\/05\/adesivo.png 40w, https:\/\/geelli.com\/wp-content\/uploads\/2016\/05\/adesivo-32x32.png 32w\" sizes=\"auto, (max-width: 40px) 100vw, 40px\" \/>NAT\u00dcRLICHE HAFTVERM\u00d6GEN<\/p>\n<div><\/div>\n<\/div>\n<\/td>\n<td class=\"tg-yw4l\"><\/td>\n<td class=\"tg-yw4l\"><\/td>\n<td class=\"tg-yw4l\"><\/td>\n<td class=\"tg-baqh\"><i class=\"fa fa-check-circle\"><!-- yes --><\/i><\/td>\n<\/tr>\n<tr>\n<td class=\"tg-yw4l\">\n<div title=\"Bei einigen Produkten geelli wird ein Klebeset mitgeliefert, mit dem deren Traglast ohne den Einsatz von Bohrlo\u0308chern erho\u0308ht werden kann\" data-rel=\"tooltip\"><img loading=\"lazy\" decoding=\"async\" class=\"alignnone size-full wp-image-4120\" src=\"http:https:\/\/geelli.com\/wp-content\/uploads\/2016\/06\/a_extra.png\" alt=\"adesivo\" width=\"40\" height=\"40\" \/>HAFTFESTIGKEIT EXTRA<\/div>\n<\/td>\n<td class=\"tg-yw4l\"><\/td>\n<td class=\"tg-yw4l\"><\/td>\n<td class=\"tg-baqh\"><i class=\"fa fa-check-circle\"><!-- yes --><\/i><\/td>\n<td class=\"tg-baqh\"><i class=\"fa fa-check-circle\"><!-- yes --><\/i><\/td>\n<\/tr>\n<\/tbody>\n<\/table>\n[\/vc_column_text]<div  class=\"divider\"><\/div>[vc_row_inner top_padding=&#8220;30&#8243;][vc_column_inner column_padding=&#8220;no-extra-padding&#8220; column_padding_position=&#8220;all&#8220; background_color_opacity=&#8220;1&#8243; width=&#8220;1\/4&#8243;]<div class=\"img-with-aniamtion-wrap \"><img decoding=\"async\" class=\"img-with-animation \" data-delay=\"0\" height=\"100%\" width=\"100%\" data-animation=\"fade-in\" src=\"https:\/\/geelli.com\/wp-content\/uploads\/2016\/05\/mosse.jpg\" alt=\"\" \/><\/div>[\/vc_column_inner][vc_column_inner column_padding=&#8220;no-extra-padding&#8220; column_padding_position=&#8220;all&#8220; background_color_opacity=&#8220;1&#8243; width=&#8220;3\/4&#8243;][vc_column_text]\n<h4>PERFEKTE HAFTUNG IN DREI EINFACHEN SCHRITTEN<\/h4>\n<p>1. Reinigen Sie die Auflagefl\u00e4che sorgf\u00e4ltig.<br \/>\n2. Entfernen Sie die transparente Folie.<br \/>\n3. Positionieren Sie das Produkt und dr\u00fccken Sie es leicht an.[\/vc_column_text][\/vc_column_inner][\/vc_row_inner][vc_row_inner top_padding=&#8220;30&#8243;][vc_column_inner column_padding=&#8220;no-extra-padding&#8220; column_padding_position=&#8220;all&#8220; background_color_opacity=&#8220;1&#8243; width=&#8220;1\/4&#8243;]<div class=\"img-with-aniamtion-wrap \"><img decoding=\"async\" class=\"img-with-animation \" data-delay=\"0\" height=\"100%\" width=\"100%\" data-animation=\"fade-in\" src=\"https:\/\/geelli.com\/wp-content\/uploads\/2016\/05\/superfici.jpg\" alt=\"\" \/><\/div>[\/vc_column_inner][vc_column_inner column_padding=&#8220;no-extra-padding&#8220; column_padding_position=&#8220;all&#8220; background_color_opacity=&#8220;1&#8243; width=&#8220;3\/4&#8243;][vc_column_text]\n<h4>SO W\u00c4HLEN SIE DIE IDEALE OBERFL\u00c4CHE<\/h4>\n<p>1. Glas, Keramik, Plexiglas: maximales Haftverm\u00f6gen.<br \/>\n2. Mosaike, Fliesen: mittleres Haftverm\u00f6gen.<br \/>\n3. Unbehauener Stein: minimales Haftverm\u00f6gen.[\/vc_column_text][\/vc_column_inner][\/vc_row_inner][vc_row_inner top_padding=&#8220;30&#8243;][vc_column_inner column_padding=&#8220;no-extra-padding&#8220; column_padding_position=&#8220;all&#8220; background_color_opacity=&#8220;1&#8243; width=&#8220;1\/4&#8243;]<div class=\"img-with-aniamtion-wrap \"><img decoding=\"async\" class=\"img-with-animation \" data-delay=\"0\" height=\"100%\" width=\"100%\" data-animation=\"fade-in\" src=\"https:\/\/geelli.com\/wp-content\/uploads\/2016\/05\/ripos.jpg\" alt=\"\" \/><\/div>[\/vc_column_inner][vc_column_inner column_padding=&#8220;no-extra-padding&#8220; column_padding_position=&#8220;all&#8220; background_color_opacity=&#8220;1&#8243; width=&#8220;3\/4&#8243;][vc_column_text]\n<h4>SO POSITIONIEREN SIE DIE GEL-ACCESSOIRES<\/h4>\n<p>1. Begleiten Sie das Produkt beim Abl\u00f6sen mit den H\u00e4nden und vermeiden Sie ein ruckartiges Abrei\u00dfen.<br \/>\n2. F\u00fcr ein leichteres Abl\u00f6sen k\u00f6nnen Sie Wasser aufspr\u00fchen.<br \/>\n3. Waschen Sie das Produkt sorgf\u00e4ltig mit Wasser und Seife.<br \/>\n4. Lassen Sie es lufttrocknen.<br \/>\n5. Wenn das Produkt vollst\u00e4ndig getrocknet ist, kann es wieder an eine Oberfl\u00e4che angebracht werden.[\/vc_column_text][\/vc_column_inner][\/vc_row_inner][vc_row_inner top_padding=&#8220;30&#8243;][vc_column_inner column_padding=&#8220;no-extra-padding&#8220; column_padding_position=&#8220;all&#8220; background_color_opacity=&#8220;1&#8243; width=&#8220;1\/4&#8243;]<div class=\"img-with-aniamtion-wrap \"><img decoding=\"async\" class=\"img-with-animation \" data-delay=\"0\" height=\"100%\" width=\"100%\" data-animation=\"fade-in\" src=\"https:\/\/geelli.com\/wp-content\/uploads\/2016\/05\/superfici.jpg\" alt=\"\" \/><\/div>[\/vc_column_inner][vc_column_inner column_padding=&#8220;no-extra-padding&#8220; column_padding_position=&#8220;all&#8220; background_color_opacity=&#8220;1&#8243; width=&#8220;3\/4&#8243;][vc_column_text]\n<h4>EXTRA-HAFTVERM\u00d6GEN<\/h4>\n<p>Mit einigen Accessoires von Geelli wird ein spezielles Set zum Erh\u00f6hen des Haftverm\u00f6gens geliefert, das die Tragf\u00e4higkeit des PUR-Gels steigert.<br \/>\nPutz: maximales Haftverm\u00f6gen; seien Sie jedoch beim Neupositionieren vorsichtig, um die Oberfl\u00e4che nicht zu ruinieren.[\/vc_column_text][\/vc_column_inner][\/vc_row_inner][\/vc_column][\/vc_row]\n","protected":false},"excerpt":{"rendered":"<p>[vc_row type=&#8220;in_container&#8220; scene_position=&#8220;center&#8220; text_color=&#8220;dark&#8220; text_align=&#8220;left&#8220; overlay_strength=&#8220;0.3&#8243;][vc_column column_padding=&#8220;no-extra-padding&#8220; column_padding_position=&#8220;all&#8220; background_color_opacity=&#8220;1&#8243; background_hover_color_opacity=&#8220;1&#8243; width=&#8220;1\/1&#8243;][vc_column_text] PUR INTEGRAL STARLUX SEMI-RIGIDE PUR-GEL WEICHE HALBSTEIFES STEIFES ISOLIER TRASPARENT NAT\u00dcRLICHE HAFTVERM\u00d6GEN HAFTFESTIGKEIT EXTRA [\/vc_column_text][vc_row_inner top_padding=&#8220;30&#8243;][vc_column_inner column_padding=&#8220;no-extra-padding&#8220; column_padding_position=&#8220;all&#8220; background_color_opacity=&#8220;1&#8243;&#8230;<\/p>\n","protected":false},"author":1,"featured_media":0,"parent":0,"menu_order":12,"comment_status":"closed","ping_status":"closed","template":"","meta":{"_acf_changed":false,"footnotes":""},"class_list":["post-10607","page","type-page","status-publish","hentry"],"acf":[],"yoast_head":"<!-- This site is optimized with the Yoast SEO plugin v27.0 - https:\/\/yoast.com\/product\/yoast-seo-wordpress\/ -->\n<title>Charakteristik - Geelli<\/title>\n<meta name=\"robots\" content=\"index, follow, max-snippet:-1, max-image-preview:large, max-video-preview:-1\" \/>\n<link rel=\"canonical\" href=\"https:\/\/geelli.com\/de\/charakteristik\/\" \/>\n<meta property=\"og:locale\" content=\"de_DE\" \/>\n<meta property=\"og:type\" content=\"article\" \/>\n<meta property=\"og:title\" content=\"Charakteristik - Geelli\" \/>\n<meta property=\"og:description\" content=\"[vc_row type=&#8220;in_container&#8220; scene_position=&#8220;center&#8220; text_color=&#8220;dark&#8220; text_align=&#8220;left&#8220; overlay_strength=&#8220;0.3&#8243;][vc_column column_padding=&#8220;no-extra-padding&#8220; column_padding_position=&#8220;all&#8220; background_color_opacity=&#8220;1&#8243; background_hover_color_opacity=&#8220;1&#8243; width=&#8220;1\/1&#8243;][vc_column_text] PUR INTEGRAL STARLUX SEMI-RIGIDE PUR-GEL WEICHE HALBSTEIFES STEIFES ISOLIER TRASPARENT NAT\u00dcRLICHE HAFTVERM\u00d6GEN HAFTFESTIGKEIT EXTRA [\/vc_column_text][vc_row_inner top_padding=&#8220;30&#8243;][vc_column_inner column_padding=&#8220;no-extra-padding&#8220; column_padding_position=&#8220;all&#8220; background_color_opacity=&#8220;1&#8243;...\" \/>\n<meta property=\"og:url\" content=\"https:\/\/geelli.com\/de\/charakteristik\/\" \/>\n<meta property=\"og:site_name\" content=\"Geelli\" \/>\n<meta property=\"article:modified_time\" content=\"2016-07-01T16:16:00+00:00\" \/>\n<meta name=\"twitter:card\" content=\"summary_large_image\" \/>\n<meta name=\"twitter:label1\" content=\"Gesch\u00e4tzte Lesezeit\" \/>\n\t<meta name=\"twitter:data1\" content=\"2\u00a0Minuten\" \/>\n<script type=\"application\/ld+json\" class=\"yoast-schema-graph\">{\"@context\":\"https:\/\/schema.org\",\"@graph\":[{\"@type\":\"WebPage\",\"@id\":\"https:\/\/geelli.com\/de\/charakteristik\/\",\"url\":\"https:\/\/geelli.com\/de\/charakteristik\/\",\"name\":\"Charakteristik - Geelli\",\"isPartOf\":{\"@id\":\"https:\/\/geelli.com\/#website\"},\"datePublished\":\"2016-05-27T14:40:53+00:00\",\"dateModified\":\"2016-07-01T16:16:00+00:00\",\"breadcrumb\":{\"@id\":\"https:\/\/geelli.com\/de\/charakteristik\/#breadcrumb\"},\"inLanguage\":\"de\",\"potentialAction\":[{\"@type\":\"ReadAction\",\"target\":[\"https:\/\/geelli.com\/de\/charakteristik\/\"]}]},{\"@type\":\"BreadcrumbList\",\"@id\":\"https:\/\/geelli.com\/de\/charakteristik\/#breadcrumb\",\"itemListElement\":[{\"@type\":\"ListItem\",\"position\":1,\"name\":\"Home\",\"item\":\"https:\/\/geelli.com\/de\/\"},{\"@type\":\"ListItem\",\"position\":2,\"name\":\"Charakteristik\"}]},{\"@type\":\"WebSite\",\"@id\":\"https:\/\/geelli.com\/#website\",\"url\":\"https:\/\/geelli.com\/\",\"name\":\"Geelli\",\"description\":\"Just another WordPress site\",\"potentialAction\":[{\"@type\":\"SearchAction\",\"target\":{\"@type\":\"EntryPoint\",\"urlTemplate\":\"https:\/\/geelli.com\/?s={search_term_string}\"},\"query-input\":{\"@type\":\"PropertyValueSpecification\",\"valueRequired\":true,\"valueName\":\"search_term_string\"}}],\"inLanguage\":\"de\"}]}<\/script>\n<!-- \/ Yoast SEO plugin. -->","yoast_head_json":{"title":"Charakteristik - Geelli","robots":{"index":"index","follow":"follow","max-snippet":"max-snippet:-1","max-image-preview":"max-image-preview:large","max-video-preview":"max-video-preview:-1"},"canonical":"https:\/\/geelli.com\/de\/charakteristik\/","og_locale":"de_DE","og_type":"article","og_title":"Charakteristik - Geelli","og_description":"[vc_row type=&#8220;in_container&#8220; scene_position=&#8220;center&#8220; text_color=&#8220;dark&#8220; text_align=&#8220;left&#8220; overlay_strength=&#8220;0.3&#8243;][vc_column column_padding=&#8220;no-extra-padding&#8220; column_padding_position=&#8220;all&#8220; background_color_opacity=&#8220;1&#8243; background_hover_color_opacity=&#8220;1&#8243; width=&#8220;1\/1&#8243;][vc_column_text] PUR INTEGRAL STARLUX SEMI-RIGIDE PUR-GEL WEICHE HALBSTEIFES STEIFES ISOLIER TRASPARENT NAT\u00dcRLICHE HAFTVERM\u00d6GEN HAFTFESTIGKEIT EXTRA [\/vc_column_text][vc_row_inner top_padding=&#8220;30&#8243;][vc_column_inner column_padding=&#8220;no-extra-padding&#8220; column_padding_position=&#8220;all&#8220; background_color_opacity=&#8220;1&#8243;...","og_url":"https:\/\/geelli.com\/de\/charakteristik\/","og_site_name":"Geelli","article_modified_time":"2016-07-01T16:16:00+00:00","twitter_card":"summary_large_image","twitter_misc":{"Gesch\u00e4tzte Lesezeit":"2\u00a0Minuten"},"schema":{"@context":"https:\/\/schema.org","@graph":[{"@type":"WebPage","@id":"https:\/\/geelli.com\/de\/charakteristik\/","url":"https:\/\/geelli.com\/de\/charakteristik\/","name":"Charakteristik - Geelli","isPartOf":{"@id":"https:\/\/geelli.com\/#website"},"datePublished":"2016-05-27T14:40:53+00:00","dateModified":"2016-07-01T16:16:00+00:00","breadcrumb":{"@id":"https:\/\/geelli.com\/de\/charakteristik\/#breadcrumb"},"inLanguage":"de","potentialAction":[{"@type":"ReadAction","target":["https:\/\/geelli.com\/de\/charakteristik\/"]}]},{"@type":"BreadcrumbList","@id":"https:\/\/geelli.com\/de\/charakteristik\/#breadcrumb","itemListElement":[{"@type":"ListItem","position":1,"name":"Home","item":"https:\/\/geelli.com\/de\/"},{"@type":"ListItem","position":2,"name":"Charakteristik"}]},{"@type":"WebSite","@id":"https:\/\/geelli.com\/#website","url":"https:\/\/geelli.com\/","name":"Geelli","description":"Just another WordPress site","potentialAction":[{"@type":"SearchAction","target":{"@type":"EntryPoint","urlTemplate":"https:\/\/geelli.com\/?s={search_term_string}"},"query-input":{"@type":"PropertyValueSpecification","valueRequired":true,"valueName":"search_term_string"}}],"inLanguage":"de"}]}},"_links":{"self":[{"href":"https:\/\/geelli.com\/de\/wp-json\/wp\/v2\/pages\/10607","targetHints":{"allow":["GET"]}}],"collection":[{"href":"https:\/\/geelli.com\/de\/wp-json\/wp\/v2\/pages"}],"about":[{"href":"https:\/\/geelli.com\/de\/wp-json\/wp\/v2\/types\/page"}],"author":[{"embeddable":true,"href":"https:\/\/geelli.com\/de\/wp-json\/wp\/v2\/users\/1"}],"replies":[{"embeddable":true,"href":"https:\/\/geelli.com\/de\/wp-json\/wp\/v2\/comments?post=10607"}],"version-history":[{"count":0,"href":"https:\/\/geelli.com\/de\/wp-json\/wp\/v2\/pages\/10607\/revisions"}],"wp:attachment":[{"href":"https:\/\/geelli.com\/de\/wp-json\/wp\/v2\/media?parent=10607"}],"curies":[{"name":"wp","href":"https:\/\/api.w.org\/{rel}","templated":true}]}}