{"id":12151,"date":"2016-10-07T12:39:29","date_gmt":"2016-10-07T11:39:29","guid":{"rendered":"http:https:\/\/geelli.com\/de\/silikon-hause-artikel\/wohnraum-und-buero\/landscape-double-cup\/"},"modified":"2016-10-17T15:05:14","modified_gmt":"2016-10-17T15:05:14","slug":"landscape-double-cup","status":"publish","type":"product","link":"https:\/\/geelli.com\/de\/silikon-hause-artikel\/wohnraum-und-buero\/landscape-double-cup\/","title":{"rendered":"LANDSCAPE DOUBLE CUP"},"content":{"rendered":"<p>Mehrzweckbeh\u00e4lter f\u00fcr den Einsatz im B\u00fcro oder im Bad.<\/p>\n","protected":false},"excerpt":{"rendered":"<p>Mehrzweckbeh\u00e4lter f\u00fcr den Einsatz im B\u00fcro oder im Bad.<\/p>\n","protected":false},"featured_media":25826,"comment_status":"closed","ping_status":"closed","template":"","meta":{"_acf_changed":false},"product_brand":[],"product_cat":[343,334],"product_tag":[],"class_list":{"0":"post-12151","1":"product","2":"type-product","3":"status-publish","4":"has-post-thumbnail","6":"product_cat-behaelter","7":"product_cat-wohnraum-und-buero","8":"pa_famiglia-prodotto-landscape-de","9":"tm-no-options","11":"first","12":"instock","13":"taxable","14":"shipping-taxable","15":"purchasable","16":"product-type-variable"},"acf":[],"yoast_head":"<!-- This site is optimized with the Yoast SEO plugin v27.0 - https:\/\/yoast.com\/product\/yoast-seo-wordpress\/ -->\n<title>LANDSCAPE DOUBLE CUP - Geelli<\/title>\n<meta name=\"description\" content=\"Mehrzweckbeh\u00e4lter f\u00fcr den Einsatz im B\u00fcro oder im Bad.\" \/>\n<meta name=\"robots\" content=\"index, follow, max-snippet:-1, max-image-preview:large, max-video-preview:-1\" \/>\n<link rel=\"canonical\" href=\"https:\/\/geelli.com\/de\/silikon-hause-artikel\/wohnraum-und-buero\/landscape-double-cup\/\" \/>\n<meta property=\"og:locale\" content=\"de_DE\" \/>\n<meta property=\"og:type\" content=\"article\" \/>\n<meta property=\"og:title\" content=\"LANDSCAPE DOUBLE CUP - Geelli\" \/>\n<meta property=\"og:description\" content=\"Mehrzweckbeh\u00e4lter f\u00fcr den Einsatz im B\u00fcro oder im Bad.\" \/>\n<meta property=\"og:url\" content=\"https:\/\/geelli.com\/de\/silikon-hause-artikel\/wohnraum-und-buero\/landscape-double-cup\/\" \/>\n<meta property=\"og:site_name\" content=\"Geelli\" \/>\n<meta property=\"article:modified_time\" content=\"2016-10-17T15:05:14+00:00\" \/>\n<meta property=\"og:image\" content=\"https:\/\/geelli.com\/wp-content\/uploads\/2016\/10\/image00023-scaled.jpg\" \/>\n\t<meta property=\"og:image:width\" content=\"2560\" \/>\n\t<meta property=\"og:image:height\" content=\"2560\" \/>\n\t<meta property=\"og:image:type\" content=\"image\/jpeg\" \/>\n<meta name=\"twitter:card\" content=\"summary_large_image\" \/>\n<script type=\"application\/ld+json\" class=\"yoast-schema-graph\">{\"@context\":\"https:\/\/schema.org\",\"@graph\":[{\"@type\":\"WebPage\",\"@id\":\"https:\/\/geelli.com\/de\/silikon-hause-artikel\/wohnraum-und-buero\/landscape-double-cup\/\",\"url\":\"https:\/\/geelli.com\/de\/silikon-hause-artikel\/wohnraum-und-buero\/landscape-double-cup\/\",\"name\":\"LANDSCAPE DOUBLE CUP - Geelli\",\"isPartOf\":{\"@id\":\"https:\/\/geelli.com\/#website\"},\"primaryImageOfPage\":{\"@id\":\"https:\/\/geelli.com\/de\/silikon-hause-artikel\/wohnraum-und-buero\/landscape-double-cup\/#primaryimage\"},\"image\":{\"@id\":\"https:\/\/geelli.com\/de\/silikon-hause-artikel\/wohnraum-und-buero\/landscape-double-cup\/#primaryimage\"},\"thumbnailUrl\":\"https:\/\/geelli.com\/wp-content\/uploads\/2016\/10\/image00023-scaled.jpg\",\"datePublished\":\"2016-10-07T11:39:29+00:00\",\"dateModified\":\"2016-10-17T15:05:14+00:00\",\"description\":\"Mehrzweckbeh\u00e4lter f\u00fcr den Einsatz im B\u00fcro oder im Bad.\",\"breadcrumb\":{\"@id\":\"https:\/\/geelli.com\/de\/silikon-hause-artikel\/wohnraum-und-buero\/landscape-double-cup\/#breadcrumb\"},\"inLanguage\":\"de\",\"potentialAction\":[{\"@type\":\"ReadAction\",\"target\":[\"https:\/\/geelli.com\/de\/silikon-hause-artikel\/wohnraum-und-buero\/landscape-double-cup\/\"]}]},{\"@type\":\"ImageObject\",\"inLanguage\":\"de\",\"@id\":\"https:\/\/geelli.com\/de\/silikon-hause-artikel\/wohnraum-und-buero\/landscape-double-cup\/#primaryimage\",\"url\":\"https:\/\/geelli.com\/wp-content\/uploads\/2016\/10\/image00023-scaled.jpg\",\"contentUrl\":\"https:\/\/geelli.com\/wp-content\/uploads\/2016\/10\/image00023-scaled.jpg\",\"width\":2560,\"height\":2560},{\"@type\":\"BreadcrumbList\",\"@id\":\"https:\/\/geelli.com\/de\/silikon-hause-artikel\/wohnraum-und-buero\/landscape-double-cup\/#breadcrumb\",\"itemListElement\":[{\"@type\":\"ListItem\",\"position\":1,\"name\":\"Home\",\"item\":\"https:\/\/geelli.com\/de\/\"},{\"@type\":\"ListItem\",\"position\":2,\"name\":\"Shop\",\"item\":\"https:\/\/geelli.com\/de\/shop\/\"},{\"@type\":\"ListItem\",\"position\":3,\"name\":\"LIVING &amp; WORKING\",\"item\":\"https:\/\/geelli.com\/prodotti\/living-working\/\"},{\"@type\":\"ListItem\",\"position\":4,\"name\":\"LANDSCAPE DOUBLE CUP\"}]},{\"@type\":\"WebSite\",\"@id\":\"https:\/\/geelli.com\/#website\",\"url\":\"https:\/\/geelli.com\/\",\"name\":\"Geelli\",\"description\":\"Just another WordPress site\",\"potentialAction\":[{\"@type\":\"SearchAction\",\"target\":{\"@type\":\"EntryPoint\",\"urlTemplate\":\"https:\/\/geelli.com\/?s={search_term_string}\"},\"query-input\":{\"@type\":\"PropertyValueSpecification\",\"valueRequired\":true,\"valueName\":\"search_term_string\"}}],\"inLanguage\":\"de\"}]}<\/script>\n<!-- \/ Yoast SEO plugin. -->","yoast_head_json":{"title":"LANDSCAPE DOUBLE CUP - Geelli","description":"Mehrzweckbeh\u00e4lter f\u00fcr den Einsatz im B\u00fcro oder im Bad.","robots":{"index":"index","follow":"follow","max-snippet":"max-snippet:-1","max-image-preview":"max-image-preview:large","max-video-preview":"max-video-preview:-1"},"canonical":"https:\/\/geelli.com\/de\/silikon-hause-artikel\/wohnraum-und-buero\/landscape-double-cup\/","og_locale":"de_DE","og_type":"article","og_title":"LANDSCAPE DOUBLE CUP - Geelli","og_description":"Mehrzweckbeh\u00e4lter f\u00fcr den Einsatz im B\u00fcro oder im Bad.","og_url":"https:\/\/geelli.com\/de\/silikon-hause-artikel\/wohnraum-und-buero\/landscape-double-cup\/","og_site_name":"Geelli","article_modified_time":"2016-10-17T15:05:14+00:00","og_image":[{"width":2560,"height":2560,"url":"https:\/\/geelli.com\/wp-content\/uploads\/2016\/10\/image00023-scaled.jpg","type":"image\/jpeg"}],"twitter_card":"summary_large_image","schema":{"@context":"https:\/\/schema.org","@graph":[{"@type":"WebPage","@id":"https:\/\/geelli.com\/de\/silikon-hause-artikel\/wohnraum-und-buero\/landscape-double-cup\/","url":"https:\/\/geelli.com\/de\/silikon-hause-artikel\/wohnraum-und-buero\/landscape-double-cup\/","name":"LANDSCAPE DOUBLE CUP - Geelli","isPartOf":{"@id":"https:\/\/geelli.com\/#website"},"primaryImageOfPage":{"@id":"https:\/\/geelli.com\/de\/silikon-hause-artikel\/wohnraum-und-buero\/landscape-double-cup\/#primaryimage"},"image":{"@id":"https:\/\/geelli.com\/de\/silikon-hause-artikel\/wohnraum-und-buero\/landscape-double-cup\/#primaryimage"},"thumbnailUrl":"https:\/\/geelli.com\/wp-content\/uploads\/2016\/10\/image00023-scaled.jpg","datePublished":"2016-10-07T11:39:29+00:00","dateModified":"2016-10-17T15:05:14+00:00","description":"Mehrzweckbeh\u00e4lter f\u00fcr den Einsatz im B\u00fcro oder im Bad.","breadcrumb":{"@id":"https:\/\/geelli.com\/de\/silikon-hause-artikel\/wohnraum-und-buero\/landscape-double-cup\/#breadcrumb"},"inLanguage":"de","potentialAction":[{"@type":"ReadAction","target":["https:\/\/geelli.com\/de\/silikon-hause-artikel\/wohnraum-und-buero\/landscape-double-cup\/"]}]},{"@type":"ImageObject","inLanguage":"de","@id":"https:\/\/geelli.com\/de\/silikon-hause-artikel\/wohnraum-und-buero\/landscape-double-cup\/#primaryimage","url":"https:\/\/geelli.com\/wp-content\/uploads\/2016\/10\/image00023-scaled.jpg","contentUrl":"https:\/\/geelli.com\/wp-content\/uploads\/2016\/10\/image00023-scaled.jpg","width":2560,"height":2560},{"@type":"BreadcrumbList","@id":"https:\/\/geelli.com\/de\/silikon-hause-artikel\/wohnraum-und-buero\/landscape-double-cup\/#breadcrumb","itemListElement":[{"@type":"ListItem","position":1,"name":"Home","item":"https:\/\/geelli.com\/de\/"},{"@type":"ListItem","position":2,"name":"Shop","item":"https:\/\/geelli.com\/de\/shop\/"},{"@type":"ListItem","position":3,"name":"LIVING &amp; WORKING","item":"https:\/\/geelli.com\/prodotti\/living-working\/"},{"@type":"ListItem","position":4,"name":"LANDSCAPE DOUBLE CUP"}]},{"@type":"WebSite","@id":"https:\/\/geelli.com\/#website","url":"https:\/\/geelli.com\/","name":"Geelli","description":"Just another WordPress site","potentialAction":[{"@type":"SearchAction","target":{"@type":"EntryPoint","urlTemplate":"https:\/\/geelli.com\/?s={search_term_string}"},"query-input":{"@type":"PropertyValueSpecification","valueRequired":true,"valueName":"search_term_string"}}],"inLanguage":"de"}]}},"_links":{"self":[{"href":"https:\/\/geelli.com\/de\/wp-json\/wp\/v2\/product\/12151","targetHints":{"allow":["GET"]}}],"collection":[{"href":"https:\/\/geelli.com\/de\/wp-json\/wp\/v2\/product"}],"about":[{"href":"https:\/\/geelli.com\/de\/wp-json\/wp\/v2\/types\/product"}],"replies":[{"embeddable":true,"href":"https:\/\/geelli.com\/de\/wp-json\/wp\/v2\/comments?post=12151"}],"wp:featuredmedia":[{"embeddable":true,"href":"https:\/\/geelli.com\/de\/wp-json\/wp\/v2\/media\/25826"}],"wp:attachment":[{"href":"https:\/\/geelli.com\/de\/wp-json\/wp\/v2\/media?parent=12151"}],"wp:term":[{"taxonomy":"product_brand","embeddable":true,"href":"https:\/\/geelli.com\/de\/wp-json\/wp\/v2\/product_brand?post=12151"},{"taxonomy":"product_cat","embeddable":true,"href":"https:\/\/geelli.com\/de\/wp-json\/wp\/v2\/product_cat?post=12151"},{"taxonomy":"product_tag","embeddable":true,"href":"https:\/\/geelli.com\/de\/wp-json\/wp\/v2\/product_tag?post=12151"}],"curies":[{"name":"wp","href":"https:\/\/api.w.org\/{rel}","templated":true}]}}