{"id":16867,"date":"2018-11-26T16:06:13","date_gmt":"2018-11-26T15:06:13","guid":{"rendered":"https:https:\/\/geelli.com\/de\/silikon-hause-artikel\/beleuchtungen\/fiammella-copy\/"},"modified":"2020-11-27T15:00:56","modified_gmt":"2020-11-27T15:00:56","slug":"eva","status":"publish","type":"product","link":"https:\/\/geelli.com\/de\/silikon-hause-artikel\/beleuchtungen\/eva\/","title":{"rendered":"EVA"},"content":{"rendered":"<p>Eva ist eine eigenst\u00e4ndige Lampe aus Gel mit LEDTechnologie, die sich mit einem Touchpunkt auf der Oberseite dimmen und mit einem Standard-USB-Netzteil aufladen l\u00e4sst. Eva bietet mehrere Funktionsweisen &#8211; nat\u00fcrlich wei\u00dfes Licht, warmwei\u00dfes Licht, farbiges Licht &#8211; um stets die gew\u00fcnschte Atmosph\u00e4re zu erschaffen. Mit Eva k\u00f6nnen Sie das jeweils passende Lichtszenarium bestimmen, um gesellige Augenblick noch sch\u00f6ner zu machen.<\/p>\n","protected":false},"excerpt":{"rendered":"<p>Eva ist eine eigenst\u00e4ndige Lampe aus Gel mit LEDTechnologie, die sich mit einem Touchpunkt auf der Oberseite dimmen und mit einem Standard-USB-Netzteil aufladen l\u00e4sst. Eva bietet mehrere Funktionsweisen &#8211; nat\u00fcrlich&#8230;<\/p>\n","protected":false},"featured_media":32006,"comment_status":"closed","ping_status":"closed","template":"","meta":{"_acf_changed":false},"product_brand":[],"product_cat":[337],"product_tag":[],"class_list":{"0":"post-16867","1":"product","2":"type-product","3":"status-publish","4":"has-post-thumbnail","6":"product_cat-beleuchtungen","7":"tm-no-options","9":"first","10":"instock","11":"taxable","12":"shipping-taxable","13":"purchasable","14":"product-type-variable"},"acf":[],"yoast_head":"<!-- This site is optimized with the Yoast SEO plugin v27.0 - https:\/\/yoast.com\/product\/yoast-seo-wordpress\/ -->\n<title>Lampada touch<\/title>\n<meta name=\"description\" content=\"Lampada morbida da tavolo. La luce \u00e8 emanata attraverso il gel esaltandone la traslucenza. Adatta ad esempio come luce di cortesia nella camera dei bimbi\" \/>\n<meta name=\"robots\" content=\"index, follow, max-snippet:-1, max-image-preview:large, max-video-preview:-1\" \/>\n<link rel=\"canonical\" href=\"https:\/\/geelli.com\/silikon-hause-artikel\/luci\/eva\/\" \/>\n<meta property=\"og:locale\" content=\"de_DE\" \/>\n<meta property=\"og:type\" content=\"article\" \/>\n<meta property=\"og:title\" content=\"Lampada touch\" \/>\n<meta property=\"og:description\" content=\"Lampada morbida da tavolo. La luce \u00e8 emanata attraverso il gel esaltandone la traslucenza. Adatta ad esempio come luce di cortesia nella camera dei bimbi\" \/>\n<meta property=\"og:url\" content=\"https:\/\/geelli.com\/silikon-hause-artikel\/luci\/eva\/\" \/>\n<meta property=\"og:site_name\" content=\"Geelli\" \/>\n<meta property=\"article:modified_time\" content=\"2020-11-27T15:00:56+00:00\" \/>\n<meta property=\"og:image\" content=\"https:\/\/geelli.com\/wp-content\/uploads\/2018\/11\/GEELLI_188-e1669905499755.jpg\" \/>\n\t<meta property=\"og:image:width\" content=\"996\" \/>\n\t<meta property=\"og:image:height\" content=\"750\" \/>\n\t<meta property=\"og:image:type\" content=\"image\/jpeg\" \/>\n<meta name=\"twitter:card\" content=\"summary_large_image\" \/>\n<script type=\"application\/ld+json\" class=\"yoast-schema-graph\">{\"@context\":\"https:\/\/schema.org\",\"@graph\":[{\"@type\":\"WebPage\",\"@id\":\"https:\/\/geelli.com\/silikon-hause-artikel\/luci\/eva\/\",\"url\":\"https:\/\/geelli.com\/silikon-hause-artikel\/luci\/eva\/\",\"name\":\"Lampada touch\",\"isPartOf\":{\"@id\":\"https:\/\/geelli.com\/#website\"},\"primaryImageOfPage\":{\"@id\":\"https:\/\/geelli.com\/silikon-hause-artikel\/luci\/eva\/#primaryimage\"},\"image\":{\"@id\":\"https:\/\/geelli.com\/silikon-hause-artikel\/luci\/eva\/#primaryimage\"},\"thumbnailUrl\":\"https:\/\/geelli.com\/wp-content\/uploads\/2018\/11\/GEELLI_188-e1669905499755.jpg\",\"datePublished\":\"2018-11-26T15:06:13+00:00\",\"dateModified\":\"2020-11-27T15:00:56+00:00\",\"description\":\"Lampada morbida da tavolo. La luce \u00e8 emanata attraverso il gel esaltandone la traslucenza. Adatta ad esempio come luce di cortesia nella camera dei bimbi\",\"breadcrumb\":{\"@id\":\"https:\/\/geelli.com\/silikon-hause-artikel\/luci\/eva\/#breadcrumb\"},\"inLanguage\":\"de\",\"potentialAction\":[{\"@type\":\"ReadAction\",\"target\":[\"https:\/\/geelli.com\/silikon-hause-artikel\/luci\/eva\/\"]}]},{\"@type\":\"ImageObject\",\"inLanguage\":\"de\",\"@id\":\"https:\/\/geelli.com\/silikon-hause-artikel\/luci\/eva\/#primaryimage\",\"url\":\"https:\/\/geelli.com\/wp-content\/uploads\/2018\/11\/GEELLI_188-e1669905499755.jpg\",\"contentUrl\":\"https:\/\/geelli.com\/wp-content\/uploads\/2018\/11\/GEELLI_188-e1669905499755.jpg\",\"width\":996,\"height\":750},{\"@type\":\"BreadcrumbList\",\"@id\":\"https:\/\/geelli.com\/silikon-hause-artikel\/luci\/eva\/#breadcrumb\",\"itemListElement\":[{\"@type\":\"ListItem\",\"position\":1,\"name\":\"Home\",\"item\":\"https:\/\/geelli.com\/de\/\"},{\"@type\":\"ListItem\",\"position\":2,\"name\":\"Shop\",\"item\":\"https:\/\/geelli.com\/de\/shop\/\"},{\"@type\":\"ListItem\",\"position\":3,\"name\":\"LUCI\",\"item\":\"https:\/\/geelli.com\/prodotti\/luci\/\"},{\"@type\":\"ListItem\",\"position\":4,\"name\":\"EVA\"}]},{\"@type\":\"WebSite\",\"@id\":\"https:\/\/geelli.com\/#website\",\"url\":\"https:\/\/geelli.com\/\",\"name\":\"Geelli\",\"description\":\"Just another WordPress site\",\"potentialAction\":[{\"@type\":\"SearchAction\",\"target\":{\"@type\":\"EntryPoint\",\"urlTemplate\":\"https:\/\/geelli.com\/?s={search_term_string}\"},\"query-input\":{\"@type\":\"PropertyValueSpecification\",\"valueRequired\":true,\"valueName\":\"search_term_string\"}}],\"inLanguage\":\"de\"}]}<\/script>\n<!-- \/ Yoast SEO plugin. -->","yoast_head_json":{"title":"Lampada touch","description":"Lampada morbida da tavolo. La luce \u00e8 emanata attraverso il gel esaltandone la traslucenza. Adatta ad esempio come luce di cortesia nella camera dei bimbi","robots":{"index":"index","follow":"follow","max-snippet":"max-snippet:-1","max-image-preview":"max-image-preview:large","max-video-preview":"max-video-preview:-1"},"canonical":"https:\/\/geelli.com\/silikon-hause-artikel\/luci\/eva\/","og_locale":"de_DE","og_type":"article","og_title":"Lampada touch","og_description":"Lampada morbida da tavolo. La luce \u00e8 emanata attraverso il gel esaltandone la traslucenza. Adatta ad esempio come luce di cortesia nella camera dei bimbi","og_url":"https:\/\/geelli.com\/silikon-hause-artikel\/luci\/eva\/","og_site_name":"Geelli","article_modified_time":"2020-11-27T15:00:56+00:00","og_image":[{"width":996,"height":750,"url":"https:\/\/geelli.com\/wp-content\/uploads\/2018\/11\/GEELLI_188-e1669905499755.jpg","type":"image\/jpeg"}],"twitter_card":"summary_large_image","schema":{"@context":"https:\/\/schema.org","@graph":[{"@type":"WebPage","@id":"https:\/\/geelli.com\/silikon-hause-artikel\/luci\/eva\/","url":"https:\/\/geelli.com\/silikon-hause-artikel\/luci\/eva\/","name":"Lampada touch","isPartOf":{"@id":"https:\/\/geelli.com\/#website"},"primaryImageOfPage":{"@id":"https:\/\/geelli.com\/silikon-hause-artikel\/luci\/eva\/#primaryimage"},"image":{"@id":"https:\/\/geelli.com\/silikon-hause-artikel\/luci\/eva\/#primaryimage"},"thumbnailUrl":"https:\/\/geelli.com\/wp-content\/uploads\/2018\/11\/GEELLI_188-e1669905499755.jpg","datePublished":"2018-11-26T15:06:13+00:00","dateModified":"2020-11-27T15:00:56+00:00","description":"Lampada morbida da tavolo. La luce \u00e8 emanata attraverso il gel esaltandone la traslucenza. Adatta ad esempio come luce di cortesia nella camera dei bimbi","breadcrumb":{"@id":"https:\/\/geelli.com\/silikon-hause-artikel\/luci\/eva\/#breadcrumb"},"inLanguage":"de","potentialAction":[{"@type":"ReadAction","target":["https:\/\/geelli.com\/silikon-hause-artikel\/luci\/eva\/"]}]},{"@type":"ImageObject","inLanguage":"de","@id":"https:\/\/geelli.com\/silikon-hause-artikel\/luci\/eva\/#primaryimage","url":"https:\/\/geelli.com\/wp-content\/uploads\/2018\/11\/GEELLI_188-e1669905499755.jpg","contentUrl":"https:\/\/geelli.com\/wp-content\/uploads\/2018\/11\/GEELLI_188-e1669905499755.jpg","width":996,"height":750},{"@type":"BreadcrumbList","@id":"https:\/\/geelli.com\/silikon-hause-artikel\/luci\/eva\/#breadcrumb","itemListElement":[{"@type":"ListItem","position":1,"name":"Home","item":"https:\/\/geelli.com\/de\/"},{"@type":"ListItem","position":2,"name":"Shop","item":"https:\/\/geelli.com\/de\/shop\/"},{"@type":"ListItem","position":3,"name":"LUCI","item":"https:\/\/geelli.com\/prodotti\/luci\/"},{"@type":"ListItem","position":4,"name":"EVA"}]},{"@type":"WebSite","@id":"https:\/\/geelli.com\/#website","url":"https:\/\/geelli.com\/","name":"Geelli","description":"Just another WordPress site","potentialAction":[{"@type":"SearchAction","target":{"@type":"EntryPoint","urlTemplate":"https:\/\/geelli.com\/?s={search_term_string}"},"query-input":{"@type":"PropertyValueSpecification","valueRequired":true,"valueName":"search_term_string"}}],"inLanguage":"de"}]}},"_links":{"self":[{"href":"https:\/\/geelli.com\/de\/wp-json\/wp\/v2\/product\/16867","targetHints":{"allow":["GET"]}}],"collection":[{"href":"https:\/\/geelli.com\/de\/wp-json\/wp\/v2\/product"}],"about":[{"href":"https:\/\/geelli.com\/de\/wp-json\/wp\/v2\/types\/product"}],"replies":[{"embeddable":true,"href":"https:\/\/geelli.com\/de\/wp-json\/wp\/v2\/comments?post=16867"}],"wp:featuredmedia":[{"embeddable":true,"href":"https:\/\/geelli.com\/de\/wp-json\/wp\/v2\/media\/32006"}],"wp:attachment":[{"href":"https:\/\/geelli.com\/de\/wp-json\/wp\/v2\/media?parent=16867"}],"wp:term":[{"taxonomy":"product_brand","embeddable":true,"href":"https:\/\/geelli.com\/de\/wp-json\/wp\/v2\/product_brand?post=16867"},{"taxonomy":"product_cat","embeddable":true,"href":"https:\/\/geelli.com\/de\/wp-json\/wp\/v2\/product_cat?post=16867"},{"taxonomy":"product_tag","embeddable":true,"href":"https:\/\/geelli.com\/de\/wp-json\/wp\/v2\/product_tag?post=16867"}],"curies":[{"name":"wp","href":"https:\/\/api.w.org\/{rel}","templated":true}]}}