{"id":20041,"date":"2020-09-15T13:39:42","date_gmt":"2020-09-15T13:39:42","guid":{"rendered":"https:https:\/\/geelli.com\/de\/silikon-hause-artikel\/haengen\/pomolo-copy\/"},"modified":"2020-11-27T09:49:58","modified_gmt":"2020-11-27T09:49:58","slug":"punto","status":"publish","type":"product","link":"https:\/\/geelli.com\/de\/silikon-hause-artikel\/haengen\/punto\/","title":{"rendered":"PUNTO"},"content":{"rendered":"<p>Selbstklebender Aufh\u00e4nger f\u00fcr Sch\u00f6pfkellen, Geschirrt\u00fccher und kleine K\u00fcchenutensilien. L\u00e4sst sich auch im Bad zum Aufh\u00e4ngen von Handt\u00fcchern und in anderen R\u00e4umen verwenden, in denen die Notwendigkeit besteht, f\u00fcr Ordnung und \u00dcbersicht an der Wand zu sorgen.<\/p>\n","protected":false},"excerpt":{"rendered":"<p>Selbstklebender Aufh\u00e4nger f\u00fcr Sch\u00f6pfkellen, Geschirrt\u00fccher und kleine K\u00fcchenutensilien. L\u00e4sst sich auch im Bad zum Aufh\u00e4ngen von Handt\u00fcchern und in anderen R\u00e4umen verwenden, in denen die Notwendigkeit besteht, f\u00fcr Ordnung und&#8230;<\/p>\n","protected":false},"featured_media":20077,"comment_status":"closed","ping_status":"closed","template":"","meta":{"_acf_changed":false},"product_brand":[],"product_cat":[331,323],"product_tag":[],"class_list":{"0":"post-20041","1":"product","2":"type-product","3":"status-publish","4":"has-post-thumbnail","6":"product_cat-kueche","7":"product_cat-haengen","8":"tm-no-options","10":"first","11":"instock","12":"taxable","13":"shipping-taxable","14":"purchasable","15":"product-type-variable"},"acf":[],"yoast_head":"<!-- This site is optimized with the Yoast SEO plugin v27.0 - https:\/\/yoast.com\/product\/yoast-seo-wordpress\/ -->\n<title>Appendino adesivo<\/title>\n<meta name=\"description\" content=\"Appendino morbido e adesivo, pu\u00f2 essere posizionato all&#039;altezza desiderata senza dover forare le piastrelle\" \/>\n<meta name=\"robots\" content=\"index, follow, max-snippet:-1, max-image-preview:large, max-video-preview:-1\" \/>\n<link rel=\"canonical\" href=\"https:\/\/geelli.com\/de\/silikon-hause-artikel\/haengen\/punto\/\" \/>\n<meta property=\"og:locale\" content=\"de_DE\" \/>\n<meta property=\"og:type\" content=\"article\" \/>\n<meta property=\"og:title\" content=\"Appendino adesivo\" \/>\n<meta property=\"og:description\" content=\"Appendino morbido e adesivo, pu\u00f2 essere posizionato all&#039;altezza desiderata senza dover forare le piastrelle\" \/>\n<meta property=\"og:url\" content=\"https:\/\/geelli.com\/de\/silikon-hause-artikel\/haengen\/punto\/\" \/>\n<meta property=\"og:site_name\" content=\"Geelli\" \/>\n<meta property=\"article:modified_time\" content=\"2020-11-27T09:49:58+00:00\" \/>\n<meta property=\"og:image\" content=\"https:\/\/geelli.com\/wp-content\/uploads\/2020\/09\/047_m2w8676_tite-scaled.jpg\" \/>\n\t<meta property=\"og:image:width\" content=\"1707\" \/>\n\t<meta property=\"og:image:height\" content=\"2560\" \/>\n\t<meta property=\"og:image:type\" content=\"image\/jpeg\" \/>\n<meta name=\"twitter:card\" content=\"summary_large_image\" \/>\n<script type=\"application\/ld+json\" class=\"yoast-schema-graph\">{\"@context\":\"https:\/\/schema.org\",\"@graph\":[{\"@type\":\"WebPage\",\"@id\":\"https:\/\/geelli.com\/de\/silikon-hause-artikel\/haengen\/punto\/\",\"url\":\"https:\/\/geelli.com\/de\/silikon-hause-artikel\/haengen\/punto\/\",\"name\":\"Appendino adesivo\",\"isPartOf\":{\"@id\":\"https:\/\/geelli.com\/#website\"},\"primaryImageOfPage\":{\"@id\":\"https:\/\/geelli.com\/de\/silikon-hause-artikel\/haengen\/punto\/#primaryimage\"},\"image\":{\"@id\":\"https:\/\/geelli.com\/de\/silikon-hause-artikel\/haengen\/punto\/#primaryimage\"},\"thumbnailUrl\":\"https:\/\/geelli.com\/wp-content\/uploads\/2020\/09\/047_m2w8676_tite-scaled.jpg\",\"datePublished\":\"2020-09-15T13:39:42+00:00\",\"dateModified\":\"2020-11-27T09:49:58+00:00\",\"description\":\"Appendino morbido e adesivo, pu\u00f2 essere posizionato all'altezza desiderata senza dover forare le piastrelle\",\"breadcrumb\":{\"@id\":\"https:\/\/geelli.com\/de\/silikon-hause-artikel\/haengen\/punto\/#breadcrumb\"},\"inLanguage\":\"de\",\"potentialAction\":[{\"@type\":\"ReadAction\",\"target\":[\"https:\/\/geelli.com\/de\/silikon-hause-artikel\/haengen\/punto\/\"]}]},{\"@type\":\"ImageObject\",\"inLanguage\":\"de\",\"@id\":\"https:\/\/geelli.com\/de\/silikon-hause-artikel\/haengen\/punto\/#primaryimage\",\"url\":\"https:\/\/geelli.com\/wp-content\/uploads\/2020\/09\/047_m2w8676_tite-scaled.jpg\",\"contentUrl\":\"https:\/\/geelli.com\/wp-content\/uploads\/2020\/09\/047_m2w8676_tite-scaled.jpg\",\"width\":1707,\"height\":2560},{\"@type\":\"BreadcrumbList\",\"@id\":\"https:\/\/geelli.com\/de\/silikon-hause-artikel\/haengen\/punto\/#breadcrumb\",\"itemListElement\":[{\"@type\":\"ListItem\",\"position\":1,\"name\":\"Home\",\"item\":\"https:\/\/geelli.com\/de\/\"},{\"@type\":\"ListItem\",\"position\":2,\"name\":\"Collezioni\",\"item\":\"https:\/\/geelli.com\/complementi-arredo-silicone\/\"},{\"@type\":\"ListItem\",\"position\":3,\"name\":\"CUCINA &amp; TAVOLA\",\"item\":\"https:\/\/geelli.com\/prodotti\/cucina-tavola\/\"},{\"@type\":\"ListItem\",\"position\":4,\"name\":\"PUNTO\"}]},{\"@type\":\"WebSite\",\"@id\":\"https:\/\/geelli.com\/#website\",\"url\":\"https:\/\/geelli.com\/\",\"name\":\"Geelli\",\"description\":\"Just another WordPress site\",\"potentialAction\":[{\"@type\":\"SearchAction\",\"target\":{\"@type\":\"EntryPoint\",\"urlTemplate\":\"https:\/\/geelli.com\/?s={search_term_string}\"},\"query-input\":{\"@type\":\"PropertyValueSpecification\",\"valueRequired\":true,\"valueName\":\"search_term_string\"}}],\"inLanguage\":\"de\"}]}<\/script>\n<!-- \/ Yoast SEO plugin. -->","yoast_head_json":{"title":"Appendino adesivo","description":"Appendino morbido e adesivo, pu\u00f2 essere posizionato all'altezza desiderata senza dover forare le piastrelle","robots":{"index":"index","follow":"follow","max-snippet":"max-snippet:-1","max-image-preview":"max-image-preview:large","max-video-preview":"max-video-preview:-1"},"canonical":"https:\/\/geelli.com\/de\/silikon-hause-artikel\/haengen\/punto\/","og_locale":"de_DE","og_type":"article","og_title":"Appendino adesivo","og_description":"Appendino morbido e adesivo, pu\u00f2 essere posizionato all'altezza desiderata senza dover forare le piastrelle","og_url":"https:\/\/geelli.com\/de\/silikon-hause-artikel\/haengen\/punto\/","og_site_name":"Geelli","article_modified_time":"2020-11-27T09:49:58+00:00","og_image":[{"width":1707,"height":2560,"url":"https:\/\/geelli.com\/wp-content\/uploads\/2020\/09\/047_m2w8676_tite-scaled.jpg","type":"image\/jpeg"}],"twitter_card":"summary_large_image","schema":{"@context":"https:\/\/schema.org","@graph":[{"@type":"WebPage","@id":"https:\/\/geelli.com\/de\/silikon-hause-artikel\/haengen\/punto\/","url":"https:\/\/geelli.com\/de\/silikon-hause-artikel\/haengen\/punto\/","name":"Appendino adesivo","isPartOf":{"@id":"https:\/\/geelli.com\/#website"},"primaryImageOfPage":{"@id":"https:\/\/geelli.com\/de\/silikon-hause-artikel\/haengen\/punto\/#primaryimage"},"image":{"@id":"https:\/\/geelli.com\/de\/silikon-hause-artikel\/haengen\/punto\/#primaryimage"},"thumbnailUrl":"https:\/\/geelli.com\/wp-content\/uploads\/2020\/09\/047_m2w8676_tite-scaled.jpg","datePublished":"2020-09-15T13:39:42+00:00","dateModified":"2020-11-27T09:49:58+00:00","description":"Appendino morbido e adesivo, pu\u00f2 essere posizionato all'altezza desiderata senza dover forare le piastrelle","breadcrumb":{"@id":"https:\/\/geelli.com\/de\/silikon-hause-artikel\/haengen\/punto\/#breadcrumb"},"inLanguage":"de","potentialAction":[{"@type":"ReadAction","target":["https:\/\/geelli.com\/de\/silikon-hause-artikel\/haengen\/punto\/"]}]},{"@type":"ImageObject","inLanguage":"de","@id":"https:\/\/geelli.com\/de\/silikon-hause-artikel\/haengen\/punto\/#primaryimage","url":"https:\/\/geelli.com\/wp-content\/uploads\/2020\/09\/047_m2w8676_tite-scaled.jpg","contentUrl":"https:\/\/geelli.com\/wp-content\/uploads\/2020\/09\/047_m2w8676_tite-scaled.jpg","width":1707,"height":2560},{"@type":"BreadcrumbList","@id":"https:\/\/geelli.com\/de\/silikon-hause-artikel\/haengen\/punto\/#breadcrumb","itemListElement":[{"@type":"ListItem","position":1,"name":"Home","item":"https:\/\/geelli.com\/de\/"},{"@type":"ListItem","position":2,"name":"Collezioni","item":"https:\/\/geelli.com\/complementi-arredo-silicone\/"},{"@type":"ListItem","position":3,"name":"CUCINA &amp; TAVOLA","item":"https:\/\/geelli.com\/prodotti\/cucina-tavola\/"},{"@type":"ListItem","position":4,"name":"PUNTO"}]},{"@type":"WebSite","@id":"https:\/\/geelli.com\/#website","url":"https:\/\/geelli.com\/","name":"Geelli","description":"Just another WordPress site","potentialAction":[{"@type":"SearchAction","target":{"@type":"EntryPoint","urlTemplate":"https:\/\/geelli.com\/?s={search_term_string}"},"query-input":{"@type":"PropertyValueSpecification","valueRequired":true,"valueName":"search_term_string"}}],"inLanguage":"de"}]}},"_links":{"self":[{"href":"https:\/\/geelli.com\/de\/wp-json\/wp\/v2\/product\/20041","targetHints":{"allow":["GET"]}}],"collection":[{"href":"https:\/\/geelli.com\/de\/wp-json\/wp\/v2\/product"}],"about":[{"href":"https:\/\/geelli.com\/de\/wp-json\/wp\/v2\/types\/product"}],"replies":[{"embeddable":true,"href":"https:\/\/geelli.com\/de\/wp-json\/wp\/v2\/comments?post=20041"}],"wp:featuredmedia":[{"embeddable":true,"href":"https:\/\/geelli.com\/de\/wp-json\/wp\/v2\/media\/20077"}],"wp:attachment":[{"href":"https:\/\/geelli.com\/de\/wp-json\/wp\/v2\/media?parent=20041"}],"wp:term":[{"taxonomy":"product_brand","embeddable":true,"href":"https:\/\/geelli.com\/de\/wp-json\/wp\/v2\/product_brand?post=20041"},{"taxonomy":"product_cat","embeddable":true,"href":"https:\/\/geelli.com\/de\/wp-json\/wp\/v2\/product_cat?post=20041"},{"taxonomy":"product_tag","embeddable":true,"href":"https:\/\/geelli.com\/de\/wp-json\/wp\/v2\/product_tag?post=20041"}],"curies":[{"name":"wp","href":"https:\/\/api.w.org\/{rel}","templated":true}]}}