{"id":21065,"date":"2020-01-28T15:33:22","date_gmt":"2020-01-28T14:33:22","guid":{"rendered":"https:https:\/\/geelli.com\/complementi-arredo-silicone\/senza%20categoria\/filo-doccia\/"},"modified":"2026-04-14T19:03:21","modified_gmt":"2026-04-14T18:03:21","slug":"filo-doccia","status":"publish","type":"product","link":"https:\/\/geelli.com\/de\/silikon-hause-artikel\/haengen\/filo-doccia\/","title":{"rendered":"FILO DOCCIA"},"content":{"rendered":"<p>Filo ist ein einzigartiges Element, das verschiedene Accessoires miteinander verbindet und Kompositionen f\u00fcr die Dusche, die Wand neben dem Waschbecken, die K\u00fcche und den Eingangsbereich erm\u00f6glicht. Die einzelnen Accessoires werden an einer Stange angebracht und k\u00f6nnen je nach pers\u00f6nlichen Bed\u00fcrfnissen in der H\u00f6he verstellt werden. Filo Dusche wird ohne Bohren direkt \u00fcber die Glaswand geh\u00e4ngt.<\/p>\n<p><!--\n<a href=\"https:\/\/geelli.com\/wp-content\/uploads\/2020\/01\/Filo-bagno-composizioni-white.jpg\" rel=\"prettyPhoto[gallery-5ToE]\"><img loading=\"lazy\" decoding=\"async\" class=\"aligncenter wp-image-31921 size-full\" style=\"width: 80%;\" src=\"https:\/\/geelli.com\/wp-content\/uploads\/2020\/01\/Filo-bagno-composizioni-white.jpg\" alt=\"\" width=\"642\" height=\"904\" srcset=\"https:\/\/geelli.com\/wp-content\/uploads\/2020\/01\/Filo-bagno-composizioni-white.jpg 642w, https:\/\/geelli.com\/wp-content\/uploads\/2020\/01\/Filo-bagno-composizioni-white-600x845.jpg 600w, https:\/\/geelli.com\/wp-content\/uploads\/2020\/01\/Filo-bagno-composizioni-white-213x300.jpg 213w\" sizes=\"auto, (max-width: 642px) 100vw, 642px\" \/><\/a>\n->>\nAsta curva in acciaio inox verniciato. L\u2019asta \u00e8 fornita con una morbida protezione per il vetro della doccia. disponibile in 3 versioni: FILO DOCCIA per cristalli fino a 8mm di spessore, FILO DOCCIA L per docce con spessore fino a 40mm e FILO DOCCIA XL per spessori fino a 52mm.\n<!--\n\n\n<p style=\"text-align: center;\"><a href=\"https:\/\/geelli.com\/wp-content\/uploads\/2020\/01\/filo-doccia-versioni.tif\"><img decoding=\"async\" class=\"alignnone size-full wp-image-31790\" src=\"https:\/\/geelli.com\/wp-content\/uploads\/2020\/01\/filo-doccia-versioni.tif\" alt=\"\" \/><\/a><a href=\"https:\/\/geelli.com\/wp-content\/uploads\/2020\/01\/filo-doccia-versioni.tif\"><img decoding=\"async\" class=\"alignnone size-full wp-image-31794\" src=\"https:\/\/geelli.com\/wp-content\/uploads\/2020\/01\/filo-doccia-versioni.tif\" alt=\"\" \/><\/a><a href=\"https:\/\/geelli.com\/wp-content\/uploads\/2020\/01\/filo-doccia-versioni-1024x340.jpg\" rel=\"prettyPhoto[gallery-5ToE]\"><img loading=\"lazy\" decoding=\"async\" class=\"aligncenter wp-image-31798 size-large\" style=\"width: 80%;\" src=\"https:\/\/geelli.com\/wp-content\/uploads\/2020\/01\/filo-doccia-versioni-1024x340.jpg\" alt=\"\" width=\"1024\" height=\"340\" srcset=\"https:\/\/geelli.com\/wp-content\/uploads\/2020\/01\/filo-doccia-versioni-1024x340.jpg 1024w, https:\/\/geelli.com\/wp-content\/uploads\/2020\/01\/filo-doccia-versioni-600x199.jpg 600w, https:\/\/geelli.com\/wp-content\/uploads\/2020\/01\/filo-doccia-versioni-300x100.jpg 300w, https:\/\/geelli.com\/wp-content\/uploads\/2020\/01\/filo-doccia-versioni.jpg 1251w\" sizes=\"auto, (max-width: 1024px) 100vw, 1024px\" \/><\/a><\/p>\n\n\n\nL'asta \u00e8 disponibile in quattro finiture: nero, sabbia, rame e oro opaco.\n--><br \/>\nDaran k\u00f6nnen nach Wunsch folgende Accessoires angebracht werden: ABLAGE, SEIFENSCHALE, SPIEGEL, HANDTUCHHALTER, SPENDER, HAKEN und DOPPELHAKEN. Die Accessoires sind in den folgenden Farben erh\u00e4ltlich: Schwarz, Taupe, Schattengrau und Sand. Mit Ausnahme des HANDTUCHHALTERS, der in den Oberfl\u00e4chen der Stange erh\u00e4ltlich ist, n\u00e4mlich Schwarz, Sand, Kupfer und Gold.<br \/>\n<!--\n<a href=\"https:\/\/geelli.com\/wp-content\/uploads\/2020\/01\/filo-accessori-3-1024x202.jpg\" rel=\"prettyPhoto[gallery-5ToE]\"><img loading=\"lazy\" decoding=\"async\" class=\"aligncenter wp-image-31804 size-large\" style=\"width: 80%;\" src=\"https:\/\/geelli.com\/wp-content\/uploads\/2020\/01\/filo-accessori-3-1024x202.jpg\" alt=\"\" width=\"1024\" height=\"202\" srcset=\"https:\/\/geelli.com\/wp-content\/uploads\/2020\/01\/filo-accessori-3-1024x202.jpg 1024w, https:\/\/geelli.com\/wp-content\/uploads\/2020\/01\/filo-accessori-3-600x119.jpg 600w, https:\/\/geelli.com\/wp-content\/uploads\/2020\/01\/filo-accessori-3-300x59.jpg 300w, https:\/\/geelli.com\/wp-content\/uploads\/2020\/01\/filo-accessori-3.jpg 1498w\" sizes=\"auto, (max-width: 1024px) 100vw, 1024px\" \/><\/a>\n--><br \/>\nFilo bietet viel Raum f\u00fcr individuelle Gestaltungsfreiheit, dank der M\u00f6glichkeit, die Elemente auf die gew\u00fcnschte H\u00f6he zu verschieben oder die Komposition je nach Bedarf zu ver\u00e4ndern.<\/p>\n<p>&nbsp;<\/p>\n","protected":false},"excerpt":{"rendered":"<p>Filo ist ein einzigartiges Element, das verschiedene Accessoires miteinander verbindet und Kompositionen f\u00fcr die Dusche, die Wand neben dem Waschbecken, die K\u00fcche und den Eingangsbereich erm\u00f6glicht. Die einzelnen Accessoires werden&#8230;<\/p>\n","protected":false},"featured_media":31990,"comment_status":"closed","ping_status":"closed","template":"","meta":{"_acf_changed":false},"product_brand":[],"product_cat":[326,343,323],"product_tag":[1342,1343,1382,1344,1383,1349,1350,1384],"class_list":{"0":"post-21065","1":"product","2":"type-product","3":"status-publish","4":"has-post-thumbnail","6":"product_cat-bad","7":"product_cat-behaelter","8":"product_cat-haengen","9":"product_tag-appendino-de","10":"product_tag-dispenser-de","11":"product_tag-doccia-de","12":"product_tag-filo-de","13":"product_tag-filo-doccia-de","14":"product_tag-portasapone-de","15":"product_tag-vaschetta-de","16":"product_tag-vetro-de","17":"pa_famiglia-prodotto-filo-de","18":"tm-has-options","20":"first","21":"instock","22":"taxable","23":"shipping-taxable","24":"purchasable","25":"product-type-variable"},"acf":[],"yoast_head":"<!-- This site is optimized with the Yoast SEO plugin v27.0 - https:\/\/yoast.com\/product\/yoast-seo-wordpress\/ -->\n<title>FILO DOCCIA - Geelli<\/title>\n<meta name=\"description\" content=\"Filo \u00e8 un elemento unico che unisce vari accessori creando delle composizioni per la doccia, per la parete accanto al lavabo, per la cucina e la zona ingresso\" \/>\n<meta name=\"robots\" content=\"index, follow, max-snippet:-1, max-image-preview:large, max-video-preview:-1\" \/>\n<link rel=\"canonical\" href=\"https:\/\/geelli.com\/de\/silikon-hause-artikel\/haengen\/filo-doccia\/\" \/>\n<meta property=\"og:locale\" content=\"de_DE\" \/>\n<meta property=\"og:type\" content=\"article\" \/>\n<meta property=\"og:title\" content=\"FILO DOCCIA - Geelli\" \/>\n<meta property=\"og:description\" content=\"Filo \u00e8 un elemento unico che unisce vari accessori creando delle composizioni per la doccia, per la parete accanto al lavabo, per la cucina e la zona ingresso\" \/>\n<meta property=\"og:url\" content=\"https:\/\/geelli.com\/de\/silikon-hause-artikel\/haengen\/filo-doccia\/\" \/>\n<meta property=\"og:site_name\" content=\"Geelli\" \/>\n<meta property=\"article:modified_time\" content=\"2026-04-14T18:03:21+00:00\" \/>\n<meta property=\"og:image\" content=\"https:\/\/geelli.com\/wp-content\/uploads\/2020\/01\/FILO-DOCCIA-3-scaled.jpg\" \/>\n\t<meta property=\"og:image:width\" content=\"1707\" \/>\n\t<meta property=\"og:image:height\" content=\"2560\" \/>\n\t<meta property=\"og:image:type\" content=\"image\/jpeg\" \/>\n<meta name=\"twitter:card\" content=\"summary_large_image\" \/>\n<meta name=\"twitter:label1\" content=\"Gesch\u00e4tzte Lesezeit\" \/>\n\t<meta name=\"twitter:data1\" content=\"1\u00a0Minute\" \/>\n<script type=\"application\/ld+json\" class=\"yoast-schema-graph\">{\"@context\":\"https:\/\/schema.org\",\"@graph\":[{\"@type\":\"WebPage\",\"@id\":\"https:\/\/geelli.com\/de\/silikon-hause-artikel\/haengen\/filo-doccia\/\",\"url\":\"https:\/\/geelli.com\/de\/silikon-hause-artikel\/haengen\/filo-doccia\/\",\"name\":\"FILO DOCCIA - Geelli\",\"isPartOf\":{\"@id\":\"https:\/\/geelli.com\/#website\"},\"primaryImageOfPage\":{\"@id\":\"https:\/\/geelli.com\/de\/silikon-hause-artikel\/haengen\/filo-doccia\/#primaryimage\"},\"image\":{\"@id\":\"https:\/\/geelli.com\/de\/silikon-hause-artikel\/haengen\/filo-doccia\/#primaryimage\"},\"thumbnailUrl\":\"https:\/\/geelli.com\/wp-content\/uploads\/2020\/01\/FILO-DOCCIA-3-scaled.jpg\",\"datePublished\":\"2020-01-28T14:33:22+00:00\",\"dateModified\":\"2026-04-14T18:03:21+00:00\",\"description\":\"Filo \u00e8 un elemento unico che unisce vari accessori creando delle composizioni per la doccia, per la parete accanto al lavabo, per la cucina e la zona ingresso\",\"breadcrumb\":{\"@id\":\"https:\/\/geelli.com\/de\/silikon-hause-artikel\/haengen\/filo-doccia\/#breadcrumb\"},\"inLanguage\":\"de\",\"potentialAction\":[{\"@type\":\"ReadAction\",\"target\":[\"https:\/\/geelli.com\/de\/silikon-hause-artikel\/haengen\/filo-doccia\/\"]}]},{\"@type\":\"ImageObject\",\"inLanguage\":\"de\",\"@id\":\"https:\/\/geelli.com\/de\/silikon-hause-artikel\/haengen\/filo-doccia\/#primaryimage\",\"url\":\"https:\/\/geelli.com\/wp-content\/uploads\/2020\/01\/FILO-DOCCIA-3-scaled.jpg\",\"contentUrl\":\"https:\/\/geelli.com\/wp-content\/uploads\/2020\/01\/FILO-DOCCIA-3-scaled.jpg\",\"width\":1707,\"height\":2560},{\"@type\":\"BreadcrumbList\",\"@id\":\"https:\/\/geelli.com\/de\/silikon-hause-artikel\/haengen\/filo-doccia\/#breadcrumb\",\"itemListElement\":[{\"@type\":\"ListItem\",\"position\":1,\"name\":\"Home\",\"item\":\"https:\/\/geelli.com\/de\/\"},{\"@type\":\"ListItem\",\"position\":2,\"name\":\"Shop\",\"item\":\"https:\/\/geelli.com\/de\/shop\/\"},{\"@type\":\"ListItem\",\"position\":3,\"name\":\"BAD\",\"item\":\"https:\/\/geelli.com\/de\/produkt\/bad\/\"},{\"@type\":\"ListItem\",\"position\":4,\"name\":\"FILO DOCCIA\"}]},{\"@type\":\"WebSite\",\"@id\":\"https:\/\/geelli.com\/#website\",\"url\":\"https:\/\/geelli.com\/\",\"name\":\"Geelli\",\"description\":\"Just another WordPress site\",\"potentialAction\":[{\"@type\":\"SearchAction\",\"target\":{\"@type\":\"EntryPoint\",\"urlTemplate\":\"https:\/\/geelli.com\/?s={search_term_string}\"},\"query-input\":{\"@type\":\"PropertyValueSpecification\",\"valueRequired\":true,\"valueName\":\"search_term_string\"}}],\"inLanguage\":\"de\"}]}<\/script>\n<!-- \/ Yoast SEO plugin. -->","yoast_head_json":{"title":"FILO DOCCIA - Geelli","description":"Filo \u00e8 un elemento unico che unisce vari accessori creando delle composizioni per la doccia, per la parete accanto al lavabo, per la cucina e la zona ingresso","robots":{"index":"index","follow":"follow","max-snippet":"max-snippet:-1","max-image-preview":"max-image-preview:large","max-video-preview":"max-video-preview:-1"},"canonical":"https:\/\/geelli.com\/de\/silikon-hause-artikel\/haengen\/filo-doccia\/","og_locale":"de_DE","og_type":"article","og_title":"FILO DOCCIA - Geelli","og_description":"Filo \u00e8 un elemento unico che unisce vari accessori creando delle composizioni per la doccia, per la parete accanto al lavabo, per la cucina e la zona ingresso","og_url":"https:\/\/geelli.com\/de\/silikon-hause-artikel\/haengen\/filo-doccia\/","og_site_name":"Geelli","article_modified_time":"2026-04-14T18:03:21+00:00","og_image":[{"width":1707,"height":2560,"url":"https:\/\/geelli.com\/wp-content\/uploads\/2020\/01\/FILO-DOCCIA-3-scaled.jpg","type":"image\/jpeg"}],"twitter_card":"summary_large_image","twitter_misc":{"Gesch\u00e4tzte Lesezeit":"1\u00a0Minute"},"schema":{"@context":"https:\/\/schema.org","@graph":[{"@type":"WebPage","@id":"https:\/\/geelli.com\/de\/silikon-hause-artikel\/haengen\/filo-doccia\/","url":"https:\/\/geelli.com\/de\/silikon-hause-artikel\/haengen\/filo-doccia\/","name":"FILO DOCCIA - Geelli","isPartOf":{"@id":"https:\/\/geelli.com\/#website"},"primaryImageOfPage":{"@id":"https:\/\/geelli.com\/de\/silikon-hause-artikel\/haengen\/filo-doccia\/#primaryimage"},"image":{"@id":"https:\/\/geelli.com\/de\/silikon-hause-artikel\/haengen\/filo-doccia\/#primaryimage"},"thumbnailUrl":"https:\/\/geelli.com\/wp-content\/uploads\/2020\/01\/FILO-DOCCIA-3-scaled.jpg","datePublished":"2020-01-28T14:33:22+00:00","dateModified":"2026-04-14T18:03:21+00:00","description":"Filo \u00e8 un elemento unico che unisce vari accessori creando delle composizioni per la doccia, per la parete accanto al lavabo, per la cucina e la zona ingresso","breadcrumb":{"@id":"https:\/\/geelli.com\/de\/silikon-hause-artikel\/haengen\/filo-doccia\/#breadcrumb"},"inLanguage":"de","potentialAction":[{"@type":"ReadAction","target":["https:\/\/geelli.com\/de\/silikon-hause-artikel\/haengen\/filo-doccia\/"]}]},{"@type":"ImageObject","inLanguage":"de","@id":"https:\/\/geelli.com\/de\/silikon-hause-artikel\/haengen\/filo-doccia\/#primaryimage","url":"https:\/\/geelli.com\/wp-content\/uploads\/2020\/01\/FILO-DOCCIA-3-scaled.jpg","contentUrl":"https:\/\/geelli.com\/wp-content\/uploads\/2020\/01\/FILO-DOCCIA-3-scaled.jpg","width":1707,"height":2560},{"@type":"BreadcrumbList","@id":"https:\/\/geelli.com\/de\/silikon-hause-artikel\/haengen\/filo-doccia\/#breadcrumb","itemListElement":[{"@type":"ListItem","position":1,"name":"Home","item":"https:\/\/geelli.com\/de\/"},{"@type":"ListItem","position":2,"name":"Shop","item":"https:\/\/geelli.com\/de\/shop\/"},{"@type":"ListItem","position":3,"name":"BAD","item":"https:\/\/geelli.com\/de\/produkt\/bad\/"},{"@type":"ListItem","position":4,"name":"FILO DOCCIA"}]},{"@type":"WebSite","@id":"https:\/\/geelli.com\/#website","url":"https:\/\/geelli.com\/","name":"Geelli","description":"Just another WordPress site","potentialAction":[{"@type":"SearchAction","target":{"@type":"EntryPoint","urlTemplate":"https:\/\/geelli.com\/?s={search_term_string}"},"query-input":{"@type":"PropertyValueSpecification","valueRequired":true,"valueName":"search_term_string"}}],"inLanguage":"de"}]}},"_links":{"self":[{"href":"https:\/\/geelli.com\/de\/wp-json\/wp\/v2\/product\/21065","targetHints":{"allow":["GET"]}}],"collection":[{"href":"https:\/\/geelli.com\/de\/wp-json\/wp\/v2\/product"}],"about":[{"href":"https:\/\/geelli.com\/de\/wp-json\/wp\/v2\/types\/product"}],"replies":[{"embeddable":true,"href":"https:\/\/geelli.com\/de\/wp-json\/wp\/v2\/comments?post=21065"}],"wp:featuredmedia":[{"embeddable":true,"href":"https:\/\/geelli.com\/de\/wp-json\/wp\/v2\/media\/31990"}],"wp:attachment":[{"href":"https:\/\/geelli.com\/de\/wp-json\/wp\/v2\/media?parent=21065"}],"wp:term":[{"taxonomy":"product_brand","embeddable":true,"href":"https:\/\/geelli.com\/de\/wp-json\/wp\/v2\/product_brand?post=21065"},{"taxonomy":"product_cat","embeddable":true,"href":"https:\/\/geelli.com\/de\/wp-json\/wp\/v2\/product_cat?post=21065"},{"taxonomy":"product_tag","embeddable":true,"href":"https:\/\/geelli.com\/de\/wp-json\/wp\/v2\/product_tag?post=21065"}],"curies":[{"name":"wp","href":"https:\/\/api.w.org\/{rel}","templated":true}]}}