{"id":25609,"date":"2021-03-16T09:58:06","date_gmt":"2021-03-16T08:58:06","guid":{"rendered":"https:https:\/\/geelli.com\/?post_type=product&#038;p=25609"},"modified":"2026-04-14T20:34:10","modified_gmt":"2026-04-14T19:34:10","slug":"filo-muro","status":"publish","type":"product","link":"https:\/\/geelli.com\/de\/silikon-hause-artikel\/bad\/filo-muro\/","title":{"rendered":"FILO MURO"},"content":{"rendered":"<p>Filo ist ein einzigartiges Element, das verschiedene Accessoires miteinander verbindet und so Kompositionen f\u00fcr die Dusche, die Wand neben dem Waschbecken, die K\u00fcche und den Eingangsbereich schafft. Die einzelnen Accessoires werden in eine Stange eingef\u00fcgt und k\u00f6nnen je nach pers\u00f6nlichen Bed\u00fcrfnissen in der H\u00f6he verstellt werden.<br \/>\n<!--\n<a href=\"https:\/\/geelli.com\/wp-content\/uploads\/2021\/03\/listino-filo-aggiornato-scaled.jpg\" rel=\"prettyPhoto[gallery-pXma]\"><img loading=\"lazy\" decoding=\"async\" class=\"size-large wp-image-41195 aligncenter\" src=\"https:\/\/geelli.com\/wp-content\/uploads\/2021\/03\/listino-filo-aggiornato-617x1024.jpg\" alt=\"\" width=\"617\" height=\"1024\" srcset=\"https:\/\/geelli.com\/wp-content\/uploads\/2021\/03\/listino-filo-aggiornato-617x1024.jpg 617w, https:\/\/geelli.com\/wp-content\/uploads\/2021\/03\/listino-filo-aggiornato-181x300.jpg 181w, https:\/\/geelli.com\/wp-content\/uploads\/2021\/03\/listino-filo-aggiornato-926x1536.jpg 926w, https:\/\/geelli.com\/wp-content\/uploads\/2021\/03\/listino-filo-aggiornato-1234x2048.jpg 1234w, https:\/\/geelli.com\/wp-content\/uploads\/2021\/03\/listino-filo-aggiornato-600x996.jpg 600w, https:\/\/geelli.com\/wp-content\/uploads\/2021\/03\/listino-filo-aggiornato-scaled.jpg 1543w\" sizes=\"auto, (max-width: 617px) 100vw, 617px\" \/><\/a>\n--><br \/>\nDie gerade Stange aus lackiertem Edelstahl ist f\u00fcr die Wandmontage mittels Schrauben (FILO WAND) oder mit einem Klebeset (FILO KLEBE) geeignet.<br \/>\n<!--\n\n\n<p style=\"text-align: center;\"><a href=\"https:\/\/geelli.com\/wp-content\/uploads\/2021\/03\/filo-dritto-composizioni-2-1024x390.jpg\" rel=\"prettyPhoto[gallery-pXma]\"><img loading=\"lazy\" decoding=\"async\" class=\"alignnone size-large wp-image-31830\" style=\"width: 80%;\" src=\"https:\/\/geelli.com\/wp-content\/uploads\/2021\/03\/filo-dritto-composizioni-2-1024x390.jpg\" alt=\"\" width=\"1024\" height=\"390\" srcset=\"https:\/\/geelli.com\/wp-content\/uploads\/2021\/03\/filo-dritto-composizioni-2-1024x390.jpg 1024w, https:\/\/geelli.com\/wp-content\/uploads\/2021\/03\/filo-dritto-composizioni-2-600x229.jpg 600w, https:\/\/geelli.com\/wp-content\/uploads\/2021\/03\/filo-dritto-composizioni-2-300x114.jpg 300w, https:\/\/geelli.com\/wp-content\/uploads\/2021\/03\/filo-dritto-composizioni-2.jpg 1243w\" sizes=\"auto, (max-width: 1024px) 100vw, 1024px\" \/><\/a><\/p>\n\n\nL\u2019asta \u00e8 disponibile in cinque finiture: nero, sabbia, rame, oro opaco e bianco.\n--><br \/>\nDarauf k\u00f6nnen folgende Accessoires nach Wunsch montiert werden: ABLAGE, SEIFENHALTER, SPIEGEL, HANDTUCHHALTER, SPENDER, HAKEN, ZEITSCHRIFTENHALTER, DOPPELHAKEN, TOILETTENPAPIERHALTER, RUNDE WC-B\u00dcRSTENHALTER-BASIS und QUADRATISCHE WC-B\u00dcRSTENHALTER-BASIS. Die Accessoires sind in folgenden Farben erh\u00e4ltlich: Schwarz, Taupe, Schatten-Grau, Sand und Wei\u00df. Mit Ausnahme des HANDTUCHHALTERS, der in den Ausf\u00fchrungen der Stange erh\u00e4ltlich ist, n\u00e4mlich Schwarz, Sand, Kupfer, Gold und Wei\u00df.<\/p>\n<p>&nbsp;<\/p>\n<p>Die vorgeschlagenen Kompositionen wurden f\u00fcr viele Bereiche des Hauses entwickelt (K\u00fcche, Bad, Eingangsbereich, Schlafzimmer), dank der Vielseitigkeit der Elemente. Im Eingangsbereich oder in der K\u00fcche ist Filo ideal, um Gegenst\u00e4nde aufzuh\u00e4ngen, zu verstauen und griffbereit zu halten. Filo bietet gro\u00dfe Freiheit bei der individuellen Gestaltung, da die Elemente in der gew\u00fcnschten H\u00f6he positioniert oder je nach Bedarf neu angeordnet werden k\u00f6nnen.<\/p>\n","protected":false},"excerpt":{"rendered":"<p>Filo ist ein einzigartiges Element, das verschiedene Accessoires miteinander verbindet und so Kompositionen f\u00fcr die Dusche, die Wand neben dem Waschbecken, die K\u00fcche und den Eingangsbereich schafft. Die einzelnen Accessoires&#8230;<\/p>\n","protected":false},"featured_media":23370,"comment_status":"closed","ping_status":"closed","template":"","meta":{"_acf_changed":false},"product_brand":[],"product_cat":[326,343],"product_tag":[1342,1343,1382,1344,1383,1349,1350,1384],"class_list":{"0":"post-25609","1":"product","2":"type-product","3":"status-publish","4":"has-post-thumbnail","6":"product_cat-bad","7":"product_cat-behaelter","8":"product_tag-appendino-de","9":"product_tag-dispenser-de","10":"product_tag-doccia-de","11":"product_tag-filo-de","12":"product_tag-filo-doccia-de","13":"product_tag-portasapone-de","14":"product_tag-vaschetta-de","15":"product_tag-vetro-de","16":"pa_famiglia-prodotto-filo-de","17":"tm-has-options","19":"first","20":"instock","21":"taxable","22":"shipping-taxable","23":"purchasable","24":"product-type-variable"},"acf":[],"yoast_head":"<!-- This site is optimized with the Yoast SEO plugin v27.0 - https:\/\/yoast.com\/product\/yoast-seo-wordpress\/ -->\n<title>FILO MURO - Geelli<\/title>\n<meta name=\"description\" content=\"Filo \u00e8 un elemento unico che unisce vari accessori creando delle composizioni per la doccia, per la parete accanto al lavabo, per la cucina e la zona ingresso\" \/>\n<meta name=\"robots\" content=\"index, follow, max-snippet:-1, max-image-preview:large, max-video-preview:-1\" \/>\n<link rel=\"canonical\" href=\"https:\/\/geelli.com\/de\/silikon-hause-artikel\/bad\/filo-muro\/\" \/>\n<meta property=\"og:locale\" content=\"de_DE\" \/>\n<meta property=\"og:type\" content=\"article\" \/>\n<meta property=\"og:title\" content=\"FILO MURO - Geelli\" \/>\n<meta property=\"og:description\" content=\"Filo \u00e8 un elemento unico che unisce vari accessori creando delle composizioni per la doccia, per la parete accanto al lavabo, per la cucina e la zona ingresso\" \/>\n<meta property=\"og:url\" content=\"https:\/\/geelli.com\/de\/silikon-hause-artikel\/bad\/filo-muro\/\" \/>\n<meta property=\"og:site_name\" content=\"Geelli\" \/>\n<meta property=\"article:modified_time\" content=\"2026-04-14T19:34:10+00:00\" \/>\n<meta property=\"og:image\" content=\"https:\/\/geelli.com\/wp-content\/uploads\/2020\/01\/FILO-MURO-2.jpg\" \/>\n\t<meta property=\"og:image:width\" content=\"1614\" \/>\n\t<meta property=\"og:image:height\" content=\"1166\" \/>\n\t<meta property=\"og:image:type\" content=\"image\/jpeg\" \/>\n<meta name=\"twitter:card\" content=\"summary_large_image\" \/>\n<meta name=\"twitter:label1\" content=\"Gesch\u00e4tzte Lesezeit\" \/>\n\t<meta name=\"twitter:data1\" content=\"2\u00a0Minuten\" \/>\n<script type=\"application\/ld+json\" class=\"yoast-schema-graph\">{\"@context\":\"https:\/\/schema.org\",\"@graph\":[{\"@type\":\"WebPage\",\"@id\":\"https:\/\/geelli.com\/de\/silikon-hause-artikel\/bad\/filo-muro\/\",\"url\":\"https:\/\/geelli.com\/de\/silikon-hause-artikel\/bad\/filo-muro\/\",\"name\":\"FILO MURO - Geelli\",\"isPartOf\":{\"@id\":\"https:\/\/geelli.com\/#website\"},\"primaryImageOfPage\":{\"@id\":\"https:\/\/geelli.com\/de\/silikon-hause-artikel\/bad\/filo-muro\/#primaryimage\"},\"image\":{\"@id\":\"https:\/\/geelli.com\/de\/silikon-hause-artikel\/bad\/filo-muro\/#primaryimage\"},\"thumbnailUrl\":\"https:\/\/geelli.com\/wp-content\/uploads\/2020\/01\/FILO-MURO-2.jpg\",\"datePublished\":\"2021-03-16T08:58:06+00:00\",\"dateModified\":\"2026-04-14T19:34:10+00:00\",\"description\":\"Filo \u00e8 un elemento unico che unisce vari accessori creando delle composizioni per la doccia, per la parete accanto al lavabo, per la cucina e la zona ingresso\",\"breadcrumb\":{\"@id\":\"https:\/\/geelli.com\/de\/silikon-hause-artikel\/bad\/filo-muro\/#breadcrumb\"},\"inLanguage\":\"de\",\"potentialAction\":[{\"@type\":\"ReadAction\",\"target\":[\"https:\/\/geelli.com\/de\/silikon-hause-artikel\/bad\/filo-muro\/\"]}]},{\"@type\":\"ImageObject\",\"inLanguage\":\"de\",\"@id\":\"https:\/\/geelli.com\/de\/silikon-hause-artikel\/bad\/filo-muro\/#primaryimage\",\"url\":\"https:\/\/geelli.com\/wp-content\/uploads\/2020\/01\/FILO-MURO-2.jpg\",\"contentUrl\":\"https:\/\/geelli.com\/wp-content\/uploads\/2020\/01\/FILO-MURO-2.jpg\",\"width\":1614,\"height\":1166},{\"@type\":\"BreadcrumbList\",\"@id\":\"https:\/\/geelli.com\/de\/silikon-hause-artikel\/bad\/filo-muro\/#breadcrumb\",\"itemListElement\":[{\"@type\":\"ListItem\",\"position\":1,\"name\":\"Home\",\"item\":\"https:\/\/geelli.com\/de\/\"},{\"@type\":\"ListItem\",\"position\":2,\"name\":\"Shop\",\"item\":\"https:\/\/geelli.com\/de\/shop\/\"},{\"@type\":\"ListItem\",\"position\":3,\"name\":\"BAD\",\"item\":\"https:\/\/geelli.com\/de\/produkt\/bad\/\"},{\"@type\":\"ListItem\",\"position\":4,\"name\":\"FILO MURO\"}]},{\"@type\":\"WebSite\",\"@id\":\"https:\/\/geelli.com\/#website\",\"url\":\"https:\/\/geelli.com\/\",\"name\":\"Geelli\",\"description\":\"Just another WordPress site\",\"potentialAction\":[{\"@type\":\"SearchAction\",\"target\":{\"@type\":\"EntryPoint\",\"urlTemplate\":\"https:\/\/geelli.com\/?s={search_term_string}\"},\"query-input\":{\"@type\":\"PropertyValueSpecification\",\"valueRequired\":true,\"valueName\":\"search_term_string\"}}],\"inLanguage\":\"de\"}]}<\/script>\n<!-- \/ Yoast SEO plugin. -->","yoast_head_json":{"title":"FILO MURO - Geelli","description":"Filo \u00e8 un elemento unico che unisce vari accessori creando delle composizioni per la doccia, per la parete accanto al lavabo, per la cucina e la zona ingresso","robots":{"index":"index","follow":"follow","max-snippet":"max-snippet:-1","max-image-preview":"max-image-preview:large","max-video-preview":"max-video-preview:-1"},"canonical":"https:\/\/geelli.com\/de\/silikon-hause-artikel\/bad\/filo-muro\/","og_locale":"de_DE","og_type":"article","og_title":"FILO MURO - Geelli","og_description":"Filo \u00e8 un elemento unico che unisce vari accessori creando delle composizioni per la doccia, per la parete accanto al lavabo, per la cucina e la zona ingresso","og_url":"https:\/\/geelli.com\/de\/silikon-hause-artikel\/bad\/filo-muro\/","og_site_name":"Geelli","article_modified_time":"2026-04-14T19:34:10+00:00","og_image":[{"width":1614,"height":1166,"url":"https:\/\/geelli.com\/wp-content\/uploads\/2020\/01\/FILO-MURO-2.jpg","type":"image\/jpeg"}],"twitter_card":"summary_large_image","twitter_misc":{"Gesch\u00e4tzte Lesezeit":"2\u00a0Minuten"},"schema":{"@context":"https:\/\/schema.org","@graph":[{"@type":"WebPage","@id":"https:\/\/geelli.com\/de\/silikon-hause-artikel\/bad\/filo-muro\/","url":"https:\/\/geelli.com\/de\/silikon-hause-artikel\/bad\/filo-muro\/","name":"FILO MURO - Geelli","isPartOf":{"@id":"https:\/\/geelli.com\/#website"},"primaryImageOfPage":{"@id":"https:\/\/geelli.com\/de\/silikon-hause-artikel\/bad\/filo-muro\/#primaryimage"},"image":{"@id":"https:\/\/geelli.com\/de\/silikon-hause-artikel\/bad\/filo-muro\/#primaryimage"},"thumbnailUrl":"https:\/\/geelli.com\/wp-content\/uploads\/2020\/01\/FILO-MURO-2.jpg","datePublished":"2021-03-16T08:58:06+00:00","dateModified":"2026-04-14T19:34:10+00:00","description":"Filo \u00e8 un elemento unico che unisce vari accessori creando delle composizioni per la doccia, per la parete accanto al lavabo, per la cucina e la zona ingresso","breadcrumb":{"@id":"https:\/\/geelli.com\/de\/silikon-hause-artikel\/bad\/filo-muro\/#breadcrumb"},"inLanguage":"de","potentialAction":[{"@type":"ReadAction","target":["https:\/\/geelli.com\/de\/silikon-hause-artikel\/bad\/filo-muro\/"]}]},{"@type":"ImageObject","inLanguage":"de","@id":"https:\/\/geelli.com\/de\/silikon-hause-artikel\/bad\/filo-muro\/#primaryimage","url":"https:\/\/geelli.com\/wp-content\/uploads\/2020\/01\/FILO-MURO-2.jpg","contentUrl":"https:\/\/geelli.com\/wp-content\/uploads\/2020\/01\/FILO-MURO-2.jpg","width":1614,"height":1166},{"@type":"BreadcrumbList","@id":"https:\/\/geelli.com\/de\/silikon-hause-artikel\/bad\/filo-muro\/#breadcrumb","itemListElement":[{"@type":"ListItem","position":1,"name":"Home","item":"https:\/\/geelli.com\/de\/"},{"@type":"ListItem","position":2,"name":"Shop","item":"https:\/\/geelli.com\/de\/shop\/"},{"@type":"ListItem","position":3,"name":"BAD","item":"https:\/\/geelli.com\/de\/produkt\/bad\/"},{"@type":"ListItem","position":4,"name":"FILO MURO"}]},{"@type":"WebSite","@id":"https:\/\/geelli.com\/#website","url":"https:\/\/geelli.com\/","name":"Geelli","description":"Just another WordPress site","potentialAction":[{"@type":"SearchAction","target":{"@type":"EntryPoint","urlTemplate":"https:\/\/geelli.com\/?s={search_term_string}"},"query-input":{"@type":"PropertyValueSpecification","valueRequired":true,"valueName":"search_term_string"}}],"inLanguage":"de"}]}},"_links":{"self":[{"href":"https:\/\/geelli.com\/de\/wp-json\/wp\/v2\/product\/25609","targetHints":{"allow":["GET"]}}],"collection":[{"href":"https:\/\/geelli.com\/de\/wp-json\/wp\/v2\/product"}],"about":[{"href":"https:\/\/geelli.com\/de\/wp-json\/wp\/v2\/types\/product"}],"replies":[{"embeddable":true,"href":"https:\/\/geelli.com\/de\/wp-json\/wp\/v2\/comments?post=25609"}],"wp:featuredmedia":[{"embeddable":true,"href":"https:\/\/geelli.com\/de\/wp-json\/wp\/v2\/media\/23370"}],"wp:attachment":[{"href":"https:\/\/geelli.com\/de\/wp-json\/wp\/v2\/media?parent=25609"}],"wp:term":[{"taxonomy":"product_brand","embeddable":true,"href":"https:\/\/geelli.com\/de\/wp-json\/wp\/v2\/product_brand?post=25609"},{"taxonomy":"product_cat","embeddable":true,"href":"https:\/\/geelli.com\/de\/wp-json\/wp\/v2\/product_cat?post=25609"},{"taxonomy":"product_tag","embeddable":true,"href":"https:\/\/geelli.com\/de\/wp-json\/wp\/v2\/product_tag?post=25609"}],"curies":[{"name":"wp","href":"https:\/\/api.w.org\/{rel}","templated":true}]}}