{"id":46040,"date":"2026-03-24T19:44:22","date_gmt":"2026-03-24T18:44:22","guid":{"rendered":"https:\/\/geelli.com\/?post_type=product&#038;p=46040"},"modified":"2026-03-30T11:46:33","modified_gmt":"2026-03-30T10:46:33","slug":"nachfuellpackung","status":"publish","type":"product","link":"https:\/\/geelli.com\/de\/silikon-hause-artikel\/ersatzteile\/nachfuellpackung\/","title":{"rendered":"Nachf\u00fcllpackung"},"content":{"rendered":"<p>Nachf\u00fcllpackung f\u00fcr Sof\u00ec (W\u00fcrfelbox, 100 Taschent\u00fccher, 2-lagig).<\/p>\n","protected":false},"excerpt":{"rendered":"<p>Nachf\u00fcllpackung f\u00fcr Sof\u00ec (W\u00fcrfelbox, 100 Taschent\u00fccher, 2-lagig).<\/p>\n","protected":false},"featured_media":45997,"comment_status":"closed","ping_status":"closed","template":"","meta":{"_acf_changed":false},"product_brand":[],"product_cat":[2098],"product_tag":[],"class_list":{"0":"post-46040","1":"product","2":"type-product","3":"status-publish","4":"has-post-thumbnail","6":"product_cat-ersatzteile","7":"tm-no-options","9":"first","10":"instock","11":"taxable","12":"shipping-taxable","13":"purchasable","14":"product-type-simple"},"acf":[],"yoast_head":"<!-- This site is optimized with the Yoast SEO plugin v27.0 - https:\/\/yoast.com\/product\/yoast-seo-wordpress\/ -->\n<title>Nachf\u00fcllpackung - Geelli<\/title>\n<meta name=\"description\" content=\"Nachf\u00fcllpackung f\u00fcr Sof\u00ec (W\u00fcrfelbox, 100 Taschent\u00fccher, 2-lagig).\" \/>\n<meta name=\"robots\" content=\"index, follow, max-snippet:-1, max-image-preview:large, max-video-preview:-1\" \/>\n<link rel=\"canonical\" href=\"https:\/\/geelli.com\/de\/silikon-hause-artikel\/ersatzteile\/nachfuellpackung\/\" \/>\n<meta property=\"og:locale\" content=\"de_DE\" \/>\n<meta property=\"og:type\" content=\"article\" \/>\n<meta property=\"og:title\" content=\"Nachf\u00fcllpackung - Geelli\" \/>\n<meta property=\"og:description\" content=\"Nachf\u00fcllpackung f\u00fcr Sof\u00ec (W\u00fcrfelbox, 100 Taschent\u00fccher, 2-lagig).\" \/>\n<meta property=\"og:url\" content=\"https:\/\/geelli.com\/de\/silikon-hause-artikel\/ersatzteile\/nachfuellpackung\/\" \/>\n<meta property=\"og:site_name\" content=\"Geelli\" \/>\n<meta property=\"article:modified_time\" content=\"2026-03-30T10:46:33+00:00\" \/>\n<meta property=\"og:image\" content=\"https:\/\/geelli.com\/wp-content\/uploads\/2026\/03\/Ricarica-Veline.webp\" \/>\n\t<meta property=\"og:image:width\" content=\"840\" \/>\n\t<meta property=\"og:image:height\" content=\"630\" \/>\n\t<meta property=\"og:image:type\" content=\"image\/webp\" \/>\n<meta name=\"twitter:card\" content=\"summary_large_image\" \/>\n<meta name=\"twitter:label1\" content=\"Gesch\u00e4tzte Lesezeit\" \/>\n\t<meta name=\"twitter:data1\" content=\"1\u00a0Minute\" \/>\n<script type=\"application\/ld+json\" class=\"yoast-schema-graph\">{\"@context\":\"https:\/\/schema.org\",\"@graph\":[{\"@type\":\"WebPage\",\"@id\":\"https:\/\/geelli.com\/de\/silikon-hause-artikel\/ersatzteile\/nachfuellpackung\/\",\"url\":\"https:\/\/geelli.com\/de\/silikon-hause-artikel\/ersatzteile\/nachfuellpackung\/\",\"name\":\"Nachf\u00fcllpackung - Geelli\",\"isPartOf\":{\"@id\":\"https:\/\/geelli.com\/#website\"},\"primaryImageOfPage\":{\"@id\":\"https:\/\/geelli.com\/de\/silikon-hause-artikel\/ersatzteile\/nachfuellpackung\/#primaryimage\"},\"image\":{\"@id\":\"https:\/\/geelli.com\/de\/silikon-hause-artikel\/ersatzteile\/nachfuellpackung\/#primaryimage\"},\"thumbnailUrl\":\"https:\/\/geelli.com\/wp-content\/uploads\/2026\/03\/Ricarica-Veline.webp\",\"datePublished\":\"2026-03-24T18:44:22+00:00\",\"dateModified\":\"2026-03-30T10:46:33+00:00\",\"description\":\"Nachf\u00fcllpackung f\u00fcr Sof\u00ec (W\u00fcrfelbox, 100 Taschent\u00fccher, 2-lagig).\",\"breadcrumb\":{\"@id\":\"https:\/\/geelli.com\/de\/silikon-hause-artikel\/ersatzteile\/nachfuellpackung\/#breadcrumb\"},\"inLanguage\":\"de\",\"potentialAction\":[{\"@type\":\"ReadAction\",\"target\":[\"https:\/\/geelli.com\/de\/silikon-hause-artikel\/ersatzteile\/nachfuellpackung\/\"]}]},{\"@type\":\"ImageObject\",\"inLanguage\":\"de\",\"@id\":\"https:\/\/geelli.com\/de\/silikon-hause-artikel\/ersatzteile\/nachfuellpackung\/#primaryimage\",\"url\":\"https:\/\/geelli.com\/wp-content\/uploads\/2026\/03\/Ricarica-Veline.webp\",\"contentUrl\":\"https:\/\/geelli.com\/wp-content\/uploads\/2026\/03\/Ricarica-Veline.webp\",\"width\":840,\"height\":630},{\"@type\":\"BreadcrumbList\",\"@id\":\"https:\/\/geelli.com\/de\/silikon-hause-artikel\/ersatzteile\/nachfuellpackung\/#breadcrumb\",\"itemListElement\":[{\"@type\":\"ListItem\",\"position\":1,\"name\":\"Home\",\"item\":\"https:\/\/geelli.com\/de\/\"},{\"@type\":\"ListItem\",\"position\":2,\"name\":\"Shop\",\"item\":\"https:\/\/geelli.com\/de\/shop\/\"},{\"@type\":\"ListItem\",\"position\":3,\"name\":\"ERSATZTEILE\",\"item\":\"https:\/\/geelli.com\/de\/produkt\/ersatzteile\/\"},{\"@type\":\"ListItem\",\"position\":4,\"name\":\"Nachf\u00fcllpackung\"}]},{\"@type\":\"WebSite\",\"@id\":\"https:\/\/geelli.com\/#website\",\"url\":\"https:\/\/geelli.com\/\",\"name\":\"Geelli\",\"description\":\"Just another WordPress site\",\"potentialAction\":[{\"@type\":\"SearchAction\",\"target\":{\"@type\":\"EntryPoint\",\"urlTemplate\":\"https:\/\/geelli.com\/?s={search_term_string}\"},\"query-input\":{\"@type\":\"PropertyValueSpecification\",\"valueRequired\":true,\"valueName\":\"search_term_string\"}}],\"inLanguage\":\"de\"}]}<\/script>\n<!-- \/ Yoast SEO plugin. -->","yoast_head_json":{"title":"Nachf\u00fcllpackung - Geelli","description":"Nachf\u00fcllpackung f\u00fcr Sof\u00ec (W\u00fcrfelbox, 100 Taschent\u00fccher, 2-lagig).","robots":{"index":"index","follow":"follow","max-snippet":"max-snippet:-1","max-image-preview":"max-image-preview:large","max-video-preview":"max-video-preview:-1"},"canonical":"https:\/\/geelli.com\/de\/silikon-hause-artikel\/ersatzteile\/nachfuellpackung\/","og_locale":"de_DE","og_type":"article","og_title":"Nachf\u00fcllpackung - Geelli","og_description":"Nachf\u00fcllpackung f\u00fcr Sof\u00ec (W\u00fcrfelbox, 100 Taschent\u00fccher, 2-lagig).","og_url":"https:\/\/geelli.com\/de\/silikon-hause-artikel\/ersatzteile\/nachfuellpackung\/","og_site_name":"Geelli","article_modified_time":"2026-03-30T10:46:33+00:00","og_image":[{"width":840,"height":630,"url":"https:\/\/geelli.com\/wp-content\/uploads\/2026\/03\/Ricarica-Veline.webp","type":"image\/webp"}],"twitter_card":"summary_large_image","twitter_misc":{"Gesch\u00e4tzte Lesezeit":"1\u00a0Minute"},"schema":{"@context":"https:\/\/schema.org","@graph":[{"@type":"WebPage","@id":"https:\/\/geelli.com\/de\/silikon-hause-artikel\/ersatzteile\/nachfuellpackung\/","url":"https:\/\/geelli.com\/de\/silikon-hause-artikel\/ersatzteile\/nachfuellpackung\/","name":"Nachf\u00fcllpackung - Geelli","isPartOf":{"@id":"https:\/\/geelli.com\/#website"},"primaryImageOfPage":{"@id":"https:\/\/geelli.com\/de\/silikon-hause-artikel\/ersatzteile\/nachfuellpackung\/#primaryimage"},"image":{"@id":"https:\/\/geelli.com\/de\/silikon-hause-artikel\/ersatzteile\/nachfuellpackung\/#primaryimage"},"thumbnailUrl":"https:\/\/geelli.com\/wp-content\/uploads\/2026\/03\/Ricarica-Veline.webp","datePublished":"2026-03-24T18:44:22+00:00","dateModified":"2026-03-30T10:46:33+00:00","description":"Nachf\u00fcllpackung f\u00fcr Sof\u00ec (W\u00fcrfelbox, 100 Taschent\u00fccher, 2-lagig).","breadcrumb":{"@id":"https:\/\/geelli.com\/de\/silikon-hause-artikel\/ersatzteile\/nachfuellpackung\/#breadcrumb"},"inLanguage":"de","potentialAction":[{"@type":"ReadAction","target":["https:\/\/geelli.com\/de\/silikon-hause-artikel\/ersatzteile\/nachfuellpackung\/"]}]},{"@type":"ImageObject","inLanguage":"de","@id":"https:\/\/geelli.com\/de\/silikon-hause-artikel\/ersatzteile\/nachfuellpackung\/#primaryimage","url":"https:\/\/geelli.com\/wp-content\/uploads\/2026\/03\/Ricarica-Veline.webp","contentUrl":"https:\/\/geelli.com\/wp-content\/uploads\/2026\/03\/Ricarica-Veline.webp","width":840,"height":630},{"@type":"BreadcrumbList","@id":"https:\/\/geelli.com\/de\/silikon-hause-artikel\/ersatzteile\/nachfuellpackung\/#breadcrumb","itemListElement":[{"@type":"ListItem","position":1,"name":"Home","item":"https:\/\/geelli.com\/de\/"},{"@type":"ListItem","position":2,"name":"Shop","item":"https:\/\/geelli.com\/de\/shop\/"},{"@type":"ListItem","position":3,"name":"ERSATZTEILE","item":"https:\/\/geelli.com\/de\/produkt\/ersatzteile\/"},{"@type":"ListItem","position":4,"name":"Nachf\u00fcllpackung"}]},{"@type":"WebSite","@id":"https:\/\/geelli.com\/#website","url":"https:\/\/geelli.com\/","name":"Geelli","description":"Just another WordPress site","potentialAction":[{"@type":"SearchAction","target":{"@type":"EntryPoint","urlTemplate":"https:\/\/geelli.com\/?s={search_term_string}"},"query-input":{"@type":"PropertyValueSpecification","valueRequired":true,"valueName":"search_term_string"}}],"inLanguage":"de"}]}},"_links":{"self":[{"href":"https:\/\/geelli.com\/de\/wp-json\/wp\/v2\/product\/46040","targetHints":{"allow":["GET"]}}],"collection":[{"href":"https:\/\/geelli.com\/de\/wp-json\/wp\/v2\/product"}],"about":[{"href":"https:\/\/geelli.com\/de\/wp-json\/wp\/v2\/types\/product"}],"replies":[{"embeddable":true,"href":"https:\/\/geelli.com\/de\/wp-json\/wp\/v2\/comments?post=46040"}],"wp:featuredmedia":[{"embeddable":true,"href":"https:\/\/geelli.com\/de\/wp-json\/wp\/v2\/media\/45997"}],"wp:attachment":[{"href":"https:\/\/geelli.com\/de\/wp-json\/wp\/v2\/media?parent=46040"}],"wp:term":[{"taxonomy":"product_brand","embeddable":true,"href":"https:\/\/geelli.com\/de\/wp-json\/wp\/v2\/product_brand?post=46040"},{"taxonomy":"product_cat","embeddable":true,"href":"https:\/\/geelli.com\/de\/wp-json\/wp\/v2\/product_cat?post=46040"},{"taxonomy":"product_tag","embeddable":true,"href":"https:\/\/geelli.com\/de\/wp-json\/wp\/v2\/product_tag?post=46040"}],"curies":[{"name":"wp","href":"https:\/\/api.w.org\/{rel}","templated":true}]}}