{"id":46046,"date":"2026-03-24T19:32:18","date_gmt":"2026-03-24T18:32:18","guid":{"rendered":"https:\/\/geelli.com\/?post_type=product&#038;p=46046"},"modified":"2026-03-30T12:00:32","modified_gmt":"2026-03-30T11:00:32","slug":"tind02000","status":"publish","type":"product","link":"https:\/\/geelli.com\/de\/silikon-hause-artikel\/ersatzteile\/tind02000\/","title":{"rendered":"TIND02000"},"content":{"rendered":"<p>Matt schwarzer Spender mit Strohhalm f\u00fcr die Dispenser der Serien Ivasi, Grace und Bolle (bitte angeben, f\u00fcr welchen Spender der Ersatz ben\u00f6tigt wird).<\/p>\n","protected":false},"excerpt":{"rendered":"<p>Matt schwarzer Spender mit Strohhalm f\u00fcr die Dispenser der Serien Ivasi, Grace und Bolle (bitte angeben, f\u00fcr welchen Spender der Ersatz ben\u00f6tigt wird).<\/p>\n","protected":false},"featured_media":45986,"comment_status":"closed","ping_status":"closed","template":"","meta":{"_acf_changed":false},"product_brand":[],"product_cat":[2098],"product_tag":[],"class_list":{"0":"post-46046","1":"product","2":"type-product","3":"status-publish","4":"has-post-thumbnail","6":"product_cat-ersatzteile","7":"tm-no-options","9":"first","10":"instock","11":"taxable","12":"shipping-taxable","13":"purchasable","14":"product-type-simple"},"acf":[],"yoast_head":"<!-- This site is optimized with the Yoast SEO plugin v27.0 - https:\/\/yoast.com\/product\/yoast-seo-wordpress\/ -->\n<title>TIND02000 - Geelli<\/title>\n<meta name=\"description\" content=\"Matt schwarzer Spender mit Strohhalm f\u00fcr die Dispenser der Serien Ivasi, Grace und Bolle (bitte angeben, f\u00fcr welchen Spender der Ersatz ben\u00f6tigt wird).\" \/>\n<meta name=\"robots\" content=\"index, follow, max-snippet:-1, max-image-preview:large, max-video-preview:-1\" \/>\n<link rel=\"canonical\" href=\"https:\/\/geelli.com\/de\/silikon-hause-artikel\/ersatzteile\/tind02000\/\" \/>\n<meta property=\"og:locale\" content=\"de_DE\" \/>\n<meta property=\"og:type\" content=\"article\" \/>\n<meta property=\"og:title\" content=\"TIND02000 - Geelli\" \/>\n<meta property=\"og:description\" content=\"Matt schwarzer Spender mit Strohhalm f\u00fcr die Dispenser der Serien Ivasi, Grace und Bolle (bitte angeben, f\u00fcr welchen Spender der Ersatz ben\u00f6tigt wird).\" \/>\n<meta property=\"og:url\" content=\"https:\/\/geelli.com\/de\/silikon-hause-artikel\/ersatzteile\/tind02000\/\" \/>\n<meta property=\"og:site_name\" content=\"Geelli\" \/>\n<meta property=\"article:modified_time\" content=\"2026-03-30T11:00:32+00:00\" \/>\n<meta property=\"og:image\" content=\"https:\/\/geelli.com\/wp-content\/uploads\/2026\/03\/TIND02000.webp\" \/>\n\t<meta property=\"og:image:width\" content=\"840\" \/>\n\t<meta property=\"og:image:height\" content=\"631\" \/>\n\t<meta property=\"og:image:type\" content=\"image\/webp\" \/>\n<meta name=\"twitter:card\" content=\"summary_large_image\" \/>\n<meta name=\"twitter:label1\" content=\"Gesch\u00e4tzte Lesezeit\" \/>\n\t<meta name=\"twitter:data1\" content=\"1\u00a0Minute\" \/>\n<script type=\"application\/ld+json\" class=\"yoast-schema-graph\">{\"@context\":\"https:\/\/schema.org\",\"@graph\":[{\"@type\":\"WebPage\",\"@id\":\"https:\/\/geelli.com\/de\/silikon-hause-artikel\/ersatzteile\/tind02000\/\",\"url\":\"https:\/\/geelli.com\/de\/silikon-hause-artikel\/ersatzteile\/tind02000\/\",\"name\":\"TIND02000 - Geelli\",\"isPartOf\":{\"@id\":\"https:\/\/geelli.com\/#website\"},\"primaryImageOfPage\":{\"@id\":\"https:\/\/geelli.com\/de\/silikon-hause-artikel\/ersatzteile\/tind02000\/#primaryimage\"},\"image\":{\"@id\":\"https:\/\/geelli.com\/de\/silikon-hause-artikel\/ersatzteile\/tind02000\/#primaryimage\"},\"thumbnailUrl\":\"https:\/\/geelli.com\/wp-content\/uploads\/2026\/03\/TIND02000.webp\",\"datePublished\":\"2026-03-24T18:32:18+00:00\",\"dateModified\":\"2026-03-30T11:00:32+00:00\",\"description\":\"Matt schwarzer Spender mit Strohhalm f\u00fcr die Dispenser der Serien Ivasi, Grace und Bolle (bitte angeben, f\u00fcr welchen Spender der Ersatz ben\u00f6tigt wird).\",\"breadcrumb\":{\"@id\":\"https:\/\/geelli.com\/de\/silikon-hause-artikel\/ersatzteile\/tind02000\/#breadcrumb\"},\"inLanguage\":\"de\",\"potentialAction\":[{\"@type\":\"ReadAction\",\"target\":[\"https:\/\/geelli.com\/de\/silikon-hause-artikel\/ersatzteile\/tind02000\/\"]}]},{\"@type\":\"ImageObject\",\"inLanguage\":\"de\",\"@id\":\"https:\/\/geelli.com\/de\/silikon-hause-artikel\/ersatzteile\/tind02000\/#primaryimage\",\"url\":\"https:\/\/geelli.com\/wp-content\/uploads\/2026\/03\/TIND02000.webp\",\"contentUrl\":\"https:\/\/geelli.com\/wp-content\/uploads\/2026\/03\/TIND02000.webp\",\"width\":840,\"height\":631},{\"@type\":\"BreadcrumbList\",\"@id\":\"https:\/\/geelli.com\/de\/silikon-hause-artikel\/ersatzteile\/tind02000\/#breadcrumb\",\"itemListElement\":[{\"@type\":\"ListItem\",\"position\":1,\"name\":\"Home\",\"item\":\"https:\/\/geelli.com\/de\/\"},{\"@type\":\"ListItem\",\"position\":2,\"name\":\"Shop\",\"item\":\"https:\/\/geelli.com\/de\/shop\/\"},{\"@type\":\"ListItem\",\"position\":3,\"name\":\"ERSATZTEILE\",\"item\":\"https:\/\/geelli.com\/de\/produkt\/ersatzteile\/\"},{\"@type\":\"ListItem\",\"position\":4,\"name\":\"TIND02000\"}]},{\"@type\":\"WebSite\",\"@id\":\"https:\/\/geelli.com\/#website\",\"url\":\"https:\/\/geelli.com\/\",\"name\":\"Geelli\",\"description\":\"Just another WordPress site\",\"potentialAction\":[{\"@type\":\"SearchAction\",\"target\":{\"@type\":\"EntryPoint\",\"urlTemplate\":\"https:\/\/geelli.com\/?s={search_term_string}\"},\"query-input\":{\"@type\":\"PropertyValueSpecification\",\"valueRequired\":true,\"valueName\":\"search_term_string\"}}],\"inLanguage\":\"de\"}]}<\/script>\n<!-- \/ Yoast SEO plugin. -->","yoast_head_json":{"title":"TIND02000 - Geelli","description":"Matt schwarzer Spender mit Strohhalm f\u00fcr die Dispenser der Serien Ivasi, Grace und Bolle (bitte angeben, f\u00fcr welchen Spender der Ersatz ben\u00f6tigt wird).","robots":{"index":"index","follow":"follow","max-snippet":"max-snippet:-1","max-image-preview":"max-image-preview:large","max-video-preview":"max-video-preview:-1"},"canonical":"https:\/\/geelli.com\/de\/silikon-hause-artikel\/ersatzteile\/tind02000\/","og_locale":"de_DE","og_type":"article","og_title":"TIND02000 - Geelli","og_description":"Matt schwarzer Spender mit Strohhalm f\u00fcr die Dispenser der Serien Ivasi, Grace und Bolle (bitte angeben, f\u00fcr welchen Spender der Ersatz ben\u00f6tigt wird).","og_url":"https:\/\/geelli.com\/de\/silikon-hause-artikel\/ersatzteile\/tind02000\/","og_site_name":"Geelli","article_modified_time":"2026-03-30T11:00:32+00:00","og_image":[{"width":840,"height":631,"url":"https:\/\/geelli.com\/wp-content\/uploads\/2026\/03\/TIND02000.webp","type":"image\/webp"}],"twitter_card":"summary_large_image","twitter_misc":{"Gesch\u00e4tzte Lesezeit":"1\u00a0Minute"},"schema":{"@context":"https:\/\/schema.org","@graph":[{"@type":"WebPage","@id":"https:\/\/geelli.com\/de\/silikon-hause-artikel\/ersatzteile\/tind02000\/","url":"https:\/\/geelli.com\/de\/silikon-hause-artikel\/ersatzteile\/tind02000\/","name":"TIND02000 - Geelli","isPartOf":{"@id":"https:\/\/geelli.com\/#website"},"primaryImageOfPage":{"@id":"https:\/\/geelli.com\/de\/silikon-hause-artikel\/ersatzteile\/tind02000\/#primaryimage"},"image":{"@id":"https:\/\/geelli.com\/de\/silikon-hause-artikel\/ersatzteile\/tind02000\/#primaryimage"},"thumbnailUrl":"https:\/\/geelli.com\/wp-content\/uploads\/2026\/03\/TIND02000.webp","datePublished":"2026-03-24T18:32:18+00:00","dateModified":"2026-03-30T11:00:32+00:00","description":"Matt schwarzer Spender mit Strohhalm f\u00fcr die Dispenser der Serien Ivasi, Grace und Bolle (bitte angeben, f\u00fcr welchen Spender der Ersatz ben\u00f6tigt wird).","breadcrumb":{"@id":"https:\/\/geelli.com\/de\/silikon-hause-artikel\/ersatzteile\/tind02000\/#breadcrumb"},"inLanguage":"de","potentialAction":[{"@type":"ReadAction","target":["https:\/\/geelli.com\/de\/silikon-hause-artikel\/ersatzteile\/tind02000\/"]}]},{"@type":"ImageObject","inLanguage":"de","@id":"https:\/\/geelli.com\/de\/silikon-hause-artikel\/ersatzteile\/tind02000\/#primaryimage","url":"https:\/\/geelli.com\/wp-content\/uploads\/2026\/03\/TIND02000.webp","contentUrl":"https:\/\/geelli.com\/wp-content\/uploads\/2026\/03\/TIND02000.webp","width":840,"height":631},{"@type":"BreadcrumbList","@id":"https:\/\/geelli.com\/de\/silikon-hause-artikel\/ersatzteile\/tind02000\/#breadcrumb","itemListElement":[{"@type":"ListItem","position":1,"name":"Home","item":"https:\/\/geelli.com\/de\/"},{"@type":"ListItem","position":2,"name":"Shop","item":"https:\/\/geelli.com\/de\/shop\/"},{"@type":"ListItem","position":3,"name":"ERSATZTEILE","item":"https:\/\/geelli.com\/de\/produkt\/ersatzteile\/"},{"@type":"ListItem","position":4,"name":"TIND02000"}]},{"@type":"WebSite","@id":"https:\/\/geelli.com\/#website","url":"https:\/\/geelli.com\/","name":"Geelli","description":"Just another WordPress site","potentialAction":[{"@type":"SearchAction","target":{"@type":"EntryPoint","urlTemplate":"https:\/\/geelli.com\/?s={search_term_string}"},"query-input":{"@type":"PropertyValueSpecification","valueRequired":true,"valueName":"search_term_string"}}],"inLanguage":"de"}]}},"_links":{"self":[{"href":"https:\/\/geelli.com\/de\/wp-json\/wp\/v2\/product\/46046","targetHints":{"allow":["GET"]}}],"collection":[{"href":"https:\/\/geelli.com\/de\/wp-json\/wp\/v2\/product"}],"about":[{"href":"https:\/\/geelli.com\/de\/wp-json\/wp\/v2\/types\/product"}],"replies":[{"embeddable":true,"href":"https:\/\/geelli.com\/de\/wp-json\/wp\/v2\/comments?post=46046"}],"wp:featuredmedia":[{"embeddable":true,"href":"https:\/\/geelli.com\/de\/wp-json\/wp\/v2\/media\/45986"}],"wp:attachment":[{"href":"https:\/\/geelli.com\/de\/wp-json\/wp\/v2\/media?parent=46046"}],"wp:term":[{"taxonomy":"product_brand","embeddable":true,"href":"https:\/\/geelli.com\/de\/wp-json\/wp\/v2\/product_brand?post=46046"},{"taxonomy":"product_cat","embeddable":true,"href":"https:\/\/geelli.com\/de\/wp-json\/wp\/v2\/product_cat?post=46046"},{"taxonomy":"product_tag","embeddable":true,"href":"https:\/\/geelli.com\/de\/wp-json\/wp\/v2\/product_tag?post=46046"}],"curies":[{"name":"wp","href":"https:\/\/api.w.org\/{rel}","templated":true}]}}