{"id":4688,"date":"2016-03-31T08:51:33","date_gmt":"2016-03-31T07:51:33","guid":{"rendered":"http:\/\/geelli.andreamorandini.it\/de\/collezioni\/senza%20categoria\/morbini\/"},"modified":"2016-06-24T07:57:43","modified_gmt":"2016-06-24T07:57:43","slug":"morbini","status":"publish","type":"product","link":"https:\/\/geelli.com\/de\/silikon-hause-artikel\/haengen\/morbini\/","title":{"rendered":"MORBINI"},"content":{"rendered":"<p>Zwei weiche und selbstklebende Haken, die ohne Durchbohren der Fliesen in der gew\u00fcnschten H\u00f6he befestigt werden k\u00f6nnen.<\/p>\n","protected":false},"excerpt":{"rendered":"<p>Zwei weiche und selbstklebende Haken, die ohne Durchbohren der Fliesen in der gew\u00fcnschten H\u00f6he befestigt werden k\u00f6nnen.<\/p>\n","protected":false},"featured_media":23343,"comment_status":"closed","ping_status":"closed","template":"","meta":{"_acf_changed":false},"product_brand":[],"product_cat":[323],"product_tag":[],"class_list":{"0":"post-4688","1":"product","2":"type-product","3":"status-publish","4":"has-post-thumbnail","6":"product_cat-haengen","7":"tm-no-options","9":"first","10":"instock","11":"taxable","12":"shipping-taxable","13":"purchasable","14":"product-type-variable"},"acf":[],"yoast_head":"<!-- This site is optimized with the Yoast SEO plugin v27.0 - https:\/\/yoast.com\/product\/yoast-seo-wordpress\/ -->\n<title>MORBINI - Geelli<\/title>\n<meta name=\"description\" content=\"Zwei weiche und selbstklebende Haken, die ohne Durchbohren der Fliesen in der gew\u00fcnschten H\u00f6he befestigt werden k\u00f6nnen.\" \/>\n<meta name=\"robots\" content=\"index, follow, max-snippet:-1, max-image-preview:large, max-video-preview:-1\" \/>\n<link rel=\"canonical\" href=\"https:\/\/geelli.com\/silikon-hause-artikel\/appendere-senza-forare\/morbini\/\" \/>\n<meta property=\"og:locale\" content=\"de_DE\" \/>\n<meta property=\"og:type\" content=\"article\" \/>\n<meta property=\"og:title\" content=\"MORBINI - Geelli\" \/>\n<meta property=\"og:description\" content=\"Zwei weiche und selbstklebende Haken, die ohne Durchbohren der Fliesen in der gew\u00fcnschten H\u00f6he befestigt werden k\u00f6nnen.\" \/>\n<meta property=\"og:url\" content=\"https:\/\/geelli.com\/silikon-hause-artikel\/appendere-senza-forare\/morbini\/\" \/>\n<meta property=\"og:site_name\" content=\"Geelli\" \/>\n<meta property=\"article:modified_time\" content=\"2016-06-24T07:57:43+00:00\" \/>\n<meta property=\"og:image\" content=\"https:\/\/geelli.com\/wp-content\/uploads\/2016\/03\/Morbini_White_scon.jpg\" \/>\n\t<meta property=\"og:image:width\" content=\"1259\" \/>\n\t<meta property=\"og:image:height\" content=\"946\" \/>\n\t<meta property=\"og:image:type\" content=\"image\/jpeg\" \/>\n<meta name=\"twitter:card\" content=\"summary_large_image\" \/>\n<script type=\"application\/ld+json\" class=\"yoast-schema-graph\">{\"@context\":\"https:\/\/schema.org\",\"@graph\":[{\"@type\":\"WebPage\",\"@id\":\"https:\/\/geelli.com\/silikon-hause-artikel\/appendere-senza-forare\/morbini\/\",\"url\":\"https:\/\/geelli.com\/silikon-hause-artikel\/appendere-senza-forare\/morbini\/\",\"name\":\"MORBINI - Geelli\",\"isPartOf\":{\"@id\":\"https:\/\/geelli.com\/#website\"},\"primaryImageOfPage\":{\"@id\":\"https:\/\/geelli.com\/silikon-hause-artikel\/appendere-senza-forare\/morbini\/#primaryimage\"},\"image\":{\"@id\":\"https:\/\/geelli.com\/silikon-hause-artikel\/appendere-senza-forare\/morbini\/#primaryimage\"},\"thumbnailUrl\":\"https:\/\/geelli.com\/wp-content\/uploads\/2016\/03\/Morbini_White_scon.jpg\",\"datePublished\":\"2016-03-31T07:51:33+00:00\",\"dateModified\":\"2016-06-24T07:57:43+00:00\",\"description\":\"Zwei weiche und selbstklebende Haken, die ohne Durchbohren der Fliesen in der gew\u00fcnschten H\u00f6he befestigt werden k\u00f6nnen.\",\"breadcrumb\":{\"@id\":\"https:\/\/geelli.com\/silikon-hause-artikel\/appendere-senza-forare\/morbini\/#breadcrumb\"},\"inLanguage\":\"de\",\"potentialAction\":[{\"@type\":\"ReadAction\",\"target\":[\"https:\/\/geelli.com\/silikon-hause-artikel\/appendere-senza-forare\/morbini\/\"]}]},{\"@type\":\"ImageObject\",\"inLanguage\":\"de\",\"@id\":\"https:\/\/geelli.com\/silikon-hause-artikel\/appendere-senza-forare\/morbini\/#primaryimage\",\"url\":\"https:\/\/geelli.com\/wp-content\/uploads\/2016\/03\/Morbini_White_scon.jpg\",\"contentUrl\":\"https:\/\/geelli.com\/wp-content\/uploads\/2016\/03\/Morbini_White_scon.jpg\",\"width\":1259,\"height\":946},{\"@type\":\"BreadcrumbList\",\"@id\":\"https:\/\/geelli.com\/silikon-hause-artikel\/appendere-senza-forare\/morbini\/#breadcrumb\",\"itemListElement\":[{\"@type\":\"ListItem\",\"position\":1,\"name\":\"Home\",\"item\":\"https:\/\/geelli.com\/de\/\"},{\"@type\":\"ListItem\",\"position\":2,\"name\":\"Shop\",\"item\":\"https:\/\/geelli.com\/de\/shop\/\"},{\"@type\":\"ListItem\",\"position\":3,\"name\":\"APPENDERE SENZA FORARE\",\"item\":\"https:\/\/geelli.com\/prodotti\/appendere-senza-forare\/\"},{\"@type\":\"ListItem\",\"position\":4,\"name\":\"MORBINI\"}]},{\"@type\":\"WebSite\",\"@id\":\"https:\/\/geelli.com\/#website\",\"url\":\"https:\/\/geelli.com\/\",\"name\":\"Geelli\",\"description\":\"Just another WordPress site\",\"potentialAction\":[{\"@type\":\"SearchAction\",\"target\":{\"@type\":\"EntryPoint\",\"urlTemplate\":\"https:\/\/geelli.com\/?s={search_term_string}\"},\"query-input\":{\"@type\":\"PropertyValueSpecification\",\"valueRequired\":true,\"valueName\":\"search_term_string\"}}],\"inLanguage\":\"de\"}]}<\/script>\n<!-- \/ Yoast SEO plugin. -->","yoast_head_json":{"title":"MORBINI - Geelli","description":"Zwei weiche und selbstklebende Haken, die ohne Durchbohren der Fliesen in der gew\u00fcnschten H\u00f6he befestigt werden k\u00f6nnen.","robots":{"index":"index","follow":"follow","max-snippet":"max-snippet:-1","max-image-preview":"max-image-preview:large","max-video-preview":"max-video-preview:-1"},"canonical":"https:\/\/geelli.com\/silikon-hause-artikel\/appendere-senza-forare\/morbini\/","og_locale":"de_DE","og_type":"article","og_title":"MORBINI - Geelli","og_description":"Zwei weiche und selbstklebende Haken, die ohne Durchbohren der Fliesen in der gew\u00fcnschten H\u00f6he befestigt werden k\u00f6nnen.","og_url":"https:\/\/geelli.com\/silikon-hause-artikel\/appendere-senza-forare\/morbini\/","og_site_name":"Geelli","article_modified_time":"2016-06-24T07:57:43+00:00","og_image":[{"width":1259,"height":946,"url":"https:\/\/geelli.com\/wp-content\/uploads\/2016\/03\/Morbini_White_scon.jpg","type":"image\/jpeg"}],"twitter_card":"summary_large_image","schema":{"@context":"https:\/\/schema.org","@graph":[{"@type":"WebPage","@id":"https:\/\/geelli.com\/silikon-hause-artikel\/appendere-senza-forare\/morbini\/","url":"https:\/\/geelli.com\/silikon-hause-artikel\/appendere-senza-forare\/morbini\/","name":"MORBINI - Geelli","isPartOf":{"@id":"https:\/\/geelli.com\/#website"},"primaryImageOfPage":{"@id":"https:\/\/geelli.com\/silikon-hause-artikel\/appendere-senza-forare\/morbini\/#primaryimage"},"image":{"@id":"https:\/\/geelli.com\/silikon-hause-artikel\/appendere-senza-forare\/morbini\/#primaryimage"},"thumbnailUrl":"https:\/\/geelli.com\/wp-content\/uploads\/2016\/03\/Morbini_White_scon.jpg","datePublished":"2016-03-31T07:51:33+00:00","dateModified":"2016-06-24T07:57:43+00:00","description":"Zwei weiche und selbstklebende Haken, die ohne Durchbohren der Fliesen in der gew\u00fcnschten H\u00f6he befestigt werden k\u00f6nnen.","breadcrumb":{"@id":"https:\/\/geelli.com\/silikon-hause-artikel\/appendere-senza-forare\/morbini\/#breadcrumb"},"inLanguage":"de","potentialAction":[{"@type":"ReadAction","target":["https:\/\/geelli.com\/silikon-hause-artikel\/appendere-senza-forare\/morbini\/"]}]},{"@type":"ImageObject","inLanguage":"de","@id":"https:\/\/geelli.com\/silikon-hause-artikel\/appendere-senza-forare\/morbini\/#primaryimage","url":"https:\/\/geelli.com\/wp-content\/uploads\/2016\/03\/Morbini_White_scon.jpg","contentUrl":"https:\/\/geelli.com\/wp-content\/uploads\/2016\/03\/Morbini_White_scon.jpg","width":1259,"height":946},{"@type":"BreadcrumbList","@id":"https:\/\/geelli.com\/silikon-hause-artikel\/appendere-senza-forare\/morbini\/#breadcrumb","itemListElement":[{"@type":"ListItem","position":1,"name":"Home","item":"https:\/\/geelli.com\/de\/"},{"@type":"ListItem","position":2,"name":"Shop","item":"https:\/\/geelli.com\/de\/shop\/"},{"@type":"ListItem","position":3,"name":"APPENDERE SENZA FORARE","item":"https:\/\/geelli.com\/prodotti\/appendere-senza-forare\/"},{"@type":"ListItem","position":4,"name":"MORBINI"}]},{"@type":"WebSite","@id":"https:\/\/geelli.com\/#website","url":"https:\/\/geelli.com\/","name":"Geelli","description":"Just another WordPress site","potentialAction":[{"@type":"SearchAction","target":{"@type":"EntryPoint","urlTemplate":"https:\/\/geelli.com\/?s={search_term_string}"},"query-input":{"@type":"PropertyValueSpecification","valueRequired":true,"valueName":"search_term_string"}}],"inLanguage":"de"}]}},"_links":{"self":[{"href":"https:\/\/geelli.com\/de\/wp-json\/wp\/v2\/product\/4688","targetHints":{"allow":["GET"]}}],"collection":[{"href":"https:\/\/geelli.com\/de\/wp-json\/wp\/v2\/product"}],"about":[{"href":"https:\/\/geelli.com\/de\/wp-json\/wp\/v2\/types\/product"}],"replies":[{"embeddable":true,"href":"https:\/\/geelli.com\/de\/wp-json\/wp\/v2\/comments?post=4688"}],"wp:featuredmedia":[{"embeddable":true,"href":"https:\/\/geelli.com\/de\/wp-json\/wp\/v2\/media\/23343"}],"wp:attachment":[{"href":"https:\/\/geelli.com\/de\/wp-json\/wp\/v2\/media?parent=4688"}],"wp:term":[{"taxonomy":"product_brand","embeddable":true,"href":"https:\/\/geelli.com\/de\/wp-json\/wp\/v2\/product_brand?post=4688"},{"taxonomy":"product_cat","embeddable":true,"href":"https:\/\/geelli.com\/de\/wp-json\/wp\/v2\/product_cat?post=4688"},{"taxonomy":"product_tag","embeddable":true,"href":"https:\/\/geelli.com\/de\/wp-json\/wp\/v2\/product_tag?post=4688"}],"curies":[{"name":"wp","href":"https:\/\/api.w.org\/{rel}","templated":true}]}}