{"id":5606,"date":"2016-03-31T08:59:18","date_gmt":"2016-03-31T07:59:18","guid":{"rendered":"http:\/\/geelli.andreamorandini.it\/de\/collezioni\/senza%20categoria\/fusto-cubo\/"},"modified":"2016-06-24T07:53:24","modified_gmt":"2016-06-24T07:53:24","slug":"fusto-cubo","status":"publish","type":"product","link":"https:\/\/geelli.com\/de\/silikon-hause-artikel\/behaelter\/fusto-cubo\/","title":{"rendered":"FUSTO CUBO"},"content":{"rendered":"<p>Die Kollektion Fusti besteht aus den drei Beh\u00e4ltern Torre, Cubo und Quadro, die f\u00fcr mehr Ordnung in den Schubk\u00e4sten der Badm\u00f6bel sorgen, aber auch zur griffbereiten Unterbringung von Watteb\u00e4llchen, B\u00fcrsten oder K\u00e4mmen auf dem Ablagebord neben dem Waschtisch eingesetzt werden k\u00f6nnen.<\/p>\n","protected":false},"excerpt":{"rendered":"<p>Die Kollektion Fusti besteht aus den drei Beh\u00e4ltern Torre, Cubo und Quadro, die f\u00fcr mehr Ordnung in den Schubk\u00e4sten der Badm\u00f6bel sorgen, aber auch zur griffbereiten Unterbringung von Watteb\u00e4llchen, B\u00fcrsten&#8230;<\/p>\n","protected":false},"featured_media":21713,"comment_status":"closed","ping_status":"closed","template":"","meta":{"_acf_changed":false},"product_brand":[],"product_cat":[343],"product_tag":[],"class_list":{"0":"post-5606","1":"product","2":"type-product","3":"status-publish","4":"has-post-thumbnail","6":"product_cat-behaelter","7":"tm-no-options","9":"first","10":"instock","11":"taxable","12":"shipping-taxable","13":"purchasable","14":"product-type-variable"},"acf":[],"yoast_head":"<!-- This site is optimized with the Yoast SEO plugin v27.0 - https:\/\/yoast.com\/product\/yoast-seo-wordpress\/ -->\n<title>FUSTO CUBO - Geelli<\/title>\n<meta name=\"description\" content=\"Die Kollektion Fusti besteht aus den drei Beh\u00e4ltern Torre, Cubo und Quadro, die f\u00fcr mehr Ordnung in den Schubk\u00e4sten der Badm\u00f6bel sorgen, aber auch zur\" \/>\n<meta name=\"robots\" content=\"index, follow, max-snippet:-1, max-image-preview:large, max-video-preview:-1\" \/>\n<link rel=\"canonical\" href=\"https:\/\/geelli.com\/silikon-hause-artikel\/contenere-e-organizzare\/fusto-cubo\/\" \/>\n<meta property=\"og:locale\" content=\"de_DE\" \/>\n<meta property=\"og:type\" content=\"article\" \/>\n<meta property=\"og:title\" content=\"FUSTO CUBO - Geelli\" \/>\n<meta property=\"og:description\" content=\"Die Kollektion Fusti besteht aus den drei Beh\u00e4ltern Torre, Cubo und Quadro, die f\u00fcr mehr Ordnung in den Schubk\u00e4sten der Badm\u00f6bel sorgen, aber auch zur\" \/>\n<meta property=\"og:url\" content=\"https:\/\/geelli.com\/silikon-hause-artikel\/contenere-e-organizzare\/fusto-cubo\/\" \/>\n<meta property=\"og:site_name\" content=\"Geelli\" \/>\n<meta property=\"article:modified_time\" content=\"2016-06-24T07:53:24+00:00\" \/>\n<meta property=\"og:image\" content=\"https:\/\/geelli.com\/wp-content\/uploads\/2016\/03\/GFU-CUB-2-scaled.jpg\" \/>\n\t<meta property=\"og:image:width\" content=\"2560\" \/>\n\t<meta property=\"og:image:height\" content=\"1829\" \/>\n\t<meta property=\"og:image:type\" content=\"image\/jpeg\" \/>\n<meta name=\"twitter:card\" content=\"summary_large_image\" \/>\n<script type=\"application\/ld+json\" class=\"yoast-schema-graph\">{\"@context\":\"https:\/\/schema.org\",\"@graph\":[{\"@type\":\"WebPage\",\"@id\":\"https:\/\/geelli.com\/silikon-hause-artikel\/contenere-e-organizzare\/fusto-cubo\/\",\"url\":\"https:\/\/geelli.com\/silikon-hause-artikel\/contenere-e-organizzare\/fusto-cubo\/\",\"name\":\"FUSTO CUBO - Geelli\",\"isPartOf\":{\"@id\":\"https:\/\/geelli.com\/#website\"},\"primaryImageOfPage\":{\"@id\":\"https:\/\/geelli.com\/silikon-hause-artikel\/contenere-e-organizzare\/fusto-cubo\/#primaryimage\"},\"image\":{\"@id\":\"https:\/\/geelli.com\/silikon-hause-artikel\/contenere-e-organizzare\/fusto-cubo\/#primaryimage\"},\"thumbnailUrl\":\"https:\/\/geelli.com\/wp-content\/uploads\/2016\/03\/GFU-CUB-2-scaled.jpg\",\"datePublished\":\"2016-03-31T07:59:18+00:00\",\"dateModified\":\"2016-06-24T07:53:24+00:00\",\"description\":\"Die Kollektion Fusti besteht aus den drei Beh\u00e4ltern Torre, Cubo und Quadro, die f\u00fcr mehr Ordnung in den Schubk\u00e4sten der Badm\u00f6bel sorgen, aber auch zur\",\"breadcrumb\":{\"@id\":\"https:\/\/geelli.com\/silikon-hause-artikel\/contenere-e-organizzare\/fusto-cubo\/#breadcrumb\"},\"inLanguage\":\"de\",\"potentialAction\":[{\"@type\":\"ReadAction\",\"target\":[\"https:\/\/geelli.com\/silikon-hause-artikel\/contenere-e-organizzare\/fusto-cubo\/\"]}]},{\"@type\":\"ImageObject\",\"inLanguage\":\"de\",\"@id\":\"https:\/\/geelli.com\/silikon-hause-artikel\/contenere-e-organizzare\/fusto-cubo\/#primaryimage\",\"url\":\"https:\/\/geelli.com\/wp-content\/uploads\/2016\/03\/GFU-CUB-2-scaled.jpg\",\"contentUrl\":\"https:\/\/geelli.com\/wp-content\/uploads\/2016\/03\/GFU-CUB-2-scaled.jpg\",\"width\":2560,\"height\":1829},{\"@type\":\"BreadcrumbList\",\"@id\":\"https:\/\/geelli.com\/silikon-hause-artikel\/contenere-e-organizzare\/fusto-cubo\/#breadcrumb\",\"itemListElement\":[{\"@type\":\"ListItem\",\"position\":1,\"name\":\"Home\",\"item\":\"https:\/\/geelli.com\/de\/\"},{\"@type\":\"ListItem\",\"position\":2,\"name\":\"Shop\",\"item\":\"https:\/\/geelli.com\/de\/shop\/\"},{\"@type\":\"ListItem\",\"position\":3,\"name\":\"CONTENERE E ORGANIZZARE\",\"item\":\"https:\/\/geelli.com\/prodotti\/contenere-e-organizzare\/\"},{\"@type\":\"ListItem\",\"position\":4,\"name\":\"FUSTO CUBO\"}]},{\"@type\":\"WebSite\",\"@id\":\"https:\/\/geelli.com\/#website\",\"url\":\"https:\/\/geelli.com\/\",\"name\":\"Geelli\",\"description\":\"Just another WordPress site\",\"potentialAction\":[{\"@type\":\"SearchAction\",\"target\":{\"@type\":\"EntryPoint\",\"urlTemplate\":\"https:\/\/geelli.com\/?s={search_term_string}\"},\"query-input\":{\"@type\":\"PropertyValueSpecification\",\"valueRequired\":true,\"valueName\":\"search_term_string\"}}],\"inLanguage\":\"de\"}]}<\/script>\n<!-- \/ Yoast SEO plugin. -->","yoast_head_json":{"title":"FUSTO CUBO - Geelli","description":"Die Kollektion Fusti besteht aus den drei Beh\u00e4ltern Torre, Cubo und Quadro, die f\u00fcr mehr Ordnung in den Schubk\u00e4sten der Badm\u00f6bel sorgen, aber auch zur","robots":{"index":"index","follow":"follow","max-snippet":"max-snippet:-1","max-image-preview":"max-image-preview:large","max-video-preview":"max-video-preview:-1"},"canonical":"https:\/\/geelli.com\/silikon-hause-artikel\/contenere-e-organizzare\/fusto-cubo\/","og_locale":"de_DE","og_type":"article","og_title":"FUSTO CUBO - Geelli","og_description":"Die Kollektion Fusti besteht aus den drei Beh\u00e4ltern Torre, Cubo und Quadro, die f\u00fcr mehr Ordnung in den Schubk\u00e4sten der Badm\u00f6bel sorgen, aber auch zur","og_url":"https:\/\/geelli.com\/silikon-hause-artikel\/contenere-e-organizzare\/fusto-cubo\/","og_site_name":"Geelli","article_modified_time":"2016-06-24T07:53:24+00:00","og_image":[{"width":2560,"height":1829,"url":"https:\/\/geelli.com\/wp-content\/uploads\/2016\/03\/GFU-CUB-2-scaled.jpg","type":"image\/jpeg"}],"twitter_card":"summary_large_image","schema":{"@context":"https:\/\/schema.org","@graph":[{"@type":"WebPage","@id":"https:\/\/geelli.com\/silikon-hause-artikel\/contenere-e-organizzare\/fusto-cubo\/","url":"https:\/\/geelli.com\/silikon-hause-artikel\/contenere-e-organizzare\/fusto-cubo\/","name":"FUSTO CUBO - Geelli","isPartOf":{"@id":"https:\/\/geelli.com\/#website"},"primaryImageOfPage":{"@id":"https:\/\/geelli.com\/silikon-hause-artikel\/contenere-e-organizzare\/fusto-cubo\/#primaryimage"},"image":{"@id":"https:\/\/geelli.com\/silikon-hause-artikel\/contenere-e-organizzare\/fusto-cubo\/#primaryimage"},"thumbnailUrl":"https:\/\/geelli.com\/wp-content\/uploads\/2016\/03\/GFU-CUB-2-scaled.jpg","datePublished":"2016-03-31T07:59:18+00:00","dateModified":"2016-06-24T07:53:24+00:00","description":"Die Kollektion Fusti besteht aus den drei Beh\u00e4ltern Torre, Cubo und Quadro, die f\u00fcr mehr Ordnung in den Schubk\u00e4sten der Badm\u00f6bel sorgen, aber auch zur","breadcrumb":{"@id":"https:\/\/geelli.com\/silikon-hause-artikel\/contenere-e-organizzare\/fusto-cubo\/#breadcrumb"},"inLanguage":"de","potentialAction":[{"@type":"ReadAction","target":["https:\/\/geelli.com\/silikon-hause-artikel\/contenere-e-organizzare\/fusto-cubo\/"]}]},{"@type":"ImageObject","inLanguage":"de","@id":"https:\/\/geelli.com\/silikon-hause-artikel\/contenere-e-organizzare\/fusto-cubo\/#primaryimage","url":"https:\/\/geelli.com\/wp-content\/uploads\/2016\/03\/GFU-CUB-2-scaled.jpg","contentUrl":"https:\/\/geelli.com\/wp-content\/uploads\/2016\/03\/GFU-CUB-2-scaled.jpg","width":2560,"height":1829},{"@type":"BreadcrumbList","@id":"https:\/\/geelli.com\/silikon-hause-artikel\/contenere-e-organizzare\/fusto-cubo\/#breadcrumb","itemListElement":[{"@type":"ListItem","position":1,"name":"Home","item":"https:\/\/geelli.com\/de\/"},{"@type":"ListItem","position":2,"name":"Shop","item":"https:\/\/geelli.com\/de\/shop\/"},{"@type":"ListItem","position":3,"name":"CONTENERE E ORGANIZZARE","item":"https:\/\/geelli.com\/prodotti\/contenere-e-organizzare\/"},{"@type":"ListItem","position":4,"name":"FUSTO CUBO"}]},{"@type":"WebSite","@id":"https:\/\/geelli.com\/#website","url":"https:\/\/geelli.com\/","name":"Geelli","description":"Just another WordPress site","potentialAction":[{"@type":"SearchAction","target":{"@type":"EntryPoint","urlTemplate":"https:\/\/geelli.com\/?s={search_term_string}"},"query-input":{"@type":"PropertyValueSpecification","valueRequired":true,"valueName":"search_term_string"}}],"inLanguage":"de"}]}},"_links":{"self":[{"href":"https:\/\/geelli.com\/de\/wp-json\/wp\/v2\/product\/5606","targetHints":{"allow":["GET"]}}],"collection":[{"href":"https:\/\/geelli.com\/de\/wp-json\/wp\/v2\/product"}],"about":[{"href":"https:\/\/geelli.com\/de\/wp-json\/wp\/v2\/types\/product"}],"replies":[{"embeddable":true,"href":"https:\/\/geelli.com\/de\/wp-json\/wp\/v2\/comments?post=5606"}],"wp:featuredmedia":[{"embeddable":true,"href":"https:\/\/geelli.com\/de\/wp-json\/wp\/v2\/media\/21713"}],"wp:attachment":[{"href":"https:\/\/geelli.com\/de\/wp-json\/wp\/v2\/media?parent=5606"}],"wp:term":[{"taxonomy":"product_brand","embeddable":true,"href":"https:\/\/geelli.com\/de\/wp-json\/wp\/v2\/product_brand?post=5606"},{"taxonomy":"product_cat","embeddable":true,"href":"https:\/\/geelli.com\/de\/wp-json\/wp\/v2\/product_cat?post=5606"},{"taxonomy":"product_tag","embeddable":true,"href":"https:\/\/geelli.com\/de\/wp-json\/wp\/v2\/product_tag?post=5606"}],"curies":[{"name":"wp","href":"https:\/\/api.w.org\/{rel}","templated":true}]}}