{"id":5874,"date":"2016-03-31T08:59:51","date_gmt":"2016-03-31T07:59:51","guid":{"rendered":"http:\/\/geelli.andreamorandini.it\/de\/collezioni\/senza%20categoria\/grace-dispenser\/"},"modified":"2016-06-24T07:52:59","modified_gmt":"2016-06-24T07:52:59","slug":"grace-dispenser","status":"publish","type":"product","link":"https:\/\/geelli.com\/de\/silikon-hause-artikel\/bad\/grace-dispenser\/","title":{"rendered":"GRACE DISPENSER"},"content":{"rendered":"<p>Grace ist eine neue Linie von Seifenspender, WC-B\u00fcrstenhalter und Zahnputzbecher, die durch ihre schlanke, kurvige Form ins Auge f\u00e4llt. Die Besonderheit dieser neuen Kollektion liegt im Design und in der M\u00f6glichkeit, diese Zubeh\u00f6rteile sowohl in der Stand- als auch in der H\u00e4ngeversion zu verwenden. Zur Anbringung dient dabei ein aus steifem Polyurethan hergestellter Ring, der an der Wand befestigt werden kann.<\/p>\n","protected":false},"excerpt":{"rendered":"<p>Grace ist eine neue Linie von Seifenspender, WC-B\u00fcrstenhalter und Zahnputzbecher, die durch ihre schlanke, kurvige Form ins Auge f\u00e4llt. Die Besonderheit dieser neuen Kollektion liegt im Design und in der&#8230;<\/p>\n","protected":false},"featured_media":23058,"comment_status":"closed","ping_status":"closed","template":"","meta":{"_acf_changed":false},"product_brand":[],"product_cat":[326],"product_tag":[],"class_list":{"0":"post-5874","1":"product","2":"type-product","3":"status-publish","4":"has-post-thumbnail","6":"product_cat-bad","7":"pa_famiglia-prodotto-grace-de","8":"tm-no-options","10":"first","11":"instock","12":"taxable","13":"shipping-taxable","14":"purchasable","15":"product-type-variable","16":"has-default-attributes"},"acf":[],"yoast_head":"<!-- This site is optimized with the Yoast SEO plugin v27.0 - https:\/\/yoast.com\/product\/yoast-seo-wordpress\/ -->\n<title>GRACE DISPENSER - Geelli<\/title>\n<meta name=\"description\" content=\"Grace ist eine neue Linie von Seifenspender, WC-B\u00fcrstenhalter und Zahnputzbecher, die durch ihre schlanke, kurvige Form ins Auge f\u00e4llt. Die Besonderheit\" \/>\n<meta name=\"robots\" content=\"index, follow, max-snippet:-1, max-image-preview:large, max-video-preview:-1\" \/>\n<link rel=\"canonical\" href=\"https:\/\/geelli.com\/silikon-hause-artikel\/bagno\/grace-dispenser\/\" \/>\n<meta property=\"og:locale\" content=\"de_DE\" \/>\n<meta property=\"og:type\" content=\"article\" \/>\n<meta property=\"og:title\" content=\"GRACE DISPENSER - Geelli\" \/>\n<meta property=\"og:description\" content=\"Grace ist eine neue Linie von Seifenspender, WC-B\u00fcrstenhalter und Zahnputzbecher, die durch ihre schlanke, kurvige Form ins Auge f\u00e4llt. Die Besonderheit\" \/>\n<meta property=\"og:url\" content=\"https:\/\/geelli.com\/silikon-hause-artikel\/bagno\/grace-dispenser\/\" \/>\n<meta property=\"og:site_name\" content=\"Geelli\" \/>\n<meta property=\"article:modified_time\" content=\"2016-06-24T07:52:59+00:00\" \/>\n<meta property=\"og:image\" content=\"https:\/\/geelli.com\/wp-content\/uploads\/2016\/03\/GRACE-DISPENSER.jpg\" \/>\n\t<meta property=\"og:image:width\" content=\"259\" \/>\n\t<meta property=\"og:image:height\" content=\"196\" \/>\n\t<meta property=\"og:image:type\" content=\"image\/jpeg\" \/>\n<meta name=\"twitter:card\" content=\"summary_large_image\" \/>\n<script type=\"application\/ld+json\" class=\"yoast-schema-graph\">{\"@context\":\"https:\/\/schema.org\",\"@graph\":[{\"@type\":\"WebPage\",\"@id\":\"https:\/\/geelli.com\/silikon-hause-artikel\/bagno\/grace-dispenser\/\",\"url\":\"https:\/\/geelli.com\/silikon-hause-artikel\/bagno\/grace-dispenser\/\",\"name\":\"GRACE DISPENSER - Geelli\",\"isPartOf\":{\"@id\":\"https:\/\/geelli.com\/#website\"},\"primaryImageOfPage\":{\"@id\":\"https:\/\/geelli.com\/silikon-hause-artikel\/bagno\/grace-dispenser\/#primaryimage\"},\"image\":{\"@id\":\"https:\/\/geelli.com\/silikon-hause-artikel\/bagno\/grace-dispenser\/#primaryimage\"},\"thumbnailUrl\":\"https:\/\/geelli.com\/wp-content\/uploads\/2016\/03\/GRACE-DISPENSER.jpg\",\"datePublished\":\"2016-03-31T07:59:51+00:00\",\"dateModified\":\"2016-06-24T07:52:59+00:00\",\"description\":\"Grace ist eine neue Linie von Seifenspender, WC-B\u00fcrstenhalter und Zahnputzbecher, die durch ihre schlanke, kurvige Form ins Auge f\u00e4llt. Die Besonderheit\",\"breadcrumb\":{\"@id\":\"https:\/\/geelli.com\/silikon-hause-artikel\/bagno\/grace-dispenser\/#breadcrumb\"},\"inLanguage\":\"de\",\"potentialAction\":[{\"@type\":\"ReadAction\",\"target\":[\"https:\/\/geelli.com\/silikon-hause-artikel\/bagno\/grace-dispenser\/\"]}]},{\"@type\":\"ImageObject\",\"inLanguage\":\"de\",\"@id\":\"https:\/\/geelli.com\/silikon-hause-artikel\/bagno\/grace-dispenser\/#primaryimage\",\"url\":\"https:\/\/geelli.com\/wp-content\/uploads\/2016\/03\/GRACE-DISPENSER.jpg\",\"contentUrl\":\"https:\/\/geelli.com\/wp-content\/uploads\/2016\/03\/GRACE-DISPENSER.jpg\",\"width\":259,\"height\":196},{\"@type\":\"BreadcrumbList\",\"@id\":\"https:\/\/geelli.com\/silikon-hause-artikel\/bagno\/grace-dispenser\/#breadcrumb\",\"itemListElement\":[{\"@type\":\"ListItem\",\"position\":1,\"name\":\"Home\",\"item\":\"https:\/\/geelli.com\/de\/\"},{\"@type\":\"ListItem\",\"position\":2,\"name\":\"Collezioni\",\"item\":\"https:\/\/geelli.com\/complementi-arredo-silicone\/\"},{\"@type\":\"ListItem\",\"position\":3,\"name\":\"BAGNO\",\"item\":\"https:\/\/geelli.com\/prodotti\/bagno\/\"},{\"@type\":\"ListItem\",\"position\":4,\"name\":\"GRACE DISPENSER\"}]},{\"@type\":\"WebSite\",\"@id\":\"https:\/\/geelli.com\/#website\",\"url\":\"https:\/\/geelli.com\/\",\"name\":\"Geelli\",\"description\":\"Just another WordPress site\",\"potentialAction\":[{\"@type\":\"SearchAction\",\"target\":{\"@type\":\"EntryPoint\",\"urlTemplate\":\"https:\/\/geelli.com\/?s={search_term_string}\"},\"query-input\":{\"@type\":\"PropertyValueSpecification\",\"valueRequired\":true,\"valueName\":\"search_term_string\"}}],\"inLanguage\":\"de\"}]}<\/script>\n<!-- \/ Yoast SEO plugin. -->","yoast_head_json":{"title":"GRACE DISPENSER - Geelli","description":"Grace ist eine neue Linie von Seifenspender, WC-B\u00fcrstenhalter und Zahnputzbecher, die durch ihre schlanke, kurvige Form ins Auge f\u00e4llt. Die Besonderheit","robots":{"index":"index","follow":"follow","max-snippet":"max-snippet:-1","max-image-preview":"max-image-preview:large","max-video-preview":"max-video-preview:-1"},"canonical":"https:\/\/geelli.com\/silikon-hause-artikel\/bagno\/grace-dispenser\/","og_locale":"de_DE","og_type":"article","og_title":"GRACE DISPENSER - Geelli","og_description":"Grace ist eine neue Linie von Seifenspender, WC-B\u00fcrstenhalter und Zahnputzbecher, die durch ihre schlanke, kurvige Form ins Auge f\u00e4llt. Die Besonderheit","og_url":"https:\/\/geelli.com\/silikon-hause-artikel\/bagno\/grace-dispenser\/","og_site_name":"Geelli","article_modified_time":"2016-06-24T07:52:59+00:00","og_image":[{"width":259,"height":196,"url":"https:\/\/geelli.com\/wp-content\/uploads\/2016\/03\/GRACE-DISPENSER.jpg","type":"image\/jpeg"}],"twitter_card":"summary_large_image","schema":{"@context":"https:\/\/schema.org","@graph":[{"@type":"WebPage","@id":"https:\/\/geelli.com\/silikon-hause-artikel\/bagno\/grace-dispenser\/","url":"https:\/\/geelli.com\/silikon-hause-artikel\/bagno\/grace-dispenser\/","name":"GRACE DISPENSER - Geelli","isPartOf":{"@id":"https:\/\/geelli.com\/#website"},"primaryImageOfPage":{"@id":"https:\/\/geelli.com\/silikon-hause-artikel\/bagno\/grace-dispenser\/#primaryimage"},"image":{"@id":"https:\/\/geelli.com\/silikon-hause-artikel\/bagno\/grace-dispenser\/#primaryimage"},"thumbnailUrl":"https:\/\/geelli.com\/wp-content\/uploads\/2016\/03\/GRACE-DISPENSER.jpg","datePublished":"2016-03-31T07:59:51+00:00","dateModified":"2016-06-24T07:52:59+00:00","description":"Grace ist eine neue Linie von Seifenspender, WC-B\u00fcrstenhalter und Zahnputzbecher, die durch ihre schlanke, kurvige Form ins Auge f\u00e4llt. Die Besonderheit","breadcrumb":{"@id":"https:\/\/geelli.com\/silikon-hause-artikel\/bagno\/grace-dispenser\/#breadcrumb"},"inLanguage":"de","potentialAction":[{"@type":"ReadAction","target":["https:\/\/geelli.com\/silikon-hause-artikel\/bagno\/grace-dispenser\/"]}]},{"@type":"ImageObject","inLanguage":"de","@id":"https:\/\/geelli.com\/silikon-hause-artikel\/bagno\/grace-dispenser\/#primaryimage","url":"https:\/\/geelli.com\/wp-content\/uploads\/2016\/03\/GRACE-DISPENSER.jpg","contentUrl":"https:\/\/geelli.com\/wp-content\/uploads\/2016\/03\/GRACE-DISPENSER.jpg","width":259,"height":196},{"@type":"BreadcrumbList","@id":"https:\/\/geelli.com\/silikon-hause-artikel\/bagno\/grace-dispenser\/#breadcrumb","itemListElement":[{"@type":"ListItem","position":1,"name":"Home","item":"https:\/\/geelli.com\/de\/"},{"@type":"ListItem","position":2,"name":"Collezioni","item":"https:\/\/geelli.com\/complementi-arredo-silicone\/"},{"@type":"ListItem","position":3,"name":"BAGNO","item":"https:\/\/geelli.com\/prodotti\/bagno\/"},{"@type":"ListItem","position":4,"name":"GRACE DISPENSER"}]},{"@type":"WebSite","@id":"https:\/\/geelli.com\/#website","url":"https:\/\/geelli.com\/","name":"Geelli","description":"Just another WordPress site","potentialAction":[{"@type":"SearchAction","target":{"@type":"EntryPoint","urlTemplate":"https:\/\/geelli.com\/?s={search_term_string}"},"query-input":{"@type":"PropertyValueSpecification","valueRequired":true,"valueName":"search_term_string"}}],"inLanguage":"de"}]}},"_links":{"self":[{"href":"https:\/\/geelli.com\/de\/wp-json\/wp\/v2\/product\/5874","targetHints":{"allow":["GET"]}}],"collection":[{"href":"https:\/\/geelli.com\/de\/wp-json\/wp\/v2\/product"}],"about":[{"href":"https:\/\/geelli.com\/de\/wp-json\/wp\/v2\/types\/product"}],"replies":[{"embeddable":true,"href":"https:\/\/geelli.com\/de\/wp-json\/wp\/v2\/comments?post=5874"}],"wp:featuredmedia":[{"embeddable":true,"href":"https:\/\/geelli.com\/de\/wp-json\/wp\/v2\/media\/23058"}],"wp:attachment":[{"href":"https:\/\/geelli.com\/de\/wp-json\/wp\/v2\/media?parent=5874"}],"wp:term":[{"taxonomy":"product_brand","embeddable":true,"href":"https:\/\/geelli.com\/de\/wp-json\/wp\/v2\/product_brand?post=5874"},{"taxonomy":"product_cat","embeddable":true,"href":"https:\/\/geelli.com\/de\/wp-json\/wp\/v2\/product_cat?post=5874"},{"taxonomy":"product_tag","embeddable":true,"href":"https:\/\/geelli.com\/de\/wp-json\/wp\/v2\/product_tag?post=5874"}],"curies":[{"name":"wp","href":"https:\/\/api.w.org\/{rel}","templated":true}]}}