{"id":6393,"date":"2016-03-31T09:00:04","date_gmt":"2016-03-31T08:00:04","guid":{"rendered":"http:\/\/geelli.andreamorandini.it\/de\/collezioni\/senza%20categoria\/macro\/"},"modified":"2016-06-24T07:52:51","modified_gmt":"2016-06-24T07:52:51","slug":"macro","status":"publish","type":"product","link":"https:\/\/geelli.com\/de\/silikon-hause-artikel\/spiegeln\/macro\/","title":{"rendered":"MACRO"},"content":{"rendered":"<p>Der Spiegel Macro ist klein in den Ausma\u00dfen, aber gro\u00df in den Details und dient auch als Vergr\u00f6\u00dferungspiegel und Pinzettenhalter. Macro eignet sich besonders f\u00fcr Schrankt\u00fcren oder f\u00fcr die Front der H\u00e4ngeschr\u00e4nke im Bad und kann dank der Haftfestigkeit des PUR-Gels in jeder gew\u00fcnschten H\u00f6he befestigt werden.<\/p>\n","protected":false},"excerpt":{"rendered":"<p>Der Spiegel Macro ist klein in den Ausma\u00dfen, aber gro\u00df in den Details und dient auch als Vergr\u00f6\u00dferungspiegel und Pinzettenhalter. Macro eignet sich besonders f\u00fcr Schrankt\u00fcren oder f\u00fcr die Front&#8230;<\/p>\n","protected":false},"featured_media":24375,"comment_status":"closed","ping_status":"closed","template":"","meta":{"_acf_changed":false},"product_brand":[],"product_cat":[344],"product_tag":[],"class_list":{"0":"post-6393","1":"product","2":"type-product","3":"status-publish","4":"has-post-thumbnail","6":"product_cat-spiegeln","7":"tm-no-options","9":"first","10":"instock","11":"taxable","12":"shipping-taxable","13":"purchasable","14":"product-type-variable"},"acf":[],"yoast_head":"<!-- This site is optimized with the Yoast SEO plugin v27.0 - https:\/\/yoast.com\/product\/yoast-seo-wordpress\/ -->\n<title>MACRO - Geelli<\/title>\n<meta name=\"description\" content=\"Der Spiegel Macro ist klein in den Ausma\u00dfen, aber gro\u00df in den Details und dient auch als Vergr\u00f6\u00dferungspiegel und Pinzettenhalter. Macro eignet sich\" \/>\n<meta name=\"robots\" content=\"index, follow, max-snippet:-1, max-image-preview:large, max-video-preview:-1\" \/>\n<link rel=\"canonical\" href=\"https:\/\/geelli.com\/silikon-hause-artikel\/specchi\/macro\/\" \/>\n<meta property=\"og:locale\" content=\"de_DE\" \/>\n<meta property=\"og:type\" content=\"article\" \/>\n<meta property=\"og:title\" content=\"MACRO - Geelli\" \/>\n<meta property=\"og:description\" content=\"Der Spiegel Macro ist klein in den Ausma\u00dfen, aber gro\u00df in den Details und dient auch als Vergr\u00f6\u00dferungspiegel und Pinzettenhalter. Macro eignet sich\" \/>\n<meta property=\"og:url\" content=\"https:\/\/geelli.com\/silikon-hause-artikel\/specchi\/macro\/\" \/>\n<meta property=\"og:site_name\" content=\"Geelli\" \/>\n<meta property=\"article:modified_time\" content=\"2016-06-24T07:52:51+00:00\" \/>\n<meta property=\"og:image\" content=\"https:\/\/geelli.com\/wp-content\/uploads\/2016\/03\/MACRO-2.jpg\" \/>\n\t<meta property=\"og:image:width\" content=\"1001\" \/>\n\t<meta property=\"og:image:height\" content=\"741\" \/>\n\t<meta property=\"og:image:type\" content=\"image\/jpeg\" \/>\n<meta name=\"twitter:card\" content=\"summary_large_image\" \/>\n<script type=\"application\/ld+json\" class=\"yoast-schema-graph\">{\"@context\":\"https:\/\/schema.org\",\"@graph\":[{\"@type\":\"WebPage\",\"@id\":\"https:\/\/geelli.com\/silikon-hause-artikel\/specchi\/macro\/\",\"url\":\"https:\/\/geelli.com\/silikon-hause-artikel\/specchi\/macro\/\",\"name\":\"MACRO - Geelli\",\"isPartOf\":{\"@id\":\"https:\/\/geelli.com\/#website\"},\"primaryImageOfPage\":{\"@id\":\"https:\/\/geelli.com\/silikon-hause-artikel\/specchi\/macro\/#primaryimage\"},\"image\":{\"@id\":\"https:\/\/geelli.com\/silikon-hause-artikel\/specchi\/macro\/#primaryimage\"},\"thumbnailUrl\":\"https:\/\/geelli.com\/wp-content\/uploads\/2016\/03\/MACRO-2.jpg\",\"datePublished\":\"2016-03-31T08:00:04+00:00\",\"dateModified\":\"2016-06-24T07:52:51+00:00\",\"description\":\"Der Spiegel Macro ist klein in den Ausma\u00dfen, aber gro\u00df in den Details und dient auch als Vergr\u00f6\u00dferungspiegel und Pinzettenhalter. Macro eignet sich\",\"breadcrumb\":{\"@id\":\"https:\/\/geelli.com\/silikon-hause-artikel\/specchi\/macro\/#breadcrumb\"},\"inLanguage\":\"de\",\"potentialAction\":[{\"@type\":\"ReadAction\",\"target\":[\"https:\/\/geelli.com\/silikon-hause-artikel\/specchi\/macro\/\"]}]},{\"@type\":\"ImageObject\",\"inLanguage\":\"de\",\"@id\":\"https:\/\/geelli.com\/silikon-hause-artikel\/specchi\/macro\/#primaryimage\",\"url\":\"https:\/\/geelli.com\/wp-content\/uploads\/2016\/03\/MACRO-2.jpg\",\"contentUrl\":\"https:\/\/geelli.com\/wp-content\/uploads\/2016\/03\/MACRO-2.jpg\",\"width\":1001,\"height\":741},{\"@type\":\"BreadcrumbList\",\"@id\":\"https:\/\/geelli.com\/silikon-hause-artikel\/specchi\/macro\/#breadcrumb\",\"itemListElement\":[{\"@type\":\"ListItem\",\"position\":1,\"name\":\"Home\",\"item\":\"https:\/\/geelli.com\/de\/\"},{\"@type\":\"ListItem\",\"position\":2,\"name\":\"Shop\",\"item\":\"https:\/\/geelli.com\/de\/shop\/\"},{\"@type\":\"ListItem\",\"position\":3,\"name\":\"SPECCHI\",\"item\":\"https:\/\/geelli.com\/prodotti\/specchi\/\"},{\"@type\":\"ListItem\",\"position\":4,\"name\":\"MACRO\"}]},{\"@type\":\"WebSite\",\"@id\":\"https:\/\/geelli.com\/#website\",\"url\":\"https:\/\/geelli.com\/\",\"name\":\"Geelli\",\"description\":\"Just another WordPress site\",\"potentialAction\":[{\"@type\":\"SearchAction\",\"target\":{\"@type\":\"EntryPoint\",\"urlTemplate\":\"https:\/\/geelli.com\/?s={search_term_string}\"},\"query-input\":{\"@type\":\"PropertyValueSpecification\",\"valueRequired\":true,\"valueName\":\"search_term_string\"}}],\"inLanguage\":\"de\"}]}<\/script>\n<!-- \/ Yoast SEO plugin. -->","yoast_head_json":{"title":"MACRO - Geelli","description":"Der Spiegel Macro ist klein in den Ausma\u00dfen, aber gro\u00df in den Details und dient auch als Vergr\u00f6\u00dferungspiegel und Pinzettenhalter. Macro eignet sich","robots":{"index":"index","follow":"follow","max-snippet":"max-snippet:-1","max-image-preview":"max-image-preview:large","max-video-preview":"max-video-preview:-1"},"canonical":"https:\/\/geelli.com\/silikon-hause-artikel\/specchi\/macro\/","og_locale":"de_DE","og_type":"article","og_title":"MACRO - Geelli","og_description":"Der Spiegel Macro ist klein in den Ausma\u00dfen, aber gro\u00df in den Details und dient auch als Vergr\u00f6\u00dferungspiegel und Pinzettenhalter. Macro eignet sich","og_url":"https:\/\/geelli.com\/silikon-hause-artikel\/specchi\/macro\/","og_site_name":"Geelli","article_modified_time":"2016-06-24T07:52:51+00:00","og_image":[{"width":1001,"height":741,"url":"https:\/\/geelli.com\/wp-content\/uploads\/2016\/03\/MACRO-2.jpg","type":"image\/jpeg"}],"twitter_card":"summary_large_image","schema":{"@context":"https:\/\/schema.org","@graph":[{"@type":"WebPage","@id":"https:\/\/geelli.com\/silikon-hause-artikel\/specchi\/macro\/","url":"https:\/\/geelli.com\/silikon-hause-artikel\/specchi\/macro\/","name":"MACRO - Geelli","isPartOf":{"@id":"https:\/\/geelli.com\/#website"},"primaryImageOfPage":{"@id":"https:\/\/geelli.com\/silikon-hause-artikel\/specchi\/macro\/#primaryimage"},"image":{"@id":"https:\/\/geelli.com\/silikon-hause-artikel\/specchi\/macro\/#primaryimage"},"thumbnailUrl":"https:\/\/geelli.com\/wp-content\/uploads\/2016\/03\/MACRO-2.jpg","datePublished":"2016-03-31T08:00:04+00:00","dateModified":"2016-06-24T07:52:51+00:00","description":"Der Spiegel Macro ist klein in den Ausma\u00dfen, aber gro\u00df in den Details und dient auch als Vergr\u00f6\u00dferungspiegel und Pinzettenhalter. Macro eignet sich","breadcrumb":{"@id":"https:\/\/geelli.com\/silikon-hause-artikel\/specchi\/macro\/#breadcrumb"},"inLanguage":"de","potentialAction":[{"@type":"ReadAction","target":["https:\/\/geelli.com\/silikon-hause-artikel\/specchi\/macro\/"]}]},{"@type":"ImageObject","inLanguage":"de","@id":"https:\/\/geelli.com\/silikon-hause-artikel\/specchi\/macro\/#primaryimage","url":"https:\/\/geelli.com\/wp-content\/uploads\/2016\/03\/MACRO-2.jpg","contentUrl":"https:\/\/geelli.com\/wp-content\/uploads\/2016\/03\/MACRO-2.jpg","width":1001,"height":741},{"@type":"BreadcrumbList","@id":"https:\/\/geelli.com\/silikon-hause-artikel\/specchi\/macro\/#breadcrumb","itemListElement":[{"@type":"ListItem","position":1,"name":"Home","item":"https:\/\/geelli.com\/de\/"},{"@type":"ListItem","position":2,"name":"Shop","item":"https:\/\/geelli.com\/de\/shop\/"},{"@type":"ListItem","position":3,"name":"SPECCHI","item":"https:\/\/geelli.com\/prodotti\/specchi\/"},{"@type":"ListItem","position":4,"name":"MACRO"}]},{"@type":"WebSite","@id":"https:\/\/geelli.com\/#website","url":"https:\/\/geelli.com\/","name":"Geelli","description":"Just another WordPress site","potentialAction":[{"@type":"SearchAction","target":{"@type":"EntryPoint","urlTemplate":"https:\/\/geelli.com\/?s={search_term_string}"},"query-input":{"@type":"PropertyValueSpecification","valueRequired":true,"valueName":"search_term_string"}}],"inLanguage":"de"}]}},"_links":{"self":[{"href":"https:\/\/geelli.com\/de\/wp-json\/wp\/v2\/product\/6393","targetHints":{"allow":["GET"]}}],"collection":[{"href":"https:\/\/geelli.com\/de\/wp-json\/wp\/v2\/product"}],"about":[{"href":"https:\/\/geelli.com\/de\/wp-json\/wp\/v2\/types\/product"}],"replies":[{"embeddable":true,"href":"https:\/\/geelli.com\/de\/wp-json\/wp\/v2\/comments?post=6393"}],"wp:featuredmedia":[{"embeddable":true,"href":"https:\/\/geelli.com\/de\/wp-json\/wp\/v2\/media\/24375"}],"wp:attachment":[{"href":"https:\/\/geelli.com\/de\/wp-json\/wp\/v2\/media?parent=6393"}],"wp:term":[{"taxonomy":"product_brand","embeddable":true,"href":"https:\/\/geelli.com\/de\/wp-json\/wp\/v2\/product_brand?post=6393"},{"taxonomy":"product_cat","embeddable":true,"href":"https:\/\/geelli.com\/de\/wp-json\/wp\/v2\/product_cat?post=6393"},{"taxonomy":"product_tag","embeddable":true,"href":"https:\/\/geelli.com\/de\/wp-json\/wp\/v2\/product_tag?post=6393"}],"curies":[{"name":"wp","href":"https:\/\/api.w.org\/{rel}","templated":true}]}}