{"id":8923,"date":"2016-03-31T08:56:04","date_gmt":"2016-03-31T07:56:04","guid":{"rendered":"http:\/\/geelli.andreamorandini.it\/de\/collezioni\/senza%20categoria\/miebrame\/"},"modified":"2016-06-24T07:55:18","modified_gmt":"2016-06-24T07:55:18","slug":"miebrame","status":"publish","type":"product","link":"https:\/\/geelli.com\/de\/silikon-hause-artikel\/spiegeln\/miebrame\/","title":{"rendered":"MIEBRAME"},"content":{"rendered":"<p>Weicher und selbstklebender Spiegel, l\u00e4sst sich in der gew\u00fcnschten H\u00f6he anbringen, die Lage kann bei Bedarf m\u00fchelos ge\u00e4ndert werden. Version Miebrame Zoom 2fache Vergr\u00f6\u00dferung.<\/p>\n","protected":false},"excerpt":{"rendered":"<p>Weicher und selbstklebender Spiegel, l\u00e4sst sich in der gew\u00fcnschten H\u00f6he anbringen, die Lage kann bei Bedarf m\u00fchelos ge\u00e4ndert werden. Version Miebrame Zoom 2fache Vergr\u00f6\u00dferung.<\/p>\n","protected":false},"featured_media":24423,"comment_status":"closed","ping_status":"closed","template":"","meta":{"_acf_changed":false},"product_brand":[],"product_cat":[344],"product_tag":[],"class_list":{"0":"post-8923","1":"product","2":"type-product","3":"status-publish","4":"has-post-thumbnail","6":"product_cat-spiegeln","7":"tm-no-options","9":"first","10":"instock","11":"taxable","12":"shipping-taxable","13":"purchasable","14":"product-type-variable"},"acf":[],"yoast_head":"<!-- This site is optimized with the Yoast SEO plugin v27.0 - https:\/\/yoast.com\/product\/yoast-seo-wordpress\/ -->\n<title>MIEBRAME - Geelli<\/title>\n<meta name=\"description\" content=\"Weicher und selbstklebender Spiegel, l\u00e4sst sich in der gew\u00fcnschten H\u00f6he anbringen, die Lage kann bei Bedarf m\u00fchelos ge\u00e4ndert werden. Version Miebrame Zoom\" \/>\n<meta name=\"robots\" content=\"index, follow, max-snippet:-1, max-image-preview:large, max-video-preview:-1\" \/>\n<link rel=\"canonical\" href=\"https:\/\/geelli.com\/silikon-hause-artikel\/specchi\/miebrame\/\" \/>\n<meta property=\"og:locale\" content=\"de_DE\" \/>\n<meta property=\"og:type\" content=\"article\" \/>\n<meta property=\"og:title\" content=\"MIEBRAME - Geelli\" \/>\n<meta property=\"og:description\" content=\"Weicher und selbstklebender Spiegel, l\u00e4sst sich in der gew\u00fcnschten H\u00f6he anbringen, die Lage kann bei Bedarf m\u00fchelos ge\u00e4ndert werden. Version Miebrame Zoom\" \/>\n<meta property=\"og:url\" content=\"https:\/\/geelli.com\/silikon-hause-artikel\/specchi\/miebrame\/\" \/>\n<meta property=\"og:site_name\" content=\"Geelli\" \/>\n<meta property=\"article:modified_time\" content=\"2016-06-24T07:55:18+00:00\" \/>\n<meta property=\"og:image\" content=\"https:\/\/geelli.com\/wp-content\/uploads\/2016\/03\/GSI-000-C60-1-scaled.jpg\" \/>\n\t<meta property=\"og:image:width\" content=\"2560\" \/>\n\t<meta property=\"og:image:height\" content=\"1707\" \/>\n\t<meta property=\"og:image:type\" content=\"image\/jpeg\" \/>\n<meta name=\"twitter:card\" content=\"summary_large_image\" \/>\n<script type=\"application\/ld+json\" class=\"yoast-schema-graph\">{\"@context\":\"https:\/\/schema.org\",\"@graph\":[{\"@type\":\"WebPage\",\"@id\":\"https:\/\/geelli.com\/silikon-hause-artikel\/specchi\/miebrame\/\",\"url\":\"https:\/\/geelli.com\/silikon-hause-artikel\/specchi\/miebrame\/\",\"name\":\"MIEBRAME - Geelli\",\"isPartOf\":{\"@id\":\"https:\/\/geelli.com\/#website\"},\"primaryImageOfPage\":{\"@id\":\"https:\/\/geelli.com\/silikon-hause-artikel\/specchi\/miebrame\/#primaryimage\"},\"image\":{\"@id\":\"https:\/\/geelli.com\/silikon-hause-artikel\/specchi\/miebrame\/#primaryimage\"},\"thumbnailUrl\":\"https:\/\/geelli.com\/wp-content\/uploads\/2016\/03\/GSI-000-C60-1-scaled.jpg\",\"datePublished\":\"2016-03-31T07:56:04+00:00\",\"dateModified\":\"2016-06-24T07:55:18+00:00\",\"description\":\"Weicher und selbstklebender Spiegel, l\u00e4sst sich in der gew\u00fcnschten H\u00f6he anbringen, die Lage kann bei Bedarf m\u00fchelos ge\u00e4ndert werden. Version Miebrame Zoom\",\"breadcrumb\":{\"@id\":\"https:\/\/geelli.com\/silikon-hause-artikel\/specchi\/miebrame\/#breadcrumb\"},\"inLanguage\":\"de\",\"potentialAction\":[{\"@type\":\"ReadAction\",\"target\":[\"https:\/\/geelli.com\/silikon-hause-artikel\/specchi\/miebrame\/\"]}]},{\"@type\":\"ImageObject\",\"inLanguage\":\"de\",\"@id\":\"https:\/\/geelli.com\/silikon-hause-artikel\/specchi\/miebrame\/#primaryimage\",\"url\":\"https:\/\/geelli.com\/wp-content\/uploads\/2016\/03\/GSI-000-C60-1-scaled.jpg\",\"contentUrl\":\"https:\/\/geelli.com\/wp-content\/uploads\/2016\/03\/GSI-000-C60-1-scaled.jpg\",\"width\":2560,\"height\":1707},{\"@type\":\"BreadcrumbList\",\"@id\":\"https:\/\/geelli.com\/silikon-hause-artikel\/specchi\/miebrame\/#breadcrumb\",\"itemListElement\":[{\"@type\":\"ListItem\",\"position\":1,\"name\":\"Home\",\"item\":\"https:\/\/geelli.com\/de\/\"},{\"@type\":\"ListItem\",\"position\":2,\"name\":\"Shop\",\"item\":\"https:\/\/geelli.com\/de\/shop\/\"},{\"@type\":\"ListItem\",\"position\":3,\"name\":\"SPECCHI\",\"item\":\"https:\/\/geelli.com\/prodotti\/specchi\/\"},{\"@type\":\"ListItem\",\"position\":4,\"name\":\"MIEBRAME\"}]},{\"@type\":\"WebSite\",\"@id\":\"https:\/\/geelli.com\/#website\",\"url\":\"https:\/\/geelli.com\/\",\"name\":\"Geelli\",\"description\":\"Just another WordPress site\",\"potentialAction\":[{\"@type\":\"SearchAction\",\"target\":{\"@type\":\"EntryPoint\",\"urlTemplate\":\"https:\/\/geelli.com\/?s={search_term_string}\"},\"query-input\":{\"@type\":\"PropertyValueSpecification\",\"valueRequired\":true,\"valueName\":\"search_term_string\"}}],\"inLanguage\":\"de\"}]}<\/script>\n<!-- \/ Yoast SEO plugin. -->","yoast_head_json":{"title":"MIEBRAME - Geelli","description":"Weicher und selbstklebender Spiegel, l\u00e4sst sich in der gew\u00fcnschten H\u00f6he anbringen, die Lage kann bei Bedarf m\u00fchelos ge\u00e4ndert werden. Version Miebrame Zoom","robots":{"index":"index","follow":"follow","max-snippet":"max-snippet:-1","max-image-preview":"max-image-preview:large","max-video-preview":"max-video-preview:-1"},"canonical":"https:\/\/geelli.com\/silikon-hause-artikel\/specchi\/miebrame\/","og_locale":"de_DE","og_type":"article","og_title":"MIEBRAME - Geelli","og_description":"Weicher und selbstklebender Spiegel, l\u00e4sst sich in der gew\u00fcnschten H\u00f6he anbringen, die Lage kann bei Bedarf m\u00fchelos ge\u00e4ndert werden. Version Miebrame Zoom","og_url":"https:\/\/geelli.com\/silikon-hause-artikel\/specchi\/miebrame\/","og_site_name":"Geelli","article_modified_time":"2016-06-24T07:55:18+00:00","og_image":[{"width":2560,"height":1707,"url":"https:\/\/geelli.com\/wp-content\/uploads\/2016\/03\/GSI-000-C60-1-scaled.jpg","type":"image\/jpeg"}],"twitter_card":"summary_large_image","schema":{"@context":"https:\/\/schema.org","@graph":[{"@type":"WebPage","@id":"https:\/\/geelli.com\/silikon-hause-artikel\/specchi\/miebrame\/","url":"https:\/\/geelli.com\/silikon-hause-artikel\/specchi\/miebrame\/","name":"MIEBRAME - Geelli","isPartOf":{"@id":"https:\/\/geelli.com\/#website"},"primaryImageOfPage":{"@id":"https:\/\/geelli.com\/silikon-hause-artikel\/specchi\/miebrame\/#primaryimage"},"image":{"@id":"https:\/\/geelli.com\/silikon-hause-artikel\/specchi\/miebrame\/#primaryimage"},"thumbnailUrl":"https:\/\/geelli.com\/wp-content\/uploads\/2016\/03\/GSI-000-C60-1-scaled.jpg","datePublished":"2016-03-31T07:56:04+00:00","dateModified":"2016-06-24T07:55:18+00:00","description":"Weicher und selbstklebender Spiegel, l\u00e4sst sich in der gew\u00fcnschten H\u00f6he anbringen, die Lage kann bei Bedarf m\u00fchelos ge\u00e4ndert werden. Version Miebrame Zoom","breadcrumb":{"@id":"https:\/\/geelli.com\/silikon-hause-artikel\/specchi\/miebrame\/#breadcrumb"},"inLanguage":"de","potentialAction":[{"@type":"ReadAction","target":["https:\/\/geelli.com\/silikon-hause-artikel\/specchi\/miebrame\/"]}]},{"@type":"ImageObject","inLanguage":"de","@id":"https:\/\/geelli.com\/silikon-hause-artikel\/specchi\/miebrame\/#primaryimage","url":"https:\/\/geelli.com\/wp-content\/uploads\/2016\/03\/GSI-000-C60-1-scaled.jpg","contentUrl":"https:\/\/geelli.com\/wp-content\/uploads\/2016\/03\/GSI-000-C60-1-scaled.jpg","width":2560,"height":1707},{"@type":"BreadcrumbList","@id":"https:\/\/geelli.com\/silikon-hause-artikel\/specchi\/miebrame\/#breadcrumb","itemListElement":[{"@type":"ListItem","position":1,"name":"Home","item":"https:\/\/geelli.com\/de\/"},{"@type":"ListItem","position":2,"name":"Shop","item":"https:\/\/geelli.com\/de\/shop\/"},{"@type":"ListItem","position":3,"name":"SPECCHI","item":"https:\/\/geelli.com\/prodotti\/specchi\/"},{"@type":"ListItem","position":4,"name":"MIEBRAME"}]},{"@type":"WebSite","@id":"https:\/\/geelli.com\/#website","url":"https:\/\/geelli.com\/","name":"Geelli","description":"Just another WordPress site","potentialAction":[{"@type":"SearchAction","target":{"@type":"EntryPoint","urlTemplate":"https:\/\/geelli.com\/?s={search_term_string}"},"query-input":{"@type":"PropertyValueSpecification","valueRequired":true,"valueName":"search_term_string"}}],"inLanguage":"de"}]}},"_links":{"self":[{"href":"https:\/\/geelli.com\/de\/wp-json\/wp\/v2\/product\/8923","targetHints":{"allow":["GET"]}}],"collection":[{"href":"https:\/\/geelli.com\/de\/wp-json\/wp\/v2\/product"}],"about":[{"href":"https:\/\/geelli.com\/de\/wp-json\/wp\/v2\/types\/product"}],"replies":[{"embeddable":true,"href":"https:\/\/geelli.com\/de\/wp-json\/wp\/v2\/comments?post=8923"}],"wp:featuredmedia":[{"embeddable":true,"href":"https:\/\/geelli.com\/de\/wp-json\/wp\/v2\/media\/24423"}],"wp:attachment":[{"href":"https:\/\/geelli.com\/de\/wp-json\/wp\/v2\/media?parent=8923"}],"wp:term":[{"taxonomy":"product_brand","embeddable":true,"href":"https:\/\/geelli.com\/de\/wp-json\/wp\/v2\/product_brand?post=8923"},{"taxonomy":"product_cat","embeddable":true,"href":"https:\/\/geelli.com\/de\/wp-json\/wp\/v2\/product_cat?post=8923"},{"taxonomy":"product_tag","embeddable":true,"href":"https:\/\/geelli.com\/de\/wp-json\/wp\/v2\/product_tag?post=8923"}],"curies":[{"name":"wp","href":"https:\/\/api.w.org\/{rel}","templated":true}]}}