{"id":9293,"date":"2016-03-31T08:54:50","date_gmt":"2016-03-31T07:54:50","guid":{"rendered":"http:\/\/geelli.andreamorandini.it\/de\/silicone-home-decor-collections\/senza%20categoria\/listiamo\/"},"modified":"2016-06-24T07:56:03","modified_gmt":"2016-06-24T07:56:03","slug":"listiamo","status":"publish","type":"product","link":"https:\/\/geelli.com\/de\/silikon-hause-artikel\/bad\/listiamo\/","title":{"rendered":"LISTIAMO"},"content":{"rendered":"<p>Packung bestehend aus Zahncremehalter und zwei Zahnb\u00fcrstenhalter, weich und selbstklebend, die in der gew\u00fcnschten H\u00f6he angebracht werden k\u00f6nnen.<\/p>\n","protected":false},"excerpt":{"rendered":"<p>Packung bestehend aus Zahncremehalter und zwei Zahnb\u00fcrstenhalter, weich und selbstklebend, die in der gew\u00fcnschten H\u00f6he angebracht werden k\u00f6nnen.<\/p>\n","protected":false},"featured_media":22279,"comment_status":"closed","ping_status":"closed","template":"","meta":{"_acf_changed":false},"product_brand":[],"product_cat":[326],"product_tag":[],"class_list":{"0":"post-9293","1":"product","2":"type-product","3":"status-publish","4":"has-post-thumbnail","6":"product_cat-bad","7":"tm-no-options","9":"first","10":"instock","11":"taxable","12":"shipping-taxable","13":"purchasable","14":"product-type-variable"},"acf":[],"yoast_head":"<!-- This site is optimized with the Yoast SEO plugin v27.0 - https:\/\/yoast.com\/product\/yoast-seo-wordpress\/ -->\n<title>LISTIAMO - Geelli<\/title>\n<meta name=\"description\" content=\"Packung bestehend aus Zahncremehalter und zwei Zahnb\u00fcrstenhalter, weich und selbstklebend, die in der gew\u00fcnschten H\u00f6he angebracht werden k\u00f6nnen.\" \/>\n<meta name=\"robots\" content=\"index, follow, max-snippet:-1, max-image-preview:large, max-video-preview:-1\" \/>\n<link rel=\"canonical\" href=\"https:\/\/geelli.com\/silikon-hause-artikel\/bagno\/li-stiamo\/\" \/>\n<meta property=\"og:locale\" content=\"de_DE\" \/>\n<meta property=\"og:type\" content=\"article\" \/>\n<meta property=\"og:title\" content=\"LISTIAMO - Geelli\" \/>\n<meta property=\"og:description\" content=\"Packung bestehend aus Zahncremehalter und zwei Zahnb\u00fcrstenhalter, weich und selbstklebend, die in der gew\u00fcnschten H\u00f6he angebracht werden k\u00f6nnen.\" \/>\n<meta property=\"og:url\" content=\"https:\/\/geelli.com\/silikon-hause-artikel\/bagno\/li-stiamo\/\" \/>\n<meta property=\"og:site_name\" content=\"Geelli\" \/>\n<meta property=\"article:modified_time\" content=\"2016-06-24T07:56:03+00:00\" \/>\n<meta property=\"og:image\" content=\"https:\/\/geelli.com\/wp-content\/uploads\/2016\/03\/08a5435-copia-scaled.jpg\" \/>\n\t<meta property=\"og:image:width\" content=\"1706\" \/>\n\t<meta property=\"og:image:height\" content=\"2560\" \/>\n\t<meta property=\"og:image:type\" content=\"image\/jpeg\" \/>\n<meta name=\"twitter:card\" content=\"summary_large_image\" \/>\n<script type=\"application\/ld+json\" class=\"yoast-schema-graph\">{\"@context\":\"https:\/\/schema.org\",\"@graph\":[{\"@type\":\"WebPage\",\"@id\":\"https:\/\/geelli.com\/silikon-hause-artikel\/bagno\/li-stiamo\/\",\"url\":\"https:\/\/geelli.com\/silikon-hause-artikel\/bagno\/li-stiamo\/\",\"name\":\"LISTIAMO - Geelli\",\"isPartOf\":{\"@id\":\"https:\/\/geelli.com\/#website\"},\"primaryImageOfPage\":{\"@id\":\"https:\/\/geelli.com\/silikon-hause-artikel\/bagno\/li-stiamo\/#primaryimage\"},\"image\":{\"@id\":\"https:\/\/geelli.com\/silikon-hause-artikel\/bagno\/li-stiamo\/#primaryimage\"},\"thumbnailUrl\":\"https:\/\/geelli.com\/wp-content\/uploads\/2016\/03\/08a5435-copia-scaled.jpg\",\"datePublished\":\"2016-03-31T07:54:50+00:00\",\"dateModified\":\"2016-06-24T07:56:03+00:00\",\"description\":\"Packung bestehend aus Zahncremehalter und zwei Zahnb\u00fcrstenhalter, weich und selbstklebend, die in der gew\u00fcnschten H\u00f6he angebracht werden k\u00f6nnen.\",\"breadcrumb\":{\"@id\":\"https:\/\/geelli.com\/silikon-hause-artikel\/bagno\/li-stiamo\/#breadcrumb\"},\"inLanguage\":\"de\",\"potentialAction\":[{\"@type\":\"ReadAction\",\"target\":[\"https:\/\/geelli.com\/silikon-hause-artikel\/bagno\/li-stiamo\/\"]}]},{\"@type\":\"ImageObject\",\"inLanguage\":\"de\",\"@id\":\"https:\/\/geelli.com\/silikon-hause-artikel\/bagno\/li-stiamo\/#primaryimage\",\"url\":\"https:\/\/geelli.com\/wp-content\/uploads\/2016\/03\/08a5435-copia-scaled.jpg\",\"contentUrl\":\"https:\/\/geelli.com\/wp-content\/uploads\/2016\/03\/08a5435-copia-scaled.jpg\",\"width\":1706,\"height\":2560,\"caption\":\"geelli, listiamo\"},{\"@type\":\"BreadcrumbList\",\"@id\":\"https:\/\/geelli.com\/silikon-hause-artikel\/bagno\/li-stiamo\/#breadcrumb\",\"itemListElement\":[{\"@type\":\"ListItem\",\"position\":1,\"name\":\"Home\",\"item\":\"https:\/\/geelli.com\/de\/\"},{\"@type\":\"ListItem\",\"position\":2,\"name\":\"Shop\",\"item\":\"https:\/\/geelli.com\/de\/shop\/\"},{\"@type\":\"ListItem\",\"position\":3,\"name\":\"BAGNO\",\"item\":\"https:\/\/geelli.com\/prodotti\/bagno\/\"},{\"@type\":\"ListItem\",\"position\":4,\"name\":\"LISTIAMO\"}]},{\"@type\":\"WebSite\",\"@id\":\"https:\/\/geelli.com\/#website\",\"url\":\"https:\/\/geelli.com\/\",\"name\":\"Geelli\",\"description\":\"Just another WordPress site\",\"potentialAction\":[{\"@type\":\"SearchAction\",\"target\":{\"@type\":\"EntryPoint\",\"urlTemplate\":\"https:\/\/geelli.com\/?s={search_term_string}\"},\"query-input\":{\"@type\":\"PropertyValueSpecification\",\"valueRequired\":true,\"valueName\":\"search_term_string\"}}],\"inLanguage\":\"de\"}]}<\/script>\n<!-- \/ Yoast SEO plugin. -->","yoast_head_json":{"title":"LISTIAMO - Geelli","description":"Packung bestehend aus Zahncremehalter und zwei Zahnb\u00fcrstenhalter, weich und selbstklebend, die in der gew\u00fcnschten H\u00f6he angebracht werden k\u00f6nnen.","robots":{"index":"index","follow":"follow","max-snippet":"max-snippet:-1","max-image-preview":"max-image-preview:large","max-video-preview":"max-video-preview:-1"},"canonical":"https:\/\/geelli.com\/silikon-hause-artikel\/bagno\/li-stiamo\/","og_locale":"de_DE","og_type":"article","og_title":"LISTIAMO - Geelli","og_description":"Packung bestehend aus Zahncremehalter und zwei Zahnb\u00fcrstenhalter, weich und selbstklebend, die in der gew\u00fcnschten H\u00f6he angebracht werden k\u00f6nnen.","og_url":"https:\/\/geelli.com\/silikon-hause-artikel\/bagno\/li-stiamo\/","og_site_name":"Geelli","article_modified_time":"2016-06-24T07:56:03+00:00","og_image":[{"width":1706,"height":2560,"url":"https:\/\/geelli.com\/wp-content\/uploads\/2016\/03\/08a5435-copia-scaled.jpg","type":"image\/jpeg"}],"twitter_card":"summary_large_image","schema":{"@context":"https:\/\/schema.org","@graph":[{"@type":"WebPage","@id":"https:\/\/geelli.com\/silikon-hause-artikel\/bagno\/li-stiamo\/","url":"https:\/\/geelli.com\/silikon-hause-artikel\/bagno\/li-stiamo\/","name":"LISTIAMO - Geelli","isPartOf":{"@id":"https:\/\/geelli.com\/#website"},"primaryImageOfPage":{"@id":"https:\/\/geelli.com\/silikon-hause-artikel\/bagno\/li-stiamo\/#primaryimage"},"image":{"@id":"https:\/\/geelli.com\/silikon-hause-artikel\/bagno\/li-stiamo\/#primaryimage"},"thumbnailUrl":"https:\/\/geelli.com\/wp-content\/uploads\/2016\/03\/08a5435-copia-scaled.jpg","datePublished":"2016-03-31T07:54:50+00:00","dateModified":"2016-06-24T07:56:03+00:00","description":"Packung bestehend aus Zahncremehalter und zwei Zahnb\u00fcrstenhalter, weich und selbstklebend, die in der gew\u00fcnschten H\u00f6he angebracht werden k\u00f6nnen.","breadcrumb":{"@id":"https:\/\/geelli.com\/silikon-hause-artikel\/bagno\/li-stiamo\/#breadcrumb"},"inLanguage":"de","potentialAction":[{"@type":"ReadAction","target":["https:\/\/geelli.com\/silikon-hause-artikel\/bagno\/li-stiamo\/"]}]},{"@type":"ImageObject","inLanguage":"de","@id":"https:\/\/geelli.com\/silikon-hause-artikel\/bagno\/li-stiamo\/#primaryimage","url":"https:\/\/geelli.com\/wp-content\/uploads\/2016\/03\/08a5435-copia-scaled.jpg","contentUrl":"https:\/\/geelli.com\/wp-content\/uploads\/2016\/03\/08a5435-copia-scaled.jpg","width":1706,"height":2560,"caption":"geelli, listiamo"},{"@type":"BreadcrumbList","@id":"https:\/\/geelli.com\/silikon-hause-artikel\/bagno\/li-stiamo\/#breadcrumb","itemListElement":[{"@type":"ListItem","position":1,"name":"Home","item":"https:\/\/geelli.com\/de\/"},{"@type":"ListItem","position":2,"name":"Shop","item":"https:\/\/geelli.com\/de\/shop\/"},{"@type":"ListItem","position":3,"name":"BAGNO","item":"https:\/\/geelli.com\/prodotti\/bagno\/"},{"@type":"ListItem","position":4,"name":"LISTIAMO"}]},{"@type":"WebSite","@id":"https:\/\/geelli.com\/#website","url":"https:\/\/geelli.com\/","name":"Geelli","description":"Just another WordPress site","potentialAction":[{"@type":"SearchAction","target":{"@type":"EntryPoint","urlTemplate":"https:\/\/geelli.com\/?s={search_term_string}"},"query-input":{"@type":"PropertyValueSpecification","valueRequired":true,"valueName":"search_term_string"}}],"inLanguage":"de"}]}},"_links":{"self":[{"href":"https:\/\/geelli.com\/de\/wp-json\/wp\/v2\/product\/9293","targetHints":{"allow":["GET"]}}],"collection":[{"href":"https:\/\/geelli.com\/de\/wp-json\/wp\/v2\/product"}],"about":[{"href":"https:\/\/geelli.com\/de\/wp-json\/wp\/v2\/types\/product"}],"replies":[{"embeddable":true,"href":"https:\/\/geelli.com\/de\/wp-json\/wp\/v2\/comments?post=9293"}],"wp:featuredmedia":[{"embeddable":true,"href":"https:\/\/geelli.com\/de\/wp-json\/wp\/v2\/media\/22279"}],"wp:attachment":[{"href":"https:\/\/geelli.com\/de\/wp-json\/wp\/v2\/media?parent=9293"}],"wp:term":[{"taxonomy":"product_brand","embeddable":true,"href":"https:\/\/geelli.com\/de\/wp-json\/wp\/v2\/product_brand?post=9293"},{"taxonomy":"product_cat","embeddable":true,"href":"https:\/\/geelli.com\/de\/wp-json\/wp\/v2\/product_cat?post=9293"},{"taxonomy":"product_tag","embeddable":true,"href":"https:\/\/geelli.com\/de\/wp-json\/wp\/v2\/product_tag?post=9293"}],"curies":[{"name":"wp","href":"https:\/\/api.w.org\/{rel}","templated":true}]}}