{"id":10575,"date":"2016-06-15T14:03:30","date_gmt":"2016-06-15T14:03:30","guid":{"rendered":"http:\/\/geelli.andreamorandini.it\/fr\/?page_id=10575"},"modified":"2016-07-01T13:50:29","modified_gmt":"2016-07-01T13:50:29","slug":"gel-polyurethane","status":"publish","type":"page","link":"https:\/\/geelli.com\/fr\/gel-polyurethane\/","title":{"rendered":"Gel polyur\u00e9thane"},"content":{"rendered":"[vc_row type=\u00a0\u00bbin_container\u00a0\u00bb scene_position=\u00a0\u00bbcenter\u00a0\u00bb text_color=\u00a0\u00bbdark\u00a0\u00bb text_align=\u00a0\u00bbleft\u00a0\u00bb overlay_strength=\u00a0\u00bb0.3&Prime;][vc_column column_padding=\u00a0\u00bbno-extra-padding\u00a0\u00bb column_padding_position=\u00a0\u00bball\u00a0\u00bb background_color_opacity=\u00a0\u00bb1&Prime; background_hover_color_opacity=\u00a0\u00bb1&Prime; width=\u00a0\u00bb1\/2&Prime;]<div class=\"img-with-aniamtion-wrap \"><img decoding=\"async\" class=\"img-with-animation \" data-delay=\"0\" height=\"100%\" width=\"100%\" data-animation=\"fade-in\" src=\"https:\/\/geelli.com\/wp-content\/uploads\/2016\/06\/gp1.jpg\" alt=\"\" \/><\/div>[\/vc_column][vc_column column_padding=\u00a0\u00bbno-extra-padding\u00a0\u00bb column_padding_position=\u00a0\u00bball\u00a0\u00bb background_color_opacity=\u00a0\u00bb1&Prime; background_hover_color_opacity=\u00a0\u00bb1&Prime; width=\u00a0\u00bb1\/2&Prime;][vc_column_text el_class=\u00a0\u00bbslogan2&Prime;]Agr\u00e9ablement doux au toucher, les accessoires en gel polyur\u00e9thane reprennent leur forme originale apr\u00e8s avoir \u00e9t\u00e9 touch\u00e9s. Le gel polyur\u00e9thane peut \u00eatre utilis\u00e9 pour r\u00e9aliser des objets souples, moelleux et durables, ou bien pour recouvrir d\u2019autres \u00e9l\u00e9ments de produit r\u00e9alis\u00e9s en mat\u00e9riaux diff\u00e9rents comme des vitres, des miroirs ou des polyur\u00e9thanes rigides. Dans les deux cas, il assure une protection totale contre les chocs et les chutes, en r\u00e9sistant m\u00eame \u00e0 des \u00ab chocs \u00bb extr\u00eames.[\/vc_column_text][\/vc_column][\/vc_row][vc_row type=\u00a0\u00bbin_container\u00a0\u00bb scene_position=\u00a0\u00bbcenter\u00a0\u00bb text_color=\u00a0\u00bbdark\u00a0\u00bb text_align=\u00a0\u00bbleft\u00a0\u00bb overlay_strength=\u00a0\u00bb0.3&Prime;][vc_column column_padding=\u00a0\u00bbno-extra-padding\u00a0\u00bb column_padding_position=\u00a0\u00bball\u00a0\u00bb background_color_opacity=\u00a0\u00bb1&Prime; background_hover_color_opacity=\u00a0\u00bb1&Prime; width=\u00a0\u00bb1\/1&Prime;][vc_text_separator title=\u00a0\u00bb\u00a0\u00bb color=\u00a0\u00bbwhite\u00a0\u00bb el_class=\u00a0\u00bbciaoni\u00a0\u00bb][\/vc_column][\/vc_row][vc_row type=\u00a0\u00bbin_container\u00a0\u00bb scene_position=\u00a0\u00bbcenter\u00a0\u00bb text_color=\u00a0\u00bbdark\u00a0\u00bb text_align=\u00a0\u00bbleft\u00a0\u00bb overlay_strength=\u00a0\u00bb0.3&Prime;][vc_column column_padding=\u00a0\u00bbno-extra-padding\u00a0\u00bb column_padding_position=\u00a0\u00bball\u00a0\u00bb background_color_opacity=\u00a0\u00bb1&Prime; background_hover_color_opacity=\u00a0\u00bb1&Prime; width=\u00a0\u00bb1\/2&Prime;]<div class=\"img-with-aniamtion-wrap \"><img decoding=\"async\" class=\"img-with-animation \" data-delay=\"0\" height=\"100%\" width=\"100%\" data-animation=\"fade-in\" src=\"https:\/\/geelli.com\/wp-content\/uploads\/2016\/06\/gp2.jpg\" alt=\"\" \/><\/div>[\/vc_column][vc_column column_padding=\u00a0\u00bbno-extra-padding\u00a0\u00bb column_padding_position=\u00a0\u00bball\u00a0\u00bb background_color_opacity=\u00a0\u00bb1&Prime; background_hover_color_opacity=\u00a0\u00bb1&Prime; width=\u00a0\u00bb1\/2&Prime;][vc_column_text el_class=\u00a0\u00bbslogan2&Prime;]La caract\u00e9ristique principale de ce mat\u00e9riau est sa \u201cm\u00e9moire de forme\u201d qui lui permet de reprendre rapidement sa forme initiale apr\u00e8s avoir \u00e9t\u00e9 press\u00e9 dans les mains, ce qui donne une sensation agr\u00e9able et douce.[\/vc_column_text][\/vc_column][\/vc_row][vc_row type=\u00a0\u00bbin_container\u00a0\u00bb scene_position=\u00a0\u00bbcenter\u00a0\u00bb text_color=\u00a0\u00bbdark\u00a0\u00bb text_align=\u00a0\u00bbleft\u00a0\u00bb overlay_strength=\u00a0\u00bb0.3&Prime;][vc_column column_padding=\u00a0\u00bbno-extra-padding\u00a0\u00bb column_padding_position=\u00a0\u00bball\u00a0\u00bb background_color_opacity=\u00a0\u00bb1&Prime; background_hover_color_opacity=\u00a0\u00bb1&Prime; width=\u00a0\u00bb1\/1&Prime;][vc_text_separator title=\u00a0\u00bb\u00a0\u00bb color=\u00a0\u00bbwhite\u00a0\u00bb el_class=\u00a0\u00bbciaoni\u00a0\u00bb][\/vc_column][\/vc_row][vc_row type=\u00a0\u00bbin_container\u00a0\u00bb scene_position=\u00a0\u00bbcenter\u00a0\u00bb text_color=\u00a0\u00bbdark\u00a0\u00bb text_align=\u00a0\u00bbleft\u00a0\u00bb overlay_strength=\u00a0\u00bb0.3&Prime;][vc_column column_padding=\u00a0\u00bbno-extra-padding\u00a0\u00bb column_padding_position=\u00a0\u00bball\u00a0\u00bb background_color_opacity=\u00a0\u00bb1&Prime; background_hover_color_opacity=\u00a0\u00bb1&Prime; width=\u00a0\u00bb1\/2&Prime;]<div class=\"img-with-aniamtion-wrap \"><img decoding=\"async\" class=\"img-with-animation \" data-delay=\"0\" height=\"100%\" width=\"100%\" data-animation=\"fade-in\" src=\"https:\/\/geelli.com\/wp-content\/uploads\/2016\/06\/gp22.jpg\" alt=\"\" \/><\/div>[\/vc_column][vc_column column_padding=\u00a0\u00bbno-extra-padding\u00a0\u00bb column_padding_position=\u00a0\u00bball\u00a0\u00bb background_color_opacity=\u00a0\u00bb1&Prime; background_hover_color_opacity=\u00a0\u00bb1&Prime; width=\u00a0\u00bb1\/2&Prime;][vc_column_text el_class=\u00a0\u00bbslogan2&Prime;]Le gel polyur\u00e9thane est un mat\u00e9riel compact qui a la capacit\u00e9 d\u2019adh\u00e9rer aux surfaces, sans pour autant devoir les percer.[\/vc_column_text][\/vc_column][\/vc_row][vc_row type=\u00a0\u00bbin_container\u00a0\u00bb scene_position=\u00a0\u00bbcenter\u00a0\u00bb text_color=\u00a0\u00bbdark\u00a0\u00bb text_align=\u00a0\u00bbleft\u00a0\u00bb overlay_strength=\u00a0\u00bb0.3&Prime;][vc_column column_padding=\u00a0\u00bbno-extra-padding\u00a0\u00bb column_padding_position=\u00a0\u00bball\u00a0\u00bb background_color_opacity=\u00a0\u00bb1&Prime; background_hover_color_opacity=\u00a0\u00bb1&Prime; width=\u00a0\u00bb1\/1&Prime;][vc_text_separator title=\u00a0\u00bb\u00a0\u00bb color=\u00a0\u00bbwhite\u00a0\u00bb el_class=\u00a0\u00bbciaoni\u00a0\u00bb][\/vc_column][\/vc_row][vc_row type=\u00a0\u00bbin_container\u00a0\u00bb scene_position=\u00a0\u00bbcenter\u00a0\u00bb text_color=\u00a0\u00bbdark\u00a0\u00bb text_align=\u00a0\u00bbleft\u00a0\u00bb overlay_strength=\u00a0\u00bb0.3&Prime;][vc_column column_padding=\u00a0\u00bbno-extra-padding\u00a0\u00bb column_padding_position=\u00a0\u00bball\u00a0\u00bb background_color_opacity=\u00a0\u00bb1&Prime; background_hover_color_opacity=\u00a0\u00bb1&Prime; width=\u00a0\u00bb1\/2&Prime;]<div class=\"img-with-aniamtion-wrap \"><img decoding=\"async\" class=\"img-with-animation \" data-delay=\"0\" height=\"100%\" width=\"100%\" data-animation=\"fade-in\" src=\"https:\/\/geelli.com\/wp-content\/uploads\/2016\/06\/gp3.jpg\" alt=\"\" \/><\/div>[\/vc_column][vc_column column_padding=\u00a0\u00bbno-extra-padding\u00a0\u00bb column_padding_position=\u00a0\u00bball\u00a0\u00bb background_color_opacity=\u00a0\u00bb1&Prime; background_hover_color_opacity=\u00a0\u00bb1&Prime; width=\u00a0\u00bb1\/2&Prime;][vc_column_text el_class=\u00a0\u00bbslogan2&Prime;]Le gel polyur\u00e9thane utilis\u00e9 pour les accessoires Geelli peut avoir un aspect translucide ou opaque, en diff\u00e9rents coloris. Les couleurs translucides sont semi-transparentes et, en fonction de l\u2019\u00e9paisseur du gel, laissent filtrer la lumi\u00e8re de fa\u00e7on diff\u00e9rente en cr\u00e9ant plusieurs nuances. Les couleurs opaques ont une pr\u00e9sence visuelle forte qui se marie \u00e0 l\u2019agr\u00e9able souplesse du mat\u00e9riel.[\/vc_column_text][\/vc_column][\/vc_row]\n","protected":false},"excerpt":{"rendered":"<p>[vc_row type=\u00a0\u00bbin_container\u00a0\u00bb scene_position=\u00a0\u00bbcenter\u00a0\u00bb text_color=\u00a0\u00bbdark\u00a0\u00bb text_align=\u00a0\u00bbleft\u00a0\u00bb overlay_strength=\u00a0\u00bb0.3&Prime;][vc_column column_padding=\u00a0\u00bbno-extra-padding\u00a0\u00bb column_padding_position=\u00a0\u00bball\u00a0\u00bb background_color_opacity=\u00a0\u00bb1&Prime; background_hover_color_opacity=\u00a0\u00bb1&Prime; width=\u00a0\u00bb1\/2&Prime;][\/vc_column][vc_column column_padding=\u00a0\u00bbno-extra-padding\u00a0\u00bb column_padding_position=\u00a0\u00bball\u00a0\u00bb background_color_opacity=\u00a0\u00bb1&Prime; background_hover_color_opacity=\u00a0\u00bb1&Prime; width=\u00a0\u00bb1\/2&Prime;][vc_column_text el_class=\u00a0\u00bbslogan2&Prime;]Agr\u00e9ablement doux au toucher, les accessoires en gel polyur\u00e9thane reprennent leur forme originale apr\u00e8s&#8230;<\/p>\n","protected":false},"author":1,"featured_media":0,"parent":0,"menu_order":42,"comment_status":"closed","ping_status":"closed","template":"page-materiali.php","meta":{"_acf_changed":false,"footnotes":""},"class_list":["post-10575","page","type-page","status-publish","hentry"],"acf":[],"yoast_head":"<!-- This site is optimized with the Yoast SEO plugin v27.0 - https:\/\/yoast.com\/product\/yoast-seo-wordpress\/ -->\n<title>Gel polyur\u00e9thane - Geelli<\/title>\n<meta name=\"robots\" content=\"index, follow, max-snippet:-1, max-image-preview:large, max-video-preview:-1\" \/>\n<link rel=\"canonical\" href=\"https:\/\/geelli.com\/fr\/gel-polyurethane\/\" \/>\n<meta property=\"og:locale\" content=\"fr_FR\" \/>\n<meta property=\"og:type\" content=\"article\" \/>\n<meta property=\"og:title\" content=\"Gel polyur\u00e9thane - Geelli\" \/>\n<meta property=\"og:description\" content=\"[vc_row type=\u00a0\u00bbin_container\u00a0\u00bb scene_position=\u00a0\u00bbcenter\u00a0\u00bb text_color=\u00a0\u00bbdark\u00a0\u00bb text_align=\u00a0\u00bbleft\u00a0\u00bb overlay_strength=\u00a0\u00bb0.3&Prime;][vc_column column_padding=\u00a0\u00bbno-extra-padding\u00a0\u00bb column_padding_position=\u00a0\u00bball\u00a0\u00bb background_color_opacity=\u00a0\u00bb1&Prime; background_hover_color_opacity=\u00a0\u00bb1&Prime; width=\u00a0\u00bb1\/2&Prime;][\/vc_column][vc_column column_padding=\u00a0\u00bbno-extra-padding\u00a0\u00bb column_padding_position=\u00a0\u00bball\u00a0\u00bb background_color_opacity=\u00a0\u00bb1&Prime; background_hover_color_opacity=\u00a0\u00bb1&Prime; width=\u00a0\u00bb1\/2&Prime;][vc_column_text el_class=\u00a0\u00bbslogan2&Prime;]Agr\u00e9ablement doux au toucher, les accessoires en gel polyur\u00e9thane reprennent leur forme originale apr\u00e8s...\" \/>\n<meta property=\"og:url\" content=\"https:\/\/geelli.com\/fr\/gel-polyurethane\/\" \/>\n<meta property=\"og:site_name\" content=\"Geelli\" \/>\n<meta property=\"article:modified_time\" content=\"2016-07-01T13:50:29+00:00\" \/>\n<meta name=\"twitter:card\" content=\"summary_large_image\" \/>\n<meta name=\"twitter:label1\" content=\"Dur\u00e9e de lecture estim\u00e9e\" \/>\n\t<meta name=\"twitter:data1\" content=\"3 minutes\" \/>\n<script type=\"application\/ld+json\" class=\"yoast-schema-graph\">{\"@context\":\"https:\/\/schema.org\",\"@graph\":[{\"@type\":\"WebPage\",\"@id\":\"https:\/\/geelli.com\/fr\/gel-polyurethane\/\",\"url\":\"https:\/\/geelli.com\/fr\/gel-polyurethane\/\",\"name\":\"Gel polyur\u00e9thane - Geelli\",\"isPartOf\":{\"@id\":\"https:\/\/geelli.com\/#website\"},\"datePublished\":\"2016-06-15T14:03:30+00:00\",\"dateModified\":\"2016-07-01T13:50:29+00:00\",\"breadcrumb\":{\"@id\":\"https:\/\/geelli.com\/fr\/gel-polyurethane\/#breadcrumb\"},\"inLanguage\":\"fr-FR\",\"potentialAction\":[{\"@type\":\"ReadAction\",\"target\":[\"https:\/\/geelli.com\/fr\/gel-polyurethane\/\"]}]},{\"@type\":\"BreadcrumbList\",\"@id\":\"https:\/\/geelli.com\/fr\/gel-polyurethane\/#breadcrumb\",\"itemListElement\":[{\"@type\":\"ListItem\",\"position\":1,\"name\":\"Home\",\"item\":\"https:\/\/geelli.com\/fr\/\"},{\"@type\":\"ListItem\",\"position\":2,\"name\":\"Gel polyur\u00e9thane\"}]},{\"@type\":\"WebSite\",\"@id\":\"https:\/\/geelli.com\/#website\",\"url\":\"https:\/\/geelli.com\/\",\"name\":\"Geelli\",\"description\":\"Just another WordPress site\",\"potentialAction\":[{\"@type\":\"SearchAction\",\"target\":{\"@type\":\"EntryPoint\",\"urlTemplate\":\"https:\/\/geelli.com\/?s={search_term_string}\"},\"query-input\":{\"@type\":\"PropertyValueSpecification\",\"valueRequired\":true,\"valueName\":\"search_term_string\"}}],\"inLanguage\":\"fr-FR\"}]}<\/script>\n<!-- \/ Yoast SEO plugin. -->","yoast_head_json":{"title":"Gel polyur\u00e9thane - Geelli","robots":{"index":"index","follow":"follow","max-snippet":"max-snippet:-1","max-image-preview":"max-image-preview:large","max-video-preview":"max-video-preview:-1"},"canonical":"https:\/\/geelli.com\/fr\/gel-polyurethane\/","og_locale":"fr_FR","og_type":"article","og_title":"Gel polyur\u00e9thane - Geelli","og_description":"[vc_row type=\u00a0\u00bbin_container\u00a0\u00bb scene_position=\u00a0\u00bbcenter\u00a0\u00bb text_color=\u00a0\u00bbdark\u00a0\u00bb text_align=\u00a0\u00bbleft\u00a0\u00bb overlay_strength=\u00a0\u00bb0.3&Prime;][vc_column column_padding=\u00a0\u00bbno-extra-padding\u00a0\u00bb column_padding_position=\u00a0\u00bball\u00a0\u00bb background_color_opacity=\u00a0\u00bb1&Prime; background_hover_color_opacity=\u00a0\u00bb1&Prime; width=\u00a0\u00bb1\/2&Prime;][\/vc_column][vc_column column_padding=\u00a0\u00bbno-extra-padding\u00a0\u00bb column_padding_position=\u00a0\u00bball\u00a0\u00bb background_color_opacity=\u00a0\u00bb1&Prime; background_hover_color_opacity=\u00a0\u00bb1&Prime; width=\u00a0\u00bb1\/2&Prime;][vc_column_text el_class=\u00a0\u00bbslogan2&Prime;]Agr\u00e9ablement doux au toucher, les accessoires en gel polyur\u00e9thane reprennent leur forme originale apr\u00e8s...","og_url":"https:\/\/geelli.com\/fr\/gel-polyurethane\/","og_site_name":"Geelli","article_modified_time":"2016-07-01T13:50:29+00:00","twitter_card":"summary_large_image","twitter_misc":{"Dur\u00e9e de lecture estim\u00e9e":"3 minutes"},"schema":{"@context":"https:\/\/schema.org","@graph":[{"@type":"WebPage","@id":"https:\/\/geelli.com\/fr\/gel-polyurethane\/","url":"https:\/\/geelli.com\/fr\/gel-polyurethane\/","name":"Gel polyur\u00e9thane - Geelli","isPartOf":{"@id":"https:\/\/geelli.com\/#website"},"datePublished":"2016-06-15T14:03:30+00:00","dateModified":"2016-07-01T13:50:29+00:00","breadcrumb":{"@id":"https:\/\/geelli.com\/fr\/gel-polyurethane\/#breadcrumb"},"inLanguage":"fr-FR","potentialAction":[{"@type":"ReadAction","target":["https:\/\/geelli.com\/fr\/gel-polyurethane\/"]}]},{"@type":"BreadcrumbList","@id":"https:\/\/geelli.com\/fr\/gel-polyurethane\/#breadcrumb","itemListElement":[{"@type":"ListItem","position":1,"name":"Home","item":"https:\/\/geelli.com\/fr\/"},{"@type":"ListItem","position":2,"name":"Gel polyur\u00e9thane"}]},{"@type":"WebSite","@id":"https:\/\/geelli.com\/#website","url":"https:\/\/geelli.com\/","name":"Geelli","description":"Just another WordPress site","potentialAction":[{"@type":"SearchAction","target":{"@type":"EntryPoint","urlTemplate":"https:\/\/geelli.com\/?s={search_term_string}"},"query-input":{"@type":"PropertyValueSpecification","valueRequired":true,"valueName":"search_term_string"}}],"inLanguage":"fr-FR"}]}},"_links":{"self":[{"href":"https:\/\/geelli.com\/fr\/wp-json\/wp\/v2\/pages\/10575","targetHints":{"allow":["GET"]}}],"collection":[{"href":"https:\/\/geelli.com\/fr\/wp-json\/wp\/v2\/pages"}],"about":[{"href":"https:\/\/geelli.com\/fr\/wp-json\/wp\/v2\/types\/page"}],"author":[{"embeddable":true,"href":"https:\/\/geelli.com\/fr\/wp-json\/wp\/v2\/users\/1"}],"replies":[{"embeddable":true,"href":"https:\/\/geelli.com\/fr\/wp-json\/wp\/v2\/comments?post=10575"}],"version-history":[{"count":0,"href":"https:\/\/geelli.com\/fr\/wp-json\/wp\/v2\/pages\/10575\/revisions"}],"wp:attachment":[{"href":"https:\/\/geelli.com\/fr\/wp-json\/wp\/v2\/media?parent=10575"}],"curies":[{"name":"wp","href":"https:\/\/api.w.org\/{rel}","templated":true}]}}