{"id":10597,"date":"2016-06-15T14:02:08","date_gmt":"2016-06-15T14:02:08","guid":{"rendered":"http:\/\/geelli.andreamorandini.it\/fr\/?page_id=10597"},"modified":"2016-07-01T15:32:04","modified_gmt":"2016-07-01T15:32:04","slug":"starlux","status":"publish","type":"page","link":"https:\/\/geelli.com\/fr\/starlux\/","title":{"rendered":"Starlux"},"content":{"rendered":"[vc_row type=\u00a0\u00bbin_container\u00a0\u00bb scene_position=\u00a0\u00bbcenter\u00a0\u00bb text_color=\u00a0\u00bbdark\u00a0\u00bb text_align=\u00a0\u00bbleft\u00a0\u00bb overlay_strength=\u00a0\u00bb0.3&Prime;][vc_column column_padding=\u00a0\u00bbno-extra-padding\u00a0\u00bb column_padding_position=\u00a0\u00bball\u00a0\u00bb background_color_opacity=\u00a0\u00bb1&Prime; background_hover_color_opacity=\u00a0\u00bb1&Prime; width=\u00a0\u00bb1\/2&Prime;]<div class=\"img-with-aniamtion-wrap \"><img decoding=\"async\" class=\"img-with-animation \" data-delay=\"0\" height=\"100%\" width=\"100%\" data-animation=\"fade-in\" src=\"https:\/\/geelli.com\/wp-content\/uploads\/2016\/06\/pr1.jpg\" alt=\"\" \/><\/div>[\/vc_column][vc_column column_padding=\u00a0\u00bbno-extra-padding\u00a0\u00bb column_padding_position=\u00a0\u00bball\u00a0\u00bb background_color_opacity=\u00a0\u00bb1&Prime; background_hover_color_opacity=\u00a0\u00bb1&Prime; width=\u00a0\u00bb1\/2&Prime;][vc_column_text el_class=\u00a0\u00bbslogan2&Prime;]Gr\u00e2ce \u00e0 son ind\u00e9formabilit\u00e9, Starlux est id\u00e9al pour r\u00e9aliser des produits rigides et compacts, r\u00e9sistant aux chocs et aux sollicitations m\u00e9caniques et qui peuvent \u00eatre combin\u00e9s avec du gel polyur\u00e9thane en obtenant de la solidit\u00e9 d\u2019un c\u00f4t\u00e9, et un confort moelleux de l\u2019autre.[\/vc_column_text][\/vc_column][\/vc_row][vc_row type=\u00a0\u00bbin_container\u00a0\u00bb scene_position=\u00a0\u00bbcenter\u00a0\u00bb text_color=\u00a0\u00bbdark\u00a0\u00bb text_align=\u00a0\u00bbleft\u00a0\u00bb overlay_strength=\u00a0\u00bb0.3&Prime;][vc_column column_padding=\u00a0\u00bbno-extra-padding\u00a0\u00bb column_padding_position=\u00a0\u00bball\u00a0\u00bb background_color_opacity=\u00a0\u00bb1&Prime; background_hover_color_opacity=\u00a0\u00bb1&Prime; width=\u00a0\u00bb1\/1&Prime;][vc_text_separator title=\u00a0\u00bb\u00a0\u00bb color=\u00a0\u00bbwhite\u00a0\u00bb el_class=\u00a0\u00bbciaoni\u00a0\u00bb][\/vc_column][\/vc_row][vc_row type=\u00a0\u00bbin_container\u00a0\u00bb scene_position=\u00a0\u00bbcenter\u00a0\u00bb text_color=\u00a0\u00bbdark\u00a0\u00bb text_align=\u00a0\u00bbleft\u00a0\u00bb overlay_strength=\u00a0\u00bb0.3&Prime;][vc_column column_padding=\u00a0\u00bbno-extra-padding\u00a0\u00bb column_padding_position=\u00a0\u00bball\u00a0\u00bb background_color_opacity=\u00a0\u00bb1&Prime; background_hover_color_opacity=\u00a0\u00bb1&Prime; width=\u00a0\u00bb1\/2&Prime;]<div class=\"img-with-aniamtion-wrap \"><img decoding=\"async\" class=\"img-with-animation \" data-delay=\"0\" height=\"100%\" width=\"100%\" data-animation=\"fade-in\" src=\"https:\/\/geelli.com\/wp-content\/uploads\/2016\/06\/pr2.jpg\" alt=\"\" \/><\/div>[\/vc_column][vc_column column_padding=\u00a0\u00bbno-extra-padding\u00a0\u00bb column_padding_position=\u00a0\u00bball\u00a0\u00bb background_color_opacity=\u00a0\u00bb1&Prime; background_hover_color_opacity=\u00a0\u00bb1&Prime; width=\u00a0\u00bb1\/2&Prime;][vc_column_text el_class=\u00a0\u00bbslogan2&Prime;]Le Starlux peut s\u2019utiliser en combinaison avec du gel polyur\u00e9thane afin d\u2019obtenir des produits adh\u00e9sifs sans ajout de colle.<br \/>\nLes produits en Starlux peuvent \u00eatre couvrants ou translucides et sont propos\u00e9s dans les m\u00eames coloris que les articles en gel polyur\u00e9thane.[\/vc_column_text][\/vc_column][\/vc_row]\n","protected":false},"excerpt":{"rendered":"<p>[vc_row type=\u00a0\u00bbin_container\u00a0\u00bb scene_position=\u00a0\u00bbcenter\u00a0\u00bb text_color=\u00a0\u00bbdark\u00a0\u00bb text_align=\u00a0\u00bbleft\u00a0\u00bb overlay_strength=\u00a0\u00bb0.3&Prime;][vc_column column_padding=\u00a0\u00bbno-extra-padding\u00a0\u00bb column_padding_position=\u00a0\u00bball\u00a0\u00bb background_color_opacity=\u00a0\u00bb1&Prime; background_hover_color_opacity=\u00a0\u00bb1&Prime; width=\u00a0\u00bb1\/2&Prime;][\/vc_column][vc_column column_padding=\u00a0\u00bbno-extra-padding\u00a0\u00bb column_padding_position=\u00a0\u00bball\u00a0\u00bb background_color_opacity=\u00a0\u00bb1&Prime; background_hover_color_opacity=\u00a0\u00bb1&Prime; width=\u00a0\u00bb1\/2&Prime;][vc_column_text el_class=\u00a0\u00bbslogan2&Prime;]Gr\u00e2ce \u00e0 son ind\u00e9formabilit\u00e9, Starlux est id\u00e9al pour r\u00e9aliser des produits rigides et compacts,&#8230;<\/p>\n","protected":false},"author":1,"featured_media":0,"parent":0,"menu_order":74,"comment_status":"closed","ping_status":"closed","template":"page-materiali.php","meta":{"_acf_changed":false,"footnotes":""},"class_list":["post-10597","page","type-page","status-publish","hentry"],"acf":[],"yoast_head":"<!-- This site is optimized with the Yoast SEO plugin v27.0 - https:\/\/yoast.com\/product\/yoast-seo-wordpress\/ -->\n<title>Starlux - Geelli<\/title>\n<meta name=\"description\" content=\"Gr\u00e2ce \u00e0 son ind\u00e9formabilit\u00e9, Starlux est id\u00e9al pour r\u00e9aliser des produits rigides et compacts, r\u00e9sistant aux chocs et aux sollicitations m\u00e9caniques\" \/>\n<meta name=\"robots\" content=\"index, follow, max-snippet:-1, max-image-preview:large, max-video-preview:-1\" \/>\n<link rel=\"canonical\" href=\"https:\/\/geelli.com\/fr\/starlux\/\" \/>\n<meta property=\"og:locale\" content=\"fr_FR\" \/>\n<meta property=\"og:type\" content=\"article\" \/>\n<meta property=\"og:title\" content=\"Starlux - Geelli\" \/>\n<meta property=\"og:description\" content=\"Gr\u00e2ce \u00e0 son ind\u00e9formabilit\u00e9, Starlux est id\u00e9al pour r\u00e9aliser des produits rigides et compacts, r\u00e9sistant aux chocs et aux sollicitations m\u00e9caniques\" \/>\n<meta property=\"og:url\" content=\"https:\/\/geelli.com\/fr\/starlux\/\" \/>\n<meta property=\"og:site_name\" content=\"Geelli\" \/>\n<meta property=\"article:modified_time\" content=\"2016-07-01T15:32:04+00:00\" \/>\n<meta name=\"twitter:card\" content=\"summary_large_image\" \/>\n<meta name=\"twitter:label1\" content=\"Dur\u00e9e de lecture estim\u00e9e\" \/>\n\t<meta name=\"twitter:data1\" content=\"1 minute\" \/>\n<script type=\"application\/ld+json\" class=\"yoast-schema-graph\">{\"@context\":\"https:\/\/schema.org\",\"@graph\":[{\"@type\":\"WebPage\",\"@id\":\"https:\/\/geelli.com\/fr\/starlux\/\",\"url\":\"https:\/\/geelli.com\/fr\/starlux\/\",\"name\":\"Starlux - Geelli\",\"isPartOf\":{\"@id\":\"https:\/\/geelli.com\/#website\"},\"datePublished\":\"2016-06-15T14:02:08+00:00\",\"dateModified\":\"2016-07-01T15:32:04+00:00\",\"description\":\"Gr\u00e2ce \u00e0 son ind\u00e9formabilit\u00e9, Starlux est id\u00e9al pour r\u00e9aliser des produits rigides et compacts, r\u00e9sistant aux chocs et aux sollicitations m\u00e9caniques\",\"breadcrumb\":{\"@id\":\"https:\/\/geelli.com\/fr\/starlux\/#breadcrumb\"},\"inLanguage\":\"fr-FR\",\"potentialAction\":[{\"@type\":\"ReadAction\",\"target\":[\"https:\/\/geelli.com\/fr\/starlux\/\"]}]},{\"@type\":\"BreadcrumbList\",\"@id\":\"https:\/\/geelli.com\/fr\/starlux\/#breadcrumb\",\"itemListElement\":[{\"@type\":\"ListItem\",\"position\":1,\"name\":\"Home\",\"item\":\"https:\/\/geelli.com\/fr\/\"},{\"@type\":\"ListItem\",\"position\":2,\"name\":\"Starlux\"}]},{\"@type\":\"WebSite\",\"@id\":\"https:\/\/geelli.com\/#website\",\"url\":\"https:\/\/geelli.com\/\",\"name\":\"Geelli\",\"description\":\"Just another WordPress site\",\"potentialAction\":[{\"@type\":\"SearchAction\",\"target\":{\"@type\":\"EntryPoint\",\"urlTemplate\":\"https:\/\/geelli.com\/?s={search_term_string}\"},\"query-input\":{\"@type\":\"PropertyValueSpecification\",\"valueRequired\":true,\"valueName\":\"search_term_string\"}}],\"inLanguage\":\"fr-FR\"}]}<\/script>\n<!-- \/ Yoast SEO plugin. -->","yoast_head_json":{"title":"Starlux - Geelli","description":"Gr\u00e2ce \u00e0 son ind\u00e9formabilit\u00e9, Starlux est id\u00e9al pour r\u00e9aliser des produits rigides et compacts, r\u00e9sistant aux chocs et aux sollicitations m\u00e9caniques","robots":{"index":"index","follow":"follow","max-snippet":"max-snippet:-1","max-image-preview":"max-image-preview:large","max-video-preview":"max-video-preview:-1"},"canonical":"https:\/\/geelli.com\/fr\/starlux\/","og_locale":"fr_FR","og_type":"article","og_title":"Starlux - Geelli","og_description":"Gr\u00e2ce \u00e0 son ind\u00e9formabilit\u00e9, Starlux est id\u00e9al pour r\u00e9aliser des produits rigides et compacts, r\u00e9sistant aux chocs et aux sollicitations m\u00e9caniques","og_url":"https:\/\/geelli.com\/fr\/starlux\/","og_site_name":"Geelli","article_modified_time":"2016-07-01T15:32:04+00:00","twitter_card":"summary_large_image","twitter_misc":{"Dur\u00e9e de lecture estim\u00e9e":"1 minute"},"schema":{"@context":"https:\/\/schema.org","@graph":[{"@type":"WebPage","@id":"https:\/\/geelli.com\/fr\/starlux\/","url":"https:\/\/geelli.com\/fr\/starlux\/","name":"Starlux - Geelli","isPartOf":{"@id":"https:\/\/geelli.com\/#website"},"datePublished":"2016-06-15T14:02:08+00:00","dateModified":"2016-07-01T15:32:04+00:00","description":"Gr\u00e2ce \u00e0 son ind\u00e9formabilit\u00e9, Starlux est id\u00e9al pour r\u00e9aliser des produits rigides et compacts, r\u00e9sistant aux chocs et aux sollicitations m\u00e9caniques","breadcrumb":{"@id":"https:\/\/geelli.com\/fr\/starlux\/#breadcrumb"},"inLanguage":"fr-FR","potentialAction":[{"@type":"ReadAction","target":["https:\/\/geelli.com\/fr\/starlux\/"]}]},{"@type":"BreadcrumbList","@id":"https:\/\/geelli.com\/fr\/starlux\/#breadcrumb","itemListElement":[{"@type":"ListItem","position":1,"name":"Home","item":"https:\/\/geelli.com\/fr\/"},{"@type":"ListItem","position":2,"name":"Starlux"}]},{"@type":"WebSite","@id":"https:\/\/geelli.com\/#website","url":"https:\/\/geelli.com\/","name":"Geelli","description":"Just another WordPress site","potentialAction":[{"@type":"SearchAction","target":{"@type":"EntryPoint","urlTemplate":"https:\/\/geelli.com\/?s={search_term_string}"},"query-input":{"@type":"PropertyValueSpecification","valueRequired":true,"valueName":"search_term_string"}}],"inLanguage":"fr-FR"}]}},"_links":{"self":[{"href":"https:\/\/geelli.com\/fr\/wp-json\/wp\/v2\/pages\/10597","targetHints":{"allow":["GET"]}}],"collection":[{"href":"https:\/\/geelli.com\/fr\/wp-json\/wp\/v2\/pages"}],"about":[{"href":"https:\/\/geelli.com\/fr\/wp-json\/wp\/v2\/types\/page"}],"author":[{"embeddable":true,"href":"https:\/\/geelli.com\/fr\/wp-json\/wp\/v2\/users\/1"}],"replies":[{"embeddable":true,"href":"https:\/\/geelli.com\/fr\/wp-json\/wp\/v2\/comments?post=10597"}],"version-history":[{"count":0,"href":"https:\/\/geelli.com\/fr\/wp-json\/wp\/v2\/pages\/10597\/revisions"}],"wp:attachment":[{"href":"https:\/\/geelli.com\/fr\/wp-json\/wp\/v2\/media?parent=10597"}],"curies":[{"name":"wp","href":"https:\/\/api.w.org\/{rel}","templated":true}]}}