{"id":10603,"date":"2016-05-27T14:40:53","date_gmt":"2016-05-27T14:40:53","guid":{"rendered":"http:\/\/geelli.andreamorandini.it\/fr\/?page_id=10603"},"modified":"2016-07-01T15:57:56","modified_gmt":"2016-07-01T15:57:56","slug":"caracteristiques","status":"publish","type":"page","link":"https:\/\/geelli.com\/fr\/caracteristiques\/","title":{"rendered":"Caract\u00e9ristiques"},"content":{"rendered":"[vc_row type=\u00a0\u00bbin_container\u00a0\u00bb scene_position=\u00a0\u00bbcenter\u00a0\u00bb text_color=\u00a0\u00bbdark\u00a0\u00bb text_align=\u00a0\u00bbleft\u00a0\u00bb overlay_strength=\u00a0\u00bb0.3&Prime;][vc_column column_padding=\u00a0\u00bbno-extra-padding\u00a0\u00bb column_padding_position=\u00a0\u00bball\u00a0\u00bb background_color_opacity=\u00a0\u00bb1&Prime; background_hover_color_opacity=\u00a0\u00bb1&Prime; width=\u00a0\u00bb1\/1&Prime;][vc_column_text]\n<table class=\"tg\">\n<tbody>\n<tr>\n<th class=\"tg-yw4l\"><\/th>\n<th class=\"tg-031e\">POLYURETHANE INTEGRAL<\/th>\n<th class=\"tg-yw4l\">STARLUX<\/th>\n<th class=\"tg-yw4l\">SEMI-RIGIDE<\/th>\n<th class=\"tg-yw4l\">GEL POLYURETHANE<\/th>\n<\/tr>\n<tr>\n<td class=\"tg-yw4l\">\n<div title=\"1 \u2013 10 Shore A\" data-rel=\"tooltip\"><img loading=\"lazy\" decoding=\"async\" class=\"alignnone size-full wp-image-4127\" src=\"http:https:\/\/geelli.com\/wp-content\/uploads\/2016\/05\/morbido.png\" alt=\"morbido\" width=\"40\" height=\"40\" srcset=\"https:\/\/geelli.com\/wp-content\/uploads\/2016\/05\/morbido.png 40w, https:\/\/geelli.com\/wp-content\/uploads\/2016\/05\/morbido-32x32.png 32w\" sizes=\"auto, (max-width: 40px) 100vw, 40px\" \/>SOUPLE<\/div>\n<\/td>\n<td class=\"tg-baqh\"><i class=\"fa fa-check-circle\"><!-- yes --><\/i><\/td>\n<td class=\"tg-baqh\"><\/td>\n<td class=\"tg-yw4l\"><\/td>\n<td class=\"tg-baqh\"><i class=\"fa fa-check-circle\"><!-- yes --><\/i><\/td>\n<\/tr>\n<tr>\n<td class=\"tg-yw4l\">\n<div title=\"40 \u2013 50 Shore A\" data-rel=\"tooltip\"><img loading=\"lazy\" decoding=\"async\" class=\"alignnone size-full wp-image-4135\" src=\"http:https:\/\/geelli.com\/wp-content\/uploads\/2016\/05\/semirigido.png\" alt=\"semirigido\" width=\"40\" height=\"40\" srcset=\"https:\/\/geelli.com\/wp-content\/uploads\/2016\/05\/semirigido.png 40w, https:\/\/geelli.com\/wp-content\/uploads\/2016\/05\/semirigido-32x32.png 32w\" sizes=\"auto, (max-width: 40px) 100vw, 40px\" \/>SEMI-RIGIDE<\/div>\n<\/td>\n<td class=\"tg-yw4l\"><\/td>\n<td class=\"tg-yw4l\"><\/td>\n<td class=\"tg-baqh\"><i class=\"fa fa-check-circle\"><!-- yes --><\/i><\/td>\n<td class=\"tg-yw4l\"><\/td>\n<\/tr>\n<tr>\n<td class=\"tg-yw4l\">\n<div title=\"70 \u2013 80 shore A\" data-rel=\"tooltip\"><img loading=\"lazy\" decoding=\"async\" class=\"alignnone size-full wp-image-4131\" src=\"http:https:\/\/geelli.com\/wp-content\/uploads\/2016\/05\/rigido.png\" alt=\"rigido\" width=\"40\" height=\"40\" srcset=\"https:\/\/geelli.com\/wp-content\/uploads\/2016\/05\/rigido.png 40w, https:\/\/geelli.com\/wp-content\/uploads\/2016\/05\/rigido-32x32.png 32w\" sizes=\"auto, (max-width: 40px) 100vw, 40px\" \/>RIGIDE<\/div>\n<\/td>\n<td class=\"tg-yw4l\"><\/td>\n<td class=\"tg-baqh\"><i class=\"fa fa-check-circle\"><!-- yes --><\/i><\/td>\n<td class=\"tg-yw4l\"><\/td>\n<td class=\"tg-yw4l\"><\/td>\n<\/tr>\n<tr>\n<td class=\"tg-yw4l\">\n<div title=\"Le gel polyur\u00e9thane est un mat\u00e9riau isolant qui, gr\u00e0ce \u00e0 sa faible conductivit\u00e8 thermique, maintient la boisson fra\u00ec che beaucoup plus longtemps que d\u2019autres mate\u0301riaux comme le verre ou le m\u00e9tal\" data-rel=\"tooltip\"><img loading=\"lazy\" decoding=\"async\" class=\"alignnone size-full wp-image-4123\" src=\"http:https:\/\/geelli.com\/wp-content\/uploads\/2016\/05\/isolante.png\" alt=\"isolante\" width=\"40\" height=\"40\" srcset=\"https:\/\/geelli.com\/wp-content\/uploads\/2016\/05\/isolante.png 40w, https:\/\/geelli.com\/wp-content\/uploads\/2016\/05\/isolante-32x32.png 32w\" sizes=\"auto, (max-width: 40px) 100vw, 40px\" \/>INSULATING<\/div>\n<\/td>\n<td class=\"tg-yw4l\"><\/td>\n<td class=\"tg-yw4l\"><\/td>\n<td class=\"tg-baqh\"><i class=\"fa fa-check-circle\"><!-- yes --><\/i><\/td>\n<td class=\"tg-baqh\"><i class=\"fa fa-check-circle\"><!-- yes --><\/i><\/td>\n<\/tr>\n<tr>\n<td class=\"tg-yw4l\">\n<div title=\"Ses coloris translucides sont semi-transparents et, selon l\u2019\u00e9paisseur du mat\u00e9riau, ils laissent passer la lumi\u00e8re en cr\u00e9ant diff\u00e9rentes tonalit\u00e9s\" data-rel=\"tooltip\"><img loading=\"lazy\" decoding=\"async\" class=\"alignnone size-full wp-image-4139\" src=\"http:https:\/\/geelli.com\/wp-content\/uploads\/2016\/05\/luccicanza.png\" alt=\"luccicanza\" width=\"40\" height=\"40\" srcset=\"https:\/\/geelli.com\/wp-content\/uploads\/2016\/05\/luccicanza.png 40w, https:\/\/geelli.com\/wp-content\/uploads\/2016\/05\/luccicanza-32x32.png 32w\" sizes=\"auto, (max-width: 40px) 100vw, 40px\" \/>TRASPARENT<\/div>\n<\/td>\n<td class=\"tg-yw4l\"><\/td>\n<td class=\"tg-yw4l\"><\/td>\n<td class=\"tg-baqh\"><i class=\"fa fa-check-circle\"><!-- yes --><\/i><\/td>\n<td class=\"tg-baqh\"><i class=\"fa fa-check-circle\"><!-- yes --><\/i><\/td>\n<\/tr>\n<tr>\n<td class=\"tg-yw4l\">\n<div title=\"Les accessoires Geelli en gel polyur\u00e9thane peuvent adh\u00e9rer \u00e0 la surface d\u2019une paroi, d\u2019un meuble ou d\u2019un compl\u00e9ment de salle de bains : une propri\u00e9t\u00e9 intrins\u00e8que et permanente de ce mat\u00e9riau\" data-rel=\"tooltip\">\n<p><img loading=\"lazy\" decoding=\"async\" class=\"alignnone size-full wp-image-4119\" src=\"http:https:\/\/geelli.com\/wp-content\/uploads\/2016\/05\/adesivo.png\" alt=\"adesivo\" width=\"40\" height=\"40\" srcset=\"https:\/\/geelli.com\/wp-content\/uploads\/2016\/05\/adesivo.png 40w, https:\/\/geelli.com\/wp-content\/uploads\/2016\/05\/adesivo-32x32.png 32w\" sizes=\"auto, (max-width: 40px) 100vw, 40px\" \/>ADH\u00c9SIVIT\u00c9 NATURELLE<\/p>\n<div><\/div>\n<\/div>\n<\/td>\n<td class=\"tg-yw4l\"><\/td>\n<td class=\"tg-yw4l\"><\/td>\n<td class=\"tg-yw4l\"><\/td>\n<td class=\"tg-baqh\"><i class=\"fa fa-check-circle\"><!-- yes --><\/i><\/td>\n<\/tr>\n<tr>\n<td class=\"tg-yw4l\">\n<div title=\"Avec certain produits geelli, une colle sp\u00e9ciale est fournie. Elle permettra d\u2019augmenter la capacite\u0301 portante sans percer les murs\" data-rel=\"tooltip\"><img loading=\"lazy\" decoding=\"async\" class=\"alignnone size-full wp-image-4119\" src=\"http:https:\/\/geelli.com\/wp-content\/uploads\/2016\/06\/a_extra.png\" alt=\"adesivo\" width=\"40\" height=\"40\" \/>ADHERENCE SUPPLEMENTAIRE<\/div>\n<\/td>\n<td class=\"tg-yw4l\"><\/td>\n<td class=\"tg-yw4l\"><\/td>\n<td class=\"tg-baqh\"><i class=\"fa fa-check-circle\"><!-- yes --><\/i><\/td>\n<td class=\"tg-baqh\"><i class=\"fa fa-check-circle\"><!-- yes --><\/i><\/td>\n<\/tr>\n<\/tbody>\n<\/table>\n[\/vc_column_text]<div  class=\"divider\"><\/div>[vc_row_inner top_padding=\u00a0\u00bb30&Prime;][vc_column_inner column_padding=\u00a0\u00bbno-extra-padding\u00a0\u00bb column_padding_position=\u00a0\u00bball\u00a0\u00bb background_color_opacity=\u00a0\u00bb1&Prime; width=\u00a0\u00bb1\/4&Prime;]<div class=\"img-with-aniamtion-wrap \"><img decoding=\"async\" class=\"img-with-animation \" data-delay=\"0\" height=\"100%\" width=\"100%\" data-animation=\"fade-in\" src=\"https:\/\/geelli.com\/wp-content\/uploads\/2016\/05\/mosse.jpg\" alt=\"\" \/><\/div>[\/vc_column_inner][vc_column_inner column_padding=\u00a0\u00bbno-extra-padding\u00a0\u00bb column_padding_position=\u00a0\u00bball\u00a0\u00bb background_color_opacity=\u00a0\u00bb1&Prime; width=\u00a0\u00bb3\/4&Prime;][vc_column_text]\n<h4>ADHESION PARFAITE EN TROIS MOUVEMENTS SIMPLES<\/h4>\n<p>1. Nettoyer soigneusement la surface d\u2019appui.<br \/>\n2. Enlever la pellicule transparente.<br \/>\n3. Exercer une l\u00e9g\u00e8re pression.[\/vc_column_text][\/vc_column_inner][\/vc_row_inner][vc_row_inner top_padding=\u00a0\u00bb30&Prime;][vc_column_inner column_padding=\u00a0\u00bbno-extra-padding\u00a0\u00bb column_padding_position=\u00a0\u00bball\u00a0\u00bb background_color_opacity=\u00a0\u00bb1&Prime; width=\u00a0\u00bb1\/4&Prime;]<div class=\"img-with-aniamtion-wrap \"><img decoding=\"async\" class=\"img-with-animation \" data-delay=\"0\" height=\"100%\" width=\"100%\" data-animation=\"fade-in\" src=\"https:\/\/geelli.com\/wp-content\/uploads\/2016\/05\/superfici.jpg\" alt=\"\" \/><\/div>[\/vc_column_inner][vc_column_inner column_padding=\u00a0\u00bbno-extra-padding\u00a0\u00bb column_padding_position=\u00a0\u00bball\u00a0\u00bb background_color_opacity=\u00a0\u00bb1&Prime; width=\u00a0\u00bb3\/4&Prime;][vc_column_text]\n<h4>COMMENT CHOISIR LES SURFACES IDEALES<\/h4>\n<p>1. Verre, c\u00e9ramique, plexiglas : adh\u00e9sion maximale.<br \/>\n2. Mosa\u00efque, carrelage : adh\u00e9sion moyenne.<br \/>\n3. Pierre brute : adh\u00e9sion minimale.[\/vc_column_text][\/vc_column_inner][\/vc_row_inner][vc_row_inner top_padding=\u00a0\u00bb30&Prime;][vc_column_inner column_padding=\u00a0\u00bbno-extra-padding\u00a0\u00bb column_padding_position=\u00a0\u00bball\u00a0\u00bb background_color_opacity=\u00a0\u00bb1&Prime; width=\u00a0\u00bb1\/4&Prime;]<div class=\"img-with-aniamtion-wrap \"><img decoding=\"async\" class=\"img-with-animation \" data-delay=\"0\" height=\"100%\" width=\"100%\" data-animation=\"fade-in\" src=\"https:\/\/geelli.com\/wp-content\/uploads\/2016\/05\/ripos.jpg\" alt=\"\" \/><\/div>[\/vc_column_inner][vc_column_inner column_padding=\u00a0\u00bbno-extra-padding\u00a0\u00bb column_padding_position=\u00a0\u00bball\u00a0\u00bb background_color_opacity=\u00a0\u00bb1&Prime; width=\u00a0\u00bb3\/4&Prime;][vc_column_text]\n<h4>COMMENT REPOSITIONNER LES ACCESSOIRES EN GEL<\/h4>\n<p>1. Accompagner le d\u00e9tachement du produit avec les mains, en \u00e9vitant de tirer brusquement.<br \/>\n2. Pour faciliter le d\u00e9tachement, vaporiser de l\u2019eau.<br \/>\n3. Laver soigneusement le produit avec de l\u2019eau et du savon neutre.<br \/>\n4. Laisser s\u00e9cher \u00e0 l\u2019air libre.<br \/>\n5. Une fois parfaitement sec, le produit peut \u00eatre repositionn\u00e9.[\/vc_column_text][\/vc_column_inner][\/vc_row_inner][vc_row_inner top_padding=\u00a0\u00bb30&Prime;][vc_column_inner column_padding=\u00a0\u00bbno-extra-padding\u00a0\u00bb column_padding_position=\u00a0\u00bball\u00a0\u00bb background_color_opacity=\u00a0\u00bb1&Prime; width=\u00a0\u00bb1\/4&Prime;]<div class=\"img-with-aniamtion-wrap \"><img decoding=\"async\" class=\"img-with-animation \" data-delay=\"0\" height=\"100%\" width=\"100%\" data-animation=\"fade-in\" src=\"https:\/\/geelli.com\/wp-content\/uploads\/2016\/05\/superfici.jpg\" alt=\"\" \/><\/div>[\/vc_column_inner][vc_column_inner column_padding=\u00a0\u00bbno-extra-padding\u00a0\u00bb column_padding_position=\u00a0\u00bball\u00a0\u00bb background_color_opacity=\u00a0\u00bb1&Prime; width=\u00a0\u00bb3\/4&Prime;][vc_column_text]\n<h4>ADHESIVITE EXTRA<\/h4>\n<p>Un set sp\u00e9cial est fourni avec certains accessoires Geelli qui permet d\u2019augmenter ult\u00e9rieurement l\u2019adh\u00e9sivit\u00e9 du gel polyur\u00e9thane, afin d\u2019en accro\u00eetre la capacit\u00e9 de charge.<br \/>\nEnduit : adh\u00e9sion maximale, mais il faut faire attention si l\u2019on veut le repositionner pour ne pas ab\u00eemer la surface.[\/vc_column_text][\/vc_column_inner][\/vc_row_inner][\/vc_column][\/vc_row]\n","protected":false},"excerpt":{"rendered":"<p>[vc_row type=\u00a0\u00bbin_container\u00a0\u00bb scene_position=\u00a0\u00bbcenter\u00a0\u00bb text_color=\u00a0\u00bbdark\u00a0\u00bb text_align=\u00a0\u00bbleft\u00a0\u00bb overlay_strength=\u00a0\u00bb0.3&Prime;][vc_column column_padding=\u00a0\u00bbno-extra-padding\u00a0\u00bb column_padding_position=\u00a0\u00bball\u00a0\u00bb background_color_opacity=\u00a0\u00bb1&Prime; background_hover_color_opacity=\u00a0\u00bb1&Prime; width=\u00a0\u00bb1\/1&Prime;][vc_column_text] POLYURETHANE INTEGRAL STARLUX SEMI-RIGIDE GEL POLYURETHANE SOUPLE SEMI-RIGIDE RIGIDE INSULATING TRASPARENT ADH\u00c9SIVIT\u00c9 NATURELLE ADHERENCE SUPPLEMENTAIRE [\/vc_column_text][vc_row_inner top_padding=\u00a0\u00bb30&Prime;][vc_column_inner column_padding=\u00a0\u00bbno-extra-padding\u00a0\u00bb column_padding_position=\u00a0\u00bball\u00a0\u00bb&#8230;<\/p>\n","protected":false},"author":1,"featured_media":0,"parent":0,"menu_order":7,"comment_status":"closed","ping_status":"closed","template":"","meta":{"_acf_changed":false,"footnotes":""},"class_list":["post-10603","page","type-page","status-publish","hentry"],"acf":[],"yoast_head":"<!-- This site is optimized with the Yoast SEO plugin v27.0 - https:\/\/yoast.com\/product\/yoast-seo-wordpress\/ -->\n<title>Caract\u00e9ristiques - Geelli<\/title>\n<meta name=\"robots\" content=\"index, follow, max-snippet:-1, max-image-preview:large, max-video-preview:-1\" \/>\n<link rel=\"canonical\" href=\"https:\/\/geelli.com\/fr\/caracteristiques\/\" \/>\n<meta property=\"og:locale\" content=\"fr_FR\" \/>\n<meta property=\"og:type\" content=\"article\" \/>\n<meta property=\"og:title\" content=\"Caract\u00e9ristiques - Geelli\" \/>\n<meta property=\"og:description\" content=\"[vc_row type=\u00a0\u00bbin_container\u00a0\u00bb scene_position=\u00a0\u00bbcenter\u00a0\u00bb text_color=\u00a0\u00bbdark\u00a0\u00bb text_align=\u00a0\u00bbleft\u00a0\u00bb overlay_strength=\u00a0\u00bb0.3&Prime;][vc_column column_padding=\u00a0\u00bbno-extra-padding\u00a0\u00bb column_padding_position=\u00a0\u00bball\u00a0\u00bb background_color_opacity=\u00a0\u00bb1&Prime; background_hover_color_opacity=\u00a0\u00bb1&Prime; width=\u00a0\u00bb1\/1&Prime;][vc_column_text] POLYURETHANE INTEGRAL STARLUX SEMI-RIGIDE GEL POLYURETHANE SOUPLE SEMI-RIGIDE RIGIDE INSULATING TRASPARENT ADH\u00c9SIVIT\u00c9 NATURELLE ADHERENCE SUPPLEMENTAIRE [\/vc_column_text][vc_row_inner top_padding=\u00a0\u00bb30&Prime;][vc_column_inner column_padding=\u00a0\u00bbno-extra-padding\u00a0\u00bb column_padding_position=\u00a0\u00bball\u00a0\u00bb...\" \/>\n<meta property=\"og:url\" content=\"https:\/\/geelli.com\/fr\/caracteristiques\/\" \/>\n<meta property=\"og:site_name\" content=\"Geelli\" \/>\n<meta property=\"article:modified_time\" content=\"2016-07-01T15:57:56+00:00\" \/>\n<meta name=\"twitter:card\" content=\"summary_large_image\" \/>\n<meta name=\"twitter:label1\" content=\"Dur\u00e9e de lecture estim\u00e9e\" \/>\n\t<meta name=\"twitter:data1\" content=\"2 minutes\" \/>\n<script type=\"application\/ld+json\" class=\"yoast-schema-graph\">{\"@context\":\"https:\/\/schema.org\",\"@graph\":[{\"@type\":\"WebPage\",\"@id\":\"https:\/\/geelli.com\/fr\/caracteristiques\/\",\"url\":\"https:\/\/geelli.com\/fr\/caracteristiques\/\",\"name\":\"Caract\u00e9ristiques - Geelli\",\"isPartOf\":{\"@id\":\"https:\/\/geelli.com\/#website\"},\"datePublished\":\"2016-05-27T14:40:53+00:00\",\"dateModified\":\"2016-07-01T15:57:56+00:00\",\"breadcrumb\":{\"@id\":\"https:\/\/geelli.com\/fr\/caracteristiques\/#breadcrumb\"},\"inLanguage\":\"fr-FR\",\"potentialAction\":[{\"@type\":\"ReadAction\",\"target\":[\"https:\/\/geelli.com\/fr\/caracteristiques\/\"]}]},{\"@type\":\"BreadcrumbList\",\"@id\":\"https:\/\/geelli.com\/fr\/caracteristiques\/#breadcrumb\",\"itemListElement\":[{\"@type\":\"ListItem\",\"position\":1,\"name\":\"Home\",\"item\":\"https:\/\/geelli.com\/fr\/\"},{\"@type\":\"ListItem\",\"position\":2,\"name\":\"Caract\u00e9ristiques\"}]},{\"@type\":\"WebSite\",\"@id\":\"https:\/\/geelli.com\/#website\",\"url\":\"https:\/\/geelli.com\/\",\"name\":\"Geelli\",\"description\":\"Just another WordPress site\",\"potentialAction\":[{\"@type\":\"SearchAction\",\"target\":{\"@type\":\"EntryPoint\",\"urlTemplate\":\"https:\/\/geelli.com\/?s={search_term_string}\"},\"query-input\":{\"@type\":\"PropertyValueSpecification\",\"valueRequired\":true,\"valueName\":\"search_term_string\"}}],\"inLanguage\":\"fr-FR\"}]}<\/script>\n<!-- \/ Yoast SEO plugin. -->","yoast_head_json":{"title":"Caract\u00e9ristiques - Geelli","robots":{"index":"index","follow":"follow","max-snippet":"max-snippet:-1","max-image-preview":"max-image-preview:large","max-video-preview":"max-video-preview:-1"},"canonical":"https:\/\/geelli.com\/fr\/caracteristiques\/","og_locale":"fr_FR","og_type":"article","og_title":"Caract\u00e9ristiques - Geelli","og_description":"[vc_row type=\u00a0\u00bbin_container\u00a0\u00bb scene_position=\u00a0\u00bbcenter\u00a0\u00bb text_color=\u00a0\u00bbdark\u00a0\u00bb text_align=\u00a0\u00bbleft\u00a0\u00bb overlay_strength=\u00a0\u00bb0.3&Prime;][vc_column column_padding=\u00a0\u00bbno-extra-padding\u00a0\u00bb column_padding_position=\u00a0\u00bball\u00a0\u00bb background_color_opacity=\u00a0\u00bb1&Prime; background_hover_color_opacity=\u00a0\u00bb1&Prime; width=\u00a0\u00bb1\/1&Prime;][vc_column_text] POLYURETHANE INTEGRAL STARLUX SEMI-RIGIDE GEL POLYURETHANE SOUPLE SEMI-RIGIDE RIGIDE INSULATING TRASPARENT ADH\u00c9SIVIT\u00c9 NATURELLE ADHERENCE SUPPLEMENTAIRE [\/vc_column_text][vc_row_inner top_padding=\u00a0\u00bb30&Prime;][vc_column_inner column_padding=\u00a0\u00bbno-extra-padding\u00a0\u00bb column_padding_position=\u00a0\u00bball\u00a0\u00bb...","og_url":"https:\/\/geelli.com\/fr\/caracteristiques\/","og_site_name":"Geelli","article_modified_time":"2016-07-01T15:57:56+00:00","twitter_card":"summary_large_image","twitter_misc":{"Dur\u00e9e de lecture estim\u00e9e":"2 minutes"},"schema":{"@context":"https:\/\/schema.org","@graph":[{"@type":"WebPage","@id":"https:\/\/geelli.com\/fr\/caracteristiques\/","url":"https:\/\/geelli.com\/fr\/caracteristiques\/","name":"Caract\u00e9ristiques - Geelli","isPartOf":{"@id":"https:\/\/geelli.com\/#website"},"datePublished":"2016-05-27T14:40:53+00:00","dateModified":"2016-07-01T15:57:56+00:00","breadcrumb":{"@id":"https:\/\/geelli.com\/fr\/caracteristiques\/#breadcrumb"},"inLanguage":"fr-FR","potentialAction":[{"@type":"ReadAction","target":["https:\/\/geelli.com\/fr\/caracteristiques\/"]}]},{"@type":"BreadcrumbList","@id":"https:\/\/geelli.com\/fr\/caracteristiques\/#breadcrumb","itemListElement":[{"@type":"ListItem","position":1,"name":"Home","item":"https:\/\/geelli.com\/fr\/"},{"@type":"ListItem","position":2,"name":"Caract\u00e9ristiques"}]},{"@type":"WebSite","@id":"https:\/\/geelli.com\/#website","url":"https:\/\/geelli.com\/","name":"Geelli","description":"Just another WordPress site","potentialAction":[{"@type":"SearchAction","target":{"@type":"EntryPoint","urlTemplate":"https:\/\/geelli.com\/?s={search_term_string}"},"query-input":{"@type":"PropertyValueSpecification","valueRequired":true,"valueName":"search_term_string"}}],"inLanguage":"fr-FR"}]}},"_links":{"self":[{"href":"https:\/\/geelli.com\/fr\/wp-json\/wp\/v2\/pages\/10603","targetHints":{"allow":["GET"]}}],"collection":[{"href":"https:\/\/geelli.com\/fr\/wp-json\/wp\/v2\/pages"}],"about":[{"href":"https:\/\/geelli.com\/fr\/wp-json\/wp\/v2\/types\/page"}],"author":[{"embeddable":true,"href":"https:\/\/geelli.com\/fr\/wp-json\/wp\/v2\/users\/1"}],"replies":[{"embeddable":true,"href":"https:\/\/geelli.com\/fr\/wp-json\/wp\/v2\/comments?post=10603"}],"version-history":[{"count":0,"href":"https:\/\/geelli.com\/fr\/wp-json\/wp\/v2\/pages\/10603\/revisions"}],"wp:attachment":[{"href":"https:\/\/geelli.com\/fr\/wp-json\/wp\/v2\/media?parent=10603"}],"curies":[{"name":"wp","href":"https:\/\/api.w.org\/{rel}","templated":true}]}}