{"id":16324,"date":"2018-05-16T14:17:08","date_gmt":"2018-05-16T14:17:08","guid":{"rendered":""},"modified":"2022-05-27T12:49:30","modified_gmt":"2022-05-27T12:49:30","slug":"inlinea-portasciugamano-30cm","status":"publish","type":"product","link":"https:\/\/geelli.com\/fr\/silicone-maison-objets\/accrocher\/inlinea-portasciugamano-30cm\/","title":{"rendered":"INLINEA PORTASCIUGAMANO 30cm"},"content":{"rendered":"<p>Porte-serviette\u00a0dans une \u00e9l\u00e9gante combinaison de gel polyur\u00e9thane et aluminium anodis\u00e9.<\/p>\n<p><strong>Vid\u00e9o d\u2019information pour l\u2019application de colle: https:\/\/youtu.be\/gjeBisKm3dE<\/strong><\/p>\n","protected":false},"excerpt":{"rendered":"<p>Porte-serviette\u00a0dans une \u00e9l\u00e9gante combinaison de gel polyur\u00e9thane et aluminium anodis\u00e9. Vid\u00e9o d\u2019information pour l\u2019application de colle: https:\/\/youtu.be\/gjeBisKm3dE<\/p>\n","protected":false},"featured_media":22455,"comment_status":"closed","ping_status":"closed","template":"","meta":{"_acf_changed":false},"product_brand":[],"product_cat":[325,322],"product_tag":[],"class_list":{"0":"post-16324","1":"product","2":"type-product","3":"status-publish","4":"has-post-thumbnail","6":"product_cat-salle-de-bain","7":"product_cat-accrocher","8":"pa_famiglia-prodotto-inlinea-fr","9":"tm-no-options","11":"first","12":"instock","13":"taxable","14":"shipping-taxable","15":"purchasable","16":"product-type-variable"},"acf":[],"yoast_head":"<!-- This site is optimized with the Yoast SEO plugin v27.0 - https:\/\/yoast.com\/product\/yoast-seo-wordpress\/ -->\n<title>INLINEA PORTASCIUGAMANO 30cm - Geelli<\/title>\n<meta name=\"description\" content=\"Porte-serviette dans une \u00e9l\u00e9gante combinaison de gel polyur\u00e9thane et aluminium anodis\u00e9.\" \/>\n<meta name=\"robots\" content=\"index, follow, max-snippet:-1, max-image-preview:large, max-video-preview:-1\" \/>\n<link rel=\"canonical\" href=\"https:\/\/geelli.com\/silicone-maison-objets\/bagno\/inlinea-portasciugamano-30cm\/\" \/>\n<meta property=\"og:locale\" content=\"fr_FR\" \/>\n<meta property=\"og:type\" content=\"article\" \/>\n<meta property=\"og:title\" content=\"INLINEA PORTASCIUGAMANO 30cm - Geelli\" \/>\n<meta property=\"og:description\" content=\"Porte-serviette dans une \u00e9l\u00e9gante combinaison de gel polyur\u00e9thane et aluminium anodis\u00e9.\" \/>\n<meta property=\"og:url\" content=\"https:\/\/geelli.com\/silicone-maison-objets\/bagno\/inlinea-portasciugamano-30cm\/\" \/>\n<meta property=\"og:site_name\" content=\"Geelli\" \/>\n<meta property=\"article:modified_time\" content=\"2022-05-27T12:49:30+00:00\" \/>\n<meta property=\"og:image\" content=\"https:\/\/geelli.com\/wp-content\/uploads\/2018\/05\/PORTASCIUGAMANO-30cm.jpg\" \/>\n\t<meta property=\"og:image:width\" content=\"928\" \/>\n\t<meta property=\"og:image:height\" content=\"380\" \/>\n\t<meta property=\"og:image:type\" content=\"image\/jpeg\" \/>\n<meta name=\"twitter:card\" content=\"summary_large_image\" \/>\n<script type=\"application\/ld+json\" class=\"yoast-schema-graph\">{\"@context\":\"https:\/\/schema.org\",\"@graph\":[{\"@type\":\"WebPage\",\"@id\":\"https:\/\/geelli.com\/silicone-maison-objets\/bagno\/inlinea-portasciugamano-30cm\/\",\"url\":\"https:\/\/geelli.com\/silicone-maison-objets\/bagno\/inlinea-portasciugamano-30cm\/\",\"name\":\"INLINEA PORTASCIUGAMANO 30cm - Geelli\",\"isPartOf\":{\"@id\":\"https:\/\/geelli.com\/#website\"},\"primaryImageOfPage\":{\"@id\":\"https:\/\/geelli.com\/silicone-maison-objets\/bagno\/inlinea-portasciugamano-30cm\/#primaryimage\"},\"image\":{\"@id\":\"https:\/\/geelli.com\/silicone-maison-objets\/bagno\/inlinea-portasciugamano-30cm\/#primaryimage\"},\"thumbnailUrl\":\"https:\/\/geelli.com\/wp-content\/uploads\/2018\/05\/PORTASCIUGAMANO-30cm.jpg\",\"datePublished\":\"2018-05-16T14:17:08+00:00\",\"dateModified\":\"2022-05-27T12:49:30+00:00\",\"description\":\"Porte-serviette dans une \u00e9l\u00e9gante combinaison de gel polyur\u00e9thane et aluminium anodis\u00e9.\",\"breadcrumb\":{\"@id\":\"https:\/\/geelli.com\/silicone-maison-objets\/bagno\/inlinea-portasciugamano-30cm\/#breadcrumb\"},\"inLanguage\":\"fr-FR\",\"potentialAction\":[{\"@type\":\"ReadAction\",\"target\":[\"https:\/\/geelli.com\/silicone-maison-objets\/bagno\/inlinea-portasciugamano-30cm\/\"]}]},{\"@type\":\"ImageObject\",\"inLanguage\":\"fr-FR\",\"@id\":\"https:\/\/geelli.com\/silicone-maison-objets\/bagno\/inlinea-portasciugamano-30cm\/#primaryimage\",\"url\":\"https:\/\/geelli.com\/wp-content\/uploads\/2018\/05\/PORTASCIUGAMANO-30cm.jpg\",\"contentUrl\":\"https:\/\/geelli.com\/wp-content\/uploads\/2018\/05\/PORTASCIUGAMANO-30cm.jpg\",\"width\":928,\"height\":380},{\"@type\":\"BreadcrumbList\",\"@id\":\"https:\/\/geelli.com\/silicone-maison-objets\/bagno\/inlinea-portasciugamano-30cm\/#breadcrumb\",\"itemListElement\":[{\"@type\":\"ListItem\",\"position\":1,\"name\":\"Home\",\"item\":\"https:\/\/geelli.com\/fr\/\"},{\"@type\":\"ListItem\",\"position\":2,\"name\":\"Boutique\",\"item\":\"https:\/\/geelli.com\/fr\/boutique\/\"},{\"@type\":\"ListItem\",\"position\":3,\"name\":\"BAGNO\",\"item\":\"https:\/\/geelli.com\/prodotti\/bagno\/\"},{\"@type\":\"ListItem\",\"position\":4,\"name\":\"INLINEA PORTASCIUGAMANO 30cm\"}]},{\"@type\":\"WebSite\",\"@id\":\"https:\/\/geelli.com\/#website\",\"url\":\"https:\/\/geelli.com\/\",\"name\":\"Geelli\",\"description\":\"Just another WordPress site\",\"potentialAction\":[{\"@type\":\"SearchAction\",\"target\":{\"@type\":\"EntryPoint\",\"urlTemplate\":\"https:\/\/geelli.com\/?s={search_term_string}\"},\"query-input\":{\"@type\":\"PropertyValueSpecification\",\"valueRequired\":true,\"valueName\":\"search_term_string\"}}],\"inLanguage\":\"fr-FR\"}]}<\/script>\n<!-- \/ Yoast SEO plugin. -->","yoast_head_json":{"title":"INLINEA PORTASCIUGAMANO 30cm - Geelli","description":"Porte-serviette dans une \u00e9l\u00e9gante combinaison de gel polyur\u00e9thane et aluminium anodis\u00e9.","robots":{"index":"index","follow":"follow","max-snippet":"max-snippet:-1","max-image-preview":"max-image-preview:large","max-video-preview":"max-video-preview:-1"},"canonical":"https:\/\/geelli.com\/silicone-maison-objets\/bagno\/inlinea-portasciugamano-30cm\/","og_locale":"fr_FR","og_type":"article","og_title":"INLINEA PORTASCIUGAMANO 30cm - Geelli","og_description":"Porte-serviette dans une \u00e9l\u00e9gante combinaison de gel polyur\u00e9thane et aluminium anodis\u00e9.","og_url":"https:\/\/geelli.com\/silicone-maison-objets\/bagno\/inlinea-portasciugamano-30cm\/","og_site_name":"Geelli","article_modified_time":"2022-05-27T12:49:30+00:00","og_image":[{"width":928,"height":380,"url":"https:\/\/geelli.com\/wp-content\/uploads\/2018\/05\/PORTASCIUGAMANO-30cm.jpg","type":"image\/jpeg"}],"twitter_card":"summary_large_image","schema":{"@context":"https:\/\/schema.org","@graph":[{"@type":"WebPage","@id":"https:\/\/geelli.com\/silicone-maison-objets\/bagno\/inlinea-portasciugamano-30cm\/","url":"https:\/\/geelli.com\/silicone-maison-objets\/bagno\/inlinea-portasciugamano-30cm\/","name":"INLINEA PORTASCIUGAMANO 30cm - Geelli","isPartOf":{"@id":"https:\/\/geelli.com\/#website"},"primaryImageOfPage":{"@id":"https:\/\/geelli.com\/silicone-maison-objets\/bagno\/inlinea-portasciugamano-30cm\/#primaryimage"},"image":{"@id":"https:\/\/geelli.com\/silicone-maison-objets\/bagno\/inlinea-portasciugamano-30cm\/#primaryimage"},"thumbnailUrl":"https:\/\/geelli.com\/wp-content\/uploads\/2018\/05\/PORTASCIUGAMANO-30cm.jpg","datePublished":"2018-05-16T14:17:08+00:00","dateModified":"2022-05-27T12:49:30+00:00","description":"Porte-serviette dans une \u00e9l\u00e9gante combinaison de gel polyur\u00e9thane et aluminium anodis\u00e9.","breadcrumb":{"@id":"https:\/\/geelli.com\/silicone-maison-objets\/bagno\/inlinea-portasciugamano-30cm\/#breadcrumb"},"inLanguage":"fr-FR","potentialAction":[{"@type":"ReadAction","target":["https:\/\/geelli.com\/silicone-maison-objets\/bagno\/inlinea-portasciugamano-30cm\/"]}]},{"@type":"ImageObject","inLanguage":"fr-FR","@id":"https:\/\/geelli.com\/silicone-maison-objets\/bagno\/inlinea-portasciugamano-30cm\/#primaryimage","url":"https:\/\/geelli.com\/wp-content\/uploads\/2018\/05\/PORTASCIUGAMANO-30cm.jpg","contentUrl":"https:\/\/geelli.com\/wp-content\/uploads\/2018\/05\/PORTASCIUGAMANO-30cm.jpg","width":928,"height":380},{"@type":"BreadcrumbList","@id":"https:\/\/geelli.com\/silicone-maison-objets\/bagno\/inlinea-portasciugamano-30cm\/#breadcrumb","itemListElement":[{"@type":"ListItem","position":1,"name":"Home","item":"https:\/\/geelli.com\/fr\/"},{"@type":"ListItem","position":2,"name":"Boutique","item":"https:\/\/geelli.com\/fr\/boutique\/"},{"@type":"ListItem","position":3,"name":"BAGNO","item":"https:\/\/geelli.com\/prodotti\/bagno\/"},{"@type":"ListItem","position":4,"name":"INLINEA PORTASCIUGAMANO 30cm"}]},{"@type":"WebSite","@id":"https:\/\/geelli.com\/#website","url":"https:\/\/geelli.com\/","name":"Geelli","description":"Just another WordPress site","potentialAction":[{"@type":"SearchAction","target":{"@type":"EntryPoint","urlTemplate":"https:\/\/geelli.com\/?s={search_term_string}"},"query-input":{"@type":"PropertyValueSpecification","valueRequired":true,"valueName":"search_term_string"}}],"inLanguage":"fr-FR"}]}},"_links":{"self":[{"href":"https:\/\/geelli.com\/fr\/wp-json\/wp\/v2\/product\/16324","targetHints":{"allow":["GET"]}}],"collection":[{"href":"https:\/\/geelli.com\/fr\/wp-json\/wp\/v2\/product"}],"about":[{"href":"https:\/\/geelli.com\/fr\/wp-json\/wp\/v2\/types\/product"}],"replies":[{"embeddable":true,"href":"https:\/\/geelli.com\/fr\/wp-json\/wp\/v2\/comments?post=16324"}],"wp:featuredmedia":[{"embeddable":true,"href":"https:\/\/geelli.com\/fr\/wp-json\/wp\/v2\/media\/22455"}],"wp:attachment":[{"href":"https:\/\/geelli.com\/fr\/wp-json\/wp\/v2\/media?parent=16324"}],"wp:term":[{"taxonomy":"product_brand","embeddable":true,"href":"https:\/\/geelli.com\/fr\/wp-json\/wp\/v2\/product_brand?post=16324"},{"taxonomy":"product_cat","embeddable":true,"href":"https:\/\/geelli.com\/fr\/wp-json\/wp\/v2\/product_cat?post=16324"},{"taxonomy":"product_tag","embeddable":true,"href":"https:\/\/geelli.com\/fr\/wp-json\/wp\/v2\/product_tag?post=16324"}],"curies":[{"name":"wp","href":"https:\/\/api.w.org\/{rel}","templated":true}]}}