{"id":20129,"date":"2020-09-15T13:57:01","date_gmt":"2020-09-15T13:57:01","guid":{"rendered":"https:https:\/\/geelli.com\/fr\/silicone-maison-objets\/accrocher\/pomolo-copy-copy\/"},"modified":"2020-11-27T09:52:38","modified_gmt":"2020-11-27T09:52:38","slug":"tratto","status":"publish","type":"product","link":"https:\/\/geelli.com\/fr\/silicone-maison-objets\/accrocher\/tratto\/","title":{"rendered":"TRATTO"},"content":{"rendered":"<p>Accessoire de cr\u00e9dence adh\u00e9sif pour pendre les louches et de petits ustensiles de cuisine. Il s\u2019utilise \u00e9galement dans la salle de bains pour pendre les serviettes de toilette ou dans d\u2019autres pi\u00e8ces o\u00f9 il est n\u00e9cessaire d\u2019accrocher et d\u2019organiser avec une fixation murale.<\/p>\n<p>&nbsp;<\/p>\n","protected":false},"excerpt":{"rendered":"<p>Accessoire de cr\u00e9dence adh\u00e9sif pour pendre les louches et de petits ustensiles de cuisine. Il s\u2019utilise \u00e9galement dans la salle de bains pour pendre les serviettes de toilette ou dans&#8230;<\/p>\n","protected":false},"featured_media":20142,"comment_status":"closed","ping_status":"closed","template":"","meta":{"_acf_changed":false},"product_brand":[],"product_cat":[330,322],"product_tag":[],"class_list":{"0":"post-20129","1":"product","2":"type-product","3":"status-publish","4":"has-post-thumbnail","6":"product_cat-cuisine","7":"product_cat-accrocher","8":"tm-no-options","10":"first","11":"instock","12":"taxable","13":"shipping-taxable","14":"purchasable","15":"product-type-variable"},"acf":[],"yoast_head":"<!-- This site is optimized with the Yoast SEO plugin v27.0 - https:\/\/yoast.com\/product\/yoast-seo-wordpress\/ -->\n<title>Appendino adesivo<\/title>\n<meta name=\"description\" content=\"Appendino morbido e adesivo, pu\u00f2 essere posizionato all&#039;altezza desiderata senza dover forare le piastrelle\" \/>\n<meta name=\"robots\" content=\"index, follow, max-snippet:-1, max-image-preview:large, max-video-preview:-1\" \/>\n<link rel=\"canonical\" href=\"https:\/\/geelli.com\/fr\/silicone-maison-objets\/accrocher\/tratto\/\" \/>\n<meta property=\"og:locale\" content=\"fr_FR\" \/>\n<meta property=\"og:type\" content=\"article\" \/>\n<meta property=\"og:title\" content=\"Appendino adesivo\" \/>\n<meta property=\"og:description\" content=\"Appendino morbido e adesivo, pu\u00f2 essere posizionato all&#039;altezza desiderata senza dover forare le piastrelle\" \/>\n<meta property=\"og:url\" content=\"https:\/\/geelli.com\/fr\/silicone-maison-objets\/accrocher\/tratto\/\" \/>\n<meta property=\"og:site_name\" content=\"Geelli\" \/>\n<meta property=\"article:modified_time\" content=\"2020-11-27T09:52:38+00:00\" \/>\n<meta property=\"og:image\" content=\"https:\/\/geelli.com\/wp-content\/uploads\/2020\/09\/046_m2w8673_tite-scaled.jpg\" \/>\n\t<meta property=\"og:image:width\" content=\"1707\" \/>\n\t<meta property=\"og:image:height\" content=\"2560\" \/>\n\t<meta property=\"og:image:type\" content=\"image\/jpeg\" \/>\n<meta name=\"twitter:card\" content=\"summary_large_image\" \/>\n<script type=\"application\/ld+json\" class=\"yoast-schema-graph\">{\"@context\":\"https:\/\/schema.org\",\"@graph\":[{\"@type\":\"WebPage\",\"@id\":\"https:\/\/geelli.com\/fr\/silicone-maison-objets\/accrocher\/tratto\/\",\"url\":\"https:\/\/geelli.com\/fr\/silicone-maison-objets\/accrocher\/tratto\/\",\"name\":\"Appendino adesivo\",\"isPartOf\":{\"@id\":\"https:\/\/geelli.com\/#website\"},\"primaryImageOfPage\":{\"@id\":\"https:\/\/geelli.com\/fr\/silicone-maison-objets\/accrocher\/tratto\/#primaryimage\"},\"image\":{\"@id\":\"https:\/\/geelli.com\/fr\/silicone-maison-objets\/accrocher\/tratto\/#primaryimage\"},\"thumbnailUrl\":\"https:\/\/geelli.com\/wp-content\/uploads\/2020\/09\/046_m2w8673_tite-scaled.jpg\",\"datePublished\":\"2020-09-15T13:57:01+00:00\",\"dateModified\":\"2020-11-27T09:52:38+00:00\",\"description\":\"Appendino morbido e adesivo, pu\u00f2 essere posizionato all'altezza desiderata senza dover forare le piastrelle\",\"breadcrumb\":{\"@id\":\"https:\/\/geelli.com\/fr\/silicone-maison-objets\/accrocher\/tratto\/#breadcrumb\"},\"inLanguage\":\"fr-FR\",\"potentialAction\":[{\"@type\":\"ReadAction\",\"target\":[\"https:\/\/geelli.com\/fr\/silicone-maison-objets\/accrocher\/tratto\/\"]}]},{\"@type\":\"ImageObject\",\"inLanguage\":\"fr-FR\",\"@id\":\"https:\/\/geelli.com\/fr\/silicone-maison-objets\/accrocher\/tratto\/#primaryimage\",\"url\":\"https:\/\/geelli.com\/wp-content\/uploads\/2020\/09\/046_m2w8673_tite-scaled.jpg\",\"contentUrl\":\"https:\/\/geelli.com\/wp-content\/uploads\/2020\/09\/046_m2w8673_tite-scaled.jpg\",\"width\":1707,\"height\":2560},{\"@type\":\"BreadcrumbList\",\"@id\":\"https:\/\/geelli.com\/fr\/silicone-maison-objets\/accrocher\/tratto\/#breadcrumb\",\"itemListElement\":[{\"@type\":\"ListItem\",\"position\":1,\"name\":\"Home\",\"item\":\"https:\/\/geelli.com\/fr\/\"},{\"@type\":\"ListItem\",\"position\":2,\"name\":\"Boutique\",\"item\":\"https:\/\/geelli.com\/fr\/boutique\/\"},{\"@type\":\"ListItem\",\"position\":3,\"name\":\"CUISINE ET TABLE\",\"item\":\"https:\/\/geelli.com\/fr\/produit\/cuisine\/\"},{\"@type\":\"ListItem\",\"position\":4,\"name\":\"TRATTO\"}]},{\"@type\":\"WebSite\",\"@id\":\"https:\/\/geelli.com\/#website\",\"url\":\"https:\/\/geelli.com\/\",\"name\":\"Geelli\",\"description\":\"Just another WordPress site\",\"potentialAction\":[{\"@type\":\"SearchAction\",\"target\":{\"@type\":\"EntryPoint\",\"urlTemplate\":\"https:\/\/geelli.com\/?s={search_term_string}\"},\"query-input\":{\"@type\":\"PropertyValueSpecification\",\"valueRequired\":true,\"valueName\":\"search_term_string\"}}],\"inLanguage\":\"fr-FR\"}]}<\/script>\n<!-- \/ Yoast SEO plugin. -->","yoast_head_json":{"title":"Appendino adesivo","description":"Appendino morbido e adesivo, pu\u00f2 essere posizionato all'altezza desiderata senza dover forare le piastrelle","robots":{"index":"index","follow":"follow","max-snippet":"max-snippet:-1","max-image-preview":"max-image-preview:large","max-video-preview":"max-video-preview:-1"},"canonical":"https:\/\/geelli.com\/fr\/silicone-maison-objets\/accrocher\/tratto\/","og_locale":"fr_FR","og_type":"article","og_title":"Appendino adesivo","og_description":"Appendino morbido e adesivo, pu\u00f2 essere posizionato all'altezza desiderata senza dover forare le piastrelle","og_url":"https:\/\/geelli.com\/fr\/silicone-maison-objets\/accrocher\/tratto\/","og_site_name":"Geelli","article_modified_time":"2020-11-27T09:52:38+00:00","og_image":[{"width":1707,"height":2560,"url":"https:\/\/geelli.com\/wp-content\/uploads\/2020\/09\/046_m2w8673_tite-scaled.jpg","type":"image\/jpeg"}],"twitter_card":"summary_large_image","schema":{"@context":"https:\/\/schema.org","@graph":[{"@type":"WebPage","@id":"https:\/\/geelli.com\/fr\/silicone-maison-objets\/accrocher\/tratto\/","url":"https:\/\/geelli.com\/fr\/silicone-maison-objets\/accrocher\/tratto\/","name":"Appendino adesivo","isPartOf":{"@id":"https:\/\/geelli.com\/#website"},"primaryImageOfPage":{"@id":"https:\/\/geelli.com\/fr\/silicone-maison-objets\/accrocher\/tratto\/#primaryimage"},"image":{"@id":"https:\/\/geelli.com\/fr\/silicone-maison-objets\/accrocher\/tratto\/#primaryimage"},"thumbnailUrl":"https:\/\/geelli.com\/wp-content\/uploads\/2020\/09\/046_m2w8673_tite-scaled.jpg","datePublished":"2020-09-15T13:57:01+00:00","dateModified":"2020-11-27T09:52:38+00:00","description":"Appendino morbido e adesivo, pu\u00f2 essere posizionato all'altezza desiderata senza dover forare le piastrelle","breadcrumb":{"@id":"https:\/\/geelli.com\/fr\/silicone-maison-objets\/accrocher\/tratto\/#breadcrumb"},"inLanguage":"fr-FR","potentialAction":[{"@type":"ReadAction","target":["https:\/\/geelli.com\/fr\/silicone-maison-objets\/accrocher\/tratto\/"]}]},{"@type":"ImageObject","inLanguage":"fr-FR","@id":"https:\/\/geelli.com\/fr\/silicone-maison-objets\/accrocher\/tratto\/#primaryimage","url":"https:\/\/geelli.com\/wp-content\/uploads\/2020\/09\/046_m2w8673_tite-scaled.jpg","contentUrl":"https:\/\/geelli.com\/wp-content\/uploads\/2020\/09\/046_m2w8673_tite-scaled.jpg","width":1707,"height":2560},{"@type":"BreadcrumbList","@id":"https:\/\/geelli.com\/fr\/silicone-maison-objets\/accrocher\/tratto\/#breadcrumb","itemListElement":[{"@type":"ListItem","position":1,"name":"Home","item":"https:\/\/geelli.com\/fr\/"},{"@type":"ListItem","position":2,"name":"Boutique","item":"https:\/\/geelli.com\/fr\/boutique\/"},{"@type":"ListItem","position":3,"name":"CUISINE ET TABLE","item":"https:\/\/geelli.com\/fr\/produit\/cuisine\/"},{"@type":"ListItem","position":4,"name":"TRATTO"}]},{"@type":"WebSite","@id":"https:\/\/geelli.com\/#website","url":"https:\/\/geelli.com\/","name":"Geelli","description":"Just another WordPress site","potentialAction":[{"@type":"SearchAction","target":{"@type":"EntryPoint","urlTemplate":"https:\/\/geelli.com\/?s={search_term_string}"},"query-input":{"@type":"PropertyValueSpecification","valueRequired":true,"valueName":"search_term_string"}}],"inLanguage":"fr-FR"}]}},"_links":{"self":[{"href":"https:\/\/geelli.com\/fr\/wp-json\/wp\/v2\/product\/20129","targetHints":{"allow":["GET"]}}],"collection":[{"href":"https:\/\/geelli.com\/fr\/wp-json\/wp\/v2\/product"}],"about":[{"href":"https:\/\/geelli.com\/fr\/wp-json\/wp\/v2\/types\/product"}],"replies":[{"embeddable":true,"href":"https:\/\/geelli.com\/fr\/wp-json\/wp\/v2\/comments?post=20129"}],"wp:featuredmedia":[{"embeddable":true,"href":"https:\/\/geelli.com\/fr\/wp-json\/wp\/v2\/media\/20142"}],"wp:attachment":[{"href":"https:\/\/geelli.com\/fr\/wp-json\/wp\/v2\/media?parent=20129"}],"wp:term":[{"taxonomy":"product_brand","embeddable":true,"href":"https:\/\/geelli.com\/fr\/wp-json\/wp\/v2\/product_brand?post=20129"},{"taxonomy":"product_cat","embeddable":true,"href":"https:\/\/geelli.com\/fr\/wp-json\/wp\/v2\/product_cat?post=20129"},{"taxonomy":"product_tag","embeddable":true,"href":"https:\/\/geelli.com\/fr\/wp-json\/wp\/v2\/product_tag?post=20129"}],"curies":[{"name":"wp","href":"https:\/\/api.w.org\/{rel}","templated":true}]}}