{"id":21056,"date":"2020-01-28T15:33:22","date_gmt":"2020-01-28T14:33:22","guid":{"rendered":"https:https:\/\/geelli.com\/complementi-arredo-silicone\/senza%20categoria\/filo-doccia\/"},"modified":"2026-04-14T19:03:18","modified_gmt":"2026-04-14T18:03:18","slug":"filo-doccia","status":"publish","type":"product","link":"https:\/\/geelli.com\/fr\/silicone-maison-objets\/accrocher\/filo-doccia\/","title":{"rendered":"FILO DOCCIA"},"content":{"rendered":"<p>Filo est un \u00e9l\u00e9ment unique qui permet de combiner diff\u00e9rents accessoires pour cr\u00e9er des compositions pour la douche, le mur \u00e0 c\u00f4t\u00e9 du lavabo, la cuisine et l\u2019entr\u00e9e. Les accessoires individuels sont ins\u00e9r\u00e9s sur une barre et peuvent \u00eatre r\u00e9gl\u00e9s en hauteur selon les besoins personnels. Filo douche se positionne \u00e0 cheval sur la paroi en verre sans n\u00e9cessiter de per\u00e7age.<\/p>\n<p><!--\n<a href=\"https:\/\/geelli.com\/wp-content\/uploads\/2020\/01\/Filo-bagno-composizioni-white.jpg\" rel=\"prettyPhoto[gallery-R5xa]\"><img loading=\"lazy\" decoding=\"async\" class=\"aligncenter wp-image-31921 size-full\" style=\"width: 80%;\" src=\"https:\/\/geelli.com\/wp-content\/uploads\/2020\/01\/Filo-bagno-composizioni-white.jpg\" alt=\"\" width=\"642\" height=\"904\" srcset=\"https:\/\/geelli.com\/wp-content\/uploads\/2020\/01\/Filo-bagno-composizioni-white.jpg 642w, https:\/\/geelli.com\/wp-content\/uploads\/2020\/01\/Filo-bagno-composizioni-white-600x845.jpg 600w, https:\/\/geelli.com\/wp-content\/uploads\/2020\/01\/Filo-bagno-composizioni-white-213x300.jpg 213w\" sizes=\"auto, (max-width: 642px) 100vw, 642px\" \/><\/a>\n->>\nAsta curva in acciaio inox verniciato. L\u2019asta \u00e8 fornita con una morbida protezione per il vetro della doccia. disponibile in 3 versioni: FILO DOCCIA per cristalli fino a 8mm di spessore, FILO DOCCIA L per docce con spessore fino a 40mm e FILO DOCCIA XL per spessori fino a 52mm.\n<!--\n\n\n<p style=\"text-align: center;\"><a href=\"https:\/\/geelli.com\/wp-content\/uploads\/2020\/01\/filo-doccia-versioni.tif\"><img decoding=\"async\" class=\"alignnone size-full wp-image-31790\" src=\"https:\/\/geelli.com\/wp-content\/uploads\/2020\/01\/filo-doccia-versioni.tif\" alt=\"\" \/><\/a><a href=\"https:\/\/geelli.com\/wp-content\/uploads\/2020\/01\/filo-doccia-versioni.tif\"><img decoding=\"async\" class=\"alignnone size-full wp-image-31794\" src=\"https:\/\/geelli.com\/wp-content\/uploads\/2020\/01\/filo-doccia-versioni.tif\" alt=\"\" \/><\/a><a href=\"https:\/\/geelli.com\/wp-content\/uploads\/2020\/01\/filo-doccia-versioni-1024x340.jpg\" rel=\"prettyPhoto[gallery-R5xa]\"><img loading=\"lazy\" decoding=\"async\" class=\"aligncenter wp-image-31798 size-large\" style=\"width: 80%;\" src=\"https:\/\/geelli.com\/wp-content\/uploads\/2020\/01\/filo-doccia-versioni-1024x340.jpg\" alt=\"\" width=\"1024\" height=\"340\" srcset=\"https:\/\/geelli.com\/wp-content\/uploads\/2020\/01\/filo-doccia-versioni-1024x340.jpg 1024w, https:\/\/geelli.com\/wp-content\/uploads\/2020\/01\/filo-doccia-versioni-600x199.jpg 600w, https:\/\/geelli.com\/wp-content\/uploads\/2020\/01\/filo-doccia-versioni-300x100.jpg 300w, https:\/\/geelli.com\/wp-content\/uploads\/2020\/01\/filo-doccia-versioni.jpg 1251w\" sizes=\"auto, (max-width: 1024px) 100vw, 1024px\" \/><\/a><\/p>\n\n\n\nL'asta \u00e8 disponibile in quattro finiture: nero, sabbia, rame e oro opaco.\n--><br \/>\nSur celle-ci, il est possible d\u2019installer les accessoires suivants au choix : PORTE-OBJETS, PORTE-SAVON, MIROIR, PORTE-SERVIETTES, DISTRIBUTEUR, CROCHET et CROCHET DOUBLE. Les accessoires sont disponibles dans les coloris suivants : noir, taupe, gris ombre et sable. \u00c0 l\u2019exception du PORTE-SERVIETTES, qui est disponible dans les finitions de la barre, \u00e0 savoir noir, sable, cuivre et or.<br \/>\n<!--\n<a href=\"https:\/\/geelli.com\/wp-content\/uploads\/2020\/01\/filo-accessori-3-1024x202.jpg\" rel=\"prettyPhoto[gallery-R5xa]\"><img loading=\"lazy\" decoding=\"async\" class=\"aligncenter wp-image-31804 size-large\" style=\"width: 80%;\" src=\"https:\/\/geelli.com\/wp-content\/uploads\/2020\/01\/filo-accessori-3-1024x202.jpg\" alt=\"\" width=\"1024\" height=\"202\" srcset=\"https:\/\/geelli.com\/wp-content\/uploads\/2020\/01\/filo-accessori-3-1024x202.jpg 1024w, https:\/\/geelli.com\/wp-content\/uploads\/2020\/01\/filo-accessori-3-600x119.jpg 600w, https:\/\/geelli.com\/wp-content\/uploads\/2020\/01\/filo-accessori-3-300x59.jpg 300w, https:\/\/geelli.com\/wp-content\/uploads\/2020\/01\/filo-accessori-3.jpg 1498w\" sizes=\"auto, (max-width: 1024px) 100vw, 1024px\" \/><\/a>\n--><br \/>\nFilo offre une grande libert\u00e9 de composition individuelle, gr\u00e2ce \u00e0 la possibilit\u00e9 de d\u00e9placer les \u00e9l\u00e9ments \u00e0 la hauteur souhait\u00e9e ou de modifier la composition selon ses besoins.<\/p>\n","protected":false},"excerpt":{"rendered":"<p>Filo est un \u00e9l\u00e9ment unique qui permet de combiner diff\u00e9rents accessoires pour cr\u00e9er des compositions pour la douche, le mur \u00e0 c\u00f4t\u00e9 du lavabo, la cuisine et l\u2019entr\u00e9e. Les accessoires&#8230;<\/p>\n","protected":false},"featured_media":31989,"comment_status":"closed","ping_status":"closed","template":"","meta":{"_acf_changed":false},"product_brand":[],"product_cat":[325,328,322],"product_tag":[1325,1326,1379,1327,1380,1332,1333,1381],"class_list":{"0":"post-21056","1":"product","2":"type-product","3":"status-publish","4":"has-post-thumbnail","6":"product_cat-salle-de-bain","7":"product_cat-contenir","8":"product_cat-accrocher","9":"product_tag-appendino-fr","10":"product_tag-dispenser-fr","11":"product_tag-doccia-fr","12":"product_tag-filo-fr","13":"product_tag-filo-doccia-fr","14":"product_tag-portasapone-fr","15":"product_tag-vaschetta-fr","16":"product_tag-vetro-fr","17":"pa_famiglia-prodotto-filo-fr","18":"tm-has-options","20":"first","21":"instock","22":"taxable","23":"shipping-taxable","24":"purchasable","25":"product-type-variable"},"acf":[],"yoast_head":"<!-- This site is optimized with the Yoast SEO plugin v27.0 - https:\/\/yoast.com\/product\/yoast-seo-wordpress\/ -->\n<title>FILO DOCCIA - Geelli<\/title>\n<meta name=\"description\" content=\"Filo \u00e8 un elemento unico che unisce vari accessori creando delle composizioni per la doccia, per la parete accanto al lavabo, per la cucina e la zona ingresso\" \/>\n<meta name=\"robots\" content=\"index, follow, max-snippet:-1, max-image-preview:large, max-video-preview:-1\" \/>\n<link rel=\"canonical\" href=\"https:\/\/geelli.com\/fr\/silicone-maison-objets\/accrocher\/filo-doccia\/\" \/>\n<meta property=\"og:locale\" content=\"fr_FR\" \/>\n<meta property=\"og:type\" content=\"article\" \/>\n<meta property=\"og:title\" content=\"FILO DOCCIA - Geelli\" \/>\n<meta property=\"og:description\" content=\"Filo \u00e8 un elemento unico che unisce vari accessori creando delle composizioni per la doccia, per la parete accanto al lavabo, per la cucina e la zona ingresso\" \/>\n<meta property=\"og:url\" content=\"https:\/\/geelli.com\/fr\/silicone-maison-objets\/accrocher\/filo-doccia\/\" \/>\n<meta property=\"og:site_name\" content=\"Geelli\" \/>\n<meta property=\"article:modified_time\" content=\"2026-04-14T18:03:18+00:00\" \/>\n<meta property=\"og:image\" content=\"https:\/\/geelli.com\/wp-content\/uploads\/2020\/01\/FILO-DOCCIA-3-scaled.jpg\" \/>\n\t<meta property=\"og:image:width\" content=\"1707\" \/>\n\t<meta property=\"og:image:height\" content=\"2560\" \/>\n\t<meta property=\"og:image:type\" content=\"image\/jpeg\" \/>\n<meta name=\"twitter:card\" content=\"summary_large_image\" \/>\n<meta name=\"twitter:label1\" content=\"Dur\u00e9e de lecture estim\u00e9e\" \/>\n\t<meta name=\"twitter:data1\" content=\"1 minute\" \/>\n<script type=\"application\/ld+json\" class=\"yoast-schema-graph\">{\"@context\":\"https:\/\/schema.org\",\"@graph\":[{\"@type\":\"WebPage\",\"@id\":\"https:\/\/geelli.com\/fr\/silicone-maison-objets\/accrocher\/filo-doccia\/\",\"url\":\"https:\/\/geelli.com\/fr\/silicone-maison-objets\/accrocher\/filo-doccia\/\",\"name\":\"FILO DOCCIA - Geelli\",\"isPartOf\":{\"@id\":\"https:\/\/geelli.com\/#website\"},\"primaryImageOfPage\":{\"@id\":\"https:\/\/geelli.com\/fr\/silicone-maison-objets\/accrocher\/filo-doccia\/#primaryimage\"},\"image\":{\"@id\":\"https:\/\/geelli.com\/fr\/silicone-maison-objets\/accrocher\/filo-doccia\/#primaryimage\"},\"thumbnailUrl\":\"https:\/\/geelli.com\/wp-content\/uploads\/2020\/01\/FILO-DOCCIA-3-scaled.jpg\",\"datePublished\":\"2020-01-28T14:33:22+00:00\",\"dateModified\":\"2026-04-14T18:03:18+00:00\",\"description\":\"Filo \u00e8 un elemento unico che unisce vari accessori creando delle composizioni per la doccia, per la parete accanto al lavabo, per la cucina e la zona ingresso\",\"breadcrumb\":{\"@id\":\"https:\/\/geelli.com\/fr\/silicone-maison-objets\/accrocher\/filo-doccia\/#breadcrumb\"},\"inLanguage\":\"fr-FR\",\"potentialAction\":[{\"@type\":\"ReadAction\",\"target\":[\"https:\/\/geelli.com\/fr\/silicone-maison-objets\/accrocher\/filo-doccia\/\"]}]},{\"@type\":\"ImageObject\",\"inLanguage\":\"fr-FR\",\"@id\":\"https:\/\/geelli.com\/fr\/silicone-maison-objets\/accrocher\/filo-doccia\/#primaryimage\",\"url\":\"https:\/\/geelli.com\/wp-content\/uploads\/2020\/01\/FILO-DOCCIA-3-scaled.jpg\",\"contentUrl\":\"https:\/\/geelli.com\/wp-content\/uploads\/2020\/01\/FILO-DOCCIA-3-scaled.jpg\",\"width\":1707,\"height\":2560},{\"@type\":\"BreadcrumbList\",\"@id\":\"https:\/\/geelli.com\/fr\/silicone-maison-objets\/accrocher\/filo-doccia\/#breadcrumb\",\"itemListElement\":[{\"@type\":\"ListItem\",\"position\":1,\"name\":\"Home\",\"item\":\"https:\/\/geelli.com\/fr\/\"},{\"@type\":\"ListItem\",\"position\":2,\"name\":\"Boutique\",\"item\":\"https:\/\/geelli.com\/fr\/boutique\/\"},{\"@type\":\"ListItem\",\"position\":3,\"name\":\"BAGNO\",\"item\":\"https:\/\/geelli.com\/prodotti\/bagno\/\"},{\"@type\":\"ListItem\",\"position\":4,\"name\":\"FILO DOCCIA\"}]},{\"@type\":\"WebSite\",\"@id\":\"https:\/\/geelli.com\/#website\",\"url\":\"https:\/\/geelli.com\/\",\"name\":\"Geelli\",\"description\":\"Just another WordPress site\",\"potentialAction\":[{\"@type\":\"SearchAction\",\"target\":{\"@type\":\"EntryPoint\",\"urlTemplate\":\"https:\/\/geelli.com\/?s={search_term_string}\"},\"query-input\":{\"@type\":\"PropertyValueSpecification\",\"valueRequired\":true,\"valueName\":\"search_term_string\"}}],\"inLanguage\":\"fr-FR\"}]}<\/script>\n<!-- \/ Yoast SEO plugin. -->","yoast_head_json":{"title":"FILO DOCCIA - Geelli","description":"Filo \u00e8 un elemento unico che unisce vari accessori creando delle composizioni per la doccia, per la parete accanto al lavabo, per la cucina e la zona ingresso","robots":{"index":"index","follow":"follow","max-snippet":"max-snippet:-1","max-image-preview":"max-image-preview:large","max-video-preview":"max-video-preview:-1"},"canonical":"https:\/\/geelli.com\/fr\/silicone-maison-objets\/accrocher\/filo-doccia\/","og_locale":"fr_FR","og_type":"article","og_title":"FILO DOCCIA - Geelli","og_description":"Filo \u00e8 un elemento unico che unisce vari accessori creando delle composizioni per la doccia, per la parete accanto al lavabo, per la cucina e la zona ingresso","og_url":"https:\/\/geelli.com\/fr\/silicone-maison-objets\/accrocher\/filo-doccia\/","og_site_name":"Geelli","article_modified_time":"2026-04-14T18:03:18+00:00","og_image":[{"width":1707,"height":2560,"url":"https:\/\/geelli.com\/wp-content\/uploads\/2020\/01\/FILO-DOCCIA-3-scaled.jpg","type":"image\/jpeg"}],"twitter_card":"summary_large_image","twitter_misc":{"Dur\u00e9e de lecture estim\u00e9e":"1 minute"},"schema":{"@context":"https:\/\/schema.org","@graph":[{"@type":"WebPage","@id":"https:\/\/geelli.com\/fr\/silicone-maison-objets\/accrocher\/filo-doccia\/","url":"https:\/\/geelli.com\/fr\/silicone-maison-objets\/accrocher\/filo-doccia\/","name":"FILO DOCCIA - Geelli","isPartOf":{"@id":"https:\/\/geelli.com\/#website"},"primaryImageOfPage":{"@id":"https:\/\/geelli.com\/fr\/silicone-maison-objets\/accrocher\/filo-doccia\/#primaryimage"},"image":{"@id":"https:\/\/geelli.com\/fr\/silicone-maison-objets\/accrocher\/filo-doccia\/#primaryimage"},"thumbnailUrl":"https:\/\/geelli.com\/wp-content\/uploads\/2020\/01\/FILO-DOCCIA-3-scaled.jpg","datePublished":"2020-01-28T14:33:22+00:00","dateModified":"2026-04-14T18:03:18+00:00","description":"Filo \u00e8 un elemento unico che unisce vari accessori creando delle composizioni per la doccia, per la parete accanto al lavabo, per la cucina e la zona ingresso","breadcrumb":{"@id":"https:\/\/geelli.com\/fr\/silicone-maison-objets\/accrocher\/filo-doccia\/#breadcrumb"},"inLanguage":"fr-FR","potentialAction":[{"@type":"ReadAction","target":["https:\/\/geelli.com\/fr\/silicone-maison-objets\/accrocher\/filo-doccia\/"]}]},{"@type":"ImageObject","inLanguage":"fr-FR","@id":"https:\/\/geelli.com\/fr\/silicone-maison-objets\/accrocher\/filo-doccia\/#primaryimage","url":"https:\/\/geelli.com\/wp-content\/uploads\/2020\/01\/FILO-DOCCIA-3-scaled.jpg","contentUrl":"https:\/\/geelli.com\/wp-content\/uploads\/2020\/01\/FILO-DOCCIA-3-scaled.jpg","width":1707,"height":2560},{"@type":"BreadcrumbList","@id":"https:\/\/geelli.com\/fr\/silicone-maison-objets\/accrocher\/filo-doccia\/#breadcrumb","itemListElement":[{"@type":"ListItem","position":1,"name":"Home","item":"https:\/\/geelli.com\/fr\/"},{"@type":"ListItem","position":2,"name":"Boutique","item":"https:\/\/geelli.com\/fr\/boutique\/"},{"@type":"ListItem","position":3,"name":"BAGNO","item":"https:\/\/geelli.com\/prodotti\/bagno\/"},{"@type":"ListItem","position":4,"name":"FILO DOCCIA"}]},{"@type":"WebSite","@id":"https:\/\/geelli.com\/#website","url":"https:\/\/geelli.com\/","name":"Geelli","description":"Just another WordPress site","potentialAction":[{"@type":"SearchAction","target":{"@type":"EntryPoint","urlTemplate":"https:\/\/geelli.com\/?s={search_term_string}"},"query-input":{"@type":"PropertyValueSpecification","valueRequired":true,"valueName":"search_term_string"}}],"inLanguage":"fr-FR"}]}},"_links":{"self":[{"href":"https:\/\/geelli.com\/fr\/wp-json\/wp\/v2\/product\/21056","targetHints":{"allow":["GET"]}}],"collection":[{"href":"https:\/\/geelli.com\/fr\/wp-json\/wp\/v2\/product"}],"about":[{"href":"https:\/\/geelli.com\/fr\/wp-json\/wp\/v2\/types\/product"}],"replies":[{"embeddable":true,"href":"https:\/\/geelli.com\/fr\/wp-json\/wp\/v2\/comments?post=21056"}],"wp:featuredmedia":[{"embeddable":true,"href":"https:\/\/geelli.com\/fr\/wp-json\/wp\/v2\/media\/31989"}],"wp:attachment":[{"href":"https:\/\/geelli.com\/fr\/wp-json\/wp\/v2\/media?parent=21056"}],"wp:term":[{"taxonomy":"product_brand","embeddable":true,"href":"https:\/\/geelli.com\/fr\/wp-json\/wp\/v2\/product_brand?post=21056"},{"taxonomy":"product_cat","embeddable":true,"href":"https:\/\/geelli.com\/fr\/wp-json\/wp\/v2\/product_cat?post=21056"},{"taxonomy":"product_tag","embeddable":true,"href":"https:\/\/geelli.com\/fr\/wp-json\/wp\/v2\/product_tag?post=21056"}],"curies":[{"name":"wp","href":"https:\/\/api.w.org\/{rel}","templated":true}]}}