{"id":25627,"date":"2021-03-16T09:58:06","date_gmt":"2021-03-16T08:58:06","guid":{"rendered":"https:https:\/\/geelli.com\/?post_type=product&#038;p=25627"},"modified":"2025-03-21T16:29:26","modified_gmt":"2025-03-21T15:29:26","slug":"filo-muro","status":"publish","type":"product","link":"https:\/\/geelli.com\/fr\/silicone-maison-objets\/salle-de-bain\/filo-muro\/","title":{"rendered":"FILO MURO"},"content":{"rendered":"<p>Filo \u00e8 un elemento unico che unisce vari accessori creando delle composizioni per la doccia, per la parete accanto al lavabo, per la cucina e la zona ingresso. I singoli accessori sono introdotti in un filo e possono essere regolati in altezza a seconda delle esigenze personali.<\/p>\n<p><a href=\"https:\/\/geelli.com\/wp-content\/uploads\/2021\/03\/listino-filo-aggiornato-scaled.jpg\" rel=\"prettyPhoto[gallery-ktlI]\"><img loading=\"lazy\" decoding=\"async\" class=\"size-large wp-image-41195 aligncenter\" src=\"https:\/\/geelli.com\/wp-content\/uploads\/2021\/03\/listino-filo-aggiornato-617x1024.jpg\" alt=\"\" width=\"617\" height=\"1024\" srcset=\"https:\/\/geelli.com\/wp-content\/uploads\/2021\/03\/listino-filo-aggiornato-617x1024.jpg 617w, https:\/\/geelli.com\/wp-content\/uploads\/2021\/03\/listino-filo-aggiornato-181x300.jpg 181w, https:\/\/geelli.com\/wp-content\/uploads\/2021\/03\/listino-filo-aggiornato-926x1536.jpg 926w, https:\/\/geelli.com\/wp-content\/uploads\/2021\/03\/listino-filo-aggiornato-1234x2048.jpg 1234w, https:\/\/geelli.com\/wp-content\/uploads\/2021\/03\/listino-filo-aggiornato-600x996.jpg 600w, https:\/\/geelli.com\/wp-content\/uploads\/2021\/03\/listino-filo-aggiornato-scaled.jpg 1543w\" sizes=\"auto, (max-width: 617px) 100vw, 617px\" \/><\/a><\/p>\n<p>L\u2019asta dritta in acciaio inox verniciato \u00e8 indicata per il fissaggio\u00a0a muro mediante viti (FILO MURO) o con kit di incollaggio (FILO ADESIVO).<\/p>\n<p style=\"text-align: center;\"><a href=\"https:\/\/geelli.com\/wp-content\/uploads\/2021\/03\/filo-dritto-composizioni-2-1024x390.jpg\" rel=\"prettyPhoto[gallery-ktlI]\"><img loading=\"lazy\" decoding=\"async\" class=\"alignnone size-large wp-image-31830\" style=\"width: 80%;\" src=\"https:\/\/geelli.com\/wp-content\/uploads\/2021\/03\/filo-dritto-composizioni-2-1024x390.jpg\" alt=\"\" width=\"1024\" height=\"390\" srcset=\"https:\/\/geelli.com\/wp-content\/uploads\/2021\/03\/filo-dritto-composizioni-2-1024x390.jpg 1024w, https:\/\/geelli.com\/wp-content\/uploads\/2021\/03\/filo-dritto-composizioni-2-600x229.jpg 600w, https:\/\/geelli.com\/wp-content\/uploads\/2021\/03\/filo-dritto-composizioni-2-300x114.jpg 300w, https:\/\/geelli.com\/wp-content\/uploads\/2021\/03\/filo-dritto-composizioni-2.jpg 1243w\" sizes=\"auto, (max-width: 1024px) 100vw, 1024px\" \/><\/a><\/p>\n<p>L\u2019asta \u00e8 disponibile in cinque finiture: nero, sabbia, rame, oro opaco e bianco.<\/p>\n<p>Su questa \u00e8 possibile installare i seguenti accessori a scelta: PORTAOGGETTI, PORTASAPONE, SPECCHIO, PORTASCIUGAMANO, DISPENSER, APPENDINO, PORTARIVISTE, APPENDINO DOPPIO, PORTAROTOLO, BASE PORTASCOPINO TONDA e BASE PORTASCOPINO QUADRATA. Gli accessori sono disponibili nelle seguenti colorazioni: Nero, tortora, Grigio ombra, sabbia e bianco. Eccezion fatta per il PORTASCIUGAMANO che \u00e8 disponibile nelle finiture dell\u2019asta, ovvero nero, sabbia, rame, oro e bianco.<\/p>\n<p>&nbsp;<\/p>\n<p>Le composizioni proposte sono state pensate per molti ambienti della casa (cucina, bagno, ingresso, camera da letto) data la trasversalit\u00e0 degli elementi. Nella zona ingresso o in cucina Filo \u00e8 utile per appendere, contenere e tenere a porta di mano ci\u00f2 che serve. Filo assicura ampio spazio alla libert\u00e0 di composizione individuale, grazie alla possibilit\u00e0 di spostare gli elementi all\u2019altezza desiderata o variare la composizione a seconda delle proprie esigenze.<\/p>\n<p>&nbsp;<\/p>\n","protected":false},"excerpt":{"rendered":"<p>Filo \u00e8 un elemento unico che unisce vari accessori creando delle composizioni per la doccia, per la parete accanto al lavabo, per la cucina e la zona ingresso. I singoli&#8230;<\/p>\n","protected":false},"featured_media":23369,"comment_status":"closed","ping_status":"closed","template":"","meta":{"_acf_changed":false},"product_brand":[],"product_cat":[325,328],"product_tag":[1325,1326,1379,1327,1380,1332,1333,1381],"class_list":{"0":"post-25627","1":"product","2":"type-product","3":"status-publish","4":"has-post-thumbnail","6":"product_cat-salle-de-bain","7":"product_cat-contenir","8":"product_tag-appendino-fr","9":"product_tag-dispenser-fr","10":"product_tag-doccia-fr","11":"product_tag-filo-fr","12":"product_tag-filo-doccia-fr","13":"product_tag-portasapone-fr","14":"product_tag-vaschetta-fr","15":"product_tag-vetro-fr","16":"pa_famiglia-prodotto-filo-fr","17":"tm-no-options","19":"first","20":"instock","21":"taxable","22":"shipping-taxable","23":"purchasable","24":"product-type-variable"},"acf":[],"yoast_head":"<!-- This site is optimized with the Yoast SEO plugin v27.0 - https:\/\/yoast.com\/product\/yoast-seo-wordpress\/ -->\n<title>FILO MURO - Geelli<\/title>\n<meta name=\"description\" content=\"Filo \u00e8 un elemento unico che unisce vari accessori creando delle composizioni per la doccia, per la parete accanto al lavabo, per la cucina e la zona ingresso\" \/>\n<meta name=\"robots\" content=\"index, follow, max-snippet:-1, max-image-preview:large, max-video-preview:-1\" \/>\n<link rel=\"canonical\" href=\"https:\/\/geelli.com\/fr\/silicone-maison-objets\/salle-de-bain\/filo-muro\/\" \/>\n<meta property=\"og:locale\" content=\"fr_FR\" \/>\n<meta property=\"og:type\" content=\"article\" \/>\n<meta property=\"og:title\" content=\"FILO MURO - Geelli\" \/>\n<meta property=\"og:description\" content=\"Filo \u00e8 un elemento unico che unisce vari accessori creando delle composizioni per la doccia, per la parete accanto al lavabo, per la cucina e la zona ingresso\" \/>\n<meta property=\"og:url\" content=\"https:\/\/geelli.com\/fr\/silicone-maison-objets\/salle-de-bain\/filo-muro\/\" \/>\n<meta property=\"og:site_name\" content=\"Geelli\" \/>\n<meta property=\"article:modified_time\" content=\"2025-03-21T15:29:26+00:00\" \/>\n<meta property=\"og:image\" content=\"https:\/\/geelli.com\/wp-content\/uploads\/2020\/01\/FILO-MURO-2.jpg\" \/>\n\t<meta property=\"og:image:width\" content=\"1614\" \/>\n\t<meta property=\"og:image:height\" content=\"1166\" \/>\n\t<meta property=\"og:image:type\" content=\"image\/jpeg\" \/>\n<meta name=\"twitter:card\" content=\"summary_large_image\" \/>\n<meta name=\"twitter:label1\" content=\"Dur\u00e9e de lecture estim\u00e9e\" \/>\n\t<meta name=\"twitter:data1\" content=\"1 minute\" \/>\n<script type=\"application\/ld+json\" class=\"yoast-schema-graph\">{\"@context\":\"https:\/\/schema.org\",\"@graph\":[{\"@type\":\"WebPage\",\"@id\":\"https:\/\/geelli.com\/fr\/silicone-maison-objets\/salle-de-bain\/filo-muro\/\",\"url\":\"https:\/\/geelli.com\/fr\/silicone-maison-objets\/salle-de-bain\/filo-muro\/\",\"name\":\"FILO MURO - Geelli\",\"isPartOf\":{\"@id\":\"https:\/\/geelli.com\/#website\"},\"primaryImageOfPage\":{\"@id\":\"https:\/\/geelli.com\/fr\/silicone-maison-objets\/salle-de-bain\/filo-muro\/#primaryimage\"},\"image\":{\"@id\":\"https:\/\/geelli.com\/fr\/silicone-maison-objets\/salle-de-bain\/filo-muro\/#primaryimage\"},\"thumbnailUrl\":\"https:\/\/geelli.com\/wp-content\/uploads\/2020\/01\/FILO-MURO-2.jpg\",\"datePublished\":\"2021-03-16T08:58:06+00:00\",\"dateModified\":\"2025-03-21T15:29:26+00:00\",\"description\":\"Filo \u00e8 un elemento unico che unisce vari accessori creando delle composizioni per la doccia, per la parete accanto al lavabo, per la cucina e la zona ingresso\",\"breadcrumb\":{\"@id\":\"https:\/\/geelli.com\/fr\/silicone-maison-objets\/salle-de-bain\/filo-muro\/#breadcrumb\"},\"inLanguage\":\"fr-FR\",\"potentialAction\":[{\"@type\":\"ReadAction\",\"target\":[\"https:\/\/geelli.com\/fr\/silicone-maison-objets\/salle-de-bain\/filo-muro\/\"]}]},{\"@type\":\"ImageObject\",\"inLanguage\":\"fr-FR\",\"@id\":\"https:\/\/geelli.com\/fr\/silicone-maison-objets\/salle-de-bain\/filo-muro\/#primaryimage\",\"url\":\"https:\/\/geelli.com\/wp-content\/uploads\/2020\/01\/FILO-MURO-2.jpg\",\"contentUrl\":\"https:\/\/geelli.com\/wp-content\/uploads\/2020\/01\/FILO-MURO-2.jpg\",\"width\":1614,\"height\":1166},{\"@type\":\"BreadcrumbList\",\"@id\":\"https:\/\/geelli.com\/fr\/silicone-maison-objets\/salle-de-bain\/filo-muro\/#breadcrumb\",\"itemListElement\":[{\"@type\":\"ListItem\",\"position\":1,\"name\":\"Home\",\"item\":\"https:\/\/geelli.com\/fr\/\"},{\"@type\":\"ListItem\",\"position\":2,\"name\":\"Boutique\",\"item\":\"https:\/\/geelli.com\/fr\/boutique\/\"},{\"@type\":\"ListItem\",\"position\":3,\"name\":\"BAGNO\",\"item\":\"https:\/\/geelli.com\/prodotti\/bagno\/\"},{\"@type\":\"ListItem\",\"position\":4,\"name\":\"FILO MURO\"}]},{\"@type\":\"WebSite\",\"@id\":\"https:\/\/geelli.com\/#website\",\"url\":\"https:\/\/geelli.com\/\",\"name\":\"Geelli\",\"description\":\"Just another WordPress site\",\"potentialAction\":[{\"@type\":\"SearchAction\",\"target\":{\"@type\":\"EntryPoint\",\"urlTemplate\":\"https:\/\/geelli.com\/?s={search_term_string}\"},\"query-input\":{\"@type\":\"PropertyValueSpecification\",\"valueRequired\":true,\"valueName\":\"search_term_string\"}}],\"inLanguage\":\"fr-FR\"}]}<\/script>\n<!-- \/ Yoast SEO plugin. -->","yoast_head_json":{"title":"FILO MURO - Geelli","description":"Filo \u00e8 un elemento unico che unisce vari accessori creando delle composizioni per la doccia, per la parete accanto al lavabo, per la cucina e la zona ingresso","robots":{"index":"index","follow":"follow","max-snippet":"max-snippet:-1","max-image-preview":"max-image-preview:large","max-video-preview":"max-video-preview:-1"},"canonical":"https:\/\/geelli.com\/fr\/silicone-maison-objets\/salle-de-bain\/filo-muro\/","og_locale":"fr_FR","og_type":"article","og_title":"FILO MURO - Geelli","og_description":"Filo \u00e8 un elemento unico che unisce vari accessori creando delle composizioni per la doccia, per la parete accanto al lavabo, per la cucina e la zona ingresso","og_url":"https:\/\/geelli.com\/fr\/silicone-maison-objets\/salle-de-bain\/filo-muro\/","og_site_name":"Geelli","article_modified_time":"2025-03-21T15:29:26+00:00","og_image":[{"width":1614,"height":1166,"url":"https:\/\/geelli.com\/wp-content\/uploads\/2020\/01\/FILO-MURO-2.jpg","type":"image\/jpeg"}],"twitter_card":"summary_large_image","twitter_misc":{"Dur\u00e9e de lecture estim\u00e9e":"1 minute"},"schema":{"@context":"https:\/\/schema.org","@graph":[{"@type":"WebPage","@id":"https:\/\/geelli.com\/fr\/silicone-maison-objets\/salle-de-bain\/filo-muro\/","url":"https:\/\/geelli.com\/fr\/silicone-maison-objets\/salle-de-bain\/filo-muro\/","name":"FILO MURO - Geelli","isPartOf":{"@id":"https:\/\/geelli.com\/#website"},"primaryImageOfPage":{"@id":"https:\/\/geelli.com\/fr\/silicone-maison-objets\/salle-de-bain\/filo-muro\/#primaryimage"},"image":{"@id":"https:\/\/geelli.com\/fr\/silicone-maison-objets\/salle-de-bain\/filo-muro\/#primaryimage"},"thumbnailUrl":"https:\/\/geelli.com\/wp-content\/uploads\/2020\/01\/FILO-MURO-2.jpg","datePublished":"2021-03-16T08:58:06+00:00","dateModified":"2025-03-21T15:29:26+00:00","description":"Filo \u00e8 un elemento unico che unisce vari accessori creando delle composizioni per la doccia, per la parete accanto al lavabo, per la cucina e la zona ingresso","breadcrumb":{"@id":"https:\/\/geelli.com\/fr\/silicone-maison-objets\/salle-de-bain\/filo-muro\/#breadcrumb"},"inLanguage":"fr-FR","potentialAction":[{"@type":"ReadAction","target":["https:\/\/geelli.com\/fr\/silicone-maison-objets\/salle-de-bain\/filo-muro\/"]}]},{"@type":"ImageObject","inLanguage":"fr-FR","@id":"https:\/\/geelli.com\/fr\/silicone-maison-objets\/salle-de-bain\/filo-muro\/#primaryimage","url":"https:\/\/geelli.com\/wp-content\/uploads\/2020\/01\/FILO-MURO-2.jpg","contentUrl":"https:\/\/geelli.com\/wp-content\/uploads\/2020\/01\/FILO-MURO-2.jpg","width":1614,"height":1166},{"@type":"BreadcrumbList","@id":"https:\/\/geelli.com\/fr\/silicone-maison-objets\/salle-de-bain\/filo-muro\/#breadcrumb","itemListElement":[{"@type":"ListItem","position":1,"name":"Home","item":"https:\/\/geelli.com\/fr\/"},{"@type":"ListItem","position":2,"name":"Boutique","item":"https:\/\/geelli.com\/fr\/boutique\/"},{"@type":"ListItem","position":3,"name":"BAGNO","item":"https:\/\/geelli.com\/prodotti\/bagno\/"},{"@type":"ListItem","position":4,"name":"FILO MURO"}]},{"@type":"WebSite","@id":"https:\/\/geelli.com\/#website","url":"https:\/\/geelli.com\/","name":"Geelli","description":"Just another WordPress site","potentialAction":[{"@type":"SearchAction","target":{"@type":"EntryPoint","urlTemplate":"https:\/\/geelli.com\/?s={search_term_string}"},"query-input":{"@type":"PropertyValueSpecification","valueRequired":true,"valueName":"search_term_string"}}],"inLanguage":"fr-FR"}]}},"_links":{"self":[{"href":"https:\/\/geelli.com\/fr\/wp-json\/wp\/v2\/product\/25627","targetHints":{"allow":["GET"]}}],"collection":[{"href":"https:\/\/geelli.com\/fr\/wp-json\/wp\/v2\/product"}],"about":[{"href":"https:\/\/geelli.com\/fr\/wp-json\/wp\/v2\/types\/product"}],"replies":[{"embeddable":true,"href":"https:\/\/geelli.com\/fr\/wp-json\/wp\/v2\/comments?post=25627"}],"wp:featuredmedia":[{"embeddable":true,"href":"https:\/\/geelli.com\/fr\/wp-json\/wp\/v2\/media\/23369"}],"wp:attachment":[{"href":"https:\/\/geelli.com\/fr\/wp-json\/wp\/v2\/media?parent=25627"}],"wp:term":[{"taxonomy":"product_brand","embeddable":true,"href":"https:\/\/geelli.com\/fr\/wp-json\/wp\/v2\/product_brand?post=25627"},{"taxonomy":"product_cat","embeddable":true,"href":"https:\/\/geelli.com\/fr\/wp-json\/wp\/v2\/product_cat?post=25627"},{"taxonomy":"product_tag","embeddable":true,"href":"https:\/\/geelli.com\/fr\/wp-json\/wp\/v2\/product_tag?post=25627"}],"curies":[{"name":"wp","href":"https:\/\/api.w.org\/{rel}","templated":true}]}}