{"id":28662,"date":"2021-12-30T10:08:36","date_gmt":"2021-12-30T09:08:36","guid":{"rendered":"https:\/\/geelli.com\/?post_type=product&#038;p=28662"},"modified":"2022-05-27T14:25:50","modified_gmt":"2022-05-27T14:25:50","slug":"viood-frame","status":"publish","type":"product","link":"https:\/\/geelli.com\/fr\/silicone-maison-objets\/sieges\/viood-frame\/","title":{"rendered":"VIOOD FRAME"},"content":{"rendered":"<p>Un si\u00e8ge qui compl\u00e8te la ligne Viood et peut \u00eatre utilis\u00e9 dans la salle de bains ou dans d\u2019autres endroits de la maison pour poser ou s\u2019asseoir. Le si\u00e8ge est r\u00e9alis\u00e9<br \/>\nen polyur\u00e9thane int\u00e9gral color\u00e9 et la structure en acier peint.<\/p>\n","protected":false},"excerpt":{"rendered":"<p>Un si\u00e8ge qui compl\u00e8te la ligne Viood et peut \u00eatre utilis\u00e9 dans la salle de bains ou dans d\u2019autres endroits de la maison pour poser ou s\u2019asseoir. Le si\u00e8ge est&#8230;<\/p>\n","protected":false},"featured_media":28710,"comment_status":"closed","ping_status":"closed","template":"","meta":{"_acf_changed":false},"product_brand":[],"product_cat":[339],"product_tag":[],"class_list":{"0":"post-28662","1":"product","2":"type-product","3":"status-publish","4":"has-post-thumbnail","6":"product_cat-sieges","7":"pa_famiglia-prodotto-viood-fr","8":"tm-no-options","10":"first","11":"outofstock","12":"taxable","13":"shipping-taxable","14":"purchasable","15":"product-type-variable"},"acf":[],"yoast_head":"<!-- This site is optimized with the Yoast SEO plugin v27.0 - https:\/\/yoast.com\/product\/yoast-seo-wordpress\/ -->\n<title>VIOOD FRAME - Geelli<\/title>\n<meta name=\"description\" content=\"Un si\u00e8ge qui compl\u00e8te la ligne Viood et peut \u00eatre utilis\u00e9 dans la salle de bains ou dans d\u2019autres endroits de la maison pour poser ou s\u2019asseoir. Le si\u00e8ge est r\u00e9alis\u00e9 en polyur\u00e9thane int\u00e9gral color\u00e9 et la structure en acier peint.\" \/>\n<meta name=\"robots\" content=\"index, follow, max-snippet:-1, max-image-preview:large, max-video-preview:-1\" \/>\n<link rel=\"canonical\" href=\"https:\/\/geelli.com\/fr\/silicone-maison-objets\/sieges\/viood-frame\/\" \/>\n<meta property=\"og:locale\" content=\"fr_FR\" \/>\n<meta property=\"og:type\" content=\"article\" \/>\n<meta property=\"og:title\" content=\"VIOOD FRAME - Geelli\" \/>\n<meta property=\"og:description\" content=\"Un si\u00e8ge qui compl\u00e8te la ligne Viood et peut \u00eatre utilis\u00e9 dans la salle de bains ou dans d\u2019autres endroits de la maison pour poser ou s\u2019asseoir. Le si\u00e8ge est r\u00e9alis\u00e9 en polyur\u00e9thane int\u00e9gral color\u00e9 et la structure en acier peint.\" \/>\n<meta property=\"og:url\" content=\"https:\/\/geelli.com\/fr\/silicone-maison-objets\/sieges\/viood-frame\/\" \/>\n<meta property=\"og:site_name\" content=\"Geelli\" \/>\n<meta property=\"article:modified_time\" content=\"2022-05-27T14:25:50+00:00\" \/>\n<meta property=\"og:image\" content=\"https:\/\/geelli.com\/wp-content\/uploads\/2021\/12\/08A5110-1-1-e1640860100799.jpg\" \/>\n\t<meta property=\"og:image:width\" content=\"1024\" \/>\n\t<meta property=\"og:image:height\" content=\"810\" \/>\n\t<meta property=\"og:image:type\" content=\"image\/jpeg\" \/>\n<meta name=\"twitter:card\" content=\"summary_large_image\" \/>\n<script type=\"application\/ld+json\" class=\"yoast-schema-graph\">{\"@context\":\"https:\/\/schema.org\",\"@graph\":[{\"@type\":\"WebPage\",\"@id\":\"https:\/\/geelli.com\/fr\/silicone-maison-objets\/sieges\/viood-frame\/\",\"url\":\"https:\/\/geelli.com\/fr\/silicone-maison-objets\/sieges\/viood-frame\/\",\"name\":\"VIOOD FRAME - Geelli\",\"isPartOf\":{\"@id\":\"https:\/\/geelli.com\/#website\"},\"primaryImageOfPage\":{\"@id\":\"https:\/\/geelli.com\/fr\/silicone-maison-objets\/sieges\/viood-frame\/#primaryimage\"},\"image\":{\"@id\":\"https:\/\/geelli.com\/fr\/silicone-maison-objets\/sieges\/viood-frame\/#primaryimage\"},\"thumbnailUrl\":\"https:\/\/geelli.com\/wp-content\/uploads\/2021\/12\/08A5110-1-1-e1640860100799.jpg\",\"datePublished\":\"2021-12-30T09:08:36+00:00\",\"dateModified\":\"2022-05-27T14:25:50+00:00\",\"description\":\"Un si\u00e8ge qui compl\u00e8te la ligne Viood et peut \u00eatre utilis\u00e9 dans la salle de bains ou dans d\u2019autres endroits de la maison pour poser ou s\u2019asseoir. Le si\u00e8ge est r\u00e9alis\u00e9 en polyur\u00e9thane int\u00e9gral color\u00e9 et la structure en acier peint.\",\"breadcrumb\":{\"@id\":\"https:\/\/geelli.com\/fr\/silicone-maison-objets\/sieges\/viood-frame\/#breadcrumb\"},\"inLanguage\":\"fr-FR\",\"potentialAction\":[{\"@type\":\"ReadAction\",\"target\":[\"https:\/\/geelli.com\/fr\/silicone-maison-objets\/sieges\/viood-frame\/\"]}]},{\"@type\":\"ImageObject\",\"inLanguage\":\"fr-FR\",\"@id\":\"https:\/\/geelli.com\/fr\/silicone-maison-objets\/sieges\/viood-frame\/#primaryimage\",\"url\":\"https:\/\/geelli.com\/wp-content\/uploads\/2021\/12\/08A5110-1-1-e1640860100799.jpg\",\"contentUrl\":\"https:\/\/geelli.com\/wp-content\/uploads\/2021\/12\/08A5110-1-1-e1640860100799.jpg\",\"width\":1024,\"height\":810},{\"@type\":\"BreadcrumbList\",\"@id\":\"https:\/\/geelli.com\/fr\/silicone-maison-objets\/sieges\/viood-frame\/#breadcrumb\",\"itemListElement\":[{\"@type\":\"ListItem\",\"position\":1,\"name\":\"Home\",\"item\":\"https:\/\/geelli.com\/fr\/\"},{\"@type\":\"ListItem\",\"position\":2,\"name\":\"Boutique\",\"item\":\"https:\/\/geelli.com\/fr\/boutique\/\"},{\"@type\":\"ListItem\",\"position\":3,\"name\":\"SEDUTE\",\"item\":\"https:\/\/geelli.com\/prodotti\/sedute\/\"},{\"@type\":\"ListItem\",\"position\":4,\"name\":\"VIOOD FRAME\"}]},{\"@type\":\"WebSite\",\"@id\":\"https:\/\/geelli.com\/#website\",\"url\":\"https:\/\/geelli.com\/\",\"name\":\"Geelli\",\"description\":\"Just another WordPress site\",\"potentialAction\":[{\"@type\":\"SearchAction\",\"target\":{\"@type\":\"EntryPoint\",\"urlTemplate\":\"https:\/\/geelli.com\/?s={search_term_string}\"},\"query-input\":{\"@type\":\"PropertyValueSpecification\",\"valueRequired\":true,\"valueName\":\"search_term_string\"}}],\"inLanguage\":\"fr-FR\"}]}<\/script>\n<!-- \/ Yoast SEO plugin. -->","yoast_head_json":{"title":"VIOOD FRAME - Geelli","description":"Un si\u00e8ge qui compl\u00e8te la ligne Viood et peut \u00eatre utilis\u00e9 dans la salle de bains ou dans d\u2019autres endroits de la maison pour poser ou s\u2019asseoir. Le si\u00e8ge est r\u00e9alis\u00e9 en polyur\u00e9thane int\u00e9gral color\u00e9 et la structure en acier peint.","robots":{"index":"index","follow":"follow","max-snippet":"max-snippet:-1","max-image-preview":"max-image-preview:large","max-video-preview":"max-video-preview:-1"},"canonical":"https:\/\/geelli.com\/fr\/silicone-maison-objets\/sieges\/viood-frame\/","og_locale":"fr_FR","og_type":"article","og_title":"VIOOD FRAME - Geelli","og_description":"Un si\u00e8ge qui compl\u00e8te la ligne Viood et peut \u00eatre utilis\u00e9 dans la salle de bains ou dans d\u2019autres endroits de la maison pour poser ou s\u2019asseoir. Le si\u00e8ge est r\u00e9alis\u00e9 en polyur\u00e9thane int\u00e9gral color\u00e9 et la structure en acier peint.","og_url":"https:\/\/geelli.com\/fr\/silicone-maison-objets\/sieges\/viood-frame\/","og_site_name":"Geelli","article_modified_time":"2022-05-27T14:25:50+00:00","og_image":[{"width":1024,"height":810,"url":"https:\/\/geelli.com\/wp-content\/uploads\/2021\/12\/08A5110-1-1-e1640860100799.jpg","type":"image\/jpeg"}],"twitter_card":"summary_large_image","schema":{"@context":"https:\/\/schema.org","@graph":[{"@type":"WebPage","@id":"https:\/\/geelli.com\/fr\/silicone-maison-objets\/sieges\/viood-frame\/","url":"https:\/\/geelli.com\/fr\/silicone-maison-objets\/sieges\/viood-frame\/","name":"VIOOD FRAME - Geelli","isPartOf":{"@id":"https:\/\/geelli.com\/#website"},"primaryImageOfPage":{"@id":"https:\/\/geelli.com\/fr\/silicone-maison-objets\/sieges\/viood-frame\/#primaryimage"},"image":{"@id":"https:\/\/geelli.com\/fr\/silicone-maison-objets\/sieges\/viood-frame\/#primaryimage"},"thumbnailUrl":"https:\/\/geelli.com\/wp-content\/uploads\/2021\/12\/08A5110-1-1-e1640860100799.jpg","datePublished":"2021-12-30T09:08:36+00:00","dateModified":"2022-05-27T14:25:50+00:00","description":"Un si\u00e8ge qui compl\u00e8te la ligne Viood et peut \u00eatre utilis\u00e9 dans la salle de bains ou dans d\u2019autres endroits de la maison pour poser ou s\u2019asseoir. Le si\u00e8ge est r\u00e9alis\u00e9 en polyur\u00e9thane int\u00e9gral color\u00e9 et la structure en acier peint.","breadcrumb":{"@id":"https:\/\/geelli.com\/fr\/silicone-maison-objets\/sieges\/viood-frame\/#breadcrumb"},"inLanguage":"fr-FR","potentialAction":[{"@type":"ReadAction","target":["https:\/\/geelli.com\/fr\/silicone-maison-objets\/sieges\/viood-frame\/"]}]},{"@type":"ImageObject","inLanguage":"fr-FR","@id":"https:\/\/geelli.com\/fr\/silicone-maison-objets\/sieges\/viood-frame\/#primaryimage","url":"https:\/\/geelli.com\/wp-content\/uploads\/2021\/12\/08A5110-1-1-e1640860100799.jpg","contentUrl":"https:\/\/geelli.com\/wp-content\/uploads\/2021\/12\/08A5110-1-1-e1640860100799.jpg","width":1024,"height":810},{"@type":"BreadcrumbList","@id":"https:\/\/geelli.com\/fr\/silicone-maison-objets\/sieges\/viood-frame\/#breadcrumb","itemListElement":[{"@type":"ListItem","position":1,"name":"Home","item":"https:\/\/geelli.com\/fr\/"},{"@type":"ListItem","position":2,"name":"Boutique","item":"https:\/\/geelli.com\/fr\/boutique\/"},{"@type":"ListItem","position":3,"name":"SEDUTE","item":"https:\/\/geelli.com\/prodotti\/sedute\/"},{"@type":"ListItem","position":4,"name":"VIOOD FRAME"}]},{"@type":"WebSite","@id":"https:\/\/geelli.com\/#website","url":"https:\/\/geelli.com\/","name":"Geelli","description":"Just another WordPress site","potentialAction":[{"@type":"SearchAction","target":{"@type":"EntryPoint","urlTemplate":"https:\/\/geelli.com\/?s={search_term_string}"},"query-input":{"@type":"PropertyValueSpecification","valueRequired":true,"valueName":"search_term_string"}}],"inLanguage":"fr-FR"}]}},"_links":{"self":[{"href":"https:\/\/geelli.com\/fr\/wp-json\/wp\/v2\/product\/28662","targetHints":{"allow":["GET"]}}],"collection":[{"href":"https:\/\/geelli.com\/fr\/wp-json\/wp\/v2\/product"}],"about":[{"href":"https:\/\/geelli.com\/fr\/wp-json\/wp\/v2\/types\/product"}],"replies":[{"embeddable":true,"href":"https:\/\/geelli.com\/fr\/wp-json\/wp\/v2\/comments?post=28662"}],"wp:featuredmedia":[{"embeddable":true,"href":"https:\/\/geelli.com\/fr\/wp-json\/wp\/v2\/media\/28710"}],"wp:attachment":[{"href":"https:\/\/geelli.com\/fr\/wp-json\/wp\/v2\/media?parent=28662"}],"wp:term":[{"taxonomy":"product_brand","embeddable":true,"href":"https:\/\/geelli.com\/fr\/wp-json\/wp\/v2\/product_brand?post=28662"},{"taxonomy":"product_cat","embeddable":true,"href":"https:\/\/geelli.com\/fr\/wp-json\/wp\/v2\/product_cat?post=28662"},{"taxonomy":"product_tag","embeddable":true,"href":"https:\/\/geelli.com\/fr\/wp-json\/wp\/v2\/product_tag?post=28662"}],"curies":[{"name":"wp","href":"https:\/\/api.w.org\/{rel}","templated":true}]}}