{"id":4390,"date":"2016-03-31T09:00:15","date_gmt":"2016-03-31T08:00:15","guid":{"rendered":"http:\/\/geelli.andreamorandini.it\/fr\/collezioni\/senza%20categoria\/alfa\/"},"modified":"2016-06-24T07:52:42","modified_gmt":"2016-06-24T07:52:42","slug":"alfa","status":"publish","type":"product","link":"https:\/\/geelli.com\/fr\/silicone-maison-objets\/accrocher\/alfa\/","title":{"rendered":"ALFA"},"content":{"rendered":"<p>ALFA est une \u00e9tag\u00e8re de coin, d\u2019une forme lin\u00e9aire et tr\u00e8s contenue, qui permet ainsi de r\u00e9cup\u00e9rer des espaces dans des endroits les plus exig\u00fces.<\/p>\n","protected":false},"excerpt":{"rendered":"<p>ALFA est une \u00e9tag\u00e8re de coin, d\u2019une forme lin\u00e9aire et tr\u00e8s contenue, qui permet ainsi de r\u00e9cup\u00e9rer des espaces dans des endroits les plus exig\u00fces.<\/p>\n","protected":false},"featured_media":21900,"comment_status":"closed","ping_status":"closed","template":"","meta":{"_acf_changed":false},"product_brand":[],"product_cat":[325,322],"product_tag":[],"class_list":{"0":"post-4390","1":"product","2":"type-product","3":"status-publish","4":"has-post-thumbnail","6":"product_cat-salle-de-bain","7":"product_cat-accrocher","8":"tm-no-options","10":"first","11":"instock","12":"taxable","13":"shipping-taxable","14":"purchasable","15":"product-type-variable"},"acf":[],"yoast_head":"<!-- This site is optimized with the Yoast SEO plugin v27.0 - https:\/\/yoast.com\/product\/yoast-seo-wordpress\/ -->\n<title>ALFA - Geelli<\/title>\n<meta name=\"description\" content=\"ALFA est une \u00e9tag\u00e8re de coin, d\u2019une forme lin\u00e9aire et tr\u00e8s contenue, qui permet ainsi de r\u00e9cup\u00e9rer des espaces dans des endroits les plus exig\u00fces.\" \/>\n<meta name=\"robots\" content=\"index, follow, max-snippet:-1, max-image-preview:large, max-video-preview:-1\" \/>\n<link rel=\"canonical\" href=\"https:\/\/geelli.com\/silicone-maison-objets\/bagno\/alfa\/\" \/>\n<meta property=\"og:locale\" content=\"fr_FR\" \/>\n<meta property=\"og:type\" content=\"article\" \/>\n<meta property=\"og:title\" content=\"ALFA - Geelli\" \/>\n<meta property=\"og:description\" content=\"ALFA est une \u00e9tag\u00e8re de coin, d\u2019une forme lin\u00e9aire et tr\u00e8s contenue, qui permet ainsi de r\u00e9cup\u00e9rer des espaces dans des endroits les plus exig\u00fces.\" \/>\n<meta property=\"og:url\" content=\"https:\/\/geelli.com\/silicone-maison-objets\/bagno\/alfa\/\" \/>\n<meta property=\"og:site_name\" content=\"Geelli\" \/>\n<meta property=\"article:modified_time\" content=\"2016-06-24T07:52:42+00:00\" \/>\n<meta property=\"og:image\" content=\"https:\/\/geelli.com\/wp-content\/uploads\/2016\/03\/GAL-000-C20-2-2.jpg\" \/>\n\t<meta property=\"og:image:width\" content=\"1151\" \/>\n\t<meta property=\"og:image:height\" content=\"768\" \/>\n\t<meta property=\"og:image:type\" content=\"image\/jpeg\" \/>\n<meta name=\"twitter:card\" content=\"summary_large_image\" \/>\n<script type=\"application\/ld+json\" class=\"yoast-schema-graph\">{\"@context\":\"https:\/\/schema.org\",\"@graph\":[{\"@type\":\"WebPage\",\"@id\":\"https:\/\/geelli.com\/silicone-maison-objets\/bagno\/alfa\/\",\"url\":\"https:\/\/geelli.com\/silicone-maison-objets\/bagno\/alfa\/\",\"name\":\"ALFA - Geelli\",\"isPartOf\":{\"@id\":\"https:\/\/geelli.com\/#website\"},\"primaryImageOfPage\":{\"@id\":\"https:\/\/geelli.com\/silicone-maison-objets\/bagno\/alfa\/#primaryimage\"},\"image\":{\"@id\":\"https:\/\/geelli.com\/silicone-maison-objets\/bagno\/alfa\/#primaryimage\"},\"thumbnailUrl\":\"https:\/\/geelli.com\/wp-content\/uploads\/2016\/03\/GAL-000-C20-2-2.jpg\",\"datePublished\":\"2016-03-31T08:00:15+00:00\",\"dateModified\":\"2016-06-24T07:52:42+00:00\",\"description\":\"ALFA est une \u00e9tag\u00e8re de coin, d\u2019une forme lin\u00e9aire et tr\u00e8s contenue, qui permet ainsi de r\u00e9cup\u00e9rer des espaces dans des endroits les plus exig\u00fces.\",\"breadcrumb\":{\"@id\":\"https:\/\/geelli.com\/silicone-maison-objets\/bagno\/alfa\/#breadcrumb\"},\"inLanguage\":\"fr-FR\",\"potentialAction\":[{\"@type\":\"ReadAction\",\"target\":[\"https:\/\/geelli.com\/silicone-maison-objets\/bagno\/alfa\/\"]}]},{\"@type\":\"ImageObject\",\"inLanguage\":\"fr-FR\",\"@id\":\"https:\/\/geelli.com\/silicone-maison-objets\/bagno\/alfa\/#primaryimage\",\"url\":\"https:\/\/geelli.com\/wp-content\/uploads\/2016\/03\/GAL-000-C20-2-2.jpg\",\"contentUrl\":\"https:\/\/geelli.com\/wp-content\/uploads\/2016\/03\/GAL-000-C20-2-2.jpg\",\"width\":1151,\"height\":768},{\"@type\":\"BreadcrumbList\",\"@id\":\"https:\/\/geelli.com\/silicone-maison-objets\/bagno\/alfa\/#breadcrumb\",\"itemListElement\":[{\"@type\":\"ListItem\",\"position\":1,\"name\":\"Home\",\"item\":\"https:\/\/geelli.com\/fr\/\"},{\"@type\":\"ListItem\",\"position\":2,\"name\":\"Collezioni\",\"item\":\"https:\/\/geelli.com\/complementi-arredo-silicone\/\"},{\"@type\":\"ListItem\",\"position\":3,\"name\":\"BAGNO\",\"item\":\"https:\/\/geelli.com\/prodotti\/bagno\/\"},{\"@type\":\"ListItem\",\"position\":4,\"name\":\"ALFA\"}]},{\"@type\":\"WebSite\",\"@id\":\"https:\/\/geelli.com\/#website\",\"url\":\"https:\/\/geelli.com\/\",\"name\":\"Geelli\",\"description\":\"Just another WordPress site\",\"potentialAction\":[{\"@type\":\"SearchAction\",\"target\":{\"@type\":\"EntryPoint\",\"urlTemplate\":\"https:\/\/geelli.com\/?s={search_term_string}\"},\"query-input\":{\"@type\":\"PropertyValueSpecification\",\"valueRequired\":true,\"valueName\":\"search_term_string\"}}],\"inLanguage\":\"fr-FR\"}]}<\/script>\n<!-- \/ Yoast SEO plugin. -->","yoast_head_json":{"title":"ALFA - Geelli","description":"ALFA est une \u00e9tag\u00e8re de coin, d\u2019une forme lin\u00e9aire et tr\u00e8s contenue, qui permet ainsi de r\u00e9cup\u00e9rer des espaces dans des endroits les plus exig\u00fces.","robots":{"index":"index","follow":"follow","max-snippet":"max-snippet:-1","max-image-preview":"max-image-preview:large","max-video-preview":"max-video-preview:-1"},"canonical":"https:\/\/geelli.com\/silicone-maison-objets\/bagno\/alfa\/","og_locale":"fr_FR","og_type":"article","og_title":"ALFA - Geelli","og_description":"ALFA est une \u00e9tag\u00e8re de coin, d\u2019une forme lin\u00e9aire et tr\u00e8s contenue, qui permet ainsi de r\u00e9cup\u00e9rer des espaces dans des endroits les plus exig\u00fces.","og_url":"https:\/\/geelli.com\/silicone-maison-objets\/bagno\/alfa\/","og_site_name":"Geelli","article_modified_time":"2016-06-24T07:52:42+00:00","og_image":[{"width":1151,"height":768,"url":"https:\/\/geelli.com\/wp-content\/uploads\/2016\/03\/GAL-000-C20-2-2.jpg","type":"image\/jpeg"}],"twitter_card":"summary_large_image","schema":{"@context":"https:\/\/schema.org","@graph":[{"@type":"WebPage","@id":"https:\/\/geelli.com\/silicone-maison-objets\/bagno\/alfa\/","url":"https:\/\/geelli.com\/silicone-maison-objets\/bagno\/alfa\/","name":"ALFA - Geelli","isPartOf":{"@id":"https:\/\/geelli.com\/#website"},"primaryImageOfPage":{"@id":"https:\/\/geelli.com\/silicone-maison-objets\/bagno\/alfa\/#primaryimage"},"image":{"@id":"https:\/\/geelli.com\/silicone-maison-objets\/bagno\/alfa\/#primaryimage"},"thumbnailUrl":"https:\/\/geelli.com\/wp-content\/uploads\/2016\/03\/GAL-000-C20-2-2.jpg","datePublished":"2016-03-31T08:00:15+00:00","dateModified":"2016-06-24T07:52:42+00:00","description":"ALFA est une \u00e9tag\u00e8re de coin, d\u2019une forme lin\u00e9aire et tr\u00e8s contenue, qui permet ainsi de r\u00e9cup\u00e9rer des espaces dans des endroits les plus exig\u00fces.","breadcrumb":{"@id":"https:\/\/geelli.com\/silicone-maison-objets\/bagno\/alfa\/#breadcrumb"},"inLanguage":"fr-FR","potentialAction":[{"@type":"ReadAction","target":["https:\/\/geelli.com\/silicone-maison-objets\/bagno\/alfa\/"]}]},{"@type":"ImageObject","inLanguage":"fr-FR","@id":"https:\/\/geelli.com\/silicone-maison-objets\/bagno\/alfa\/#primaryimage","url":"https:\/\/geelli.com\/wp-content\/uploads\/2016\/03\/GAL-000-C20-2-2.jpg","contentUrl":"https:\/\/geelli.com\/wp-content\/uploads\/2016\/03\/GAL-000-C20-2-2.jpg","width":1151,"height":768},{"@type":"BreadcrumbList","@id":"https:\/\/geelli.com\/silicone-maison-objets\/bagno\/alfa\/#breadcrumb","itemListElement":[{"@type":"ListItem","position":1,"name":"Home","item":"https:\/\/geelli.com\/fr\/"},{"@type":"ListItem","position":2,"name":"Collezioni","item":"https:\/\/geelli.com\/complementi-arredo-silicone\/"},{"@type":"ListItem","position":3,"name":"BAGNO","item":"https:\/\/geelli.com\/prodotti\/bagno\/"},{"@type":"ListItem","position":4,"name":"ALFA"}]},{"@type":"WebSite","@id":"https:\/\/geelli.com\/#website","url":"https:\/\/geelli.com\/","name":"Geelli","description":"Just another WordPress site","potentialAction":[{"@type":"SearchAction","target":{"@type":"EntryPoint","urlTemplate":"https:\/\/geelli.com\/?s={search_term_string}"},"query-input":{"@type":"PropertyValueSpecification","valueRequired":true,"valueName":"search_term_string"}}],"inLanguage":"fr-FR"}]}},"_links":{"self":[{"href":"https:\/\/geelli.com\/fr\/wp-json\/wp\/v2\/product\/4390","targetHints":{"allow":["GET"]}}],"collection":[{"href":"https:\/\/geelli.com\/fr\/wp-json\/wp\/v2\/product"}],"about":[{"href":"https:\/\/geelli.com\/fr\/wp-json\/wp\/v2\/types\/product"}],"replies":[{"embeddable":true,"href":"https:\/\/geelli.com\/fr\/wp-json\/wp\/v2\/comments?post=4390"}],"wp:featuredmedia":[{"embeddable":true,"href":"https:\/\/geelli.com\/fr\/wp-json\/wp\/v2\/media\/21900"}],"wp:attachment":[{"href":"https:\/\/geelli.com\/fr\/wp-json\/wp\/v2\/media?parent=4390"}],"wp:term":[{"taxonomy":"product_brand","embeddable":true,"href":"https:\/\/geelli.com\/fr\/wp-json\/wp\/v2\/product_brand?post=4390"},{"taxonomy":"product_cat","embeddable":true,"href":"https:\/\/geelli.com\/fr\/wp-json\/wp\/v2\/product_cat?post=4390"},{"taxonomy":"product_tag","embeddable":true,"href":"https:\/\/geelli.com\/fr\/wp-json\/wp\/v2\/product_tag?post=4390"}],"curies":[{"name":"wp","href":"https:\/\/api.w.org\/{rel}","templated":true}]}}