{"id":4496,"date":"2016-03-31T09:00:20","date_gmt":"2016-03-31T08:00:20","guid":{"rendered":"http:\/\/geelli.andreamorandini.it\/fr\/collezioni\/senza%20categoria\/app-s\/"},"modified":"2022-05-19T07:23:39","modified_gmt":"2022-05-19T07:23:39","slug":"app-s","status":"publish","type":"product","link":"https:\/\/geelli.com\/fr\/silicone-maison-objets\/accrocher\/app-s\/","title":{"rendered":"APP S"},"content":{"rendered":"<p>APP S est un porte-serviette\u00a0en gel de polyur\u00e9thane.\u00a0Il fait partie de la collection APP, une collection de pat\u00e8res, de porte-serviette et de porte-rouleau.<\/p>\n<p>Il peut \u00eatre appliqu\u00e9 sans per\u00e7age gr\u00e2ce \u00e0 l&rsquo;adh\u00e9sivit\u00e9 du gel polyur\u00e9thane et de la colle fournie.<\/p>\n<p><strong>Vid\u00e9o d&rsquo;information pour l&rsquo;application de colle: https:\/\/youtu.be\/gjeBisKm3dE<\/strong><\/p>\n","protected":false},"excerpt":{"rendered":"<p>APP S est un porte-serviette\u00a0en gel de polyur\u00e9thane.\u00a0Il fait partie de la collection APP, une collection de pat\u00e8res, de porte-serviette et de porte-rouleau. Il peut \u00eatre appliqu\u00e9 sans per\u00e7age gr\u00e2ce&#8230;<\/p>\n","protected":false},"featured_media":11563,"comment_status":"closed","ping_status":"closed","template":"","meta":{"_acf_changed":false},"product_brand":[],"product_cat":[325,322],"product_tag":[],"class_list":{"0":"post-4496","1":"product","2":"type-product","3":"status-publish","4":"has-post-thumbnail","6":"product_cat-salle-de-bain","7":"product_cat-accrocher","8":"pa_famiglia-prodotto-app-fr","9":"tm-no-options","11":"first","12":"instock","13":"taxable","14":"shipping-taxable","15":"purchasable","16":"product-type-variable"},"acf":[],"yoast_head":"<!-- This site is optimized with the Yoast SEO plugin v27.0 - https:\/\/yoast.com\/product\/yoast-seo-wordpress\/ -->\n<title>APP S - Geelli<\/title>\n<meta name=\"description\" content=\"porte-serviette en gel de polyur\u00e9thane\" \/>\n<meta name=\"robots\" content=\"index, follow, max-snippet:-1, max-image-preview:large, max-video-preview:-1\" \/>\n<link rel=\"canonical\" href=\"https:\/\/geelli.com\/silicone-maison-objets\/bagno\/app-s\/\" \/>\n<meta property=\"og:locale\" content=\"fr_FR\" \/>\n<meta property=\"og:type\" content=\"article\" \/>\n<meta property=\"og:title\" content=\"APP S - Geelli\" \/>\n<meta property=\"og:description\" content=\"porte-serviette en gel de polyur\u00e9thane\" \/>\n<meta property=\"og:url\" content=\"https:\/\/geelli.com\/silicone-maison-objets\/bagno\/app-s\/\" \/>\n<meta property=\"og:site_name\" content=\"Geelli\" \/>\n<meta property=\"article:modified_time\" content=\"2022-05-19T07:23:39+00:00\" \/>\n<meta property=\"og:image\" content=\"https:\/\/geelli.com\/wp-content\/uploads\/2016\/03\/app-s.jpg\" \/>\n\t<meta property=\"og:image:width\" content=\"1966\" \/>\n\t<meta property=\"og:image:height\" content=\"920\" \/>\n\t<meta property=\"og:image:type\" content=\"image\/jpeg\" \/>\n<meta name=\"twitter:card\" content=\"summary_large_image\" \/>\n<script type=\"application\/ld+json\" class=\"yoast-schema-graph\">{\"@context\":\"https:\/\/schema.org\",\"@graph\":[{\"@type\":\"WebPage\",\"@id\":\"https:\/\/geelli.com\/silicone-maison-objets\/bagno\/app-s\/\",\"url\":\"https:\/\/geelli.com\/silicone-maison-objets\/bagno\/app-s\/\",\"name\":\"APP S - Geelli\",\"isPartOf\":{\"@id\":\"https:\/\/geelli.com\/#website\"},\"primaryImageOfPage\":{\"@id\":\"https:\/\/geelli.com\/silicone-maison-objets\/bagno\/app-s\/#primaryimage\"},\"image\":{\"@id\":\"https:\/\/geelli.com\/silicone-maison-objets\/bagno\/app-s\/#primaryimage\"},\"thumbnailUrl\":\"https:\/\/geelli.com\/wp-content\/uploads\/2016\/03\/app-s.jpg\",\"datePublished\":\"2016-03-31T08:00:20+00:00\",\"dateModified\":\"2022-05-19T07:23:39+00:00\",\"description\":\"porte-serviette en gel de polyur\u00e9thane\",\"breadcrumb\":{\"@id\":\"https:\/\/geelli.com\/silicone-maison-objets\/bagno\/app-s\/#breadcrumb\"},\"inLanguage\":\"fr-FR\",\"potentialAction\":[{\"@type\":\"ReadAction\",\"target\":[\"https:\/\/geelli.com\/silicone-maison-objets\/bagno\/app-s\/\"]}]},{\"@type\":\"ImageObject\",\"inLanguage\":\"fr-FR\",\"@id\":\"https:\/\/geelli.com\/silicone-maison-objets\/bagno\/app-s\/#primaryimage\",\"url\":\"https:\/\/geelli.com\/wp-content\/uploads\/2016\/03\/app-s.jpg\",\"contentUrl\":\"https:\/\/geelli.com\/wp-content\/uploads\/2016\/03\/app-s.jpg\",\"width\":1966,\"height\":920},{\"@type\":\"BreadcrumbList\",\"@id\":\"https:\/\/geelli.com\/silicone-maison-objets\/bagno\/app-s\/#breadcrumb\",\"itemListElement\":[{\"@type\":\"ListItem\",\"position\":1,\"name\":\"Home\",\"item\":\"https:\/\/geelli.com\/fr\/\"},{\"@type\":\"ListItem\",\"position\":2,\"name\":\"Boutique\",\"item\":\"https:\/\/geelli.com\/fr\/boutique\/\"},{\"@type\":\"ListItem\",\"position\":3,\"name\":\"BAGNO\",\"item\":\"https:\/\/geelli.com\/prodotti\/bagno\/\"},{\"@type\":\"ListItem\",\"position\":4,\"name\":\"APP S\"}]},{\"@type\":\"WebSite\",\"@id\":\"https:\/\/geelli.com\/#website\",\"url\":\"https:\/\/geelli.com\/\",\"name\":\"Geelli\",\"description\":\"Just another WordPress site\",\"potentialAction\":[{\"@type\":\"SearchAction\",\"target\":{\"@type\":\"EntryPoint\",\"urlTemplate\":\"https:\/\/geelli.com\/?s={search_term_string}\"},\"query-input\":{\"@type\":\"PropertyValueSpecification\",\"valueRequired\":true,\"valueName\":\"search_term_string\"}}],\"inLanguage\":\"fr-FR\"}]}<\/script>\n<!-- \/ Yoast SEO plugin. -->","yoast_head_json":{"title":"APP S - Geelli","description":"porte-serviette en gel de polyur\u00e9thane","robots":{"index":"index","follow":"follow","max-snippet":"max-snippet:-1","max-image-preview":"max-image-preview:large","max-video-preview":"max-video-preview:-1"},"canonical":"https:\/\/geelli.com\/silicone-maison-objets\/bagno\/app-s\/","og_locale":"fr_FR","og_type":"article","og_title":"APP S - Geelli","og_description":"porte-serviette en gel de polyur\u00e9thane","og_url":"https:\/\/geelli.com\/silicone-maison-objets\/bagno\/app-s\/","og_site_name":"Geelli","article_modified_time":"2022-05-19T07:23:39+00:00","og_image":[{"width":1966,"height":920,"url":"https:\/\/geelli.com\/wp-content\/uploads\/2016\/03\/app-s.jpg","type":"image\/jpeg"}],"twitter_card":"summary_large_image","schema":{"@context":"https:\/\/schema.org","@graph":[{"@type":"WebPage","@id":"https:\/\/geelli.com\/silicone-maison-objets\/bagno\/app-s\/","url":"https:\/\/geelli.com\/silicone-maison-objets\/bagno\/app-s\/","name":"APP S - Geelli","isPartOf":{"@id":"https:\/\/geelli.com\/#website"},"primaryImageOfPage":{"@id":"https:\/\/geelli.com\/silicone-maison-objets\/bagno\/app-s\/#primaryimage"},"image":{"@id":"https:\/\/geelli.com\/silicone-maison-objets\/bagno\/app-s\/#primaryimage"},"thumbnailUrl":"https:\/\/geelli.com\/wp-content\/uploads\/2016\/03\/app-s.jpg","datePublished":"2016-03-31T08:00:20+00:00","dateModified":"2022-05-19T07:23:39+00:00","description":"porte-serviette en gel de polyur\u00e9thane","breadcrumb":{"@id":"https:\/\/geelli.com\/silicone-maison-objets\/bagno\/app-s\/#breadcrumb"},"inLanguage":"fr-FR","potentialAction":[{"@type":"ReadAction","target":["https:\/\/geelli.com\/silicone-maison-objets\/bagno\/app-s\/"]}]},{"@type":"ImageObject","inLanguage":"fr-FR","@id":"https:\/\/geelli.com\/silicone-maison-objets\/bagno\/app-s\/#primaryimage","url":"https:\/\/geelli.com\/wp-content\/uploads\/2016\/03\/app-s.jpg","contentUrl":"https:\/\/geelli.com\/wp-content\/uploads\/2016\/03\/app-s.jpg","width":1966,"height":920},{"@type":"BreadcrumbList","@id":"https:\/\/geelli.com\/silicone-maison-objets\/bagno\/app-s\/#breadcrumb","itemListElement":[{"@type":"ListItem","position":1,"name":"Home","item":"https:\/\/geelli.com\/fr\/"},{"@type":"ListItem","position":2,"name":"Boutique","item":"https:\/\/geelli.com\/fr\/boutique\/"},{"@type":"ListItem","position":3,"name":"BAGNO","item":"https:\/\/geelli.com\/prodotti\/bagno\/"},{"@type":"ListItem","position":4,"name":"APP S"}]},{"@type":"WebSite","@id":"https:\/\/geelli.com\/#website","url":"https:\/\/geelli.com\/","name":"Geelli","description":"Just another WordPress site","potentialAction":[{"@type":"SearchAction","target":{"@type":"EntryPoint","urlTemplate":"https:\/\/geelli.com\/?s={search_term_string}"},"query-input":{"@type":"PropertyValueSpecification","valueRequired":true,"valueName":"search_term_string"}}],"inLanguage":"fr-FR"}]}},"_links":{"self":[{"href":"https:\/\/geelli.com\/fr\/wp-json\/wp\/v2\/product\/4496","targetHints":{"allow":["GET"]}}],"collection":[{"href":"https:\/\/geelli.com\/fr\/wp-json\/wp\/v2\/product"}],"about":[{"href":"https:\/\/geelli.com\/fr\/wp-json\/wp\/v2\/types\/product"}],"replies":[{"embeddable":true,"href":"https:\/\/geelli.com\/fr\/wp-json\/wp\/v2\/comments?post=4496"}],"wp:featuredmedia":[{"embeddable":true,"href":"https:\/\/geelli.com\/fr\/wp-json\/wp\/v2\/media\/11563"}],"wp:attachment":[{"href":"https:\/\/geelli.com\/fr\/wp-json\/wp\/v2\/media?parent=4496"}],"wp:term":[{"taxonomy":"product_brand","embeddable":true,"href":"https:\/\/geelli.com\/fr\/wp-json\/wp\/v2\/product_brand?post=4496"},{"taxonomy":"product_cat","embeddable":true,"href":"https:\/\/geelli.com\/fr\/wp-json\/wp\/v2\/product_cat?post=4496"},{"taxonomy":"product_tag","embeddable":true,"href":"https:\/\/geelli.com\/fr\/wp-json\/wp\/v2\/product_tag?post=4496"}],"curies":[{"name":"wp","href":"https:\/\/api.w.org\/{rel}","templated":true}]}}