{"id":46103,"date":"2026-03-30T15:13:52","date_gmt":"2026-03-30T14:13:52","guid":{"rendered":"https:\/\/geelli.com\/complementi-arredo-silicone\/non%20class\u00e9\/brick-doccia\/"},"modified":"2026-03-30T16:07:18","modified_gmt":"2026-03-30T15:07:18","slug":"brick-doccia","status":"publish","type":"product","link":"https:\/\/geelli.com\/fr\/silicone-maison-objets\/accrocher\/brick-doccia\/","title":{"rendered":"BRICK DOCCIA"},"content":{"rendered":"<p data-start=\"0\" data-end=\"80\">\u00c9tag\u00e8re avec drainage, adapt\u00e9e pour une installation \u00e0 l\u2019int\u00e9rieur de la douche.<\/p>\n<p data-start=\"82\" data-end=\"155\">Le produit peut \u00eatre fix\u00e9 soit avec de la colle, soit avec des chevilles.<\/p>\n<p data-start=\"157\" data-end=\"323\" data-is-last-node=\"\" data-is-only-node=\"\">Dans l\u2019emballage, vous trouverez tout le n\u00e9cessaire pour les deux types d\u2019installation. Le choix de la m\u00e9thode \u00e0 utiliser est laiss\u00e9 \u00e0 la discr\u00e9tion de l\u2019utilisateur.<\/p>\n","protected":false},"excerpt":{"rendered":"<p>\u00c9tag\u00e8re avec drainage, adapt\u00e9e pour une installation \u00e0 l\u2019int\u00e9rieur de la douche. Le produit peut \u00eatre fix\u00e9 soit avec de la colle, soit avec des chevilles. Dans l\u2019emballage, vous trouverez&#8230;<\/p>\n","protected":false},"featured_media":46256,"comment_status":"closed","ping_status":"closed","template":"","meta":{"_acf_changed":false},"product_brand":[],"product_cat":[325,328,322],"product_tag":[],"class_list":{"0":"post-46103","1":"product","2":"type-product","3":"status-publish","4":"has-post-thumbnail","6":"product_cat-salle-de-bain","7":"product_cat-contenir","8":"product_cat-accrocher","9":"tm-no-options","11":"first","12":"instock","13":"taxable","14":"shipping-taxable","15":"purchasable","16":"product-type-variable"},"acf":[],"yoast_head":"<!-- This site is optimized with the Yoast SEO plugin v27.0 - https:\/\/yoast.com\/product\/yoast-seo-wordpress\/ -->\n<title>BRICK DOCCIA - Geelli<\/title>\n<meta name=\"description\" content=\"\u00c9tag\u00e8re avec drainage, adapt\u00e9e pour une installation \u00e0 l\u2019int\u00e9rieur de la douche. Le produit peut \u00eatre fix\u00e9 soit avec de la colle, soit avec des chevilles.\" \/>\n<meta name=\"robots\" content=\"index, follow, max-snippet:-1, max-image-preview:large, max-video-preview:-1\" \/>\n<link rel=\"canonical\" href=\"https:\/\/geelli.com\/fr\/silicone-maison-objets\/accrocher\/brick-doccia\/\" \/>\n<meta property=\"og:locale\" content=\"fr_FR\" \/>\n<meta property=\"og:type\" content=\"article\" \/>\n<meta property=\"og:title\" content=\"BRICK DOCCIA - Geelli\" \/>\n<meta property=\"og:description\" content=\"\u00c9tag\u00e8re avec drainage, adapt\u00e9e pour une installation \u00e0 l\u2019int\u00e9rieur de la douche. Le produit peut \u00eatre fix\u00e9 soit avec de la colle, soit avec des chevilles.\" \/>\n<meta property=\"og:url\" content=\"https:\/\/geelli.com\/fr\/silicone-maison-objets\/accrocher\/brick-doccia\/\" \/>\n<meta property=\"og:site_name\" content=\"Geelli\" \/>\n<meta property=\"article:modified_time\" content=\"2026-03-30T15:07:18+00:00\" \/>\n<meta property=\"og:image\" content=\"https:\/\/geelli.com\/wp-content\/uploads\/2026\/03\/Mood-3-I-scaled.jpg\" \/>\n\t<meta property=\"og:image:width\" content=\"1680\" \/>\n\t<meta property=\"og:image:height\" content=\"2560\" \/>\n\t<meta property=\"og:image:type\" content=\"image\/jpeg\" \/>\n<meta name=\"twitter:card\" content=\"summary_large_image\" \/>\n<meta name=\"twitter:label1\" content=\"Dur\u00e9e de lecture estim\u00e9e\" \/>\n\t<meta name=\"twitter:data1\" content=\"1 minute\" \/>\n<script type=\"application\/ld+json\" class=\"yoast-schema-graph\">{\"@context\":\"https:\/\/schema.org\",\"@graph\":[{\"@type\":\"WebPage\",\"@id\":\"https:\/\/geelli.com\/fr\/silicone-maison-objets\/accrocher\/brick-doccia\/\",\"url\":\"https:\/\/geelli.com\/fr\/silicone-maison-objets\/accrocher\/brick-doccia\/\",\"name\":\"BRICK DOCCIA - Geelli\",\"isPartOf\":{\"@id\":\"https:\/\/geelli.com\/#website\"},\"primaryImageOfPage\":{\"@id\":\"https:\/\/geelli.com\/fr\/silicone-maison-objets\/accrocher\/brick-doccia\/#primaryimage\"},\"image\":{\"@id\":\"https:\/\/geelli.com\/fr\/silicone-maison-objets\/accrocher\/brick-doccia\/#primaryimage\"},\"thumbnailUrl\":\"https:\/\/geelli.com\/wp-content\/uploads\/2026\/03\/Brick_mensola.jpg\",\"datePublished\":\"2026-03-30T14:13:52+00:00\",\"dateModified\":\"2026-03-30T15:07:18+00:00\",\"description\":\"\u00c9tag\u00e8re avec drainage, adapt\u00e9e pour une installation \u00e0 l\u2019int\u00e9rieur de la douche. Le produit peut \u00eatre fix\u00e9 soit avec de la colle, soit avec des chevilles.\",\"breadcrumb\":{\"@id\":\"https:\/\/geelli.com\/fr\/silicone-maison-objets\/accrocher\/brick-doccia\/#breadcrumb\"},\"inLanguage\":\"fr-FR\",\"potentialAction\":[{\"@type\":\"ReadAction\",\"target\":[\"https:\/\/geelli.com\/fr\/silicone-maison-objets\/accrocher\/brick-doccia\/\"]}]},{\"@type\":\"ImageObject\",\"inLanguage\":\"fr-FR\",\"@id\":\"https:\/\/geelli.com\/fr\/silicone-maison-objets\/accrocher\/brick-doccia\/#primaryimage\",\"url\":\"https:\/\/geelli.com\/wp-content\/uploads\/2026\/03\/Brick_mensola.jpg\",\"contentUrl\":\"https:\/\/geelli.com\/wp-content\/uploads\/2026\/03\/Brick_mensola.jpg\",\"width\":605,\"height\":402},{\"@type\":\"BreadcrumbList\",\"@id\":\"https:\/\/geelli.com\/fr\/silicone-maison-objets\/accrocher\/brick-doccia\/#breadcrumb\",\"itemListElement\":[{\"@type\":\"ListItem\",\"position\":1,\"name\":\"Home\",\"item\":\"https:\/\/geelli.com\/fr\/\"},{\"@type\":\"ListItem\",\"position\":2,\"name\":\"Boutique\",\"item\":\"https:\/\/geelli.com\/fr\/boutique\/\"},{\"@type\":\"ListItem\",\"position\":3,\"name\":\"BAGNO\",\"item\":\"https:\/\/geelli.com\/prodotti\/bagno\/\"},{\"@type\":\"ListItem\",\"position\":4,\"name\":\"BRICK DOCCIA\"}]},{\"@type\":\"WebSite\",\"@id\":\"https:\/\/geelli.com\/#website\",\"url\":\"https:\/\/geelli.com\/\",\"name\":\"Geelli\",\"description\":\"Just another WordPress site\",\"potentialAction\":[{\"@type\":\"SearchAction\",\"target\":{\"@type\":\"EntryPoint\",\"urlTemplate\":\"https:\/\/geelli.com\/?s={search_term_string}\"},\"query-input\":{\"@type\":\"PropertyValueSpecification\",\"valueRequired\":true,\"valueName\":\"search_term_string\"}}],\"inLanguage\":\"fr-FR\"}]}<\/script>\n<!-- \/ Yoast SEO plugin. -->","yoast_head_json":{"title":"BRICK DOCCIA - Geelli","description":"\u00c9tag\u00e8re avec drainage, adapt\u00e9e pour une installation \u00e0 l\u2019int\u00e9rieur de la douche. Le produit peut \u00eatre fix\u00e9 soit avec de la colle, soit avec des chevilles.","robots":{"index":"index","follow":"follow","max-snippet":"max-snippet:-1","max-image-preview":"max-image-preview:large","max-video-preview":"max-video-preview:-1"},"canonical":"https:\/\/geelli.com\/fr\/silicone-maison-objets\/accrocher\/brick-doccia\/","og_locale":"fr_FR","og_type":"article","og_title":"BRICK DOCCIA - Geelli","og_description":"\u00c9tag\u00e8re avec drainage, adapt\u00e9e pour une installation \u00e0 l\u2019int\u00e9rieur de la douche. Le produit peut \u00eatre fix\u00e9 soit avec de la colle, soit avec des chevilles.","og_url":"https:\/\/geelli.com\/fr\/silicone-maison-objets\/accrocher\/brick-doccia\/","og_site_name":"Geelli","article_modified_time":"2026-03-30T15:07:18+00:00","og_image":[{"width":1680,"height":2560,"url":"https:\/\/geelli.com\/wp-content\/uploads\/2026\/03\/Mood-3-I-scaled.jpg","type":"image\/jpeg"}],"twitter_card":"summary_large_image","twitter_misc":{"Dur\u00e9e de lecture estim\u00e9e":"1 minute"},"schema":{"@context":"https:\/\/schema.org","@graph":[{"@type":"WebPage","@id":"https:\/\/geelli.com\/fr\/silicone-maison-objets\/accrocher\/brick-doccia\/","url":"https:\/\/geelli.com\/fr\/silicone-maison-objets\/accrocher\/brick-doccia\/","name":"BRICK DOCCIA - Geelli","isPartOf":{"@id":"https:\/\/geelli.com\/#website"},"primaryImageOfPage":{"@id":"https:\/\/geelli.com\/fr\/silicone-maison-objets\/accrocher\/brick-doccia\/#primaryimage"},"image":{"@id":"https:\/\/geelli.com\/fr\/silicone-maison-objets\/accrocher\/brick-doccia\/#primaryimage"},"thumbnailUrl":"https:\/\/geelli.com\/wp-content\/uploads\/2026\/03\/Brick_mensola.jpg","datePublished":"2026-03-30T14:13:52+00:00","dateModified":"2026-03-30T15:07:18+00:00","description":"\u00c9tag\u00e8re avec drainage, adapt\u00e9e pour une installation \u00e0 l\u2019int\u00e9rieur de la douche. Le produit peut \u00eatre fix\u00e9 soit avec de la colle, soit avec des chevilles.","breadcrumb":{"@id":"https:\/\/geelli.com\/fr\/silicone-maison-objets\/accrocher\/brick-doccia\/#breadcrumb"},"inLanguage":"fr-FR","potentialAction":[{"@type":"ReadAction","target":["https:\/\/geelli.com\/fr\/silicone-maison-objets\/accrocher\/brick-doccia\/"]}]},{"@type":"ImageObject","inLanguage":"fr-FR","@id":"https:\/\/geelli.com\/fr\/silicone-maison-objets\/accrocher\/brick-doccia\/#primaryimage","url":"https:\/\/geelli.com\/wp-content\/uploads\/2026\/03\/Brick_mensola.jpg","contentUrl":"https:\/\/geelli.com\/wp-content\/uploads\/2026\/03\/Brick_mensola.jpg","width":605,"height":402},{"@type":"BreadcrumbList","@id":"https:\/\/geelli.com\/fr\/silicone-maison-objets\/accrocher\/brick-doccia\/#breadcrumb","itemListElement":[{"@type":"ListItem","position":1,"name":"Home","item":"https:\/\/geelli.com\/fr\/"},{"@type":"ListItem","position":2,"name":"Boutique","item":"https:\/\/geelli.com\/fr\/boutique\/"},{"@type":"ListItem","position":3,"name":"BAGNO","item":"https:\/\/geelli.com\/prodotti\/bagno\/"},{"@type":"ListItem","position":4,"name":"BRICK DOCCIA"}]},{"@type":"WebSite","@id":"https:\/\/geelli.com\/#website","url":"https:\/\/geelli.com\/","name":"Geelli","description":"Just another WordPress site","potentialAction":[{"@type":"SearchAction","target":{"@type":"EntryPoint","urlTemplate":"https:\/\/geelli.com\/?s={search_term_string}"},"query-input":{"@type":"PropertyValueSpecification","valueRequired":true,"valueName":"search_term_string"}}],"inLanguage":"fr-FR"}]}},"_links":{"self":[{"href":"https:\/\/geelli.com\/fr\/wp-json\/wp\/v2\/product\/46103","targetHints":{"allow":["GET"]}}],"collection":[{"href":"https:\/\/geelli.com\/fr\/wp-json\/wp\/v2\/product"}],"about":[{"href":"https:\/\/geelli.com\/fr\/wp-json\/wp\/v2\/types\/product"}],"replies":[{"embeddable":true,"href":"https:\/\/geelli.com\/fr\/wp-json\/wp\/v2\/comments?post=46103"}],"wp:featuredmedia":[{"embeddable":true,"href":"https:\/\/geelli.com\/fr\/wp-json\/wp\/v2\/media\/46256"}],"wp:attachment":[{"href":"https:\/\/geelli.com\/fr\/wp-json\/wp\/v2\/media?parent=46103"}],"wp:term":[{"taxonomy":"product_brand","embeddable":true,"href":"https:\/\/geelli.com\/fr\/wp-json\/wp\/v2\/product_brand?post=46103"},{"taxonomy":"product_cat","embeddable":true,"href":"https:\/\/geelli.com\/fr\/wp-json\/wp\/v2\/product_cat?post=46103"},{"taxonomy":"product_tag","embeddable":true,"href":"https:\/\/geelli.com\/fr\/wp-json\/wp\/v2\/product_tag?post=46103"}],"curies":[{"name":"wp","href":"https:\/\/api.w.org\/{rel}","templated":true}]}}