{"id":46290,"date":"2026-04-07T13:57:53","date_gmt":"2026-04-07T12:57:53","guid":{"rendered":"https:\/\/geelli.com\/?post_type=product&#038;p=46290"},"modified":"2026-04-07T14:17:09","modified_gmt":"2026-04-07T13:17:09","slug":"brick-portasciugamano","status":"publish","type":"product","link":"https:\/\/geelli.com\/fr\/silicone-maison-objets\/accrocher\/brick-portasciugamano\/","title":{"rendered":"BRICK PORTASCIUGAMANO"},"content":{"rendered":"<p data-start=\"0\" data-end=\"23\">Porte-serviettes mural.<\/p>\n<p data-start=\"25\" data-end=\"98\">Le produit peut \u00eatre fix\u00e9 soit avec de la colle, soit avec des chevilles.<\/p>\n<p data-start=\"100\" data-end=\"278\" data-is-last-node=\"\" data-is-only-node=\"\">\u00c0 l\u2019int\u00e9rieur de l\u2019emballage, vous trouverez tout le n\u00e9cessaire pour les deux types d\u2019installation. Le choix de la m\u00e9thode \u00e0 utiliser est laiss\u00e9 \u00e0 la discr\u00e9tion de l\u2019utilisateur.<\/p>\n","protected":false},"excerpt":{"rendered":"<p>Porte-serviettes mural. Le produit peut \u00eatre fix\u00e9 soit avec de la colle, soit avec des chevilles. \u00c0 l\u2019int\u00e9rieur de l\u2019emballage, vous trouverez tout le n\u00e9cessaire pour les deux types d\u2019installation&#8230;.<\/p>\n","protected":false},"featured_media":46287,"comment_status":"closed","ping_status":"closed","template":"","meta":{"_acf_changed":false},"product_brand":[],"product_cat":[325,328,322],"product_tag":[],"class_list":{"0":"post-46290","1":"product","2":"type-product","3":"status-publish","4":"has-post-thumbnail","6":"product_cat-salle-de-bain","7":"product_cat-contenir","8":"product_cat-accrocher","9":"tm-no-options","11":"first","12":"instock","13":"taxable","14":"shipping-taxable","15":"purchasable","16":"product-type-variable"},"acf":[],"yoast_head":"<!-- This site is optimized with the Yoast SEO plugin v27.0 - https:\/\/yoast.com\/product\/yoast-seo-wordpress\/ -->\n<title>BRICK PORTASCIUGAMANO - Geelli<\/title>\n<meta name=\"description\" content=\"Porte-serviettes mural. Le produit peut \u00eatre fix\u00e9 soit avec de la colle, soit avec des chevilles. \u00c0 l\u2019int\u00e9rieur de l\u2019emballage, vous trouverez tout le\" \/>\n<meta name=\"robots\" content=\"index, follow, max-snippet:-1, max-image-preview:large, max-video-preview:-1\" \/>\n<link rel=\"canonical\" href=\"https:\/\/geelli.com\/fr\/silicone-maison-objets\/accrocher\/brick-portasciugamano\/\" \/>\n<meta property=\"og:locale\" content=\"fr_FR\" \/>\n<meta property=\"og:type\" content=\"article\" \/>\n<meta property=\"og:title\" content=\"BRICK PORTASCIUGAMANO - Geelli\" \/>\n<meta property=\"og:description\" content=\"Porte-serviettes mural. Le produit peut \u00eatre fix\u00e9 soit avec de la colle, soit avec des chevilles. \u00c0 l\u2019int\u00e9rieur de l\u2019emballage, vous trouverez tout le\" \/>\n<meta property=\"og:url\" content=\"https:\/\/geelli.com\/fr\/silicone-maison-objets\/accrocher\/brick-portasciugamano\/\" \/>\n<meta property=\"og:site_name\" content=\"Geelli\" \/>\n<meta property=\"article:modified_time\" content=\"2026-04-07T13:17:09+00:00\" \/>\n<meta property=\"og:image\" content=\"https:\/\/geelli.com\/wp-content\/uploads\/2026\/04\/Brick_portasalviette.jpg\" \/>\n\t<meta property=\"og:image:width\" content=\"605\" \/>\n\t<meta property=\"og:image:height\" content=\"402\" \/>\n\t<meta property=\"og:image:type\" content=\"image\/jpeg\" \/>\n<meta name=\"twitter:card\" content=\"summary_large_image\" \/>\n<meta name=\"twitter:label1\" content=\"Dur\u00e9e de lecture estim\u00e9e\" \/>\n\t<meta name=\"twitter:data1\" content=\"1 minute\" \/>\n<script type=\"application\/ld+json\" class=\"yoast-schema-graph\">{\"@context\":\"https:\/\/schema.org\",\"@graph\":[{\"@type\":\"WebPage\",\"@id\":\"https:\/\/geelli.com\/fr\/silicone-maison-objets\/accrocher\/brick-portasciugamano\/\",\"url\":\"https:\/\/geelli.com\/fr\/silicone-maison-objets\/accrocher\/brick-portasciugamano\/\",\"name\":\"BRICK PORTASCIUGAMANO - Geelli\",\"isPartOf\":{\"@id\":\"https:\/\/geelli.com\/#website\"},\"primaryImageOfPage\":{\"@id\":\"https:\/\/geelli.com\/fr\/silicone-maison-objets\/accrocher\/brick-portasciugamano\/#primaryimage\"},\"image\":{\"@id\":\"https:\/\/geelli.com\/fr\/silicone-maison-objets\/accrocher\/brick-portasciugamano\/#primaryimage\"},\"thumbnailUrl\":\"https:\/\/geelli.com\/wp-content\/uploads\/2026\/04\/Brick_portasalviette.jpg\",\"datePublished\":\"2026-04-07T12:57:53+00:00\",\"dateModified\":\"2026-04-07T13:17:09+00:00\",\"description\":\"Porte-serviettes mural. Le produit peut \u00eatre fix\u00e9 soit avec de la colle, soit avec des chevilles. \u00c0 l\u2019int\u00e9rieur de l\u2019emballage, vous trouverez tout le\",\"breadcrumb\":{\"@id\":\"https:\/\/geelli.com\/fr\/silicone-maison-objets\/accrocher\/brick-portasciugamano\/#breadcrumb\"},\"inLanguage\":\"fr-FR\",\"potentialAction\":[{\"@type\":\"ReadAction\",\"target\":[\"https:\/\/geelli.com\/fr\/silicone-maison-objets\/accrocher\/brick-portasciugamano\/\"]}]},{\"@type\":\"ImageObject\",\"inLanguage\":\"fr-FR\",\"@id\":\"https:\/\/geelli.com\/fr\/silicone-maison-objets\/accrocher\/brick-portasciugamano\/#primaryimage\",\"url\":\"https:\/\/geelli.com\/wp-content\/uploads\/2026\/04\/Brick_portasalviette.jpg\",\"contentUrl\":\"https:\/\/geelli.com\/wp-content\/uploads\/2026\/04\/Brick_portasalviette.jpg\",\"width\":605,\"height\":402},{\"@type\":\"BreadcrumbList\",\"@id\":\"https:\/\/geelli.com\/fr\/silicone-maison-objets\/accrocher\/brick-portasciugamano\/#breadcrumb\",\"itemListElement\":[{\"@type\":\"ListItem\",\"position\":1,\"name\":\"Home\",\"item\":\"https:\/\/geelli.com\/fr\/\"},{\"@type\":\"ListItem\",\"position\":2,\"name\":\"Collezioni\",\"item\":\"https:\/\/geelli.com\/complementi-arredo-silicone\/\"},{\"@type\":\"ListItem\",\"position\":3,\"name\":\"BAGNO\",\"item\":\"https:\/\/geelli.com\/prodotti\/bagno\/\"},{\"@type\":\"ListItem\",\"position\":4,\"name\":\"BRICK PORTASCIUGAMANO\"}]},{\"@type\":\"WebSite\",\"@id\":\"https:\/\/geelli.com\/#website\",\"url\":\"https:\/\/geelli.com\/\",\"name\":\"Geelli\",\"description\":\"Just another WordPress site\",\"potentialAction\":[{\"@type\":\"SearchAction\",\"target\":{\"@type\":\"EntryPoint\",\"urlTemplate\":\"https:\/\/geelli.com\/?s={search_term_string}\"},\"query-input\":{\"@type\":\"PropertyValueSpecification\",\"valueRequired\":true,\"valueName\":\"search_term_string\"}}],\"inLanguage\":\"fr-FR\"}]}<\/script>\n<!-- \/ Yoast SEO plugin. -->","yoast_head_json":{"title":"BRICK PORTASCIUGAMANO - Geelli","description":"Porte-serviettes mural. Le produit peut \u00eatre fix\u00e9 soit avec de la colle, soit avec des chevilles. \u00c0 l\u2019int\u00e9rieur de l\u2019emballage, vous trouverez tout le","robots":{"index":"index","follow":"follow","max-snippet":"max-snippet:-1","max-image-preview":"max-image-preview:large","max-video-preview":"max-video-preview:-1"},"canonical":"https:\/\/geelli.com\/fr\/silicone-maison-objets\/accrocher\/brick-portasciugamano\/","og_locale":"fr_FR","og_type":"article","og_title":"BRICK PORTASCIUGAMANO - Geelli","og_description":"Porte-serviettes mural. Le produit peut \u00eatre fix\u00e9 soit avec de la colle, soit avec des chevilles. \u00c0 l\u2019int\u00e9rieur de l\u2019emballage, vous trouverez tout le","og_url":"https:\/\/geelli.com\/fr\/silicone-maison-objets\/accrocher\/brick-portasciugamano\/","og_site_name":"Geelli","article_modified_time":"2026-04-07T13:17:09+00:00","og_image":[{"width":605,"height":402,"url":"https:\/\/geelli.com\/wp-content\/uploads\/2026\/04\/Brick_portasalviette.jpg","type":"image\/jpeg"}],"twitter_card":"summary_large_image","twitter_misc":{"Dur\u00e9e de lecture estim\u00e9e":"1 minute"},"schema":{"@context":"https:\/\/schema.org","@graph":[{"@type":"WebPage","@id":"https:\/\/geelli.com\/fr\/silicone-maison-objets\/accrocher\/brick-portasciugamano\/","url":"https:\/\/geelli.com\/fr\/silicone-maison-objets\/accrocher\/brick-portasciugamano\/","name":"BRICK PORTASCIUGAMANO - Geelli","isPartOf":{"@id":"https:\/\/geelli.com\/#website"},"primaryImageOfPage":{"@id":"https:\/\/geelli.com\/fr\/silicone-maison-objets\/accrocher\/brick-portasciugamano\/#primaryimage"},"image":{"@id":"https:\/\/geelli.com\/fr\/silicone-maison-objets\/accrocher\/brick-portasciugamano\/#primaryimage"},"thumbnailUrl":"https:\/\/geelli.com\/wp-content\/uploads\/2026\/04\/Brick_portasalviette.jpg","datePublished":"2026-04-07T12:57:53+00:00","dateModified":"2026-04-07T13:17:09+00:00","description":"Porte-serviettes mural. Le produit peut \u00eatre fix\u00e9 soit avec de la colle, soit avec des chevilles. \u00c0 l\u2019int\u00e9rieur de l\u2019emballage, vous trouverez tout le","breadcrumb":{"@id":"https:\/\/geelli.com\/fr\/silicone-maison-objets\/accrocher\/brick-portasciugamano\/#breadcrumb"},"inLanguage":"fr-FR","potentialAction":[{"@type":"ReadAction","target":["https:\/\/geelli.com\/fr\/silicone-maison-objets\/accrocher\/brick-portasciugamano\/"]}]},{"@type":"ImageObject","inLanguage":"fr-FR","@id":"https:\/\/geelli.com\/fr\/silicone-maison-objets\/accrocher\/brick-portasciugamano\/#primaryimage","url":"https:\/\/geelli.com\/wp-content\/uploads\/2026\/04\/Brick_portasalviette.jpg","contentUrl":"https:\/\/geelli.com\/wp-content\/uploads\/2026\/04\/Brick_portasalviette.jpg","width":605,"height":402},{"@type":"BreadcrumbList","@id":"https:\/\/geelli.com\/fr\/silicone-maison-objets\/accrocher\/brick-portasciugamano\/#breadcrumb","itemListElement":[{"@type":"ListItem","position":1,"name":"Home","item":"https:\/\/geelli.com\/fr\/"},{"@type":"ListItem","position":2,"name":"Collezioni","item":"https:\/\/geelli.com\/complementi-arredo-silicone\/"},{"@type":"ListItem","position":3,"name":"BAGNO","item":"https:\/\/geelli.com\/prodotti\/bagno\/"},{"@type":"ListItem","position":4,"name":"BRICK PORTASCIUGAMANO"}]},{"@type":"WebSite","@id":"https:\/\/geelli.com\/#website","url":"https:\/\/geelli.com\/","name":"Geelli","description":"Just another WordPress site","potentialAction":[{"@type":"SearchAction","target":{"@type":"EntryPoint","urlTemplate":"https:\/\/geelli.com\/?s={search_term_string}"},"query-input":{"@type":"PropertyValueSpecification","valueRequired":true,"valueName":"search_term_string"}}],"inLanguage":"fr-FR"}]}},"_links":{"self":[{"href":"https:\/\/geelli.com\/fr\/wp-json\/wp\/v2\/product\/46290","targetHints":{"allow":["GET"]}}],"collection":[{"href":"https:\/\/geelli.com\/fr\/wp-json\/wp\/v2\/product"}],"about":[{"href":"https:\/\/geelli.com\/fr\/wp-json\/wp\/v2\/types\/product"}],"replies":[{"embeddable":true,"href":"https:\/\/geelli.com\/fr\/wp-json\/wp\/v2\/comments?post=46290"}],"wp:featuredmedia":[{"embeddable":true,"href":"https:\/\/geelli.com\/fr\/wp-json\/wp\/v2\/media\/46287"}],"wp:attachment":[{"href":"https:\/\/geelli.com\/fr\/wp-json\/wp\/v2\/media?parent=46290"}],"wp:term":[{"taxonomy":"product_brand","embeddable":true,"href":"https:\/\/geelli.com\/fr\/wp-json\/wp\/v2\/product_brand?post=46290"},{"taxonomy":"product_cat","embeddable":true,"href":"https:\/\/geelli.com\/fr\/wp-json\/wp\/v2\/product_cat?post=46290"},{"taxonomy":"product_tag","embeddable":true,"href":"https:\/\/geelli.com\/fr\/wp-json\/wp\/v2\/product_tag?post=46290"}],"curies":[{"name":"wp","href":"https:\/\/api.w.org\/{rel}","templated":true}]}}