{"id":5914,"date":"2016-03-31T08:59:57","date_gmt":"2016-03-31T07:59:57","guid":{"rendered":"http:\/\/geelli.andreamorandini.it\/fr\/collezioni\/senza%20categoria\/grace-portascopino\/"},"modified":"2016-06-24T07:52:54","modified_gmt":"2016-06-24T07:52:54","slug":"grace-portascopino","status":"publish","type":"product","link":"https:\/\/geelli.com\/fr\/silicone-maison-objets\/salle-de-bain\/grace-portascopino\/","title":{"rendered":"GRACE PORTASCOPINO"},"content":{"rendered":"<p>GRACE, c\u2019est une nouvelle ligne de porte-savon, de porte-brosse de toilette et porte-brosse \u00e0 dents, caract\u00e9ris\u00e9e par une forme \u00e9l\u00e9gante et \u00e9lanc\u00e9e. La particularit\u00e9 de cette ligne est le design et la possibilit\u00e9 d\u2019utilisation en appuis ou en suspension, gr\u00e2ce \u00e0 un anneau r\u00e9alis\u00e9 en polyur\u00e9thane rigide qui peut \u00eatre fix\u00e9 aux paroirs.<\/p>\n","protected":false},"excerpt":{"rendered":"<p>GRACE, c\u2019est une nouvelle ligne de porte-savon, de porte-brosse de toilette et porte-brosse \u00e0 dents, caract\u00e9ris\u00e9e par une forme \u00e9l\u00e9gante et \u00e9lanc\u00e9e. La particularit\u00e9 de cette ligne est le design&#8230;<\/p>\n","protected":false},"featured_media":23052,"comment_status":"closed","ping_status":"closed","template":"","meta":{"_acf_changed":false},"product_brand":[],"product_cat":[325],"product_tag":[],"class_list":{"0":"post-5914","1":"product","2":"type-product","3":"status-publish","4":"has-post-thumbnail","6":"product_cat-salle-de-bain","7":"pa_famiglia-prodotto-grace-fr","8":"tm-no-options","10":"first","11":"instock","12":"taxable","13":"shipping-taxable","14":"purchasable","15":"product-type-variable"},"acf":[],"yoast_head":"<!-- This site is optimized with the Yoast SEO plugin v27.0 - https:\/\/yoast.com\/product\/yoast-seo-wordpress\/ -->\n<title>GRACE PORTASCOPINO - Geelli<\/title>\n<meta name=\"description\" content=\"GRACE, c\u2019est une nouvelle ligne de porte-savon, de porte-brosse de toilette et porte-brosse \u00e0 dents, caract\u00e9ris\u00e9e par une forme \u00e9l\u00e9gante et \u00e9lanc\u00e9e. La\" \/>\n<meta name=\"robots\" content=\"index, follow, max-snippet:-1, max-image-preview:large, max-video-preview:-1\" \/>\n<link rel=\"canonical\" href=\"https:\/\/geelli.com\/silicone-maison-objets\/bagno\/grace-portascopino\/\" \/>\n<meta property=\"og:locale\" content=\"fr_FR\" \/>\n<meta property=\"og:type\" content=\"article\" \/>\n<meta property=\"og:title\" content=\"GRACE PORTASCOPINO - Geelli\" \/>\n<meta property=\"og:description\" content=\"GRACE, c\u2019est une nouvelle ligne de porte-savon, de porte-brosse de toilette et porte-brosse \u00e0 dents, caract\u00e9ris\u00e9e par une forme \u00e9l\u00e9gante et \u00e9lanc\u00e9e. La\" \/>\n<meta property=\"og:url\" content=\"https:\/\/geelli.com\/silicone-maison-objets\/bagno\/grace-portascopino\/\" \/>\n<meta property=\"og:site_name\" content=\"Geelli\" \/>\n<meta property=\"article:modified_time\" content=\"2016-06-24T07:52:54+00:00\" \/>\n<meta property=\"og:image\" content=\"https:\/\/geelli.com\/wp-content\/uploads\/2016\/03\/GRACE-PORTA-SCOPINO.jpg\" \/>\n\t<meta property=\"og:image:width\" content=\"402\" \/>\n\t<meta property=\"og:image:height\" content=\"302\" \/>\n\t<meta property=\"og:image:type\" content=\"image\/jpeg\" \/>\n<meta name=\"twitter:card\" content=\"summary_large_image\" \/>\n<script type=\"application\/ld+json\" class=\"yoast-schema-graph\">{\"@context\":\"https:\/\/schema.org\",\"@graph\":[{\"@type\":\"WebPage\",\"@id\":\"https:\/\/geelli.com\/silicone-maison-objets\/bagno\/grace-portascopino\/\",\"url\":\"https:\/\/geelli.com\/silicone-maison-objets\/bagno\/grace-portascopino\/\",\"name\":\"GRACE PORTASCOPINO - Geelli\",\"isPartOf\":{\"@id\":\"https:\/\/geelli.com\/#website\"},\"primaryImageOfPage\":{\"@id\":\"https:\/\/geelli.com\/silicone-maison-objets\/bagno\/grace-portascopino\/#primaryimage\"},\"image\":{\"@id\":\"https:\/\/geelli.com\/silicone-maison-objets\/bagno\/grace-portascopino\/#primaryimage\"},\"thumbnailUrl\":\"https:\/\/geelli.com\/wp-content\/uploads\/2016\/03\/GRACE-PORTA-SCOPINO.jpg\",\"datePublished\":\"2016-03-31T07:59:57+00:00\",\"dateModified\":\"2016-06-24T07:52:54+00:00\",\"description\":\"GRACE, c\u2019est une nouvelle ligne de porte-savon, de porte-brosse de toilette et porte-brosse \u00e0 dents, caract\u00e9ris\u00e9e par une forme \u00e9l\u00e9gante et \u00e9lanc\u00e9e. La\",\"breadcrumb\":{\"@id\":\"https:\/\/geelli.com\/silicone-maison-objets\/bagno\/grace-portascopino\/#breadcrumb\"},\"inLanguage\":\"fr-FR\",\"potentialAction\":[{\"@type\":\"ReadAction\",\"target\":[\"https:\/\/geelli.com\/silicone-maison-objets\/bagno\/grace-portascopino\/\"]}]},{\"@type\":\"ImageObject\",\"inLanguage\":\"fr-FR\",\"@id\":\"https:\/\/geelli.com\/silicone-maison-objets\/bagno\/grace-portascopino\/#primaryimage\",\"url\":\"https:\/\/geelli.com\/wp-content\/uploads\/2016\/03\/GRACE-PORTA-SCOPINO.jpg\",\"contentUrl\":\"https:\/\/geelli.com\/wp-content\/uploads\/2016\/03\/GRACE-PORTA-SCOPINO.jpg\",\"width\":402,\"height\":302},{\"@type\":\"BreadcrumbList\",\"@id\":\"https:\/\/geelli.com\/silicone-maison-objets\/bagno\/grace-portascopino\/#breadcrumb\",\"itemListElement\":[{\"@type\":\"ListItem\",\"position\":1,\"name\":\"Home\",\"item\":\"https:\/\/geelli.com\/fr\/\"},{\"@type\":\"ListItem\",\"position\":2,\"name\":\"Boutique\",\"item\":\"https:\/\/geelli.com\/fr\/boutique\/\"},{\"@type\":\"ListItem\",\"position\":3,\"name\":\"BAGNO\",\"item\":\"https:\/\/geelli.com\/prodotti\/bagno\/\"},{\"@type\":\"ListItem\",\"position\":4,\"name\":\"GRACE PORTASCOPINO\"}]},{\"@type\":\"WebSite\",\"@id\":\"https:\/\/geelli.com\/#website\",\"url\":\"https:\/\/geelli.com\/\",\"name\":\"Geelli\",\"description\":\"Just another WordPress site\",\"potentialAction\":[{\"@type\":\"SearchAction\",\"target\":{\"@type\":\"EntryPoint\",\"urlTemplate\":\"https:\/\/geelli.com\/?s={search_term_string}\"},\"query-input\":{\"@type\":\"PropertyValueSpecification\",\"valueRequired\":true,\"valueName\":\"search_term_string\"}}],\"inLanguage\":\"fr-FR\"}]}<\/script>\n<!-- \/ Yoast SEO plugin. -->","yoast_head_json":{"title":"GRACE PORTASCOPINO - Geelli","description":"GRACE, c\u2019est une nouvelle ligne de porte-savon, de porte-brosse de toilette et porte-brosse \u00e0 dents, caract\u00e9ris\u00e9e par une forme \u00e9l\u00e9gante et \u00e9lanc\u00e9e. La","robots":{"index":"index","follow":"follow","max-snippet":"max-snippet:-1","max-image-preview":"max-image-preview:large","max-video-preview":"max-video-preview:-1"},"canonical":"https:\/\/geelli.com\/silicone-maison-objets\/bagno\/grace-portascopino\/","og_locale":"fr_FR","og_type":"article","og_title":"GRACE PORTASCOPINO - Geelli","og_description":"GRACE, c\u2019est une nouvelle ligne de porte-savon, de porte-brosse de toilette et porte-brosse \u00e0 dents, caract\u00e9ris\u00e9e par une forme \u00e9l\u00e9gante et \u00e9lanc\u00e9e. La","og_url":"https:\/\/geelli.com\/silicone-maison-objets\/bagno\/grace-portascopino\/","og_site_name":"Geelli","article_modified_time":"2016-06-24T07:52:54+00:00","og_image":[{"width":402,"height":302,"url":"https:\/\/geelli.com\/wp-content\/uploads\/2016\/03\/GRACE-PORTA-SCOPINO.jpg","type":"image\/jpeg"}],"twitter_card":"summary_large_image","schema":{"@context":"https:\/\/schema.org","@graph":[{"@type":"WebPage","@id":"https:\/\/geelli.com\/silicone-maison-objets\/bagno\/grace-portascopino\/","url":"https:\/\/geelli.com\/silicone-maison-objets\/bagno\/grace-portascopino\/","name":"GRACE PORTASCOPINO - Geelli","isPartOf":{"@id":"https:\/\/geelli.com\/#website"},"primaryImageOfPage":{"@id":"https:\/\/geelli.com\/silicone-maison-objets\/bagno\/grace-portascopino\/#primaryimage"},"image":{"@id":"https:\/\/geelli.com\/silicone-maison-objets\/bagno\/grace-portascopino\/#primaryimage"},"thumbnailUrl":"https:\/\/geelli.com\/wp-content\/uploads\/2016\/03\/GRACE-PORTA-SCOPINO.jpg","datePublished":"2016-03-31T07:59:57+00:00","dateModified":"2016-06-24T07:52:54+00:00","description":"GRACE, c\u2019est une nouvelle ligne de porte-savon, de porte-brosse de toilette et porte-brosse \u00e0 dents, caract\u00e9ris\u00e9e par une forme \u00e9l\u00e9gante et \u00e9lanc\u00e9e. La","breadcrumb":{"@id":"https:\/\/geelli.com\/silicone-maison-objets\/bagno\/grace-portascopino\/#breadcrumb"},"inLanguage":"fr-FR","potentialAction":[{"@type":"ReadAction","target":["https:\/\/geelli.com\/silicone-maison-objets\/bagno\/grace-portascopino\/"]}]},{"@type":"ImageObject","inLanguage":"fr-FR","@id":"https:\/\/geelli.com\/silicone-maison-objets\/bagno\/grace-portascopino\/#primaryimage","url":"https:\/\/geelli.com\/wp-content\/uploads\/2016\/03\/GRACE-PORTA-SCOPINO.jpg","contentUrl":"https:\/\/geelli.com\/wp-content\/uploads\/2016\/03\/GRACE-PORTA-SCOPINO.jpg","width":402,"height":302},{"@type":"BreadcrumbList","@id":"https:\/\/geelli.com\/silicone-maison-objets\/bagno\/grace-portascopino\/#breadcrumb","itemListElement":[{"@type":"ListItem","position":1,"name":"Home","item":"https:\/\/geelli.com\/fr\/"},{"@type":"ListItem","position":2,"name":"Boutique","item":"https:\/\/geelli.com\/fr\/boutique\/"},{"@type":"ListItem","position":3,"name":"BAGNO","item":"https:\/\/geelli.com\/prodotti\/bagno\/"},{"@type":"ListItem","position":4,"name":"GRACE PORTASCOPINO"}]},{"@type":"WebSite","@id":"https:\/\/geelli.com\/#website","url":"https:\/\/geelli.com\/","name":"Geelli","description":"Just another WordPress site","potentialAction":[{"@type":"SearchAction","target":{"@type":"EntryPoint","urlTemplate":"https:\/\/geelli.com\/?s={search_term_string}"},"query-input":{"@type":"PropertyValueSpecification","valueRequired":true,"valueName":"search_term_string"}}],"inLanguage":"fr-FR"}]}},"_links":{"self":[{"href":"https:\/\/geelli.com\/fr\/wp-json\/wp\/v2\/product\/5914","targetHints":{"allow":["GET"]}}],"collection":[{"href":"https:\/\/geelli.com\/fr\/wp-json\/wp\/v2\/product"}],"about":[{"href":"https:\/\/geelli.com\/fr\/wp-json\/wp\/v2\/types\/product"}],"replies":[{"embeddable":true,"href":"https:\/\/geelli.com\/fr\/wp-json\/wp\/v2\/comments?post=5914"}],"wp:featuredmedia":[{"embeddable":true,"href":"https:\/\/geelli.com\/fr\/wp-json\/wp\/v2\/media\/23052"}],"wp:attachment":[{"href":"https:\/\/geelli.com\/fr\/wp-json\/wp\/v2\/media?parent=5914"}],"wp:term":[{"taxonomy":"product_brand","embeddable":true,"href":"https:\/\/geelli.com\/fr\/wp-json\/wp\/v2\/product_brand?post=5914"},{"taxonomy":"product_cat","embeddable":true,"href":"https:\/\/geelli.com\/fr\/wp-json\/wp\/v2\/product_cat?post=5914"},{"taxonomy":"product_tag","embeddable":true,"href":"https:\/\/geelli.com\/fr\/wp-json\/wp\/v2\/product_tag?post=5914"}],"curies":[{"name":"wp","href":"https:\/\/api.w.org\/{rel}","templated":true}]}}