{"id":6047,"date":"2016-04-27T16:17:07","date_gmt":"2016-04-27T16:17:07","guid":{"rendered":"http:\/\/geelli.andreamorandini.it\/fr\/collezioni\/senza%20categoria\/inlinea-mensola\/"},"modified":"2022-05-27T12:54:53","modified_gmt":"2022-05-27T12:54:53","slug":"inlinea-mensola","status":"publish","type":"product","link":"https:\/\/geelli.com\/fr\/silicone-maison-objets\/accrocher\/inlinea-mensola\/","title":{"rendered":"INLINEA MENSOLA"},"content":{"rendered":"<p>\u00c9tag\u00e8re\u00a0dans une \u00e9l\u00e9gante combinaison de gel polyur\u00e9thane et aluminium anodis\u00e9.<\/p>\n<p><strong>Vid\u00e9o d\u2019information pour l\u2019application de colle: https:\/\/youtu.be\/gjeBisKm3dE<\/strong><\/p>\n","protected":false},"excerpt":{"rendered":"<p>\u00c9tag\u00e8re\u00a0dans une \u00e9l\u00e9gante combinaison de gel polyur\u00e9thane et aluminium anodis\u00e9. Vid\u00e9o d\u2019information pour l\u2019application de colle: https:\/\/youtu.be\/gjeBisKm3dE<\/p>\n","protected":false},"featured_media":22387,"comment_status":"closed","ping_status":"closed","template":"","meta":{"_acf_changed":false},"product_brand":[],"product_cat":[325,322],"product_tag":[],"class_list":{"0":"post-6047","1":"product","2":"type-product","3":"status-publish","4":"has-post-thumbnail","6":"product_cat-salle-de-bain","7":"product_cat-accrocher","8":"pa_famiglia-prodotto-inlinea-fr","9":"tm-no-options","11":"first","12":"instock","13":"taxable","14":"shipping-taxable","15":"purchasable","16":"product-type-variable"},"acf":[],"yoast_head":"<!-- This site is optimized with the Yoast SEO plugin v27.0 - https:\/\/yoast.com\/product\/yoast-seo-wordpress\/ -->\n<title>INLINEA MENSOLA - Geelli<\/title>\n<meta name=\"description\" content=\"\u00c9tag\u00e8re\u00a0dans une \u00e9l\u00e9gante combinaison de gel polyur\u00e9thane et aluminium anodis\u00e9\" \/>\n<meta name=\"robots\" content=\"index, follow, max-snippet:-1, max-image-preview:large, max-video-preview:-1\" \/>\n<link rel=\"canonical\" href=\"https:\/\/geelli.com\/silicone-maison-objets\/bagno\/inlinea-mensola\/\" \/>\n<meta property=\"og:locale\" content=\"fr_FR\" \/>\n<meta property=\"og:type\" content=\"article\" \/>\n<meta property=\"og:title\" content=\"INLINEA MENSOLA - Geelli\" \/>\n<meta property=\"og:description\" content=\"\u00c9tag\u00e8re\u00a0dans une \u00e9l\u00e9gante combinaison de gel polyur\u00e9thane et aluminium anodis\u00e9\" \/>\n<meta property=\"og:url\" content=\"https:\/\/geelli.com\/silicone-maison-objets\/bagno\/inlinea-mensola\/\" \/>\n<meta property=\"og:site_name\" content=\"Geelli\" \/>\n<meta property=\"article:modified_time\" content=\"2022-05-27T12:54:53+00:00\" \/>\n<meta property=\"og:image\" content=\"https:\/\/geelli.com\/wp-content\/uploads\/2016\/04\/08A1735-1-1-1.jpg\" \/>\n\t<meta property=\"og:image:width\" content=\"1152\" \/>\n\t<meta property=\"og:image:height\" content=\"768\" \/>\n\t<meta property=\"og:image:type\" content=\"image\/jpeg\" \/>\n<meta name=\"twitter:card\" content=\"summary_large_image\" \/>\n<script type=\"application\/ld+json\" class=\"yoast-schema-graph\">{\"@context\":\"https:\/\/schema.org\",\"@graph\":[{\"@type\":\"WebPage\",\"@id\":\"https:\/\/geelli.com\/silicone-maison-objets\/bagno\/inlinea-mensola\/\",\"url\":\"https:\/\/geelli.com\/silicone-maison-objets\/bagno\/inlinea-mensola\/\",\"name\":\"INLINEA MENSOLA - Geelli\",\"isPartOf\":{\"@id\":\"https:\/\/geelli.com\/#website\"},\"primaryImageOfPage\":{\"@id\":\"https:\/\/geelli.com\/silicone-maison-objets\/bagno\/inlinea-mensola\/#primaryimage\"},\"image\":{\"@id\":\"https:\/\/geelli.com\/silicone-maison-objets\/bagno\/inlinea-mensola\/#primaryimage\"},\"thumbnailUrl\":\"https:\/\/geelli.com\/wp-content\/uploads\/2016\/04\/08A1735-1-1-1.jpg\",\"datePublished\":\"2016-04-27T16:17:07+00:00\",\"dateModified\":\"2022-05-27T12:54:53+00:00\",\"description\":\"\u00c9tag\u00e8re\u00a0dans une \u00e9l\u00e9gante combinaison de gel polyur\u00e9thane et aluminium anodis\u00e9\",\"breadcrumb\":{\"@id\":\"https:\/\/geelli.com\/silicone-maison-objets\/bagno\/inlinea-mensola\/#breadcrumb\"},\"inLanguage\":\"fr-FR\",\"potentialAction\":[{\"@type\":\"ReadAction\",\"target\":[\"https:\/\/geelli.com\/silicone-maison-objets\/bagno\/inlinea-mensola\/\"]}]},{\"@type\":\"ImageObject\",\"inLanguage\":\"fr-FR\",\"@id\":\"https:\/\/geelli.com\/silicone-maison-objets\/bagno\/inlinea-mensola\/#primaryimage\",\"url\":\"https:\/\/geelli.com\/wp-content\/uploads\/2016\/04\/08A1735-1-1-1.jpg\",\"contentUrl\":\"https:\/\/geelli.com\/wp-content\/uploads\/2016\/04\/08A1735-1-1-1.jpg\",\"width\":1152,\"height\":768},{\"@type\":\"BreadcrumbList\",\"@id\":\"https:\/\/geelli.com\/silicone-maison-objets\/bagno\/inlinea-mensola\/#breadcrumb\",\"itemListElement\":[{\"@type\":\"ListItem\",\"position\":1,\"name\":\"Home\",\"item\":\"https:\/\/geelli.com\/fr\/\"},{\"@type\":\"ListItem\",\"position\":2,\"name\":\"Boutique\",\"item\":\"https:\/\/geelli.com\/fr\/boutique\/\"},{\"@type\":\"ListItem\",\"position\":3,\"name\":\"BAGNO\",\"item\":\"https:\/\/geelli.com\/prodotti\/bagno\/\"},{\"@type\":\"ListItem\",\"position\":4,\"name\":\"INLINEA MENSOLA\"}]},{\"@type\":\"WebSite\",\"@id\":\"https:\/\/geelli.com\/#website\",\"url\":\"https:\/\/geelli.com\/\",\"name\":\"Geelli\",\"description\":\"Just another WordPress site\",\"potentialAction\":[{\"@type\":\"SearchAction\",\"target\":{\"@type\":\"EntryPoint\",\"urlTemplate\":\"https:\/\/geelli.com\/?s={search_term_string}\"},\"query-input\":{\"@type\":\"PropertyValueSpecification\",\"valueRequired\":true,\"valueName\":\"search_term_string\"}}],\"inLanguage\":\"fr-FR\"}]}<\/script>\n<!-- \/ Yoast SEO plugin. -->","yoast_head_json":{"title":"INLINEA MENSOLA - Geelli","description":"\u00c9tag\u00e8re\u00a0dans une \u00e9l\u00e9gante combinaison de gel polyur\u00e9thane et aluminium anodis\u00e9","robots":{"index":"index","follow":"follow","max-snippet":"max-snippet:-1","max-image-preview":"max-image-preview:large","max-video-preview":"max-video-preview:-1"},"canonical":"https:\/\/geelli.com\/silicone-maison-objets\/bagno\/inlinea-mensola\/","og_locale":"fr_FR","og_type":"article","og_title":"INLINEA MENSOLA - Geelli","og_description":"\u00c9tag\u00e8re\u00a0dans une \u00e9l\u00e9gante combinaison de gel polyur\u00e9thane et aluminium anodis\u00e9","og_url":"https:\/\/geelli.com\/silicone-maison-objets\/bagno\/inlinea-mensola\/","og_site_name":"Geelli","article_modified_time":"2022-05-27T12:54:53+00:00","og_image":[{"width":1152,"height":768,"url":"https:\/\/geelli.com\/wp-content\/uploads\/2016\/04\/08A1735-1-1-1.jpg","type":"image\/jpeg"}],"twitter_card":"summary_large_image","schema":{"@context":"https:\/\/schema.org","@graph":[{"@type":"WebPage","@id":"https:\/\/geelli.com\/silicone-maison-objets\/bagno\/inlinea-mensola\/","url":"https:\/\/geelli.com\/silicone-maison-objets\/bagno\/inlinea-mensola\/","name":"INLINEA MENSOLA - Geelli","isPartOf":{"@id":"https:\/\/geelli.com\/#website"},"primaryImageOfPage":{"@id":"https:\/\/geelli.com\/silicone-maison-objets\/bagno\/inlinea-mensola\/#primaryimage"},"image":{"@id":"https:\/\/geelli.com\/silicone-maison-objets\/bagno\/inlinea-mensola\/#primaryimage"},"thumbnailUrl":"https:\/\/geelli.com\/wp-content\/uploads\/2016\/04\/08A1735-1-1-1.jpg","datePublished":"2016-04-27T16:17:07+00:00","dateModified":"2022-05-27T12:54:53+00:00","description":"\u00c9tag\u00e8re\u00a0dans une \u00e9l\u00e9gante combinaison de gel polyur\u00e9thane et aluminium anodis\u00e9","breadcrumb":{"@id":"https:\/\/geelli.com\/silicone-maison-objets\/bagno\/inlinea-mensola\/#breadcrumb"},"inLanguage":"fr-FR","potentialAction":[{"@type":"ReadAction","target":["https:\/\/geelli.com\/silicone-maison-objets\/bagno\/inlinea-mensola\/"]}]},{"@type":"ImageObject","inLanguage":"fr-FR","@id":"https:\/\/geelli.com\/silicone-maison-objets\/bagno\/inlinea-mensola\/#primaryimage","url":"https:\/\/geelli.com\/wp-content\/uploads\/2016\/04\/08A1735-1-1-1.jpg","contentUrl":"https:\/\/geelli.com\/wp-content\/uploads\/2016\/04\/08A1735-1-1-1.jpg","width":1152,"height":768},{"@type":"BreadcrumbList","@id":"https:\/\/geelli.com\/silicone-maison-objets\/bagno\/inlinea-mensola\/#breadcrumb","itemListElement":[{"@type":"ListItem","position":1,"name":"Home","item":"https:\/\/geelli.com\/fr\/"},{"@type":"ListItem","position":2,"name":"Boutique","item":"https:\/\/geelli.com\/fr\/boutique\/"},{"@type":"ListItem","position":3,"name":"BAGNO","item":"https:\/\/geelli.com\/prodotti\/bagno\/"},{"@type":"ListItem","position":4,"name":"INLINEA MENSOLA"}]},{"@type":"WebSite","@id":"https:\/\/geelli.com\/#website","url":"https:\/\/geelli.com\/","name":"Geelli","description":"Just another WordPress site","potentialAction":[{"@type":"SearchAction","target":{"@type":"EntryPoint","urlTemplate":"https:\/\/geelli.com\/?s={search_term_string}"},"query-input":{"@type":"PropertyValueSpecification","valueRequired":true,"valueName":"search_term_string"}}],"inLanguage":"fr-FR"}]}},"_links":{"self":[{"href":"https:\/\/geelli.com\/fr\/wp-json\/wp\/v2\/product\/6047","targetHints":{"allow":["GET"]}}],"collection":[{"href":"https:\/\/geelli.com\/fr\/wp-json\/wp\/v2\/product"}],"about":[{"href":"https:\/\/geelli.com\/fr\/wp-json\/wp\/v2\/types\/product"}],"replies":[{"embeddable":true,"href":"https:\/\/geelli.com\/fr\/wp-json\/wp\/v2\/comments?post=6047"}],"wp:featuredmedia":[{"embeddable":true,"href":"https:\/\/geelli.com\/fr\/wp-json\/wp\/v2\/media\/22387"}],"wp:attachment":[{"href":"https:\/\/geelli.com\/fr\/wp-json\/wp\/v2\/media?parent=6047"}],"wp:term":[{"taxonomy":"product_brand","embeddable":true,"href":"https:\/\/geelli.com\/fr\/wp-json\/wp\/v2\/product_brand?post=6047"},{"taxonomy":"product_cat","embeddable":true,"href":"https:\/\/geelli.com\/fr\/wp-json\/wp\/v2\/product_cat?post=6047"},{"taxonomy":"product_tag","embeddable":true,"href":"https:\/\/geelli.com\/fr\/wp-json\/wp\/v2\/product_tag?post=6047"}],"curies":[{"name":"wp","href":"https:\/\/api.w.org\/{rel}","templated":true}]}}