{"id":6549,"date":"2016-03-31T08:59:34","date_gmt":"2016-03-31T07:59:34","guid":{"rendered":"http:\/\/geelli.andreamorandini.it\/fr\/collezioni\/senza%20categoria\/ooo\/"},"modified":"2022-06-09T10:18:44","modified_gmt":"2022-06-09T10:18:44","slug":"ooo","status":"publish","type":"product","link":"https:\/\/geelli.com\/fr\/silicone-maison-objets\/vivre-et-travailler\/ooo\/","title":{"rendered":"OOO"},"content":{"rendered":"<p>OOO est un butoir de porte sympathique et fonctionnel. Trois cercles de diff\u00e8rent diam\u00e8tre qui permettent d\u2019\u00eatre fix\u00e9s sur diff\u00e9rentes poign\u00e9es de portes et fen\u00eatres.<\/p>\n","protected":false},"excerpt":{"rendered":"<p>OOO est un butoir de porte sympathique et fonctionnel. Trois cercles de diff\u00e8rent diam\u00e8tre qui permettent d\u2019\u00eatre fix\u00e9s sur diff\u00e9rentes poign\u00e9es de portes et fen\u00eatres.<\/p>\n","protected":false},"featured_media":23702,"comment_status":"closed","ping_status":"closed","template":"","meta":{"_acf_changed":false},"product_brand":[],"product_cat":[333],"product_tag":[],"class_list":{"0":"post-6549","1":"product","2":"type-product","3":"status-publish","4":"has-post-thumbnail","6":"product_cat-vivre-et-travailler","7":"tm-no-options","9":"first","10":"instock","11":"taxable","12":"shipping-taxable","13":"purchasable","14":"product-type-variable"},"acf":[],"yoast_head":"<!-- This site is optimized with the Yoast SEO plugin v27.0 - https:\/\/yoast.com\/product\/yoast-seo-wordpress\/ -->\n<title>OOO - Geelli<\/title>\n<meta name=\"description\" content=\"butoir de porte sympathique et fonctionnel\" \/>\n<meta name=\"robots\" content=\"index, follow, max-snippet:-1, max-image-preview:large, max-video-preview:-1\" \/>\n<link rel=\"canonical\" href=\"https:\/\/geelli.com\/fr\/silicone-maison-objets\/vivre-et-travailler\/ooo\/\" \/>\n<meta property=\"og:locale\" content=\"fr_FR\" \/>\n<meta property=\"og:type\" content=\"article\" \/>\n<meta property=\"og:title\" content=\"OOO - Geelli\" \/>\n<meta property=\"og:description\" content=\"butoir de porte sympathique et fonctionnel\" \/>\n<meta property=\"og:url\" content=\"https:\/\/geelli.com\/fr\/silicone-maison-objets\/vivre-et-travailler\/ooo\/\" \/>\n<meta property=\"og:site_name\" content=\"Geelli\" \/>\n<meta property=\"article:modified_time\" content=\"2022-06-09T10:18:44+00:00\" \/>\n<meta property=\"og:image\" content=\"https:\/\/geelli.com\/wp-content\/uploads\/2016\/03\/ooo.jpg\" \/>\n\t<meta property=\"og:image:width\" content=\"1014\" \/>\n\t<meta property=\"og:image:height\" content=\"924\" \/>\n\t<meta property=\"og:image:type\" content=\"image\/jpeg\" \/>\n<meta name=\"twitter:card\" content=\"summary_large_image\" \/>\n<script type=\"application\/ld+json\" class=\"yoast-schema-graph\">{\"@context\":\"https:\/\/schema.org\",\"@graph\":[{\"@type\":\"WebPage\",\"@id\":\"https:\/\/geelli.com\/fr\/silicone-maison-objets\/vivre-et-travailler\/ooo\/\",\"url\":\"https:\/\/geelli.com\/fr\/silicone-maison-objets\/vivre-et-travailler\/ooo\/\",\"name\":\"OOO - Geelli\",\"isPartOf\":{\"@id\":\"https:\/\/geelli.com\/#website\"},\"primaryImageOfPage\":{\"@id\":\"https:\/\/geelli.com\/fr\/silicone-maison-objets\/vivre-et-travailler\/ooo\/#primaryimage\"},\"image\":{\"@id\":\"https:\/\/geelli.com\/fr\/silicone-maison-objets\/vivre-et-travailler\/ooo\/#primaryimage\"},\"thumbnailUrl\":\"https:\/\/geelli.com\/wp-content\/uploads\/2016\/03\/ooo.jpg\",\"datePublished\":\"2016-03-31T07:59:34+00:00\",\"dateModified\":\"2022-06-09T10:18:44+00:00\",\"description\":\"butoir de porte sympathique et fonctionnel\",\"breadcrumb\":{\"@id\":\"https:\/\/geelli.com\/fr\/silicone-maison-objets\/vivre-et-travailler\/ooo\/#breadcrumb\"},\"inLanguage\":\"fr-FR\",\"potentialAction\":[{\"@type\":\"ReadAction\",\"target\":[\"https:\/\/geelli.com\/fr\/silicone-maison-objets\/vivre-et-travailler\/ooo\/\"]}]},{\"@type\":\"ImageObject\",\"inLanguage\":\"fr-FR\",\"@id\":\"https:\/\/geelli.com\/fr\/silicone-maison-objets\/vivre-et-travailler\/ooo\/#primaryimage\",\"url\":\"https:\/\/geelli.com\/wp-content\/uploads\/2016\/03\/ooo.jpg\",\"contentUrl\":\"https:\/\/geelli.com\/wp-content\/uploads\/2016\/03\/ooo.jpg\",\"width\":1014,\"height\":924},{\"@type\":\"BreadcrumbList\",\"@id\":\"https:\/\/geelli.com\/fr\/silicone-maison-objets\/vivre-et-travailler\/ooo\/#breadcrumb\",\"itemListElement\":[{\"@type\":\"ListItem\",\"position\":1,\"name\":\"Home\",\"item\":\"https:\/\/geelli.com\/fr\/\"},{\"@type\":\"ListItem\",\"position\":2,\"name\":\"Boutique\",\"item\":\"https:\/\/geelli.com\/fr\/boutique\/\"},{\"@type\":\"ListItem\",\"position\":3,\"name\":\"VIVRE ET TRAVAILLER\",\"item\":\"https:\/\/geelli.com\/fr\/produit\/vivre-et-travailler\/\"},{\"@type\":\"ListItem\",\"position\":4,\"name\":\"OOO\"}]},{\"@type\":\"WebSite\",\"@id\":\"https:\/\/geelli.com\/#website\",\"url\":\"https:\/\/geelli.com\/\",\"name\":\"Geelli\",\"description\":\"Just another WordPress site\",\"potentialAction\":[{\"@type\":\"SearchAction\",\"target\":{\"@type\":\"EntryPoint\",\"urlTemplate\":\"https:\/\/geelli.com\/?s={search_term_string}\"},\"query-input\":{\"@type\":\"PropertyValueSpecification\",\"valueRequired\":true,\"valueName\":\"search_term_string\"}}],\"inLanguage\":\"fr-FR\"}]}<\/script>\n<!-- \/ Yoast SEO plugin. -->","yoast_head_json":{"title":"OOO - Geelli","description":"butoir de porte sympathique et fonctionnel","robots":{"index":"index","follow":"follow","max-snippet":"max-snippet:-1","max-image-preview":"max-image-preview:large","max-video-preview":"max-video-preview:-1"},"canonical":"https:\/\/geelli.com\/fr\/silicone-maison-objets\/vivre-et-travailler\/ooo\/","og_locale":"fr_FR","og_type":"article","og_title":"OOO - Geelli","og_description":"butoir de porte sympathique et fonctionnel","og_url":"https:\/\/geelli.com\/fr\/silicone-maison-objets\/vivre-et-travailler\/ooo\/","og_site_name":"Geelli","article_modified_time":"2022-06-09T10:18:44+00:00","og_image":[{"width":1014,"height":924,"url":"https:\/\/geelli.com\/wp-content\/uploads\/2016\/03\/ooo.jpg","type":"image\/jpeg"}],"twitter_card":"summary_large_image","schema":{"@context":"https:\/\/schema.org","@graph":[{"@type":"WebPage","@id":"https:\/\/geelli.com\/fr\/silicone-maison-objets\/vivre-et-travailler\/ooo\/","url":"https:\/\/geelli.com\/fr\/silicone-maison-objets\/vivre-et-travailler\/ooo\/","name":"OOO - Geelli","isPartOf":{"@id":"https:\/\/geelli.com\/#website"},"primaryImageOfPage":{"@id":"https:\/\/geelli.com\/fr\/silicone-maison-objets\/vivre-et-travailler\/ooo\/#primaryimage"},"image":{"@id":"https:\/\/geelli.com\/fr\/silicone-maison-objets\/vivre-et-travailler\/ooo\/#primaryimage"},"thumbnailUrl":"https:\/\/geelli.com\/wp-content\/uploads\/2016\/03\/ooo.jpg","datePublished":"2016-03-31T07:59:34+00:00","dateModified":"2022-06-09T10:18:44+00:00","description":"butoir de porte sympathique et fonctionnel","breadcrumb":{"@id":"https:\/\/geelli.com\/fr\/silicone-maison-objets\/vivre-et-travailler\/ooo\/#breadcrumb"},"inLanguage":"fr-FR","potentialAction":[{"@type":"ReadAction","target":["https:\/\/geelli.com\/fr\/silicone-maison-objets\/vivre-et-travailler\/ooo\/"]}]},{"@type":"ImageObject","inLanguage":"fr-FR","@id":"https:\/\/geelli.com\/fr\/silicone-maison-objets\/vivre-et-travailler\/ooo\/#primaryimage","url":"https:\/\/geelli.com\/wp-content\/uploads\/2016\/03\/ooo.jpg","contentUrl":"https:\/\/geelli.com\/wp-content\/uploads\/2016\/03\/ooo.jpg","width":1014,"height":924},{"@type":"BreadcrumbList","@id":"https:\/\/geelli.com\/fr\/silicone-maison-objets\/vivre-et-travailler\/ooo\/#breadcrumb","itemListElement":[{"@type":"ListItem","position":1,"name":"Home","item":"https:\/\/geelli.com\/fr\/"},{"@type":"ListItem","position":2,"name":"Boutique","item":"https:\/\/geelli.com\/fr\/boutique\/"},{"@type":"ListItem","position":3,"name":"VIVRE ET TRAVAILLER","item":"https:\/\/geelli.com\/fr\/produit\/vivre-et-travailler\/"},{"@type":"ListItem","position":4,"name":"OOO"}]},{"@type":"WebSite","@id":"https:\/\/geelli.com\/#website","url":"https:\/\/geelli.com\/","name":"Geelli","description":"Just another WordPress site","potentialAction":[{"@type":"SearchAction","target":{"@type":"EntryPoint","urlTemplate":"https:\/\/geelli.com\/?s={search_term_string}"},"query-input":{"@type":"PropertyValueSpecification","valueRequired":true,"valueName":"search_term_string"}}],"inLanguage":"fr-FR"}]}},"_links":{"self":[{"href":"https:\/\/geelli.com\/fr\/wp-json\/wp\/v2\/product\/6549","targetHints":{"allow":["GET"]}}],"collection":[{"href":"https:\/\/geelli.com\/fr\/wp-json\/wp\/v2\/product"}],"about":[{"href":"https:\/\/geelli.com\/fr\/wp-json\/wp\/v2\/types\/product"}],"replies":[{"embeddable":true,"href":"https:\/\/geelli.com\/fr\/wp-json\/wp\/v2\/comments?post=6549"}],"wp:featuredmedia":[{"embeddable":true,"href":"https:\/\/geelli.com\/fr\/wp-json\/wp\/v2\/media\/23702"}],"wp:attachment":[{"href":"https:\/\/geelli.com\/fr\/wp-json\/wp\/v2\/media?parent=6549"}],"wp:term":[{"taxonomy":"product_brand","embeddable":true,"href":"https:\/\/geelli.com\/fr\/wp-json\/wp\/v2\/product_brand?post=6549"},{"taxonomy":"product_cat","embeddable":true,"href":"https:\/\/geelli.com\/fr\/wp-json\/wp\/v2\/product_cat?post=6549"},{"taxonomy":"product_tag","embeddable":true,"href":"https:\/\/geelli.com\/fr\/wp-json\/wp\/v2\/product_tag?post=6549"}],"curies":[{"name":"wp","href":"https:\/\/api.w.org\/{rel}","templated":true}]}}