{"id":6649,"date":"2016-03-31T08:58:34","date_gmt":"2016-03-31T07:58:34","guid":{"rendered":"http:\/\/geelli.andreamorandini.it\/fr\/collezioni\/senza%20categoria\/ph\/"},"modified":"2016-06-24T07:53:54","modified_gmt":"2016-06-24T07:53:54","slug":"ph","status":"publish","type":"product","link":"https:\/\/geelli.com\/fr\/silicone-maison-objets\/accrocher\/ph\/","title":{"rendered":"PH"},"content":{"rendered":"<p>PH est un porte-savon id\u00e9al pour la salle de bain, la laverie ou la cuisine. Ph permet d\u2019avoir le savon \u00e0 port\u00e9e de main, \u00e0 la hauteur et position d\u00e9sir\u00e9es car il s\u2019applique directement aux parois gr\u00e2ce \u00e0 l\u2019adh\u00e9rence du gel polyur\u00e9thane.<\/p>\n","protected":false},"excerpt":{"rendered":"<p>PH est un porte-savon id\u00e9al pour la salle de bain, la laverie ou la cuisine. Ph permet d\u2019avoir le savon \u00e0 port\u00e9e de main, \u00e0 la hauteur et position d\u00e9sir\u00e9es&#8230;<\/p>\n","protected":false},"featured_media":22310,"comment_status":"closed","ping_status":"closed","template":"","meta":{"_acf_changed":false},"product_brand":[],"product_cat":[325,322],"product_tag":[],"class_list":{"0":"post-6649","1":"product","2":"type-product","3":"status-publish","4":"has-post-thumbnail","6":"product_cat-salle-de-bain","7":"product_cat-accrocher","8":"tm-no-options","10":"first","11":"instock","12":"taxable","13":"shipping-taxable","14":"purchasable","15":"product-type-variable"},"acf":[],"yoast_head":"<!-- This site is optimized with the Yoast SEO plugin v27.0 - https:\/\/yoast.com\/product\/yoast-seo-wordpress\/ -->\n<title>PH - Geelli<\/title>\n<meta name=\"description\" content=\"PH est un porte-savon id\u00e9al pour la salle de bain, la laverie ou la cuisine. Ph permet d\u2019avoir le savon \u00e0 port\u00e9e de main, \u00e0 la hauteur et position\" \/>\n<meta name=\"robots\" content=\"index, follow, max-snippet:-1, max-image-preview:large, max-video-preview:-1\" \/>\n<link rel=\"canonical\" href=\"https:\/\/geelli.com\/silicone-maison-objets\/bagno\/ph\/\" \/>\n<meta property=\"og:locale\" content=\"fr_FR\" \/>\n<meta property=\"og:type\" content=\"article\" \/>\n<meta property=\"og:title\" content=\"PH - Geelli\" \/>\n<meta property=\"og:description\" content=\"PH est un porte-savon id\u00e9al pour la salle de bain, la laverie ou la cuisine. Ph permet d\u2019avoir le savon \u00e0 port\u00e9e de main, \u00e0 la hauteur et position\" \/>\n<meta property=\"og:url\" content=\"https:\/\/geelli.com\/silicone-maison-objets\/bagno\/ph\/\" \/>\n<meta property=\"og:site_name\" content=\"Geelli\" \/>\n<meta property=\"article:modified_time\" content=\"2016-06-24T07:53:54+00:00\" \/>\n<meta property=\"og:image\" content=\"https:\/\/geelli.com\/wp-content\/uploads\/2016\/03\/PH-1.jpg\" \/>\n\t<meta property=\"og:image:width\" content=\"306\" \/>\n\t<meta property=\"og:image:height\" content=\"235\" \/>\n\t<meta property=\"og:image:type\" content=\"image\/jpeg\" \/>\n<meta name=\"twitter:card\" content=\"summary_large_image\" \/>\n<script type=\"application\/ld+json\" class=\"yoast-schema-graph\">{\"@context\":\"https:\/\/schema.org\",\"@graph\":[{\"@type\":\"WebPage\",\"@id\":\"https:\/\/geelli.com\/silicone-maison-objets\/bagno\/ph\/\",\"url\":\"https:\/\/geelli.com\/silicone-maison-objets\/bagno\/ph\/\",\"name\":\"PH - Geelli\",\"isPartOf\":{\"@id\":\"https:\/\/geelli.com\/#website\"},\"primaryImageOfPage\":{\"@id\":\"https:\/\/geelli.com\/silicone-maison-objets\/bagno\/ph\/#primaryimage\"},\"image\":{\"@id\":\"https:\/\/geelli.com\/silicone-maison-objets\/bagno\/ph\/#primaryimage\"},\"thumbnailUrl\":\"https:\/\/geelli.com\/wp-content\/uploads\/2016\/03\/PH-1.jpg\",\"datePublished\":\"2016-03-31T07:58:34+00:00\",\"dateModified\":\"2016-06-24T07:53:54+00:00\",\"description\":\"PH est un porte-savon id\u00e9al pour la salle de bain, la laverie ou la cuisine. Ph permet d\u2019avoir le savon \u00e0 port\u00e9e de main, \u00e0 la hauteur et position\",\"breadcrumb\":{\"@id\":\"https:\/\/geelli.com\/silicone-maison-objets\/bagno\/ph\/#breadcrumb\"},\"inLanguage\":\"fr-FR\",\"potentialAction\":[{\"@type\":\"ReadAction\",\"target\":[\"https:\/\/geelli.com\/silicone-maison-objets\/bagno\/ph\/\"]}]},{\"@type\":\"ImageObject\",\"inLanguage\":\"fr-FR\",\"@id\":\"https:\/\/geelli.com\/silicone-maison-objets\/bagno\/ph\/#primaryimage\",\"url\":\"https:\/\/geelli.com\/wp-content\/uploads\/2016\/03\/PH-1.jpg\",\"contentUrl\":\"https:\/\/geelli.com\/wp-content\/uploads\/2016\/03\/PH-1.jpg\",\"width\":306,\"height\":235},{\"@type\":\"BreadcrumbList\",\"@id\":\"https:\/\/geelli.com\/silicone-maison-objets\/bagno\/ph\/#breadcrumb\",\"itemListElement\":[{\"@type\":\"ListItem\",\"position\":1,\"name\":\"Home\",\"item\":\"https:\/\/geelli.com\/fr\/\"},{\"@type\":\"ListItem\",\"position\":2,\"name\":\"Boutique\",\"item\":\"https:\/\/geelli.com\/fr\/boutique\/\"},{\"@type\":\"ListItem\",\"position\":3,\"name\":\"BAGNO\",\"item\":\"https:\/\/geelli.com\/prodotti\/bagno\/\"},{\"@type\":\"ListItem\",\"position\":4,\"name\":\"PH\"}]},{\"@type\":\"WebSite\",\"@id\":\"https:\/\/geelli.com\/#website\",\"url\":\"https:\/\/geelli.com\/\",\"name\":\"Geelli\",\"description\":\"Just another WordPress site\",\"potentialAction\":[{\"@type\":\"SearchAction\",\"target\":{\"@type\":\"EntryPoint\",\"urlTemplate\":\"https:\/\/geelli.com\/?s={search_term_string}\"},\"query-input\":{\"@type\":\"PropertyValueSpecification\",\"valueRequired\":true,\"valueName\":\"search_term_string\"}}],\"inLanguage\":\"fr-FR\"}]}<\/script>\n<!-- \/ Yoast SEO plugin. -->","yoast_head_json":{"title":"PH - Geelli","description":"PH est un porte-savon id\u00e9al pour la salle de bain, la laverie ou la cuisine. Ph permet d\u2019avoir le savon \u00e0 port\u00e9e de main, \u00e0 la hauteur et position","robots":{"index":"index","follow":"follow","max-snippet":"max-snippet:-1","max-image-preview":"max-image-preview:large","max-video-preview":"max-video-preview:-1"},"canonical":"https:\/\/geelli.com\/silicone-maison-objets\/bagno\/ph\/","og_locale":"fr_FR","og_type":"article","og_title":"PH - Geelli","og_description":"PH est un porte-savon id\u00e9al pour la salle de bain, la laverie ou la cuisine. Ph permet d\u2019avoir le savon \u00e0 port\u00e9e de main, \u00e0 la hauteur et position","og_url":"https:\/\/geelli.com\/silicone-maison-objets\/bagno\/ph\/","og_site_name":"Geelli","article_modified_time":"2016-06-24T07:53:54+00:00","og_image":[{"width":306,"height":235,"url":"https:\/\/geelli.com\/wp-content\/uploads\/2016\/03\/PH-1.jpg","type":"image\/jpeg"}],"twitter_card":"summary_large_image","schema":{"@context":"https:\/\/schema.org","@graph":[{"@type":"WebPage","@id":"https:\/\/geelli.com\/silicone-maison-objets\/bagno\/ph\/","url":"https:\/\/geelli.com\/silicone-maison-objets\/bagno\/ph\/","name":"PH - Geelli","isPartOf":{"@id":"https:\/\/geelli.com\/#website"},"primaryImageOfPage":{"@id":"https:\/\/geelli.com\/silicone-maison-objets\/bagno\/ph\/#primaryimage"},"image":{"@id":"https:\/\/geelli.com\/silicone-maison-objets\/bagno\/ph\/#primaryimage"},"thumbnailUrl":"https:\/\/geelli.com\/wp-content\/uploads\/2016\/03\/PH-1.jpg","datePublished":"2016-03-31T07:58:34+00:00","dateModified":"2016-06-24T07:53:54+00:00","description":"PH est un porte-savon id\u00e9al pour la salle de bain, la laverie ou la cuisine. Ph permet d\u2019avoir le savon \u00e0 port\u00e9e de main, \u00e0 la hauteur et position","breadcrumb":{"@id":"https:\/\/geelli.com\/silicone-maison-objets\/bagno\/ph\/#breadcrumb"},"inLanguage":"fr-FR","potentialAction":[{"@type":"ReadAction","target":["https:\/\/geelli.com\/silicone-maison-objets\/bagno\/ph\/"]}]},{"@type":"ImageObject","inLanguage":"fr-FR","@id":"https:\/\/geelli.com\/silicone-maison-objets\/bagno\/ph\/#primaryimage","url":"https:\/\/geelli.com\/wp-content\/uploads\/2016\/03\/PH-1.jpg","contentUrl":"https:\/\/geelli.com\/wp-content\/uploads\/2016\/03\/PH-1.jpg","width":306,"height":235},{"@type":"BreadcrumbList","@id":"https:\/\/geelli.com\/silicone-maison-objets\/bagno\/ph\/#breadcrumb","itemListElement":[{"@type":"ListItem","position":1,"name":"Home","item":"https:\/\/geelli.com\/fr\/"},{"@type":"ListItem","position":2,"name":"Boutique","item":"https:\/\/geelli.com\/fr\/boutique\/"},{"@type":"ListItem","position":3,"name":"BAGNO","item":"https:\/\/geelli.com\/prodotti\/bagno\/"},{"@type":"ListItem","position":4,"name":"PH"}]},{"@type":"WebSite","@id":"https:\/\/geelli.com\/#website","url":"https:\/\/geelli.com\/","name":"Geelli","description":"Just another WordPress site","potentialAction":[{"@type":"SearchAction","target":{"@type":"EntryPoint","urlTemplate":"https:\/\/geelli.com\/?s={search_term_string}"},"query-input":{"@type":"PropertyValueSpecification","valueRequired":true,"valueName":"search_term_string"}}],"inLanguage":"fr-FR"}]}},"_links":{"self":[{"href":"https:\/\/geelli.com\/fr\/wp-json\/wp\/v2\/product\/6649","targetHints":{"allow":["GET"]}}],"collection":[{"href":"https:\/\/geelli.com\/fr\/wp-json\/wp\/v2\/product"}],"about":[{"href":"https:\/\/geelli.com\/fr\/wp-json\/wp\/v2\/types\/product"}],"replies":[{"embeddable":true,"href":"https:\/\/geelli.com\/fr\/wp-json\/wp\/v2\/comments?post=6649"}],"wp:featuredmedia":[{"embeddable":true,"href":"https:\/\/geelli.com\/fr\/wp-json\/wp\/v2\/media\/22310"}],"wp:attachment":[{"href":"https:\/\/geelli.com\/fr\/wp-json\/wp\/v2\/media?parent=6649"}],"wp:term":[{"taxonomy":"product_brand","embeddable":true,"href":"https:\/\/geelli.com\/fr\/wp-json\/wp\/v2\/product_brand?post=6649"},{"taxonomy":"product_cat","embeddable":true,"href":"https:\/\/geelli.com\/fr\/wp-json\/wp\/v2\/product_cat?post=6649"},{"taxonomy":"product_tag","embeddable":true,"href":"https:\/\/geelli.com\/fr\/wp-json\/wp\/v2\/product_tag?post=6649"}],"curies":[{"name":"wp","href":"https:\/\/api.w.org\/{rel}","templated":true}]}}