{"id":6699,"date":"2016-03-31T08:55:18","date_gmt":"2016-03-31T07:55:18","guid":{"rendered":"http:\/\/geelli.andreamorandini.it\/fr\/collezioni\/senza%20categoria\/sottobicchere-conf-4-pz\/"},"modified":"2016-07-04T16:13:52","modified_gmt":"2016-07-04T16:13:52","slug":"sottobicchere-conf-4-pz","status":"publish","type":"product","link":"https:\/\/geelli.com\/fr\/silicone-maison-objets\/cuisine\/sottobicchere-conf-4-pz\/","title":{"rendered":"SOTTOBICCHIERE"},"content":{"rendered":"<p>Dessous de verre souple. Il conf\u00e8re \u00e0 la table une touche de gaiet\u00e9 ou une note raffin\u00e9e selon le coloris choisi. Pack 4 pi\u00e8ces.<\/p>\n","protected":false},"excerpt":{"rendered":"<p>Dessous de verre souple. Il conf\u00e8re \u00e0 la table une touche de gaiet\u00e9 ou une note raffin\u00e9e selon le coloris choisi. Pack 4 pi\u00e8ces.<\/p>\n","protected":false},"featured_media":46770,"comment_status":"closed","ping_status":"closed","template":"","meta":{"_acf_changed":false},"product_brand":[],"product_cat":[330],"product_tag":[],"class_list":{"0":"post-6699","1":"product","2":"type-product","3":"status-publish","4":"has-post-thumbnail","6":"product_cat-cuisine","7":"tm-no-options","9":"first","10":"instock","11":"taxable","12":"shipping-taxable","13":"purchasable","14":"product-type-variable"},"acf":[],"yoast_head":"<!-- This site is optimized with the Yoast SEO plugin v27.0 - https:\/\/yoast.com\/product\/yoast-seo-wordpress\/ -->\n<title>SOTTOBICCHIERE - Geelli<\/title>\n<meta name=\"description\" content=\"Dessous de verre souple. Il conf\u00e8re \u00e0 la table une touche de gaiet\u00e9 ou une note raffin\u00e9e selon le coloris choisi. Pack 4 pi\u00e8ces.\" \/>\n<meta name=\"robots\" content=\"index, follow, max-snippet:-1, max-image-preview:large, max-video-preview:-1\" \/>\n<link rel=\"canonical\" href=\"https:\/\/geelli.com\/fr\/silicone-maison-objets\/cuisine\/sottobicchere-conf-4-pz\/\" \/>\n<meta property=\"og:locale\" content=\"fr_FR\" \/>\n<meta property=\"og:type\" content=\"article\" \/>\n<meta property=\"og:title\" content=\"SOTTOBICCHIERE - Geelli\" \/>\n<meta property=\"og:description\" content=\"Dessous de verre souple. Il conf\u00e8re \u00e0 la table une touche de gaiet\u00e9 ou une note raffin\u00e9e selon le coloris choisi. Pack 4 pi\u00e8ces.\" \/>\n<meta property=\"og:url\" content=\"https:\/\/geelli.com\/fr\/silicone-maison-objets\/cuisine\/sottobicchere-conf-4-pz\/\" \/>\n<meta property=\"og:site_name\" content=\"Geelli\" \/>\n<meta property=\"article:modified_time\" content=\"2016-07-04T16:13:52+00:00\" \/>\n<meta property=\"og:image\" content=\"https:\/\/geelli.com\/wp-content\/uploads\/2016\/03\/GPI-004-C20-682x1024.png\" \/>\n\t<meta property=\"og:image:width\" content=\"682\" \/>\n\t<meta property=\"og:image:height\" content=\"1024\" \/>\n\t<meta property=\"og:image:type\" content=\"image\/png\" \/>\n<meta name=\"twitter:card\" content=\"summary_large_image\" \/>\n<script type=\"application\/ld+json\" class=\"yoast-schema-graph\">{\"@context\":\"https:\/\/schema.org\",\"@graph\":[{\"@type\":\"WebPage\",\"@id\":\"https:\/\/geelli.com\/fr\/silicone-maison-objets\/cuisine\/sottobicchere-conf-4-pz\/\",\"url\":\"https:\/\/geelli.com\/fr\/silicone-maison-objets\/cuisine\/sottobicchere-conf-4-pz\/\",\"name\":\"SOTTOBICCHIERE - Geelli\",\"isPartOf\":{\"@id\":\"https:\/\/geelli.com\/#website\"},\"primaryImageOfPage\":{\"@id\":\"https:\/\/geelli.com\/fr\/silicone-maison-objets\/cuisine\/sottobicchere-conf-4-pz\/#primaryimage\"},\"image\":{\"@id\":\"https:\/\/geelli.com\/fr\/silicone-maison-objets\/cuisine\/sottobicchere-conf-4-pz\/#primaryimage\"},\"thumbnailUrl\":\"https:\/\/geelli.com\/wp-content\/uploads\/2016\/03\/GPI-004-C20.png\",\"datePublished\":\"2016-03-31T07:55:18+00:00\",\"dateModified\":\"2016-07-04T16:13:52+00:00\",\"description\":\"Dessous de verre souple. Il conf\u00e8re \u00e0 la table une touche de gaiet\u00e9 ou une note raffin\u00e9e selon le coloris choisi. Pack 4 pi\u00e8ces.\",\"breadcrumb\":{\"@id\":\"https:\/\/geelli.com\/fr\/silicone-maison-objets\/cuisine\/sottobicchere-conf-4-pz\/#breadcrumb\"},\"inLanguage\":\"fr-FR\",\"potentialAction\":[{\"@type\":\"ReadAction\",\"target\":[\"https:\/\/geelli.com\/fr\/silicone-maison-objets\/cuisine\/sottobicchere-conf-4-pz\/\"]}]},{\"@type\":\"ImageObject\",\"inLanguage\":\"fr-FR\",\"@id\":\"https:\/\/geelli.com\/fr\/silicone-maison-objets\/cuisine\/sottobicchere-conf-4-pz\/#primaryimage\",\"url\":\"https:\/\/geelli.com\/wp-content\/uploads\/2016\/03\/GPI-004-C20.png\",\"contentUrl\":\"https:\/\/geelli.com\/wp-content\/uploads\/2016\/03\/GPI-004-C20.png\",\"width\":1684,\"height\":2528},{\"@type\":\"BreadcrumbList\",\"@id\":\"https:\/\/geelli.com\/fr\/silicone-maison-objets\/cuisine\/sottobicchere-conf-4-pz\/#breadcrumb\",\"itemListElement\":[{\"@type\":\"ListItem\",\"position\":1,\"name\":\"Home\",\"item\":\"https:\/\/geelli.com\/fr\/\"},{\"@type\":\"ListItem\",\"position\":2,\"name\":\"Boutique\",\"item\":\"https:\/\/geelli.com\/fr\/boutique\/\"},{\"@type\":\"ListItem\",\"position\":3,\"name\":\"CUISINE ET TABLE\",\"item\":\"https:\/\/geelli.com\/fr\/produit\/cuisine\/\"},{\"@type\":\"ListItem\",\"position\":4,\"name\":\"SOTTOBICCHIERE\"}]},{\"@type\":\"WebSite\",\"@id\":\"https:\/\/geelli.com\/#website\",\"url\":\"https:\/\/geelli.com\/\",\"name\":\"Geelli\",\"description\":\"Just another WordPress site\",\"potentialAction\":[{\"@type\":\"SearchAction\",\"target\":{\"@type\":\"EntryPoint\",\"urlTemplate\":\"https:\/\/geelli.com\/?s={search_term_string}\"},\"query-input\":{\"@type\":\"PropertyValueSpecification\",\"valueRequired\":true,\"valueName\":\"search_term_string\"}}],\"inLanguage\":\"fr-FR\"}]}<\/script>\n<!-- \/ Yoast SEO plugin. -->","yoast_head_json":{"title":"SOTTOBICCHIERE - Geelli","description":"Dessous de verre souple. Il conf\u00e8re \u00e0 la table une touche de gaiet\u00e9 ou une note raffin\u00e9e selon le coloris choisi. Pack 4 pi\u00e8ces.","robots":{"index":"index","follow":"follow","max-snippet":"max-snippet:-1","max-image-preview":"max-image-preview:large","max-video-preview":"max-video-preview:-1"},"canonical":"https:\/\/geelli.com\/fr\/silicone-maison-objets\/cuisine\/sottobicchere-conf-4-pz\/","og_locale":"fr_FR","og_type":"article","og_title":"SOTTOBICCHIERE - Geelli","og_description":"Dessous de verre souple. Il conf\u00e8re \u00e0 la table une touche de gaiet\u00e9 ou une note raffin\u00e9e selon le coloris choisi. Pack 4 pi\u00e8ces.","og_url":"https:\/\/geelli.com\/fr\/silicone-maison-objets\/cuisine\/sottobicchere-conf-4-pz\/","og_site_name":"Geelli","article_modified_time":"2016-07-04T16:13:52+00:00","og_image":[{"width":682,"height":1024,"url":"https:\/\/geelli.com\/wp-content\/uploads\/2016\/03\/GPI-004-C20-682x1024.png","type":"image\/png"}],"twitter_card":"summary_large_image","schema":{"@context":"https:\/\/schema.org","@graph":[{"@type":"WebPage","@id":"https:\/\/geelli.com\/fr\/silicone-maison-objets\/cuisine\/sottobicchere-conf-4-pz\/","url":"https:\/\/geelli.com\/fr\/silicone-maison-objets\/cuisine\/sottobicchere-conf-4-pz\/","name":"SOTTOBICCHIERE - Geelli","isPartOf":{"@id":"https:\/\/geelli.com\/#website"},"primaryImageOfPage":{"@id":"https:\/\/geelli.com\/fr\/silicone-maison-objets\/cuisine\/sottobicchere-conf-4-pz\/#primaryimage"},"image":{"@id":"https:\/\/geelli.com\/fr\/silicone-maison-objets\/cuisine\/sottobicchere-conf-4-pz\/#primaryimage"},"thumbnailUrl":"https:\/\/geelli.com\/wp-content\/uploads\/2016\/03\/GPI-004-C20.png","datePublished":"2016-03-31T07:55:18+00:00","dateModified":"2016-07-04T16:13:52+00:00","description":"Dessous de verre souple. Il conf\u00e8re \u00e0 la table une touche de gaiet\u00e9 ou une note raffin\u00e9e selon le coloris choisi. Pack 4 pi\u00e8ces.","breadcrumb":{"@id":"https:\/\/geelli.com\/fr\/silicone-maison-objets\/cuisine\/sottobicchere-conf-4-pz\/#breadcrumb"},"inLanguage":"fr-FR","potentialAction":[{"@type":"ReadAction","target":["https:\/\/geelli.com\/fr\/silicone-maison-objets\/cuisine\/sottobicchere-conf-4-pz\/"]}]},{"@type":"ImageObject","inLanguage":"fr-FR","@id":"https:\/\/geelli.com\/fr\/silicone-maison-objets\/cuisine\/sottobicchere-conf-4-pz\/#primaryimage","url":"https:\/\/geelli.com\/wp-content\/uploads\/2016\/03\/GPI-004-C20.png","contentUrl":"https:\/\/geelli.com\/wp-content\/uploads\/2016\/03\/GPI-004-C20.png","width":1684,"height":2528},{"@type":"BreadcrumbList","@id":"https:\/\/geelli.com\/fr\/silicone-maison-objets\/cuisine\/sottobicchere-conf-4-pz\/#breadcrumb","itemListElement":[{"@type":"ListItem","position":1,"name":"Home","item":"https:\/\/geelli.com\/fr\/"},{"@type":"ListItem","position":2,"name":"Boutique","item":"https:\/\/geelli.com\/fr\/boutique\/"},{"@type":"ListItem","position":3,"name":"CUISINE ET TABLE","item":"https:\/\/geelli.com\/fr\/produit\/cuisine\/"},{"@type":"ListItem","position":4,"name":"SOTTOBICCHIERE"}]},{"@type":"WebSite","@id":"https:\/\/geelli.com\/#website","url":"https:\/\/geelli.com\/","name":"Geelli","description":"Just another WordPress site","potentialAction":[{"@type":"SearchAction","target":{"@type":"EntryPoint","urlTemplate":"https:\/\/geelli.com\/?s={search_term_string}"},"query-input":{"@type":"PropertyValueSpecification","valueRequired":true,"valueName":"search_term_string"}}],"inLanguage":"fr-FR"}]}},"_links":{"self":[{"href":"https:\/\/geelli.com\/fr\/wp-json\/wp\/v2\/product\/6699","targetHints":{"allow":["GET"]}}],"collection":[{"href":"https:\/\/geelli.com\/fr\/wp-json\/wp\/v2\/product"}],"about":[{"href":"https:\/\/geelli.com\/fr\/wp-json\/wp\/v2\/types\/product"}],"replies":[{"embeddable":true,"href":"https:\/\/geelli.com\/fr\/wp-json\/wp\/v2\/comments?post=6699"}],"wp:featuredmedia":[{"embeddable":true,"href":"https:\/\/geelli.com\/fr\/wp-json\/wp\/v2\/media\/46770"}],"wp:attachment":[{"href":"https:\/\/geelli.com\/fr\/wp-json\/wp\/v2\/media?parent=6699"}],"wp:term":[{"taxonomy":"product_brand","embeddable":true,"href":"https:\/\/geelli.com\/fr\/wp-json\/wp\/v2\/product_brand?post=6699"},{"taxonomy":"product_cat","embeddable":true,"href":"https:\/\/geelli.com\/fr\/wp-json\/wp\/v2\/product_cat?post=6699"},{"taxonomy":"product_tag","embeddable":true,"href":"https:\/\/geelli.com\/fr\/wp-json\/wp\/v2\/product_tag?post=6699"}],"curies":[{"name":"wp","href":"https:\/\/api.w.org\/{rel}","templated":true}]}}