{"id":7871,"date":"2016-03-31T09:00:49","date_gmt":"2016-03-31T08:00:49","guid":{"rendered":"http:\/\/geelli.andreamorandini.it\/fr\/collezioni\/senza%20categoria\/viood-container\/"},"modified":"2016-06-24T07:52:19","modified_gmt":"2016-06-24T07:52:19","slug":"viood-container","status":"publish","type":"product","link":"https:\/\/geelli.com\/fr\/silicone-maison-objets\/salle-de-bain\/viood-container\/","title":{"rendered":"VIOOD CONTAINER"},"content":{"rendered":"<p>VIOOD CONTAINER est un tabouret avec panier \u00e0 linge int\u00e9gr\u00e9 pour salle de bain. Il est r\u00e9alis\u00e9 en polyur\u00e9thane souple et il est disponible avec sac \u00e0 linge en tissu deux couleurs ou en tissu Evolon<\/p>\n","protected":false},"excerpt":{"rendered":"<p>VIOOD CONTAINER est un tabouret avec panier \u00e0 linge int\u00e9gr\u00e9 pour salle de bain. Il est r\u00e9alis\u00e9 en polyur\u00e9thane souple et il est disponible avec sac \u00e0 linge en tissu&#8230;<\/p>\n","protected":false},"featured_media":44943,"comment_status":"closed","ping_status":"closed","template":"","meta":{"_acf_changed":false},"product_brand":[],"product_cat":[325,328],"product_tag":[],"class_list":{"0":"post-7871","1":"product","2":"type-product","3":"status-publish","4":"has-post-thumbnail","6":"product_cat-salle-de-bain","7":"product_cat-contenir","8":"pa_famiglia-prodotto-viood-fr","9":"tm-no-options","11":"first","12":"instock","13":"taxable","14":"shipping-taxable","15":"purchasable","16":"product-type-variable"},"acf":[],"yoast_head":"<!-- This site is optimized with the Yoast SEO plugin v27.0 - https:\/\/yoast.com\/product\/yoast-seo-wordpress\/ -->\n<title>VIOOD CONTAINER - Geelli<\/title>\n<meta name=\"description\" content=\"VIOOD CONTAINER est un tabouret avec panier \u00e0 linge int\u00e9gr\u00e9 pour salle de bain. Il est r\u00e9alis\u00e9 en polyur\u00e9thane souple et il est disponible avec sac \u00e0\" \/>\n<meta name=\"robots\" content=\"index, follow, max-snippet:-1, max-image-preview:large, max-video-preview:-1\" \/>\n<link rel=\"canonical\" href=\"https:\/\/geelli.com\/silicone-maison-objets\/bagno\/viood-container\/\" \/>\n<meta property=\"og:locale\" content=\"fr_FR\" \/>\n<meta property=\"og:type\" content=\"article\" \/>\n<meta property=\"og:title\" content=\"VIOOD CONTAINER - Geelli\" \/>\n<meta property=\"og:description\" content=\"VIOOD CONTAINER est un tabouret avec panier \u00e0 linge int\u00e9gr\u00e9 pour salle de bain. Il est r\u00e9alis\u00e9 en polyur\u00e9thane souple et il est disponible avec sac \u00e0\" \/>\n<meta property=\"og:url\" content=\"https:\/\/geelli.com\/silicone-maison-objets\/bagno\/viood-container\/\" \/>\n<meta property=\"og:site_name\" content=\"Geelli\" \/>\n<meta property=\"article:modified_time\" content=\"2016-06-24T07:52:19+00:00\" \/>\n<meta property=\"og:image\" content=\"https:\/\/geelli.com\/wp-content\/uploads\/2016\/03\/GEELLI__0117-e1762351954556.jpg\" \/>\n\t<meta property=\"og:image:width\" content=\"1467\" \/>\n\t<meta property=\"og:image:height\" content=\"2200\" \/>\n\t<meta property=\"og:image:type\" content=\"image\/jpeg\" \/>\n<meta name=\"twitter:card\" content=\"summary_large_image\" \/>\n<script type=\"application\/ld+json\" class=\"yoast-schema-graph\">{\"@context\":\"https:\/\/schema.org\",\"@graph\":[{\"@type\":\"WebPage\",\"@id\":\"https:\/\/geelli.com\/silicone-maison-objets\/bagno\/viood-container\/\",\"url\":\"https:\/\/geelli.com\/silicone-maison-objets\/bagno\/viood-container\/\",\"name\":\"VIOOD CONTAINER - Geelli\",\"isPartOf\":{\"@id\":\"https:\/\/geelli.com\/#website\"},\"primaryImageOfPage\":{\"@id\":\"https:\/\/geelli.com\/silicone-maison-objets\/bagno\/viood-container\/#primaryimage\"},\"image\":{\"@id\":\"https:\/\/geelli.com\/silicone-maison-objets\/bagno\/viood-container\/#primaryimage\"},\"thumbnailUrl\":\"https:\/\/geelli.com\/wp-content\/uploads\/2016\/03\/GEELLI__0117-e1762351954556.jpg\",\"datePublished\":\"2016-03-31T08:00:49+00:00\",\"dateModified\":\"2016-06-24T07:52:19+00:00\",\"description\":\"VIOOD CONTAINER est un tabouret avec panier \u00e0 linge int\u00e9gr\u00e9 pour salle de bain. Il est r\u00e9alis\u00e9 en polyur\u00e9thane souple et il est disponible avec sac \u00e0\",\"breadcrumb\":{\"@id\":\"https:\/\/geelli.com\/silicone-maison-objets\/bagno\/viood-container\/#breadcrumb\"},\"inLanguage\":\"fr-FR\",\"potentialAction\":[{\"@type\":\"ReadAction\",\"target\":[\"https:\/\/geelli.com\/silicone-maison-objets\/bagno\/viood-container\/\"]}]},{\"@type\":\"ImageObject\",\"inLanguage\":\"fr-FR\",\"@id\":\"https:\/\/geelli.com\/silicone-maison-objets\/bagno\/viood-container\/#primaryimage\",\"url\":\"https:\/\/geelli.com\/wp-content\/uploads\/2016\/03\/GEELLI__0117-e1762351954556.jpg\",\"contentUrl\":\"https:\/\/geelli.com\/wp-content\/uploads\/2016\/03\/GEELLI__0117-e1762351954556.jpg\",\"width\":1467,\"height\":2200},{\"@type\":\"BreadcrumbList\",\"@id\":\"https:\/\/geelli.com\/silicone-maison-objets\/bagno\/viood-container\/#breadcrumb\",\"itemListElement\":[{\"@type\":\"ListItem\",\"position\":1,\"name\":\"Home\",\"item\":\"https:\/\/geelli.com\/fr\/\"},{\"@type\":\"ListItem\",\"position\":2,\"name\":\"Boutique\",\"item\":\"https:\/\/geelli.com\/fr\/boutique\/\"},{\"@type\":\"ListItem\",\"position\":3,\"name\":\"CONTENERE E ORGANIZZARE\",\"item\":\"https:\/\/geelli.com\/prodotti\/contenere-e-organizzare\/\"},{\"@type\":\"ListItem\",\"position\":4,\"name\":\"VIOOD CONTAINER\"}]},{\"@type\":\"WebSite\",\"@id\":\"https:\/\/geelli.com\/#website\",\"url\":\"https:\/\/geelli.com\/\",\"name\":\"Geelli\",\"description\":\"Just another WordPress site\",\"potentialAction\":[{\"@type\":\"SearchAction\",\"target\":{\"@type\":\"EntryPoint\",\"urlTemplate\":\"https:\/\/geelli.com\/?s={search_term_string}\"},\"query-input\":{\"@type\":\"PropertyValueSpecification\",\"valueRequired\":true,\"valueName\":\"search_term_string\"}}],\"inLanguage\":\"fr-FR\"}]}<\/script>\n<!-- \/ Yoast SEO plugin. -->","yoast_head_json":{"title":"VIOOD CONTAINER - Geelli","description":"VIOOD CONTAINER est un tabouret avec panier \u00e0 linge int\u00e9gr\u00e9 pour salle de bain. Il est r\u00e9alis\u00e9 en polyur\u00e9thane souple et il est disponible avec sac \u00e0","robots":{"index":"index","follow":"follow","max-snippet":"max-snippet:-1","max-image-preview":"max-image-preview:large","max-video-preview":"max-video-preview:-1"},"canonical":"https:\/\/geelli.com\/silicone-maison-objets\/bagno\/viood-container\/","og_locale":"fr_FR","og_type":"article","og_title":"VIOOD CONTAINER - Geelli","og_description":"VIOOD CONTAINER est un tabouret avec panier \u00e0 linge int\u00e9gr\u00e9 pour salle de bain. Il est r\u00e9alis\u00e9 en polyur\u00e9thane souple et il est disponible avec sac \u00e0","og_url":"https:\/\/geelli.com\/silicone-maison-objets\/bagno\/viood-container\/","og_site_name":"Geelli","article_modified_time":"2016-06-24T07:52:19+00:00","og_image":[{"width":1467,"height":2200,"url":"https:\/\/geelli.com\/wp-content\/uploads\/2016\/03\/GEELLI__0117-e1762351954556.jpg","type":"image\/jpeg"}],"twitter_card":"summary_large_image","schema":{"@context":"https:\/\/schema.org","@graph":[{"@type":"WebPage","@id":"https:\/\/geelli.com\/silicone-maison-objets\/bagno\/viood-container\/","url":"https:\/\/geelli.com\/silicone-maison-objets\/bagno\/viood-container\/","name":"VIOOD CONTAINER - Geelli","isPartOf":{"@id":"https:\/\/geelli.com\/#website"},"primaryImageOfPage":{"@id":"https:\/\/geelli.com\/silicone-maison-objets\/bagno\/viood-container\/#primaryimage"},"image":{"@id":"https:\/\/geelli.com\/silicone-maison-objets\/bagno\/viood-container\/#primaryimage"},"thumbnailUrl":"https:\/\/geelli.com\/wp-content\/uploads\/2016\/03\/GEELLI__0117-e1762351954556.jpg","datePublished":"2016-03-31T08:00:49+00:00","dateModified":"2016-06-24T07:52:19+00:00","description":"VIOOD CONTAINER est un tabouret avec panier \u00e0 linge int\u00e9gr\u00e9 pour salle de bain. Il est r\u00e9alis\u00e9 en polyur\u00e9thane souple et il est disponible avec sac \u00e0","breadcrumb":{"@id":"https:\/\/geelli.com\/silicone-maison-objets\/bagno\/viood-container\/#breadcrumb"},"inLanguage":"fr-FR","potentialAction":[{"@type":"ReadAction","target":["https:\/\/geelli.com\/silicone-maison-objets\/bagno\/viood-container\/"]}]},{"@type":"ImageObject","inLanguage":"fr-FR","@id":"https:\/\/geelli.com\/silicone-maison-objets\/bagno\/viood-container\/#primaryimage","url":"https:\/\/geelli.com\/wp-content\/uploads\/2016\/03\/GEELLI__0117-e1762351954556.jpg","contentUrl":"https:\/\/geelli.com\/wp-content\/uploads\/2016\/03\/GEELLI__0117-e1762351954556.jpg","width":1467,"height":2200},{"@type":"BreadcrumbList","@id":"https:\/\/geelli.com\/silicone-maison-objets\/bagno\/viood-container\/#breadcrumb","itemListElement":[{"@type":"ListItem","position":1,"name":"Home","item":"https:\/\/geelli.com\/fr\/"},{"@type":"ListItem","position":2,"name":"Boutique","item":"https:\/\/geelli.com\/fr\/boutique\/"},{"@type":"ListItem","position":3,"name":"CONTENERE E ORGANIZZARE","item":"https:\/\/geelli.com\/prodotti\/contenere-e-organizzare\/"},{"@type":"ListItem","position":4,"name":"VIOOD CONTAINER"}]},{"@type":"WebSite","@id":"https:\/\/geelli.com\/#website","url":"https:\/\/geelli.com\/","name":"Geelli","description":"Just another WordPress site","potentialAction":[{"@type":"SearchAction","target":{"@type":"EntryPoint","urlTemplate":"https:\/\/geelli.com\/?s={search_term_string}"},"query-input":{"@type":"PropertyValueSpecification","valueRequired":true,"valueName":"search_term_string"}}],"inLanguage":"fr-FR"}]}},"_links":{"self":[{"href":"https:\/\/geelli.com\/fr\/wp-json\/wp\/v2\/product\/7871","targetHints":{"allow":["GET"]}}],"collection":[{"href":"https:\/\/geelli.com\/fr\/wp-json\/wp\/v2\/product"}],"about":[{"href":"https:\/\/geelli.com\/fr\/wp-json\/wp\/v2\/types\/product"}],"replies":[{"embeddable":true,"href":"https:\/\/geelli.com\/fr\/wp-json\/wp\/v2\/comments?post=7871"}],"wp:featuredmedia":[{"embeddable":true,"href":"https:\/\/geelli.com\/fr\/wp-json\/wp\/v2\/media\/44943"}],"wp:attachment":[{"href":"https:\/\/geelli.com\/fr\/wp-json\/wp\/v2\/media?parent=7871"}],"wp:term":[{"taxonomy":"product_brand","embeddable":true,"href":"https:\/\/geelli.com\/fr\/wp-json\/wp\/v2\/product_brand?post=7871"},{"taxonomy":"product_cat","embeddable":true,"href":"https:\/\/geelli.com\/fr\/wp-json\/wp\/v2\/product_cat?post=7871"},{"taxonomy":"product_tag","embeddable":true,"href":"https:\/\/geelli.com\/fr\/wp-json\/wp\/v2\/product_tag?post=7871"}],"curies":[{"name":"wp","href":"https:\/\/api.w.org\/{rel}","templated":true}]}}