{"id":8085,"date":"2016-03-31T08:58:42","date_gmt":"2016-03-31T08:58:42","guid":{"rendered":"http:\/\/geelli.andreamorandini.it\/fr\/collezioni\/senza%20categoria\/viood-sgabello-alto\/"},"modified":"2022-05-27T14:08:13","modified_gmt":"2022-05-27T14:08:13","slug":"viood-bold-alto","status":"publish","type":"product","link":"https:\/\/geelli.com\/fr\/silicone-maison-objets\/sieges\/viood-bold-alto\/","title":{"rendered":"VIOOD BOLD ALTO"},"content":{"rendered":"<p>Le tabouret Viood est r\u00e9alis\u00e9 avec une assise et des pieds en polyur\u00e9thane souple (parfait pour \u00eatre utilis\u00e9 sous la douche) ou en bois naturel. La version haute est<br \/>\npropos\u00e9e avec des pieds en bois en deux diff\u00e9rentes hauteurs.<\/p>\n","protected":false},"excerpt":{"rendered":"<p>Le tabouret Viood est r\u00e9alis\u00e9 avec une assise et des pieds en polyur\u00e9thane souple (parfait pour \u00eatre utilis\u00e9 sous la douche) ou en bois naturel. La version haute est propos\u00e9e&#8230;<\/p>\n","protected":false},"featured_media":27298,"comment_status":"closed","ping_status":"closed","template":"","meta":{"_acf_changed":false},"product_brand":[],"product_cat":[339],"product_tag":[],"class_list":{"0":"post-8085","1":"product","2":"type-product","3":"status-publish","4":"has-post-thumbnail","6":"product_cat-sieges","7":"pa_famiglia-prodotto-viood-fr","8":"tm-no-options","10":"first","11":"instock","12":"taxable","13":"shipping-taxable","14":"purchasable","15":"product-type-variable"},"acf":[],"yoast_head":"<!-- This site is optimized with the Yoast SEO plugin v27.0 - https:\/\/yoast.com\/product\/yoast-seo-wordpress\/ -->\n<title>VIOOD BOLD ALTO - Geelli<\/title>\n<meta name=\"description\" content=\"Le tabouret Viood est r\u00e9alis\u00e9 avec une assise et des pieds en polyur\u00e9thane souple (parfait pour \u00eatre utilis\u00e9 sous la douche) ou en bois naturel.\" \/>\n<meta name=\"robots\" content=\"index, follow, max-snippet:-1, max-image-preview:large, max-video-preview:-1\" \/>\n<link rel=\"canonical\" href=\"https:\/\/geelli.com\/fr\/silicone-maison-objets\/sieges\/viood-bold-alto\/\" \/>\n<meta property=\"og:locale\" content=\"fr_FR\" \/>\n<meta property=\"og:type\" content=\"article\" \/>\n<meta property=\"og:title\" content=\"VIOOD BOLD ALTO - Geelli\" \/>\n<meta property=\"og:description\" content=\"Le tabouret Viood est r\u00e9alis\u00e9 avec une assise et des pieds en polyur\u00e9thane souple (parfait pour \u00eatre utilis\u00e9 sous la douche) ou en bois naturel.\" \/>\n<meta property=\"og:url\" content=\"https:\/\/geelli.com\/fr\/silicone-maison-objets\/sieges\/viood-bold-alto\/\" \/>\n<meta property=\"og:site_name\" content=\"Geelli\" \/>\n<meta property=\"article:modified_time\" content=\"2022-05-27T14:08:13+00:00\" \/>\n<meta property=\"og:image\" content=\"https:\/\/geelli.com\/wp-content\/uploads\/2016\/03\/viood-alto-e1640682369612.jpg\" \/>\n\t<meta property=\"og:image:width\" content=\"542\" \/>\n\t<meta property=\"og:image:height\" content=\"357\" \/>\n\t<meta property=\"og:image:type\" content=\"image\/jpeg\" \/>\n<meta name=\"twitter:card\" content=\"summary_large_image\" \/>\n<script type=\"application\/ld+json\" class=\"yoast-schema-graph\">{\"@context\":\"https:\/\/schema.org\",\"@graph\":[{\"@type\":\"WebPage\",\"@id\":\"https:\/\/geelli.com\/fr\/silicone-maison-objets\/sieges\/viood-bold-alto\/\",\"url\":\"https:\/\/geelli.com\/fr\/silicone-maison-objets\/sieges\/viood-bold-alto\/\",\"name\":\"VIOOD BOLD ALTO - Geelli\",\"isPartOf\":{\"@id\":\"https:\/\/geelli.com\/#website\"},\"primaryImageOfPage\":{\"@id\":\"https:\/\/geelli.com\/fr\/silicone-maison-objets\/sieges\/viood-bold-alto\/#primaryimage\"},\"image\":{\"@id\":\"https:\/\/geelli.com\/fr\/silicone-maison-objets\/sieges\/viood-bold-alto\/#primaryimage\"},\"thumbnailUrl\":\"https:\/\/geelli.com\/wp-content\/uploads\/2016\/03\/viood-alto-e1640682369612.jpg\",\"datePublished\":\"2016-03-31T08:58:42+00:00\",\"dateModified\":\"2022-05-27T14:08:13+00:00\",\"description\":\"Le tabouret Viood est r\u00e9alis\u00e9 avec une assise et des pieds en polyur\u00e9thane souple (parfait pour \u00eatre utilis\u00e9 sous la douche) ou en bois naturel.\",\"breadcrumb\":{\"@id\":\"https:\/\/geelli.com\/fr\/silicone-maison-objets\/sieges\/viood-bold-alto\/#breadcrumb\"},\"inLanguage\":\"fr-FR\",\"potentialAction\":[{\"@type\":\"ReadAction\",\"target\":[\"https:\/\/geelli.com\/fr\/silicone-maison-objets\/sieges\/viood-bold-alto\/\"]}]},{\"@type\":\"ImageObject\",\"inLanguage\":\"fr-FR\",\"@id\":\"https:\/\/geelli.com\/fr\/silicone-maison-objets\/sieges\/viood-bold-alto\/#primaryimage\",\"url\":\"https:\/\/geelli.com\/wp-content\/uploads\/2016\/03\/viood-alto-e1640682369612.jpg\",\"contentUrl\":\"https:\/\/geelli.com\/wp-content\/uploads\/2016\/03\/viood-alto-e1640682369612.jpg\",\"width\":542,\"height\":357},{\"@type\":\"BreadcrumbList\",\"@id\":\"https:\/\/geelli.com\/fr\/silicone-maison-objets\/sieges\/viood-bold-alto\/#breadcrumb\",\"itemListElement\":[{\"@type\":\"ListItem\",\"position\":1,\"name\":\"Home\",\"item\":\"https:\/\/geelli.com\/fr\/\"},{\"@type\":\"ListItem\",\"position\":2,\"name\":\"Boutique\",\"item\":\"https:\/\/geelli.com\/fr\/boutique\/\"},{\"@type\":\"ListItem\",\"position\":3,\"name\":\"SI\u00c8GES\",\"item\":\"https:\/\/geelli.com\/fr\/produit\/sieges\/\"},{\"@type\":\"ListItem\",\"position\":4,\"name\":\"VIOOD BOLD ALTO\"}]},{\"@type\":\"WebSite\",\"@id\":\"https:\/\/geelli.com\/#website\",\"url\":\"https:\/\/geelli.com\/\",\"name\":\"Geelli\",\"description\":\"Just another WordPress site\",\"potentialAction\":[{\"@type\":\"SearchAction\",\"target\":{\"@type\":\"EntryPoint\",\"urlTemplate\":\"https:\/\/geelli.com\/?s={search_term_string}\"},\"query-input\":{\"@type\":\"PropertyValueSpecification\",\"valueRequired\":true,\"valueName\":\"search_term_string\"}}],\"inLanguage\":\"fr-FR\"}]}<\/script>\n<!-- \/ Yoast SEO plugin. -->","yoast_head_json":{"title":"VIOOD BOLD ALTO - Geelli","description":"Le tabouret Viood est r\u00e9alis\u00e9 avec une assise et des pieds en polyur\u00e9thane souple (parfait pour \u00eatre utilis\u00e9 sous la douche) ou en bois naturel.","robots":{"index":"index","follow":"follow","max-snippet":"max-snippet:-1","max-image-preview":"max-image-preview:large","max-video-preview":"max-video-preview:-1"},"canonical":"https:\/\/geelli.com\/fr\/silicone-maison-objets\/sieges\/viood-bold-alto\/","og_locale":"fr_FR","og_type":"article","og_title":"VIOOD BOLD ALTO - Geelli","og_description":"Le tabouret Viood est r\u00e9alis\u00e9 avec une assise et des pieds en polyur\u00e9thane souple (parfait pour \u00eatre utilis\u00e9 sous la douche) ou en bois naturel.","og_url":"https:\/\/geelli.com\/fr\/silicone-maison-objets\/sieges\/viood-bold-alto\/","og_site_name":"Geelli","article_modified_time":"2022-05-27T14:08:13+00:00","og_image":[{"width":542,"height":357,"url":"https:\/\/geelli.com\/wp-content\/uploads\/2016\/03\/viood-alto-e1640682369612.jpg","type":"image\/jpeg"}],"twitter_card":"summary_large_image","schema":{"@context":"https:\/\/schema.org","@graph":[{"@type":"WebPage","@id":"https:\/\/geelli.com\/fr\/silicone-maison-objets\/sieges\/viood-bold-alto\/","url":"https:\/\/geelli.com\/fr\/silicone-maison-objets\/sieges\/viood-bold-alto\/","name":"VIOOD BOLD ALTO - Geelli","isPartOf":{"@id":"https:\/\/geelli.com\/#website"},"primaryImageOfPage":{"@id":"https:\/\/geelli.com\/fr\/silicone-maison-objets\/sieges\/viood-bold-alto\/#primaryimage"},"image":{"@id":"https:\/\/geelli.com\/fr\/silicone-maison-objets\/sieges\/viood-bold-alto\/#primaryimage"},"thumbnailUrl":"https:\/\/geelli.com\/wp-content\/uploads\/2016\/03\/viood-alto-e1640682369612.jpg","datePublished":"2016-03-31T08:58:42+00:00","dateModified":"2022-05-27T14:08:13+00:00","description":"Le tabouret Viood est r\u00e9alis\u00e9 avec une assise et des pieds en polyur\u00e9thane souple (parfait pour \u00eatre utilis\u00e9 sous la douche) ou en bois naturel.","breadcrumb":{"@id":"https:\/\/geelli.com\/fr\/silicone-maison-objets\/sieges\/viood-bold-alto\/#breadcrumb"},"inLanguage":"fr-FR","potentialAction":[{"@type":"ReadAction","target":["https:\/\/geelli.com\/fr\/silicone-maison-objets\/sieges\/viood-bold-alto\/"]}]},{"@type":"ImageObject","inLanguage":"fr-FR","@id":"https:\/\/geelli.com\/fr\/silicone-maison-objets\/sieges\/viood-bold-alto\/#primaryimage","url":"https:\/\/geelli.com\/wp-content\/uploads\/2016\/03\/viood-alto-e1640682369612.jpg","contentUrl":"https:\/\/geelli.com\/wp-content\/uploads\/2016\/03\/viood-alto-e1640682369612.jpg","width":542,"height":357},{"@type":"BreadcrumbList","@id":"https:\/\/geelli.com\/fr\/silicone-maison-objets\/sieges\/viood-bold-alto\/#breadcrumb","itemListElement":[{"@type":"ListItem","position":1,"name":"Home","item":"https:\/\/geelli.com\/fr\/"},{"@type":"ListItem","position":2,"name":"Boutique","item":"https:\/\/geelli.com\/fr\/boutique\/"},{"@type":"ListItem","position":3,"name":"SI\u00c8GES","item":"https:\/\/geelli.com\/fr\/produit\/sieges\/"},{"@type":"ListItem","position":4,"name":"VIOOD BOLD ALTO"}]},{"@type":"WebSite","@id":"https:\/\/geelli.com\/#website","url":"https:\/\/geelli.com\/","name":"Geelli","description":"Just another WordPress site","potentialAction":[{"@type":"SearchAction","target":{"@type":"EntryPoint","urlTemplate":"https:\/\/geelli.com\/?s={search_term_string}"},"query-input":{"@type":"PropertyValueSpecification","valueRequired":true,"valueName":"search_term_string"}}],"inLanguage":"fr-FR"}]}},"_links":{"self":[{"href":"https:\/\/geelli.com\/fr\/wp-json\/wp\/v2\/product\/8085","targetHints":{"allow":["GET"]}}],"collection":[{"href":"https:\/\/geelli.com\/fr\/wp-json\/wp\/v2\/product"}],"about":[{"href":"https:\/\/geelli.com\/fr\/wp-json\/wp\/v2\/types\/product"}],"replies":[{"embeddable":true,"href":"https:\/\/geelli.com\/fr\/wp-json\/wp\/v2\/comments?post=8085"}],"wp:featuredmedia":[{"embeddable":true,"href":"https:\/\/geelli.com\/fr\/wp-json\/wp\/v2\/media\/27298"}],"wp:attachment":[{"href":"https:\/\/geelli.com\/fr\/wp-json\/wp\/v2\/media?parent=8085"}],"wp:term":[{"taxonomy":"product_brand","embeddable":true,"href":"https:\/\/geelli.com\/fr\/wp-json\/wp\/v2\/product_brand?post=8085"},{"taxonomy":"product_cat","embeddable":true,"href":"https:\/\/geelli.com\/fr\/wp-json\/wp\/v2\/product_cat?post=8085"},{"taxonomy":"product_tag","embeddable":true,"href":"https:\/\/geelli.com\/fr\/wp-json\/wp\/v2\/product_tag?post=8085"}],"curies":[{"name":"wp","href":"https:\/\/api.w.org\/{rel}","templated":true}]}}