{"id":8139,"date":"2016-03-31T08:58:18","date_gmt":"2016-03-31T07:58:18","guid":{"rendered":"http:\/\/geelli.andreamorandini.it\/fr\/collezioni\/senza%20categoria\/regina-di-bolle\/"},"modified":"2016-06-24T07:54:02","modified_gmt":"2016-06-24T07:54:02","slug":"regina-di-bolle","status":"publish","type":"product","link":"https:\/\/geelli.com\/fr\/silicone-maison-objets\/salle-de-bain\/regina-di-bolle\/","title":{"rendered":"REGINA DI BOLLE"},"content":{"rendered":"<p>REGINA DI BOLLE est un distributeur de savon de 250 ml caract\u00e9ris\u00e9 par une forme \u00e9lanc\u00e9e et par une une \u00e9l\u00e9gante texture de plusieurs petits diamants sur le gel qui valorise l&rsquo;effet souple du mat\u00e9riau. A l&rsquo;int\u00e9rieur l&rsquo;enveloppe est en plastique et la pompe en laiton chrom\u00e9.<\/p>\n","protected":false},"excerpt":{"rendered":"<p>REGINA DI BOLLE est un distributeur de savon de 250 ml caract\u00e9ris\u00e9 par une forme \u00e9lanc\u00e9e et par une une \u00e9l\u00e9gante texture de plusieurs petits diamants sur le gel qui&#8230;<\/p>\n","protected":false},"featured_media":23272,"comment_status":"closed","ping_status":"closed","template":"","meta":{"_acf_changed":false},"product_brand":[],"product_cat":[325],"product_tag":[],"class_list":{"0":"post-8139","1":"product","2":"type-product","3":"status-publish","4":"has-post-thumbnail","6":"product_cat-salle-de-bain","7":"pa_famiglia-prodotto-bolle-fr","8":"tm-no-options","10":"first","11":"instock","12":"taxable","13":"shipping-taxable","14":"purchasable","15":"product-type-variable"},"acf":[],"yoast_head":"<!-- This site is optimized with the Yoast SEO plugin v27.0 - https:\/\/yoast.com\/product\/yoast-seo-wordpress\/ -->\n<title>REGINA DI BOLLE - Geelli<\/title>\n<meta name=\"description\" content=\"REGINA DI BOLLE est un distributeur de savon de 250 ml caract\u00e9ris\u00e9 par une forme \u00e9lanc\u00e9e et par une une \u00e9l\u00e9gante texture de plusieurs petits diamants sur\" \/>\n<meta name=\"robots\" content=\"index, follow, max-snippet:-1, max-image-preview:large, max-video-preview:-1\" \/>\n<link rel=\"canonical\" href=\"https:\/\/geelli.com\/silicone-maison-objets\/bagno\/regina-di-bolle\/\" \/>\n<meta property=\"og:locale\" content=\"fr_FR\" \/>\n<meta property=\"og:type\" content=\"article\" \/>\n<meta property=\"og:title\" content=\"REGINA DI BOLLE - Geelli\" \/>\n<meta property=\"og:description\" content=\"REGINA DI BOLLE est un distributeur de savon de 250 ml caract\u00e9ris\u00e9 par une forme \u00e9lanc\u00e9e et par une une \u00e9l\u00e9gante texture de plusieurs petits diamants sur\" \/>\n<meta property=\"og:url\" content=\"https:\/\/geelli.com\/silicone-maison-objets\/bagno\/regina-di-bolle\/\" \/>\n<meta property=\"og:site_name\" content=\"Geelli\" \/>\n<meta property=\"article:modified_time\" content=\"2016-06-24T07:54:02+00:00\" \/>\n<meta property=\"og:image\" content=\"https:\/\/geelli.com\/wp-content\/uploads\/2016\/03\/REGINA-DI-BOLLE-2-e1613738457701-scaled.jpg\" \/>\n\t<meta property=\"og:image:width\" content=\"2560\" \/>\n\t<meta property=\"og:image:height\" content=\"1707\" \/>\n\t<meta property=\"og:image:type\" content=\"image\/jpeg\" \/>\n<meta name=\"twitter:card\" content=\"summary_large_image\" \/>\n<script type=\"application\/ld+json\" class=\"yoast-schema-graph\">{\"@context\":\"https:\/\/schema.org\",\"@graph\":[{\"@type\":\"WebPage\",\"@id\":\"https:\/\/geelli.com\/silicone-maison-objets\/bagno\/regina-di-bolle\/\",\"url\":\"https:\/\/geelli.com\/silicone-maison-objets\/bagno\/regina-di-bolle\/\",\"name\":\"REGINA DI BOLLE - Geelli\",\"isPartOf\":{\"@id\":\"https:\/\/geelli.com\/#website\"},\"primaryImageOfPage\":{\"@id\":\"https:\/\/geelli.com\/silicone-maison-objets\/bagno\/regina-di-bolle\/#primaryimage\"},\"image\":{\"@id\":\"https:\/\/geelli.com\/silicone-maison-objets\/bagno\/regina-di-bolle\/#primaryimage\"},\"thumbnailUrl\":\"https:\/\/geelli.com\/wp-content\/uploads\/2016\/03\/REGINA-DI-BOLLE-2-e1613738457701-scaled.jpg\",\"datePublished\":\"2016-03-31T07:58:18+00:00\",\"dateModified\":\"2016-06-24T07:54:02+00:00\",\"description\":\"REGINA DI BOLLE est un distributeur de savon de 250 ml caract\u00e9ris\u00e9 par une forme \u00e9lanc\u00e9e et par une une \u00e9l\u00e9gante texture de plusieurs petits diamants sur\",\"breadcrumb\":{\"@id\":\"https:\/\/geelli.com\/silicone-maison-objets\/bagno\/regina-di-bolle\/#breadcrumb\"},\"inLanguage\":\"fr-FR\",\"potentialAction\":[{\"@type\":\"ReadAction\",\"target\":[\"https:\/\/geelli.com\/silicone-maison-objets\/bagno\/regina-di-bolle\/\"]}]},{\"@type\":\"ImageObject\",\"inLanguage\":\"fr-FR\",\"@id\":\"https:\/\/geelli.com\/silicone-maison-objets\/bagno\/regina-di-bolle\/#primaryimage\",\"url\":\"https:\/\/geelli.com\/wp-content\/uploads\/2016\/03\/REGINA-DI-BOLLE-2-e1613738457701-scaled.jpg\",\"contentUrl\":\"https:\/\/geelli.com\/wp-content\/uploads\/2016\/03\/REGINA-DI-BOLLE-2-e1613738457701-scaled.jpg\",\"width\":2560,\"height\":1707},{\"@type\":\"BreadcrumbList\",\"@id\":\"https:\/\/geelli.com\/silicone-maison-objets\/bagno\/regina-di-bolle\/#breadcrumb\",\"itemListElement\":[{\"@type\":\"ListItem\",\"position\":1,\"name\":\"Home\",\"item\":\"https:\/\/geelli.com\/fr\/\"},{\"@type\":\"ListItem\",\"position\":2,\"name\":\"Boutique\",\"item\":\"https:\/\/geelli.com\/fr\/boutique\/\"},{\"@type\":\"ListItem\",\"position\":3,\"name\":\"BAGNO\",\"item\":\"https:\/\/geelli.com\/prodotti\/bagno\/\"},{\"@type\":\"ListItem\",\"position\":4,\"name\":\"REGINA DI BOLLE\"}]},{\"@type\":\"WebSite\",\"@id\":\"https:\/\/geelli.com\/#website\",\"url\":\"https:\/\/geelli.com\/\",\"name\":\"Geelli\",\"description\":\"Just another WordPress site\",\"potentialAction\":[{\"@type\":\"SearchAction\",\"target\":{\"@type\":\"EntryPoint\",\"urlTemplate\":\"https:\/\/geelli.com\/?s={search_term_string}\"},\"query-input\":{\"@type\":\"PropertyValueSpecification\",\"valueRequired\":true,\"valueName\":\"search_term_string\"}}],\"inLanguage\":\"fr-FR\"}]}<\/script>\n<!-- \/ Yoast SEO plugin. -->","yoast_head_json":{"title":"REGINA DI BOLLE - Geelli","description":"REGINA DI BOLLE est un distributeur de savon de 250 ml caract\u00e9ris\u00e9 par une forme \u00e9lanc\u00e9e et par une une \u00e9l\u00e9gante texture de plusieurs petits diamants sur","robots":{"index":"index","follow":"follow","max-snippet":"max-snippet:-1","max-image-preview":"max-image-preview:large","max-video-preview":"max-video-preview:-1"},"canonical":"https:\/\/geelli.com\/silicone-maison-objets\/bagno\/regina-di-bolle\/","og_locale":"fr_FR","og_type":"article","og_title":"REGINA DI BOLLE - Geelli","og_description":"REGINA DI BOLLE est un distributeur de savon de 250 ml caract\u00e9ris\u00e9 par une forme \u00e9lanc\u00e9e et par une une \u00e9l\u00e9gante texture de plusieurs petits diamants sur","og_url":"https:\/\/geelli.com\/silicone-maison-objets\/bagno\/regina-di-bolle\/","og_site_name":"Geelli","article_modified_time":"2016-06-24T07:54:02+00:00","og_image":[{"width":2560,"height":1707,"url":"https:\/\/geelli.com\/wp-content\/uploads\/2016\/03\/REGINA-DI-BOLLE-2-e1613738457701-scaled.jpg","type":"image\/jpeg"}],"twitter_card":"summary_large_image","schema":{"@context":"https:\/\/schema.org","@graph":[{"@type":"WebPage","@id":"https:\/\/geelli.com\/silicone-maison-objets\/bagno\/regina-di-bolle\/","url":"https:\/\/geelli.com\/silicone-maison-objets\/bagno\/regina-di-bolle\/","name":"REGINA DI BOLLE - Geelli","isPartOf":{"@id":"https:\/\/geelli.com\/#website"},"primaryImageOfPage":{"@id":"https:\/\/geelli.com\/silicone-maison-objets\/bagno\/regina-di-bolle\/#primaryimage"},"image":{"@id":"https:\/\/geelli.com\/silicone-maison-objets\/bagno\/regina-di-bolle\/#primaryimage"},"thumbnailUrl":"https:\/\/geelli.com\/wp-content\/uploads\/2016\/03\/REGINA-DI-BOLLE-2-e1613738457701-scaled.jpg","datePublished":"2016-03-31T07:58:18+00:00","dateModified":"2016-06-24T07:54:02+00:00","description":"REGINA DI BOLLE est un distributeur de savon de 250 ml caract\u00e9ris\u00e9 par une forme \u00e9lanc\u00e9e et par une une \u00e9l\u00e9gante texture de plusieurs petits diamants sur","breadcrumb":{"@id":"https:\/\/geelli.com\/silicone-maison-objets\/bagno\/regina-di-bolle\/#breadcrumb"},"inLanguage":"fr-FR","potentialAction":[{"@type":"ReadAction","target":["https:\/\/geelli.com\/silicone-maison-objets\/bagno\/regina-di-bolle\/"]}]},{"@type":"ImageObject","inLanguage":"fr-FR","@id":"https:\/\/geelli.com\/silicone-maison-objets\/bagno\/regina-di-bolle\/#primaryimage","url":"https:\/\/geelli.com\/wp-content\/uploads\/2016\/03\/REGINA-DI-BOLLE-2-e1613738457701-scaled.jpg","contentUrl":"https:\/\/geelli.com\/wp-content\/uploads\/2016\/03\/REGINA-DI-BOLLE-2-e1613738457701-scaled.jpg","width":2560,"height":1707},{"@type":"BreadcrumbList","@id":"https:\/\/geelli.com\/silicone-maison-objets\/bagno\/regina-di-bolle\/#breadcrumb","itemListElement":[{"@type":"ListItem","position":1,"name":"Home","item":"https:\/\/geelli.com\/fr\/"},{"@type":"ListItem","position":2,"name":"Boutique","item":"https:\/\/geelli.com\/fr\/boutique\/"},{"@type":"ListItem","position":3,"name":"BAGNO","item":"https:\/\/geelli.com\/prodotti\/bagno\/"},{"@type":"ListItem","position":4,"name":"REGINA DI BOLLE"}]},{"@type":"WebSite","@id":"https:\/\/geelli.com\/#website","url":"https:\/\/geelli.com\/","name":"Geelli","description":"Just another WordPress site","potentialAction":[{"@type":"SearchAction","target":{"@type":"EntryPoint","urlTemplate":"https:\/\/geelli.com\/?s={search_term_string}"},"query-input":{"@type":"PropertyValueSpecification","valueRequired":true,"valueName":"search_term_string"}}],"inLanguage":"fr-FR"}]}},"_links":{"self":[{"href":"https:\/\/geelli.com\/fr\/wp-json\/wp\/v2\/product\/8139","targetHints":{"allow":["GET"]}}],"collection":[{"href":"https:\/\/geelli.com\/fr\/wp-json\/wp\/v2\/product"}],"about":[{"href":"https:\/\/geelli.com\/fr\/wp-json\/wp\/v2\/types\/product"}],"replies":[{"embeddable":true,"href":"https:\/\/geelli.com\/fr\/wp-json\/wp\/v2\/comments?post=8139"}],"wp:featuredmedia":[{"embeddable":true,"href":"https:\/\/geelli.com\/fr\/wp-json\/wp\/v2\/media\/23272"}],"wp:attachment":[{"href":"https:\/\/geelli.com\/fr\/wp-json\/wp\/v2\/media?parent=8139"}],"wp:term":[{"taxonomy":"product_brand","embeddable":true,"href":"https:\/\/geelli.com\/fr\/wp-json\/wp\/v2\/product_brand?post=8139"},{"taxonomy":"product_cat","embeddable":true,"href":"https:\/\/geelli.com\/fr\/wp-json\/wp\/v2\/product_cat?post=8139"},{"taxonomy":"product_tag","embeddable":true,"href":"https:\/\/geelli.com\/fr\/wp-json\/wp\/v2\/product_tag?post=8139"}],"curies":[{"name":"wp","href":"https:\/\/api.w.org\/{rel}","templated":true}]}}