{"id":8211,"date":"2016-03-31T08:58:11","date_gmt":"2016-03-31T07:58:11","guid":{"rendered":"http:\/\/geelli.andreamorandini.it\/fr\/collezioni\/senza%20categoria\/re-di-bolle\/"},"modified":"2016-06-24T07:54:06","modified_gmt":"2016-06-24T07:54:06","slug":"re-di-bolle","status":"publish","type":"product","link":"https:\/\/geelli.com\/fr\/silicone-maison-objets\/salle-de-bain\/re-di-bolle\/","title":{"rendered":"RE DI BOLLE"},"content":{"rendered":"<p>RE DI BOLLE est un distributeur de savon de 500 ml caract\u00e9ris\u00e9 par une forme \u00e9lanc\u00e9e et par une une \u00e9l\u00e9gante texture de plusieurs petits diamants sur le gel qui valorise l&rsquo;effet souple du mat\u00e9riau. A l&rsquo;int\u00e9rieur l&rsquo;enveloppe est en plastique et la pompe en laiton chrom\u00e9.<\/p>\n","protected":false},"excerpt":{"rendered":"<p>RE DI BOLLE est un distributeur de savon de 500 ml caract\u00e9ris\u00e9 par une forme \u00e9lanc\u00e9e et par une une \u00e9l\u00e9gante texture de plusieurs petits diamants sur le gel qui&#8230;<\/p>\n","protected":false},"featured_media":23276,"comment_status":"closed","ping_status":"closed","template":"","meta":{"_acf_changed":false},"product_brand":[],"product_cat":[325],"product_tag":[],"class_list":{"0":"post-8211","1":"product","2":"type-product","3":"status-publish","4":"has-post-thumbnail","6":"product_cat-salle-de-bain","7":"pa_famiglia-prodotto-bolle-fr","8":"tm-no-options","10":"first","11":"instock","12":"taxable","13":"shipping-taxable","14":"purchasable","15":"product-type-variable"},"acf":[],"yoast_head":"<!-- This site is optimized with the Yoast SEO plugin v27.0 - https:\/\/yoast.com\/product\/yoast-seo-wordpress\/ -->\n<title>RE DI BOLLE - Geelli<\/title>\n<meta name=\"description\" content=\"RE DI BOLLE est un distributeur de savon de 500 ml caract\u00e9ris\u00e9 par une forme \u00e9lanc\u00e9e et par une une \u00e9l\u00e9gante texture de plusieurs petits diamants sur le\" \/>\n<meta name=\"robots\" content=\"index, follow, max-snippet:-1, max-image-preview:large, max-video-preview:-1\" \/>\n<link rel=\"canonical\" href=\"https:\/\/geelli.com\/silicone-maison-objets\/bagno\/re-di-bolle\/\" \/>\n<meta property=\"og:locale\" content=\"fr_FR\" \/>\n<meta property=\"og:type\" content=\"article\" \/>\n<meta property=\"og:title\" content=\"RE DI BOLLE - Geelli\" \/>\n<meta property=\"og:description\" content=\"RE DI BOLLE est un distributeur de savon de 500 ml caract\u00e9ris\u00e9 par une forme \u00e9lanc\u00e9e et par une une \u00e9l\u00e9gante texture de plusieurs petits diamants sur le\" \/>\n<meta property=\"og:url\" content=\"https:\/\/geelli.com\/silicone-maison-objets\/bagno\/re-di-bolle\/\" \/>\n<meta property=\"og:site_name\" content=\"Geelli\" \/>\n<meta property=\"article:modified_time\" content=\"2016-06-24T07:54:06+00:00\" \/>\n<meta property=\"og:image\" content=\"https:\/\/geelli.com\/wp-content\/uploads\/2016\/03\/RE-DI-BOLLE-2-e1613738245474-scaled.jpg\" \/>\n\t<meta property=\"og:image:width\" content=\"2560\" \/>\n\t<meta property=\"og:image:height\" content=\"1665\" \/>\n\t<meta property=\"og:image:type\" content=\"image\/jpeg\" \/>\n<meta name=\"twitter:card\" content=\"summary_large_image\" \/>\n<script type=\"application\/ld+json\" class=\"yoast-schema-graph\">{\"@context\":\"https:\/\/schema.org\",\"@graph\":[{\"@type\":\"WebPage\",\"@id\":\"https:\/\/geelli.com\/silicone-maison-objets\/bagno\/re-di-bolle\/\",\"url\":\"https:\/\/geelli.com\/silicone-maison-objets\/bagno\/re-di-bolle\/\",\"name\":\"RE DI BOLLE - Geelli\",\"isPartOf\":{\"@id\":\"https:\/\/geelli.com\/#website\"},\"primaryImageOfPage\":{\"@id\":\"https:\/\/geelli.com\/silicone-maison-objets\/bagno\/re-di-bolle\/#primaryimage\"},\"image\":{\"@id\":\"https:\/\/geelli.com\/silicone-maison-objets\/bagno\/re-di-bolle\/#primaryimage\"},\"thumbnailUrl\":\"https:\/\/geelli.com\/wp-content\/uploads\/2016\/03\/RE-DI-BOLLE-2-e1613738245474-scaled.jpg\",\"datePublished\":\"2016-03-31T07:58:11+00:00\",\"dateModified\":\"2016-06-24T07:54:06+00:00\",\"description\":\"RE DI BOLLE est un distributeur de savon de 500 ml caract\u00e9ris\u00e9 par une forme \u00e9lanc\u00e9e et par une une \u00e9l\u00e9gante texture de plusieurs petits diamants sur le\",\"breadcrumb\":{\"@id\":\"https:\/\/geelli.com\/silicone-maison-objets\/bagno\/re-di-bolle\/#breadcrumb\"},\"inLanguage\":\"fr-FR\",\"potentialAction\":[{\"@type\":\"ReadAction\",\"target\":[\"https:\/\/geelli.com\/silicone-maison-objets\/bagno\/re-di-bolle\/\"]}]},{\"@type\":\"ImageObject\",\"inLanguage\":\"fr-FR\",\"@id\":\"https:\/\/geelli.com\/silicone-maison-objets\/bagno\/re-di-bolle\/#primaryimage\",\"url\":\"https:\/\/geelli.com\/wp-content\/uploads\/2016\/03\/RE-DI-BOLLE-2-e1613738245474-scaled.jpg\",\"contentUrl\":\"https:\/\/geelli.com\/wp-content\/uploads\/2016\/03\/RE-DI-BOLLE-2-e1613738245474-scaled.jpg\",\"width\":2560,\"height\":1665},{\"@type\":\"BreadcrumbList\",\"@id\":\"https:\/\/geelli.com\/silicone-maison-objets\/bagno\/re-di-bolle\/#breadcrumb\",\"itemListElement\":[{\"@type\":\"ListItem\",\"position\":1,\"name\":\"Home\",\"item\":\"https:\/\/geelli.com\/fr\/\"},{\"@type\":\"ListItem\",\"position\":2,\"name\":\"Collezioni\",\"item\":\"https:\/\/geelli.com\/complementi-arredo-silicone\/\"},{\"@type\":\"ListItem\",\"position\":3,\"name\":\"BAGNO\",\"item\":\"https:\/\/geelli.com\/prodotti\/bagno\/\"},{\"@type\":\"ListItem\",\"position\":4,\"name\":\"RE DI BOLLE\"}]},{\"@type\":\"WebSite\",\"@id\":\"https:\/\/geelli.com\/#website\",\"url\":\"https:\/\/geelli.com\/\",\"name\":\"Geelli\",\"description\":\"Just another WordPress site\",\"potentialAction\":[{\"@type\":\"SearchAction\",\"target\":{\"@type\":\"EntryPoint\",\"urlTemplate\":\"https:\/\/geelli.com\/?s={search_term_string}\"},\"query-input\":{\"@type\":\"PropertyValueSpecification\",\"valueRequired\":true,\"valueName\":\"search_term_string\"}}],\"inLanguage\":\"fr-FR\"}]}<\/script>\n<!-- \/ Yoast SEO plugin. -->","yoast_head_json":{"title":"RE DI BOLLE - Geelli","description":"RE DI BOLLE est un distributeur de savon de 500 ml caract\u00e9ris\u00e9 par une forme \u00e9lanc\u00e9e et par une une \u00e9l\u00e9gante texture de plusieurs petits diamants sur le","robots":{"index":"index","follow":"follow","max-snippet":"max-snippet:-1","max-image-preview":"max-image-preview:large","max-video-preview":"max-video-preview:-1"},"canonical":"https:\/\/geelli.com\/silicone-maison-objets\/bagno\/re-di-bolle\/","og_locale":"fr_FR","og_type":"article","og_title":"RE DI BOLLE - Geelli","og_description":"RE DI BOLLE est un distributeur de savon de 500 ml caract\u00e9ris\u00e9 par une forme \u00e9lanc\u00e9e et par une une \u00e9l\u00e9gante texture de plusieurs petits diamants sur le","og_url":"https:\/\/geelli.com\/silicone-maison-objets\/bagno\/re-di-bolle\/","og_site_name":"Geelli","article_modified_time":"2016-06-24T07:54:06+00:00","og_image":[{"width":2560,"height":1665,"url":"https:\/\/geelli.com\/wp-content\/uploads\/2016\/03\/RE-DI-BOLLE-2-e1613738245474-scaled.jpg","type":"image\/jpeg"}],"twitter_card":"summary_large_image","schema":{"@context":"https:\/\/schema.org","@graph":[{"@type":"WebPage","@id":"https:\/\/geelli.com\/silicone-maison-objets\/bagno\/re-di-bolle\/","url":"https:\/\/geelli.com\/silicone-maison-objets\/bagno\/re-di-bolle\/","name":"RE DI BOLLE - Geelli","isPartOf":{"@id":"https:\/\/geelli.com\/#website"},"primaryImageOfPage":{"@id":"https:\/\/geelli.com\/silicone-maison-objets\/bagno\/re-di-bolle\/#primaryimage"},"image":{"@id":"https:\/\/geelli.com\/silicone-maison-objets\/bagno\/re-di-bolle\/#primaryimage"},"thumbnailUrl":"https:\/\/geelli.com\/wp-content\/uploads\/2016\/03\/RE-DI-BOLLE-2-e1613738245474-scaled.jpg","datePublished":"2016-03-31T07:58:11+00:00","dateModified":"2016-06-24T07:54:06+00:00","description":"RE DI BOLLE est un distributeur de savon de 500 ml caract\u00e9ris\u00e9 par une forme \u00e9lanc\u00e9e et par une une \u00e9l\u00e9gante texture de plusieurs petits diamants sur le","breadcrumb":{"@id":"https:\/\/geelli.com\/silicone-maison-objets\/bagno\/re-di-bolle\/#breadcrumb"},"inLanguage":"fr-FR","potentialAction":[{"@type":"ReadAction","target":["https:\/\/geelli.com\/silicone-maison-objets\/bagno\/re-di-bolle\/"]}]},{"@type":"ImageObject","inLanguage":"fr-FR","@id":"https:\/\/geelli.com\/silicone-maison-objets\/bagno\/re-di-bolle\/#primaryimage","url":"https:\/\/geelli.com\/wp-content\/uploads\/2016\/03\/RE-DI-BOLLE-2-e1613738245474-scaled.jpg","contentUrl":"https:\/\/geelli.com\/wp-content\/uploads\/2016\/03\/RE-DI-BOLLE-2-e1613738245474-scaled.jpg","width":2560,"height":1665},{"@type":"BreadcrumbList","@id":"https:\/\/geelli.com\/silicone-maison-objets\/bagno\/re-di-bolle\/#breadcrumb","itemListElement":[{"@type":"ListItem","position":1,"name":"Home","item":"https:\/\/geelli.com\/fr\/"},{"@type":"ListItem","position":2,"name":"Collezioni","item":"https:\/\/geelli.com\/complementi-arredo-silicone\/"},{"@type":"ListItem","position":3,"name":"BAGNO","item":"https:\/\/geelli.com\/prodotti\/bagno\/"},{"@type":"ListItem","position":4,"name":"RE DI BOLLE"}]},{"@type":"WebSite","@id":"https:\/\/geelli.com\/#website","url":"https:\/\/geelli.com\/","name":"Geelli","description":"Just another WordPress site","potentialAction":[{"@type":"SearchAction","target":{"@type":"EntryPoint","urlTemplate":"https:\/\/geelli.com\/?s={search_term_string}"},"query-input":{"@type":"PropertyValueSpecification","valueRequired":true,"valueName":"search_term_string"}}],"inLanguage":"fr-FR"}]}},"_links":{"self":[{"href":"https:\/\/geelli.com\/fr\/wp-json\/wp\/v2\/product\/8211","targetHints":{"allow":["GET"]}}],"collection":[{"href":"https:\/\/geelli.com\/fr\/wp-json\/wp\/v2\/product"}],"about":[{"href":"https:\/\/geelli.com\/fr\/wp-json\/wp\/v2\/types\/product"}],"replies":[{"embeddable":true,"href":"https:\/\/geelli.com\/fr\/wp-json\/wp\/v2\/comments?post=8211"}],"wp:featuredmedia":[{"embeddable":true,"href":"https:\/\/geelli.com\/fr\/wp-json\/wp\/v2\/media\/23276"}],"wp:attachment":[{"href":"https:\/\/geelli.com\/fr\/wp-json\/wp\/v2\/media?parent=8211"}],"wp:term":[{"taxonomy":"product_brand","embeddable":true,"href":"https:\/\/geelli.com\/fr\/wp-json\/wp\/v2\/product_brand?post=8211"},{"taxonomy":"product_cat","embeddable":true,"href":"https:\/\/geelli.com\/fr\/wp-json\/wp\/v2\/product_cat?post=8211"},{"taxonomy":"product_tag","embeddable":true,"href":"https:\/\/geelli.com\/fr\/wp-json\/wp\/v2\/product_tag?post=8211"}],"curies":[{"name":"wp","href":"https:\/\/api.w.org\/{rel}","templated":true}]}}