{"id":8761,"date":"2016-03-31T08:56:20","date_gmt":"2016-03-31T07:56:20","guid":{"rendered":"http:\/\/geelli.andreamorandini.it\/fr\/collezioni\/senza%20categoria\/ivasi-dispenser\/"},"modified":"2016-06-24T07:55:04","modified_gmt":"2016-06-24T07:55:04","slug":"ivasi-dispenser","status":"publish","type":"product","link":"https:\/\/geelli.com\/fr\/silicone-maison-objets\/salle-de-bain\/ivasi-dispenser\/","title":{"rendered":"IVASI DISPENSER"},"content":{"rendered":"<p>Distributeur de savon rechargeable, \u00e9l\u00e9gant et souple. Bien s\u00fbr, il peut tomber mais il ne se casse pas<\/p>\n","protected":false},"excerpt":{"rendered":"<p>Distributeur de savon rechargeable, \u00e9l\u00e9gant et souple. Bien s\u00fbr, il peut tomber mais il ne se casse pas<\/p>\n","protected":false},"featured_media":34953,"comment_status":"closed","ping_status":"closed","template":"","meta":{"_acf_changed":false},"product_brand":[],"product_cat":[325],"product_tag":[],"class_list":{"0":"post-8761","1":"product","2":"type-product","3":"status-publish","4":"has-post-thumbnail","6":"product_cat-salle-de-bain","7":"pa_famiglia-prodotto-ivasi-fr","8":"tm-no-options","10":"first","11":"instock","12":"taxable","13":"shipping-taxable","14":"purchasable","15":"product-type-variable"},"acf":[],"yoast_head":"<!-- This site is optimized with the Yoast SEO plugin v27.0 - https:\/\/yoast.com\/product\/yoast-seo-wordpress\/ -->\n<title>IVASI DISPENSER - Geelli<\/title>\n<meta name=\"description\" content=\"Distributeur de savon rechargeable, \u00e9l\u00e9gant et souple. Bien s\u00fbr, il peut tomber mais il ne se casse pas\" \/>\n<meta name=\"robots\" content=\"index, follow, max-snippet:-1, max-image-preview:large, max-video-preview:-1\" \/>\n<link rel=\"canonical\" href=\"https:\/\/geelli.com\/silicone-maison-objets\/bagno\/ivasi-dispenser\/\" \/>\n<meta property=\"og:locale\" content=\"fr_FR\" \/>\n<meta property=\"og:type\" content=\"article\" \/>\n<meta property=\"og:title\" content=\"IVASI DISPENSER - Geelli\" \/>\n<meta property=\"og:description\" content=\"Distributeur de savon rechargeable, \u00e9l\u00e9gant et souple. Bien s\u00fbr, il peut tomber mais il ne se casse pas\" \/>\n<meta property=\"og:url\" content=\"https:\/\/geelli.com\/silicone-maison-objets\/bagno\/ivasi-dispenser\/\" \/>\n<meta property=\"og:site_name\" content=\"Geelli\" \/>\n<meta property=\"article:modified_time\" content=\"2016-06-24T07:55:04+00:00\" \/>\n<meta property=\"og:image\" content=\"https:\/\/geelli.com\/wp-content\/uploads\/2022\/01\/GVA-D05-003-scaled.jpg\" \/>\n\t<meta property=\"og:image:width\" content=\"1707\" \/>\n\t<meta property=\"og:image:height\" content=\"2560\" \/>\n\t<meta property=\"og:image:type\" content=\"image\/jpeg\" \/>\n<meta name=\"twitter:card\" content=\"summary_large_image\" \/>\n<script type=\"application\/ld+json\" class=\"yoast-schema-graph\">{\"@context\":\"https:\/\/schema.org\",\"@graph\":[{\"@type\":\"WebPage\",\"@id\":\"https:\/\/geelli.com\/silicone-maison-objets\/bagno\/ivasi-dispenser\/\",\"url\":\"https:\/\/geelli.com\/silicone-maison-objets\/bagno\/ivasi-dispenser\/\",\"name\":\"IVASI DISPENSER - Geelli\",\"isPartOf\":{\"@id\":\"https:\/\/geelli.com\/#website\"},\"primaryImageOfPage\":{\"@id\":\"https:\/\/geelli.com\/silicone-maison-objets\/bagno\/ivasi-dispenser\/#primaryimage\"},\"image\":{\"@id\":\"https:\/\/geelli.com\/silicone-maison-objets\/bagno\/ivasi-dispenser\/#primaryimage\"},\"thumbnailUrl\":\"https:\/\/geelli.com\/wp-content\/uploads\/2022\/01\/GVA-D05-003-scaled.jpg\",\"datePublished\":\"2016-03-31T07:56:20+00:00\",\"dateModified\":\"2016-06-24T07:55:04+00:00\",\"description\":\"Distributeur de savon rechargeable, \u00e9l\u00e9gant et souple. Bien s\u00fbr, il peut tomber mais il ne se casse pas\",\"breadcrumb\":{\"@id\":\"https:\/\/geelli.com\/silicone-maison-objets\/bagno\/ivasi-dispenser\/#breadcrumb\"},\"inLanguage\":\"fr-FR\",\"potentialAction\":[{\"@type\":\"ReadAction\",\"target\":[\"https:\/\/geelli.com\/silicone-maison-objets\/bagno\/ivasi-dispenser\/\"]}]},{\"@type\":\"ImageObject\",\"inLanguage\":\"fr-FR\",\"@id\":\"https:\/\/geelli.com\/silicone-maison-objets\/bagno\/ivasi-dispenser\/#primaryimage\",\"url\":\"https:\/\/geelli.com\/wp-content\/uploads\/2022\/01\/GVA-D05-003-scaled.jpg\",\"contentUrl\":\"https:\/\/geelli.com\/wp-content\/uploads\/2022\/01\/GVA-D05-003-scaled.jpg\",\"width\":1707,\"height\":2560},{\"@type\":\"BreadcrumbList\",\"@id\":\"https:\/\/geelli.com\/silicone-maison-objets\/bagno\/ivasi-dispenser\/#breadcrumb\",\"itemListElement\":[{\"@type\":\"ListItem\",\"position\":1,\"name\":\"Home\",\"item\":\"https:\/\/geelli.com\/fr\/\"},{\"@type\":\"ListItem\",\"position\":2,\"name\":\"Boutique\",\"item\":\"https:\/\/geelli.com\/fr\/boutique\/\"},{\"@type\":\"ListItem\",\"position\":3,\"name\":\"BAGNO\",\"item\":\"https:\/\/geelli.com\/prodotti\/bagno\/\"},{\"@type\":\"ListItem\",\"position\":4,\"name\":\"IVASI DISPENSER\"}]},{\"@type\":\"WebSite\",\"@id\":\"https:\/\/geelli.com\/#website\",\"url\":\"https:\/\/geelli.com\/\",\"name\":\"Geelli\",\"description\":\"Just another WordPress site\",\"potentialAction\":[{\"@type\":\"SearchAction\",\"target\":{\"@type\":\"EntryPoint\",\"urlTemplate\":\"https:\/\/geelli.com\/?s={search_term_string}\"},\"query-input\":{\"@type\":\"PropertyValueSpecification\",\"valueRequired\":true,\"valueName\":\"search_term_string\"}}],\"inLanguage\":\"fr-FR\"}]}<\/script>\n<!-- \/ Yoast SEO plugin. -->","yoast_head_json":{"title":"IVASI DISPENSER - Geelli","description":"Distributeur de savon rechargeable, \u00e9l\u00e9gant et souple. Bien s\u00fbr, il peut tomber mais il ne se casse pas","robots":{"index":"index","follow":"follow","max-snippet":"max-snippet:-1","max-image-preview":"max-image-preview:large","max-video-preview":"max-video-preview:-1"},"canonical":"https:\/\/geelli.com\/silicone-maison-objets\/bagno\/ivasi-dispenser\/","og_locale":"fr_FR","og_type":"article","og_title":"IVASI DISPENSER - Geelli","og_description":"Distributeur de savon rechargeable, \u00e9l\u00e9gant et souple. Bien s\u00fbr, il peut tomber mais il ne se casse pas","og_url":"https:\/\/geelli.com\/silicone-maison-objets\/bagno\/ivasi-dispenser\/","og_site_name":"Geelli","article_modified_time":"2016-06-24T07:55:04+00:00","og_image":[{"width":1707,"height":2560,"url":"https:\/\/geelli.com\/wp-content\/uploads\/2022\/01\/GVA-D05-003-scaled.jpg","type":"image\/jpeg"}],"twitter_card":"summary_large_image","schema":{"@context":"https:\/\/schema.org","@graph":[{"@type":"WebPage","@id":"https:\/\/geelli.com\/silicone-maison-objets\/bagno\/ivasi-dispenser\/","url":"https:\/\/geelli.com\/silicone-maison-objets\/bagno\/ivasi-dispenser\/","name":"IVASI DISPENSER - Geelli","isPartOf":{"@id":"https:\/\/geelli.com\/#website"},"primaryImageOfPage":{"@id":"https:\/\/geelli.com\/silicone-maison-objets\/bagno\/ivasi-dispenser\/#primaryimage"},"image":{"@id":"https:\/\/geelli.com\/silicone-maison-objets\/bagno\/ivasi-dispenser\/#primaryimage"},"thumbnailUrl":"https:\/\/geelli.com\/wp-content\/uploads\/2022\/01\/GVA-D05-003-scaled.jpg","datePublished":"2016-03-31T07:56:20+00:00","dateModified":"2016-06-24T07:55:04+00:00","description":"Distributeur de savon rechargeable, \u00e9l\u00e9gant et souple. Bien s\u00fbr, il peut tomber mais il ne se casse pas","breadcrumb":{"@id":"https:\/\/geelli.com\/silicone-maison-objets\/bagno\/ivasi-dispenser\/#breadcrumb"},"inLanguage":"fr-FR","potentialAction":[{"@type":"ReadAction","target":["https:\/\/geelli.com\/silicone-maison-objets\/bagno\/ivasi-dispenser\/"]}]},{"@type":"ImageObject","inLanguage":"fr-FR","@id":"https:\/\/geelli.com\/silicone-maison-objets\/bagno\/ivasi-dispenser\/#primaryimage","url":"https:\/\/geelli.com\/wp-content\/uploads\/2022\/01\/GVA-D05-003-scaled.jpg","contentUrl":"https:\/\/geelli.com\/wp-content\/uploads\/2022\/01\/GVA-D05-003-scaled.jpg","width":1707,"height":2560},{"@type":"BreadcrumbList","@id":"https:\/\/geelli.com\/silicone-maison-objets\/bagno\/ivasi-dispenser\/#breadcrumb","itemListElement":[{"@type":"ListItem","position":1,"name":"Home","item":"https:\/\/geelli.com\/fr\/"},{"@type":"ListItem","position":2,"name":"Boutique","item":"https:\/\/geelli.com\/fr\/boutique\/"},{"@type":"ListItem","position":3,"name":"BAGNO","item":"https:\/\/geelli.com\/prodotti\/bagno\/"},{"@type":"ListItem","position":4,"name":"IVASI DISPENSER"}]},{"@type":"WebSite","@id":"https:\/\/geelli.com\/#website","url":"https:\/\/geelli.com\/","name":"Geelli","description":"Just another WordPress site","potentialAction":[{"@type":"SearchAction","target":{"@type":"EntryPoint","urlTemplate":"https:\/\/geelli.com\/?s={search_term_string}"},"query-input":{"@type":"PropertyValueSpecification","valueRequired":true,"valueName":"search_term_string"}}],"inLanguage":"fr-FR"}]}},"_links":{"self":[{"href":"https:\/\/geelli.com\/fr\/wp-json\/wp\/v2\/product\/8761","targetHints":{"allow":["GET"]}}],"collection":[{"href":"https:\/\/geelli.com\/fr\/wp-json\/wp\/v2\/product"}],"about":[{"href":"https:\/\/geelli.com\/fr\/wp-json\/wp\/v2\/types\/product"}],"replies":[{"embeddable":true,"href":"https:\/\/geelli.com\/fr\/wp-json\/wp\/v2\/comments?post=8761"}],"wp:featuredmedia":[{"embeddable":true,"href":"https:\/\/geelli.com\/fr\/wp-json\/wp\/v2\/media\/34953"}],"wp:attachment":[{"href":"https:\/\/geelli.com\/fr\/wp-json\/wp\/v2\/media?parent=8761"}],"wp:term":[{"taxonomy":"product_brand","embeddable":true,"href":"https:\/\/geelli.com\/fr\/wp-json\/wp\/v2\/product_brand?post=8761"},{"taxonomy":"product_cat","embeddable":true,"href":"https:\/\/geelli.com\/fr\/wp-json\/wp\/v2\/product_cat?post=8761"},{"taxonomy":"product_tag","embeddable":true,"href":"https:\/\/geelli.com\/fr\/wp-json\/wp\/v2\/product_tag?post=8761"}],"curies":[{"name":"wp","href":"https:\/\/api.w.org\/{rel}","templated":true}]}}